{"id":914,"date":"2024-02-21T10:11:42","date_gmt":"2024-02-21T13:11:42","guid":{"rendered":"https:\/\/islasexshop.com.br\/?post_type=product&#038;p=914"},"modified":"2024-11-07T22:11:57","modified_gmt":"2024-11-08T01:11:57","slug":"plug-para-prostata-com-vibrador-114x40-2","status":"publish","type":"product","link":"https:\/\/islasexshop.com.br\/index.php\/produto\/plug-para-prostata-com-vibrador-114x40-2\/","title":{"rendered":"Plug para Pr\u00f3stata com vibrador &#8211; 11,4&#215;4,0"},"content":{"rendered":"<style>\/*! elementor - v3.19.0 - 07-02-2024 *\/<br \/>.elementor-heading-title{padding:0;margin:0;line-height:1}.elementor-widget-heading .elementor-heading-title[class*=elementor-size-]>a{color:inherit;font-size:inherit;line-height:inherit}.elementor-widget-heading .elementor-heading-title.elementor-size-small{font-size:15px}.elementor-widget-heading .elementor-heading-title.elementor-size-medium{font-size:19px}.elementor-widget-heading .elementor-heading-title.elementor-size-large{font-size:29px}.elementor-widget-heading .elementor-heading-title.elementor-size-xl{font-size:39px}.elementor-widget-heading .elementor-heading-title.elementor-size-xxl{font-size:59px}<\/style>\n<h2>Estimulador Pr\u00f3stata<\/h2>\n<h4>Plug<\/h4>\n<p><strong>Modo de uso<\/strong><br \/>\nPara ligar pressione o bot\u00e3o &#8220;Power&#8221; do vibrador por aproximadamente 3 segundos, as pelo pr\u00f3prio vibrador, para ativar as vibra\u00e7\u00f5es pressione o bot\u00e3o &#8220;Power&#8221; do massageador ou o bot\u00e3o &#8220;\u2652&#8221; do controle. Para desligar pressione o bot\u00e3o &#8220;Power&#8221; novamente por aproximadamente 3 segundos at\u00e9 que pare totalmente as vibra\u00e7\u00f5es.<\/p>\n<p><strong>Material<\/strong><br \/>\nSilicone.<\/p>\n<p><strong>Tipo de bateria<\/strong><br \/>\nUtiliza 1 pilha de AAA n\u00e3o inclusa.<\/p>\n<p><strong>Medidas<\/strong><br \/>\n11,4 cm de comprimento penetr\u00e1vel,\u00a0 Bolinhas 1,7 cm de di\u00e2metro (medidas aproximadas).<\/p>\n<style>\/*! elementor - v3.19.0 - 07-02-2024 *\/<br \/>.elementor-widget-image{text-align:center}.elementor-widget-image a{display:inline-block}.elementor-widget-image a img[src$=\".svg\"]{width:48px}.elementor-widget-image img{vertical-align:middle;display:inline-block}<\/style>\n<p><img fetchpriority=\"high\" decoding=\"async\" src=\"https:\/\/islasexshop.com.br\/wp-content\/uploads\/2024\/02\/plug_para_prostata_com_vibrador_11_4x4_0_88516876_3_bd2e03cf07e6fed507855b298a48f39d-1200x1200.webp\" sizes=\"(max-width:767px) 480px, (max-width:1200px) 100vw, 1200px\" srcset=\"https:\/\/islasexshop.com.br\/wp-content\/uploads\/2024\/02\/plug_para_prostata_com_vibrador_11_4x4_0_88516876_3_bd2e03cf07e6fed507855b298a48f39d-1200x1200.webp 1200w, https:\/\/islasexshop.com.br\/wp-content\/uploads\/2024\/02\/plug_para_prostata_com_vibrador_11_4x4_0_88516876_3_bd2e03cf07e6fed507855b298a48f39d-500x500.webp 500w, https:\/\/islasexshop.com.br\/wp-content\/uploads\/2024\/02\/plug_para_prostata_com_vibrador_11_4x4_0_88516876_3_bd2e03cf07e6fed507855b298a48f39d-300x300.webp 300w, https:\/\/islasexshop.com.br\/wp-content\/uploads\/2024\/02\/plug_para_prostata_com_vibrador_11_4x4_0_88516876_3_bd2e03cf07e6fed507855b298a48f39d-768x768.webp 768w, https:\/\/islasexshop.com.br\/wp-content\/uploads\/2024\/02\/plug_para_prostata_com_vibrador_11_4x4_0_88516876_3_bd2e03cf07e6fed507855b298a48f39d-150x150.webp 150w, https:\/\/islasexshop.com.br\/wp-content\/uploads\/2024\/02\/plug_para_prostata_com_vibrador_11_4x4_0_88516876_3_bd2e03cf07e6fed507855b298a48f39d-75x75.webp 75w, https:\/\/islasexshop.com.br\/wp-content\/uploads\/2024\/02\/plug_para_prostata_com_vibrador_11_4x4_0_88516876_3_bd2e03cf07e6fed507855b298a48f39d-480x480.webp 480w, https:\/\/islasexshop.com.br\/wp-content\/uploads\/2024\/02\/plug_para_prostata_com_vibrador_11_4x4_0_88516876_3_bd2e03cf07e6fed507855b298a48f39d-800x800.webp 800w, https:\/\/islasexshop.com.br\/wp-content\/uploads\/2024\/02\/plug_para_prostata_com_vibrador_11_4x4_0_88516876_3_bd2e03cf07e6fed507855b298a48f39d.webp 1500w\" alt=\"\" width=\"1200\" height=\"1200\" \/><br \/>\n<img decoding=\"async\" src=\"https:\/\/islasexshop.com.br\/wp-content\/uploads\/2024\/02\/plug_para_prostata_com_vibrador_11_4x4_0_88516876_2_d6c8dabc241b225dfe01b5438f0a4353-1200x1200.webp\" sizes=\"(max-width:767px) 480px, (max-width:1200px) 100vw, 1200px\" srcset=\"https:\/\/islasexshop.com.br\/wp-content\/uploads\/2024\/02\/plug_para_prostata_com_vibrador_11_4x4_0_88516876_2_d6c8dabc241b225dfe01b5438f0a4353-1200x1200.webp 1200w, https:\/\/islasexshop.com.br\/wp-content\/uploads\/2024\/02\/plug_para_prostata_com_vibrador_11_4x4_0_88516876_2_d6c8dabc241b225dfe01b5438f0a4353-500x500.webp 500w, https:\/\/islasexshop.com.br\/wp-content\/uploads\/2024\/02\/plug_para_prostata_com_vibrador_11_4x4_0_88516876_2_d6c8dabc241b225dfe01b5438f0a4353-300x300.webp 300w, https:\/\/islasexshop.com.br\/wp-content\/uploads\/2024\/02\/plug_para_prostata_com_vibrador_11_4x4_0_88516876_2_d6c8dabc241b225dfe01b5438f0a4353-768x768.webp 768w, https:\/\/islasexshop.com.br\/wp-content\/uploads\/2024\/02\/plug_para_prostata_com_vibrador_11_4x4_0_88516876_2_d6c8dabc241b225dfe01b5438f0a4353-150x150.webp 150w, https:\/\/islasexshop.com.br\/wp-content\/uploads\/2024\/02\/plug_para_prostata_com_vibrador_11_4x4_0_88516876_2_d6c8dabc241b225dfe01b5438f0a4353-75x75.webp 75w, https:\/\/islasexshop.com.br\/wp-content\/uploads\/2024\/02\/plug_para_prostata_com_vibrador_11_4x4_0_88516876_2_d6c8dabc241b225dfe01b5438f0a4353-480x480.webp 480w, https:\/\/islasexshop.com.br\/wp-content\/uploads\/2024\/02\/plug_para_prostata_com_vibrador_11_4x4_0_88516876_2_d6c8dabc241b225dfe01b5438f0a4353-800x800.webp 800w, https:\/\/islasexshop.com.br\/wp-content\/uploads\/2024\/02\/plug_para_prostata_com_vibrador_11_4x4_0_88516876_2_d6c8dabc241b225dfe01b5438f0a4353.webp 1500w\" alt=\"\" width=\"1200\" height=\"1200\" \/><\/p>\n<h4>Para Pr\u00f3stata com vibrador<\/h4>\n<p><strong>Higieniza\u00e7\u00e3o<\/strong><br \/>\nLavar com \u00e1gua e sab\u00e3o neutro antes e ap\u00f3s o uso.<br \/>\nDepois seque com papel toalha ou deixe secar naturalmente.<br \/>\nDepois de seco guarde seu vibrador na embalagem original.<br \/>\nN\u00e3o compartilhar e n\u00e3o expor a temperatura superior a 50\u00b0C.<\/p>\n<p><strong>Cuidados<\/strong><br \/>\nHigienize sempre antes e ap\u00f3s o uso.<br \/>\nN\u00e3o compartilha.<br \/>\nMantenha fora do alcance de crian\u00e7as.<br \/>\nManter ao abrigo do calor e luz excessiva.<br \/>\nAp\u00f3s o uso, guardar em uma embalagem de pl\u00e1stico, n\u00e3o enrole em papel.<\/p>\n<p><strong>Recomenda\u00e7\u00f5es: Recomenda-se o uso de lubrificante e preservativo.\u00a0<\/strong><\/p>\n","protected":false},"excerpt":{"rendered":"<p><strong>Plug para Pr\u00f3stata com vibrador &#8211; 11,4&#215;4,0<\/strong><\/p>\n<p>Estimulador de pr\u00f3stata Esse massageador \u00e9 ideal para o homem que quer aproveitar o m\u00e1ximo do prazer, o uso do estimular de pr\u00f3stata possibilita ao homem uma estimula\u00e7\u00e3o que ir\u00e1 lev\u00e1-lo a um outro patamar do prazer onde orgasmos ser\u00e1 muito mais intenso. Estimulador possui 10 Modos de vibra\u00e7\u00e3o que lhe proporcionar\u00e1, muito mais prazer.<\/p>\n","protected":false},"featured_media":909,"comment_status":"open","ping_status":"closed","template":"","meta":[],"product_cat":[165,164,163,27,30],"product_tag":[129,133,130,131,128,126],"yoast_head":"<!-- This site is optimized with the Yoast SEO plugin v24.5 - https:\/\/yoast.com\/wordpress\/plugins\/seo\/ -->\n<title>Plug para Pr\u00f3stata com vibrador - 11,4x4,0 - Isla Sex Shop<\/title>\n<meta name=\"description\" content=\"Plug para Pr\u00f3stata com vibrador - 11,4x4,0 - Estimulador de pr\u00f3stata Esse massageador \u00e9 ideal para o homem que quer aproveitar o m\u00e1ximo do prazer.\" \/>\n<meta name=\"robots\" content=\"index, follow, max-snippet:-1, max-image-preview:large, max-video-preview:-1\" \/>\n<link rel=\"canonical\" href=\"https:\/\/islasexshop.com.br\/index.php\/produto\/plug-para-prostata-com-vibrador-114x40-2\/\" \/>\n<meta property=\"og:locale\" content=\"pt_BR\" \/>\n<meta property=\"og:type\" content=\"article\" \/>\n<meta property=\"og:title\" content=\"Plug para Pr\u00f3stata com vibrador - 11,4x4,0 - Isla Sex Shop\" \/>\n<meta property=\"og:description\" content=\"Plug para Pr\u00f3stata com vibrador - 11,4x4,0 - Estimulador de pr\u00f3stata Esse massageador \u00e9 ideal para o homem que quer aproveitar o m\u00e1ximo do prazer.\" \/>\n<meta property=\"og:url\" content=\"https:\/\/islasexshop.com.br\/index.php\/produto\/plug-para-prostata-com-vibrador-114x40-2\/\" \/>\n<meta property=\"og:site_name\" content=\"Isla Sex Shop\" \/>\n<meta property=\"article:publisher\" content=\"https:\/\/www.facebook.com\/boutiqueisla\" \/>\n<meta property=\"article:modified_time\" content=\"2024-11-08T01:11:57+00:00\" \/>\n<meta property=\"og:image\" content=\"https:\/\/islasexshop.com.br\/wp-content\/uploads\/2024\/02\/plug_para_prostata_com_vibrador_11_4x4_0_88516876_1_01397d814a23f416f2a9c4c5b390ebe2.webp\" \/>\n\t<meta property=\"og:image:width\" content=\"1500\" \/>\n\t<meta property=\"og:image:height\" content=\"1500\" \/>\n\t<meta property=\"og:image:type\" content=\"image\/webp\" \/>\n<meta name=\"twitter:card\" content=\"summary_large_image\" \/>\n<meta name=\"twitter:label1\" content=\"Est. tempo de leitura\" \/>\n\t<meta name=\"twitter:data1\" content=\"2 minutos\" \/>\n<script type=\"application\/ld+json\" class=\"yoast-schema-graph\">{\"@context\":\"https:\/\/schema.org\",\"@graph\":[{\"@type\":\"WebPage\",\"@id\":\"https:\/\/islasexshop.com.br\/index.php\/produto\/plug-para-prostata-com-vibrador-114x40-2\/\",\"url\":\"https:\/\/islasexshop.com.br\/index.php\/produto\/plug-para-prostata-com-vibrador-114x40-2\/\",\"name\":\"Plug para Pr\u00f3stata com vibrador - 11,4x4,0 - Isla Sex Shop\",\"isPartOf\":{\"@id\":\"https:\/\/islasexshop.com.br\/#website\"},\"primaryImageOfPage\":{\"@id\":\"https:\/\/islasexshop.com.br\/index.php\/produto\/plug-para-prostata-com-vibrador-114x40-2\/#primaryimage\"},\"image\":{\"@id\":\"https:\/\/islasexshop.com.br\/index.php\/produto\/plug-para-prostata-com-vibrador-114x40-2\/#primaryimage\"},\"thumbnailUrl\":\"https:\/\/islasexshop.com.br\/wp-content\/uploads\/2024\/02\/plug_para_prostata_com_vibrador_11_4x4_0_88516876_1_01397d814a23f416f2a9c4c5b390ebe2.webp\",\"datePublished\":\"2024-02-21T13:11:42+00:00\",\"dateModified\":\"2024-11-08T01:11:57+00:00\",\"description\":\"Plug para Pr\u00f3stata com vibrador - 11,4x4,0 - Estimulador de pr\u00f3stata Esse massageador \u00e9 ideal para o homem que quer aproveitar o m\u00e1ximo do prazer.\",\"breadcrumb\":{\"@id\":\"https:\/\/islasexshop.com.br\/index.php\/produto\/plug-para-prostata-com-vibrador-114x40-2\/#breadcrumb\"},\"inLanguage\":\"pt-BR\",\"potentialAction\":[{\"@type\":\"ReadAction\",\"target\":[\"https:\/\/islasexshop.com.br\/index.php\/produto\/plug-para-prostata-com-vibrador-114x40-2\/\"]}]},{\"@type\":\"ImageObject\",\"inLanguage\":\"pt-BR\",\"@id\":\"https:\/\/islasexshop.com.br\/index.php\/produto\/plug-para-prostata-com-vibrador-114x40-2\/#primaryimage\",\"url\":\"https:\/\/islasexshop.com.br\/wp-content\/uploads\/2024\/02\/plug_para_prostata_com_vibrador_11_4x4_0_88516876_1_01397d814a23f416f2a9c4c5b390ebe2.webp\",\"contentUrl\":\"https:\/\/islasexshop.com.br\/wp-content\/uploads\/2024\/02\/plug_para_prostata_com_vibrador_11_4x4_0_88516876_1_01397d814a23f416f2a9c4c5b390ebe2.webp\",\"width\":1500,\"height\":1500},{\"@type\":\"BreadcrumbList\",\"@id\":\"https:\/\/islasexshop.com.br\/index.php\/produto\/plug-para-prostata-com-vibrador-114x40-2\/#breadcrumb\",\"itemListElement\":[{\"@type\":\"ListItem\",\"position\":1,\"name\":\"In\u00edcio\",\"item\":\"https:\/\/islasexshop.com.br\/\"},{\"@type\":\"ListItem\",\"position\":2,\"name\":\"Produtos\",\"item\":\"https:\/\/islasexshop.com.br\/index.php\/produtos\/\"},{\"@type\":\"ListItem\",\"position\":3,\"name\":\"Plug para Pr\u00f3stata com vibrador &#8211; 11,4&#215;4,0\"}]},{\"@type\":\"WebSite\",\"@id\":\"https:\/\/islasexshop.com.br\/#website\",\"url\":\"https:\/\/islasexshop.com.br\/\",\"name\":\"Isla Sex Shop\",\"description\":\"Sex Shop Butant\u00e3, Sex Shop Morumbi, Sex Shop Regi\u00e3o\",\"publisher\":{\"@id\":\"https:\/\/islasexshop.com.br\/#organization\"},\"potentialAction\":[{\"@type\":\"SearchAction\",\"target\":{\"@type\":\"EntryPoint\",\"urlTemplate\":\"https:\/\/islasexshop.com.br\/?s={search_term_string}\"},\"query-input\":{\"@type\":\"PropertyValueSpecification\",\"valueRequired\":true,\"valueName\":\"search_term_string\"}}],\"inLanguage\":\"pt-BR\"},{\"@type\":\"Organization\",\"@id\":\"https:\/\/islasexshop.com.br\/#organization\",\"name\":\"Isla Sex Shop\",\"url\":\"https:\/\/islasexshop.com.br\/\",\"logo\":{\"@type\":\"ImageObject\",\"inLanguage\":\"pt-BR\",\"@id\":\"https:\/\/islasexshop.com.br\/#\/schema\/logo\/image\/\",\"url\":\"https:\/\/islasexshop.com.br\/wp-content\/uploads\/2024\/02\/0e4d7c76d6c6e7c24d33fd3338fd3dbf.jpg\",\"contentUrl\":\"https:\/\/islasexshop.com.br\/wp-content\/uploads\/2024\/02\/0e4d7c76d6c6e7c24d33fd3338fd3dbf.jpg\",\"width\":400,\"height\":200,\"caption\":\"Isla Sex Shop\"},\"image\":{\"@id\":\"https:\/\/islasexshop.com.br\/#\/schema\/logo\/image\/\"},\"sameAs\":[\"https:\/\/www.facebook.com\/boutiqueisla\",\"https:\/\/www.instagram.com\/islasensualmorumbi\/\"]}]}<\/script>\n<!-- \/ Yoast SEO plugin. -->","yoast_head_json":{"title":"Plug para Pr\u00f3stata com vibrador - 11,4x4,0 - Isla Sex Shop","description":"Plug para Pr\u00f3stata com vibrador - 11,4x4,0 - Estimulador de pr\u00f3stata Esse massageador \u00e9 ideal para o homem que quer aproveitar o m\u00e1ximo do prazer.","robots":{"index":"index","follow":"follow","max-snippet":"max-snippet:-1","max-image-preview":"max-image-preview:large","max-video-preview":"max-video-preview:-1"},"canonical":"https:\/\/islasexshop.com.br\/index.php\/produto\/plug-para-prostata-com-vibrador-114x40-2\/","og_locale":"pt_BR","og_type":"article","og_title":"Plug para Pr\u00f3stata com vibrador - 11,4x4,0 - Isla Sex Shop","og_description":"Plug para Pr\u00f3stata com vibrador - 11,4x4,0 - Estimulador de pr\u00f3stata Esse massageador \u00e9 ideal para o homem que quer aproveitar o m\u00e1ximo do prazer.","og_url":"https:\/\/islasexshop.com.br\/index.php\/produto\/plug-para-prostata-com-vibrador-114x40-2\/","og_site_name":"Isla Sex Shop","article_publisher":"https:\/\/www.facebook.com\/boutiqueisla","article_modified_time":"2024-11-08T01:11:57+00:00","og_image":[{"width":1500,"height":1500,"url":"https:\/\/islasexshop.com.br\/wp-content\/uploads\/2024\/02\/plug_para_prostata_com_vibrador_11_4x4_0_88516876_1_01397d814a23f416f2a9c4c5b390ebe2.webp","type":"image\/webp"}],"twitter_card":"summary_large_image","twitter_misc":{"Est. tempo de leitura":"2 minutos"},"schema":{"@context":"https:\/\/schema.org","@graph":[{"@type":"WebPage","@id":"https:\/\/islasexshop.com.br\/index.php\/produto\/plug-para-prostata-com-vibrador-114x40-2\/","url":"https:\/\/islasexshop.com.br\/index.php\/produto\/plug-para-prostata-com-vibrador-114x40-2\/","name":"Plug para Pr\u00f3stata com vibrador - 11,4x4,0 - Isla Sex Shop","isPartOf":{"@id":"https:\/\/islasexshop.com.br\/#website"},"primaryImageOfPage":{"@id":"https:\/\/islasexshop.com.br\/index.php\/produto\/plug-para-prostata-com-vibrador-114x40-2\/#primaryimage"},"image":{"@id":"https:\/\/islasexshop.com.br\/index.php\/produto\/plug-para-prostata-com-vibrador-114x40-2\/#primaryimage"},"thumbnailUrl":"https:\/\/islasexshop.com.br\/wp-content\/uploads\/2024\/02\/plug_para_prostata_com_vibrador_11_4x4_0_88516876_1_01397d814a23f416f2a9c4c5b390ebe2.webp","datePublished":"2024-02-21T13:11:42+00:00","dateModified":"2024-11-08T01:11:57+00:00","description":"Plug para Pr\u00f3stata com vibrador - 11,4x4,0 - Estimulador de pr\u00f3stata Esse massageador \u00e9 ideal para o homem que quer aproveitar o m\u00e1ximo do prazer.","breadcrumb":{"@id":"https:\/\/islasexshop.com.br\/index.php\/produto\/plug-para-prostata-com-vibrador-114x40-2\/#breadcrumb"},"inLanguage":"pt-BR","potentialAction":[{"@type":"ReadAction","target":["https:\/\/islasexshop.com.br\/index.php\/produto\/plug-para-prostata-com-vibrador-114x40-2\/"]}]},{"@type":"ImageObject","inLanguage":"pt-BR","@id":"https:\/\/islasexshop.com.br\/index.php\/produto\/plug-para-prostata-com-vibrador-114x40-2\/#primaryimage","url":"https:\/\/islasexshop.com.br\/wp-content\/uploads\/2024\/02\/plug_para_prostata_com_vibrador_11_4x4_0_88516876_1_01397d814a23f416f2a9c4c5b390ebe2.webp","contentUrl":"https:\/\/islasexshop.com.br\/wp-content\/uploads\/2024\/02\/plug_para_prostata_com_vibrador_11_4x4_0_88516876_1_01397d814a23f416f2a9c4c5b390ebe2.webp","width":1500,"height":1500},{"@type":"BreadcrumbList","@id":"https:\/\/islasexshop.com.br\/index.php\/produto\/plug-para-prostata-com-vibrador-114x40-2\/#breadcrumb","itemListElement":[{"@type":"ListItem","position":1,"name":"In\u00edcio","item":"https:\/\/islasexshop.com.br\/"},{"@type":"ListItem","position":2,"name":"Produtos","item":"https:\/\/islasexshop.com.br\/index.php\/produtos\/"},{"@type":"ListItem","position":3,"name":"Plug para Pr\u00f3stata com vibrador &#8211; 11,4&#215;4,0"}]},{"@type":"WebSite","@id":"https:\/\/islasexshop.com.br\/#website","url":"https:\/\/islasexshop.com.br\/","name":"Isla Sex Shop","description":"Sex Shop Butant\u00e3, Sex Shop Morumbi, Sex Shop Regi\u00e3o","publisher":{"@id":"https:\/\/islasexshop.com.br\/#organization"},"potentialAction":[{"@type":"SearchAction","target":{"@type":"EntryPoint","urlTemplate":"https:\/\/islasexshop.com.br\/?s={search_term_string}"},"query-input":{"@type":"PropertyValueSpecification","valueRequired":true,"valueName":"search_term_string"}}],"inLanguage":"pt-BR"},{"@type":"Organization","@id":"https:\/\/islasexshop.com.br\/#organization","name":"Isla Sex Shop","url":"https:\/\/islasexshop.com.br\/","logo":{"@type":"ImageObject","inLanguage":"pt-BR","@id":"https:\/\/islasexshop.com.br\/#\/schema\/logo\/image\/","url":"https:\/\/islasexshop.com.br\/wp-content\/uploads\/2024\/02\/0e4d7c76d6c6e7c24d33fd3338fd3dbf.jpg","contentUrl":"https:\/\/islasexshop.com.br\/wp-content\/uploads\/2024\/02\/0e4d7c76d6c6e7c24d33fd3338fd3dbf.jpg","width":400,"height":200,"caption":"Isla Sex Shop"},"image":{"@id":"https:\/\/islasexshop.com.br\/#\/schema\/logo\/image\/"},"sameAs":["https:\/\/www.facebook.com\/boutiqueisla","https:\/\/www.instagram.com\/islasensualmorumbi\/"]}]}},"_links":{"self":[{"href":"https:\/\/islasexshop.com.br\/index.php\/wp-json\/wp\/v2\/product\/914"}],"collection":[{"href":"https:\/\/islasexshop.com.br\/index.php\/wp-json\/wp\/v2\/product"}],"about":[{"href":"https:\/\/islasexshop.com.br\/index.php\/wp-json\/wp\/v2\/types\/product"}],"replies":[{"embeddable":true,"href":"https:\/\/islasexshop.com.br\/index.php\/wp-json\/wp\/v2\/comments?post=914"}],"version-history":[{"count":7,"href":"https:\/\/islasexshop.com.br\/index.php\/wp-json\/wp\/v2\/product\/914\/revisions"}],"predecessor-version":[{"id":4175,"href":"https:\/\/islasexshop.com.br\/index.php\/wp-json\/wp\/v2\/product\/914\/revisions\/4175"}],"wp:featuredmedia":[{"embeddable":true,"href":"https:\/\/islasexshop.com.br\/index.php\/wp-json\/wp\/v2\/media\/909"}],"wp:attachment":[{"href":"https:\/\/islasexshop.com.br\/index.php\/wp-json\/wp\/v2\/media?parent=914"}],"wp:term":[{"taxonomy":"product_cat","embeddable":true,"href":"https:\/\/islasexshop.com.br\/index.php\/wp-json\/wp\/v2\/product_cat?post=914"},{"taxonomy":"product_tag","embeddable":true,"href":"https:\/\/islasexshop.com.br\/index.php\/wp-json\/wp\/v2\/product_tag?post=914"}],"curies":[{"name":"wp","href":"https:\/\/api.w.org\/{rel}","templated":true}]}}