{"id":766,"date":"2024-02-19T16:50:43","date_gmt":"2024-02-19T19:50:43","guid":{"rendered":"https:\/\/islasexshop.com.br\/?post_type=product&#038;p=766"},"modified":"2024-08-25T10:36:08","modified_gmt":"2024-08-25T13:36:08","slug":"penis-realistico-mr-rude-com-ventosa-190-x-35cm-2","status":"publish","type":"product","link":"https:\/\/islasexshop.com.br\/index.php\/produto\/penis-realistico-mr-rude-com-ventosa-190-x-35cm-2\/","title":{"rendered":"P\u00eanis Real\u00edstico Mr. Rude com Ventosa &#8211; 19,0 X 3,5cm"},"content":{"rendered":"\t\t<div data-elementor-type=\"wp-post\" data-elementor-id=\"766\" class=\"elementor elementor-766\" data-elementor-post-type=\"product\">\n\t\t\t\t\t\t<section class=\"elementor-section elementor-top-section elementor-element elementor-element-ac74866 elementor-section-boxed elementor-section-height-default elementor-section-height-default\" data-id=\"ac74866\" data-element_type=\"section\">\n\t\t\t\t\t\t<div class=\"elementor-container elementor-column-gap-default\">\n\t\t\t\t\t<div class=\"elementor-column elementor-col-100 elementor-top-column elementor-element elementor-element-00455b3\" data-id=\"00455b3\" data-element_type=\"column\">\n\t\t\t<div class=\"elementor-widget-wrap elementor-element-populated\">\n\t\t\t\t\t\t<section class=\"elementor-section elementor-inner-section elementor-element elementor-element-0b58131 elementor-section-boxed elementor-section-height-default elementor-section-height-default\" data-id=\"0b58131\" data-element_type=\"section\">\n\t\t\t\t\t\t<div class=\"elementor-container elementor-column-gap-default\">\n\t\t\t\t\t<div class=\"elementor-column elementor-col-33 elementor-inner-column elementor-element elementor-element-68d5cd2\" data-id=\"68d5cd2\" data-element_type=\"column\">\n\t\t\t<div class=\"elementor-widget-wrap\">\n\t\t\t\t\t\t\t<\/div>\n\t\t<\/div>\n\t\t\t\t<div class=\"elementor-column elementor-col-33 elementor-inner-column elementor-element elementor-element-e9e37c9\" data-id=\"e9e37c9\" data-element_type=\"column\">\n\t\t\t<div class=\"elementor-widget-wrap elementor-element-populated\">\n\t\t\t\t\t\t<div class=\"elementor-element elementor-element-11028d6 elementor-widget elementor-widget-heading\" data-id=\"11028d6\" data-element_type=\"widget\" data-widget_type=\"heading.default\">\n\t\t\t\t<div class=\"elementor-widget-container\">\n\t\t\t\t\t<h2 class=\"elementor-heading-title elementor-size-default\">Pr\u00f3tese Real\u00edstica<\/h2>\t\t\t\t<\/div>\n\t\t\t\t<\/div>\n\t\t\t\t\t<\/div>\n\t\t<\/div>\n\t\t\t\t<div class=\"elementor-column elementor-col-33 elementor-inner-column elementor-element elementor-element-e35eb49\" data-id=\"e35eb49\" data-element_type=\"column\">\n\t\t\t<div class=\"elementor-widget-wrap\">\n\t\t\t\t\t\t\t<\/div>\n\t\t<\/div>\n\t\t\t\t\t<\/div>\n\t\t<\/section>\n\t\t\t\t<section class=\"elementor-section elementor-inner-section elementor-element elementor-element-a00a4aa elementor-reverse-mobile elementor-section-boxed elementor-section-height-default elementor-section-height-default\" data-id=\"a00a4aa\" data-element_type=\"section\">\n\t\t\t\t\t\t<div class=\"elementor-container elementor-column-gap-no\">\n\t\t\t\t\t<div class=\"elementor-column elementor-col-50 elementor-inner-column elementor-element elementor-element-aebdda8\" data-id=\"aebdda8\" data-element_type=\"column\" data-settings=\"{&quot;background_background&quot;:&quot;classic&quot;}\">\n\t\t\t<div class=\"elementor-widget-wrap elementor-element-populated\">\n\t\t\t\t\t\t<div class=\"elementor-element elementor-element-dc7ae6c elementor-widget elementor-widget-heading\" data-id=\"dc7ae6c\" data-element_type=\"widget\" data-widget_type=\"heading.default\">\n\t\t\t\t<div class=\"elementor-widget-container\">\n\t\t\t\t\t<h4 class=\"elementor-heading-title elementor-size-default\">P\u00eanis Real\u00edstico<\/h4>\t\t\t\t<\/div>\n\t\t\t\t<\/div>\n\t\t\t\t<div class=\"elementor-element elementor-element-7333a85 elementor-widget__width-initial elementor-widget elementor-widget-text-editor\" data-id=\"7333a85\" data-element_type=\"widget\" data-widget_type=\"text-editor.default\">\n\t\t\t\t<div class=\"elementor-widget-container\">\n\t\t\t\t\t\t\t\t\t<p><strong>Peso<\/strong><br \/>0,310 kg<\/p><p><strong>Modo de uso<\/strong><br \/>Lubrificar antes da penetra\u00e7\u00e3o. Para uso anal ou vaginal.<\/p><p><strong>Material<\/strong><br \/>TPE.<\/p><p><strong>Medidas<\/strong><br \/>19,0 cm de comprimento, sendo 13,9 cm penetr\u00e1veis, 3,5 cm de espessura (Medidas aproximadas).<\/p>\t\t\t\t\t\t\t\t<\/div>\n\t\t\t\t<\/div>\n\t\t\t\t\t<\/div>\n\t\t<\/div>\n\t\t\t\t<div class=\"elementor-column elementor-col-50 elementor-inner-column elementor-element elementor-element-2f2a32e\" data-id=\"2f2a32e\" data-element_type=\"column\">\n\t\t\t<div class=\"elementor-widget-wrap elementor-element-populated\">\n\t\t\t\t\t\t<div class=\"elementor-element elementor-element-eca2fdd elementor-widget elementor-widget-image\" data-id=\"eca2fdd\" data-element_type=\"widget\" data-widget_type=\"image.default\">\n\t\t\t\t<div class=\"elementor-widget-container\">\n\t\t\t\t\t\t\t\t\t\t\t\t\t\t\t<img fetchpriority=\"high\" decoding=\"async\" width=\"1200\" height=\"1200\" src=\"https:\/\/islasexshop.com.br\/wp-content\/uploads\/2024\/02\/penis_realistico_mr_rude_com_ventosa_19_0_x_3_5_cm_88516826_6_987ed65a41494eaa9dc94193cd4877ef-1200x1200.webp\" class=\"attachment-large size-large wp-image-774\" alt=\"\" srcset=\"https:\/\/islasexshop.com.br\/wp-content\/uploads\/2024\/02\/penis_realistico_mr_rude_com_ventosa_19_0_x_3_5_cm_88516826_6_987ed65a41494eaa9dc94193cd4877ef-1200x1200.webp 1200w, https:\/\/islasexshop.com.br\/wp-content\/uploads\/2024\/02\/penis_realistico_mr_rude_com_ventosa_19_0_x_3_5_cm_88516826_6_987ed65a41494eaa9dc94193cd4877ef-1320x1320.webp 1320w, https:\/\/islasexshop.com.br\/wp-content\/uploads\/2024\/02\/penis_realistico_mr_rude_com_ventosa_19_0_x_3_5_cm_88516826_6_987ed65a41494eaa9dc94193cd4877ef-300x300.webp 300w, https:\/\/islasexshop.com.br\/wp-content\/uploads\/2024\/02\/penis_realistico_mr_rude_com_ventosa_19_0_x_3_5_cm_88516826_6_987ed65a41494eaa9dc94193cd4877ef-500x500.webp 500w, https:\/\/islasexshop.com.br\/wp-content\/uploads\/2024\/02\/penis_realistico_mr_rude_com_ventosa_19_0_x_3_5_cm_88516826_6_987ed65a41494eaa9dc94193cd4877ef-768x768.webp 768w, https:\/\/islasexshop.com.br\/wp-content\/uploads\/2024\/02\/penis_realistico_mr_rude_com_ventosa_19_0_x_3_5_cm_88516826_6_987ed65a41494eaa9dc94193cd4877ef-150x150.webp 150w, https:\/\/islasexshop.com.br\/wp-content\/uploads\/2024\/02\/penis_realistico_mr_rude_com_ventosa_19_0_x_3_5_cm_88516826_6_987ed65a41494eaa9dc94193cd4877ef-75x75.webp 75w, https:\/\/islasexshop.com.br\/wp-content\/uploads\/2024\/02\/penis_realistico_mr_rude_com_ventosa_19_0_x_3_5_cm_88516826_6_987ed65a41494eaa9dc94193cd4877ef-480x480.webp 480w, https:\/\/islasexshop.com.br\/wp-content\/uploads\/2024\/02\/penis_realistico_mr_rude_com_ventosa_19_0_x_3_5_cm_88516826_6_987ed65a41494eaa9dc94193cd4877ef-800x800.webp 800w, https:\/\/islasexshop.com.br\/wp-content\/uploads\/2024\/02\/penis_realistico_mr_rude_com_ventosa_19_0_x_3_5_cm_88516826_6_987ed65a41494eaa9dc94193cd4877ef.webp 1500w\" sizes=\"(max-width:767px) 480px, (max-width:1200px) 100vw, 1200px\" \/>\t\t\t\t\t\t\t\t\t\t\t\t\t\t\t<\/div>\n\t\t\t\t<\/div>\n\t\t\t\t\t<\/div>\n\t\t<\/div>\n\t\t\t\t\t<\/div>\n\t\t<\/section>\n\t\t\t\t<section class=\"elementor-section elementor-inner-section elementor-element elementor-element-2f52631 elementor-section-boxed elementor-section-height-default elementor-section-height-default\" data-id=\"2f52631\" data-element_type=\"section\">\n\t\t\t\t\t\t<div class=\"elementor-container elementor-column-gap-no\">\n\t\t\t\t\t<div class=\"elementor-column elementor-col-50 elementor-inner-column elementor-element elementor-element-5917191\" data-id=\"5917191\" data-element_type=\"column\">\n\t\t\t<div class=\"elementor-widget-wrap elementor-element-populated\">\n\t\t\t\t\t\t<div class=\"elementor-element elementor-element-af155b1 elementor-widget elementor-widget-image\" data-id=\"af155b1\" data-element_type=\"widget\" data-widget_type=\"image.default\">\n\t\t\t\t<div class=\"elementor-widget-container\">\n\t\t\t\t\t\t\t\t\t\t\t\t\t\t\t<img decoding=\"async\" width=\"1200\" height=\"1200\" src=\"https:\/\/islasexshop.com.br\/wp-content\/uploads\/2024\/02\/penis_realistico_mr_rude_com_ventosa_19_0_x_3_5_cm_88516826_3_956f7f5445f90156344a8ba54cc11724-1200x1200.webp\" class=\"attachment-large size-large wp-image-772\" alt=\"\" srcset=\"https:\/\/islasexshop.com.br\/wp-content\/uploads\/2024\/02\/penis_realistico_mr_rude_com_ventosa_19_0_x_3_5_cm_88516826_3_956f7f5445f90156344a8ba54cc11724-1200x1200.webp 1200w, https:\/\/islasexshop.com.br\/wp-content\/uploads\/2024\/02\/penis_realistico_mr_rude_com_ventosa_19_0_x_3_5_cm_88516826_3_956f7f5445f90156344a8ba54cc11724-1320x1320.webp 1320w, https:\/\/islasexshop.com.br\/wp-content\/uploads\/2024\/02\/penis_realistico_mr_rude_com_ventosa_19_0_x_3_5_cm_88516826_3_956f7f5445f90156344a8ba54cc11724-300x300.webp 300w, https:\/\/islasexshop.com.br\/wp-content\/uploads\/2024\/02\/penis_realistico_mr_rude_com_ventosa_19_0_x_3_5_cm_88516826_3_956f7f5445f90156344a8ba54cc11724-500x500.webp 500w, https:\/\/islasexshop.com.br\/wp-content\/uploads\/2024\/02\/penis_realistico_mr_rude_com_ventosa_19_0_x_3_5_cm_88516826_3_956f7f5445f90156344a8ba54cc11724-768x768.webp 768w, https:\/\/islasexshop.com.br\/wp-content\/uploads\/2024\/02\/penis_realistico_mr_rude_com_ventosa_19_0_x_3_5_cm_88516826_3_956f7f5445f90156344a8ba54cc11724-150x150.webp 150w, https:\/\/islasexshop.com.br\/wp-content\/uploads\/2024\/02\/penis_realistico_mr_rude_com_ventosa_19_0_x_3_5_cm_88516826_3_956f7f5445f90156344a8ba54cc11724-75x75.webp 75w, https:\/\/islasexshop.com.br\/wp-content\/uploads\/2024\/02\/penis_realistico_mr_rude_com_ventosa_19_0_x_3_5_cm_88516826_3_956f7f5445f90156344a8ba54cc11724-480x480.webp 480w, https:\/\/islasexshop.com.br\/wp-content\/uploads\/2024\/02\/penis_realistico_mr_rude_com_ventosa_19_0_x_3_5_cm_88516826_3_956f7f5445f90156344a8ba54cc11724-800x800.webp 800w, https:\/\/islasexshop.com.br\/wp-content\/uploads\/2024\/02\/penis_realistico_mr_rude_com_ventosa_19_0_x_3_5_cm_88516826_3_956f7f5445f90156344a8ba54cc11724.webp 1500w\" sizes=\"(max-width:767px) 480px, (max-width:1200px) 100vw, 1200px\" \/>\t\t\t\t\t\t\t\t\t\t\t\t\t\t\t<\/div>\n\t\t\t\t<\/div>\n\t\t\t\t\t<\/div>\n\t\t<\/div>\n\t\t\t\t<div class=\"elementor-column elementor-col-50 elementor-inner-column elementor-element elementor-element-ccb6eb5\" data-id=\"ccb6eb5\" data-element_type=\"column\" data-settings=\"{&quot;background_background&quot;:&quot;classic&quot;}\">\n\t\t\t<div class=\"elementor-widget-wrap elementor-element-populated\">\n\t\t\t\t\t\t<div class=\"elementor-element elementor-element-aca8c47 elementor-widget elementor-widget-heading\" data-id=\"aca8c47\" data-element_type=\"widget\" data-widget_type=\"heading.default\">\n\t\t\t\t<div class=\"elementor-widget-container\">\n\t\t\t\t\t<h4 class=\"elementor-heading-title elementor-size-default\">Mr. Rude com Ventosa<\/h4>\t\t\t\t<\/div>\n\t\t\t\t<\/div>\n\t\t\t\t<div class=\"elementor-element elementor-element-9a2a614 elementor-widget elementor-widget-text-editor\" data-id=\"9a2a614\" data-element_type=\"widget\" data-widget_type=\"text-editor.default\">\n\t\t\t\t<div class=\"elementor-widget-container\">\n\t\t\t\t\t\t\t\t\t<p><strong>Higieniza\u00e7\u00e3o<\/strong><br \/>Lavar com \u00e1gua e sab\u00e3o neutro antes e ap\u00f3s o uso, tome cuidado para n\u00e3o deixar cair \u00e1gua no compartimento de pilhas. Seque com papel toalha ou deixe secar naturalmente. Depois de seco guarde na embalagem original. N\u00e3o compartilhar e n\u00e3o expor a temperatura superior a 50\u00b0C.<\/p><p><strong>Cuidados<\/strong><br \/>Higienize sempre antes e ap\u00f3s o uso.<br \/>N\u00e3o compartilha.<br \/>Mantenha fora do alcance de crian\u00e7as.<br \/>Manter ao abrigo do calor e luz excessiva.<br \/>Ap\u00f3s o uso, guardar em uma embalagem de pl\u00e1stico, n\u00e3o enrole em papel.<\/p><p><strong>Recomenda\u00e7\u00f5es: Recomenda-se o uso de lubrificante.<\/strong><\/p>\t\t\t\t\t\t\t\t<\/div>\n\t\t\t\t<\/div>\n\t\t\t\t\t<\/div>\n\t\t<\/div>\n\t\t\t\t\t<\/div>\n\t\t<\/section>\n\t\t\t\t\t<\/div>\n\t\t<\/div>\n\t\t\t\t\t<\/div>\n\t\t<\/section>\n\t\t\t\t<\/div>\n\t\t","protected":false},"excerpt":{"rendered":"<p><strong>P\u00eanis Real\u00edstico Mr. Rude com Ventosa &#8211; 19,0 X 3,5cm\u00a0<\/strong><\/p>\n<p>Pr\u00f3tese real\u00edstica em forma de p\u00eanis, confeccionado em TPE possui glande definida, textura de veias, escroto e ventosa para penetra\u00e7\u00f5es em \u00e2ngulo reto.<\/p>\n","protected":false},"featured_media":769,"comment_status":"open","ping_status":"closed","template":"","meta":[],"product_cat":[26],"product_tag":[201,202,268,270,269],"yoast_head":"<!-- This site is optimized with the Yoast SEO plugin v24.5 - https:\/\/yoast.com\/wordpress\/plugins\/seo\/ -->\n<title>P\u00eanis Real\u00edstico Mr. Rude com Ventosa - 19,0 X 3,5cm - Isla Sex Shop<\/title>\n<meta name=\"description\" content=\"P\u00eanis Real\u00edstico Mr. Rude com Ventosa - 19,0 X 3,5cm - glande definida, textura de veias, escroto e ventosa para penetra\u00e7\u00f5es em \u00e2ngulo reto.\" \/>\n<meta name=\"robots\" content=\"index, follow, max-snippet:-1, max-image-preview:large, max-video-preview:-1\" \/>\n<link rel=\"canonical\" href=\"https:\/\/islasexshop.com.br\/index.php\/produto\/penis-realistico-mr-rude-com-ventosa-190-x-35cm-2\/\" \/>\n<meta property=\"og:locale\" content=\"pt_BR\" \/>\n<meta property=\"og:type\" content=\"article\" \/>\n<meta property=\"og:title\" content=\"P\u00eanis Real\u00edstico Mr. Rude com Ventosa - 19,0 X 3,5cm - Isla Sex Shop\" \/>\n<meta property=\"og:description\" content=\"P\u00eanis Real\u00edstico Mr. Rude com Ventosa - 19,0 X 3,5cm - glande definida, textura de veias, escroto e ventosa para penetra\u00e7\u00f5es em \u00e2ngulo reto.\" \/>\n<meta property=\"og:url\" content=\"https:\/\/islasexshop.com.br\/index.php\/produto\/penis-realistico-mr-rude-com-ventosa-190-x-35cm-2\/\" \/>\n<meta property=\"og:site_name\" content=\"Isla Sex Shop\" \/>\n<meta property=\"article:publisher\" content=\"https:\/\/www.facebook.com\/boutiqueisla\" \/>\n<meta property=\"article:modified_time\" content=\"2024-08-25T13:36:08+00:00\" \/>\n<meta property=\"og:image\" content=\"https:\/\/islasexshop.com.br\/wp-content\/uploads\/2024\/02\/penis_realistico_mr_rude_com_ventosa_19_0_x_3_5_cm_88516826_1_f4ad56e3ab95b450635c4fc890078d6d.webp\" \/>\n\t<meta property=\"og:image:width\" content=\"1500\" \/>\n\t<meta property=\"og:image:height\" content=\"1500\" \/>\n\t<meta property=\"og:image:type\" content=\"image\/webp\" \/>\n<meta name=\"twitter:card\" content=\"summary_large_image\" \/>\n<meta name=\"twitter:label1\" content=\"Est. tempo de leitura\" \/>\n\t<meta name=\"twitter:data1\" content=\"2 minutos\" \/>\n<script type=\"application\/ld+json\" class=\"yoast-schema-graph\">{\"@context\":\"https:\/\/schema.org\",\"@graph\":[{\"@type\":\"WebPage\",\"@id\":\"https:\/\/islasexshop.com.br\/index.php\/produto\/penis-realistico-mr-rude-com-ventosa-190-x-35cm-2\/\",\"url\":\"https:\/\/islasexshop.com.br\/index.php\/produto\/penis-realistico-mr-rude-com-ventosa-190-x-35cm-2\/\",\"name\":\"P\u00eanis Real\u00edstico Mr. Rude com Ventosa - 19,0 X 3,5cm - Isla Sex Shop\",\"isPartOf\":{\"@id\":\"https:\/\/islasexshop.com.br\/#website\"},\"primaryImageOfPage\":{\"@id\":\"https:\/\/islasexshop.com.br\/index.php\/produto\/penis-realistico-mr-rude-com-ventosa-190-x-35cm-2\/#primaryimage\"},\"image\":{\"@id\":\"https:\/\/islasexshop.com.br\/index.php\/produto\/penis-realistico-mr-rude-com-ventosa-190-x-35cm-2\/#primaryimage\"},\"thumbnailUrl\":\"https:\/\/islasexshop.com.br\/wp-content\/uploads\/2024\/02\/penis_realistico_mr_rude_com_ventosa_19_0_x_3_5_cm_88516826_1_f4ad56e3ab95b450635c4fc890078d6d.webp\",\"datePublished\":\"2024-02-19T19:50:43+00:00\",\"dateModified\":\"2024-08-25T13:36:08+00:00\",\"description\":\"P\u00eanis Real\u00edstico Mr. Rude com Ventosa - 19,0 X 3,5cm - glande definida, textura de veias, escroto e ventosa para penetra\u00e7\u00f5es em \u00e2ngulo reto.\",\"breadcrumb\":{\"@id\":\"https:\/\/islasexshop.com.br\/index.php\/produto\/penis-realistico-mr-rude-com-ventosa-190-x-35cm-2\/#breadcrumb\"},\"inLanguage\":\"pt-BR\",\"potentialAction\":[{\"@type\":\"ReadAction\",\"target\":[\"https:\/\/islasexshop.com.br\/index.php\/produto\/penis-realistico-mr-rude-com-ventosa-190-x-35cm-2\/\"]}]},{\"@type\":\"ImageObject\",\"inLanguage\":\"pt-BR\",\"@id\":\"https:\/\/islasexshop.com.br\/index.php\/produto\/penis-realistico-mr-rude-com-ventosa-190-x-35cm-2\/#primaryimage\",\"url\":\"https:\/\/islasexshop.com.br\/wp-content\/uploads\/2024\/02\/penis_realistico_mr_rude_com_ventosa_19_0_x_3_5_cm_88516826_1_f4ad56e3ab95b450635c4fc890078d6d.webp\",\"contentUrl\":\"https:\/\/islasexshop.com.br\/wp-content\/uploads\/2024\/02\/penis_realistico_mr_rude_com_ventosa_19_0_x_3_5_cm_88516826_1_f4ad56e3ab95b450635c4fc890078d6d.webp\",\"width\":1500,\"height\":1500},{\"@type\":\"BreadcrumbList\",\"@id\":\"https:\/\/islasexshop.com.br\/index.php\/produto\/penis-realistico-mr-rude-com-ventosa-190-x-35cm-2\/#breadcrumb\",\"itemListElement\":[{\"@type\":\"ListItem\",\"position\":1,\"name\":\"In\u00edcio\",\"item\":\"https:\/\/islasexshop.com.br\/\"},{\"@type\":\"ListItem\",\"position\":2,\"name\":\"Produtos\",\"item\":\"https:\/\/islasexshop.com.br\/index.php\/produtos\/\"},{\"@type\":\"ListItem\",\"position\":3,\"name\":\"P\u00eanis Real\u00edstico Mr. Rude com Ventosa &#8211; 19,0 X 3,5cm\"}]},{\"@type\":\"WebSite\",\"@id\":\"https:\/\/islasexshop.com.br\/#website\",\"url\":\"https:\/\/islasexshop.com.br\/\",\"name\":\"Isla Sex Shop\",\"description\":\"Sex Shop Butant\u00e3, Sex Shop Morumbi, Sex Shop Regi\u00e3o\",\"publisher\":{\"@id\":\"https:\/\/islasexshop.com.br\/#organization\"},\"potentialAction\":[{\"@type\":\"SearchAction\",\"target\":{\"@type\":\"EntryPoint\",\"urlTemplate\":\"https:\/\/islasexshop.com.br\/?s={search_term_string}\"},\"query-input\":{\"@type\":\"PropertyValueSpecification\",\"valueRequired\":true,\"valueName\":\"search_term_string\"}}],\"inLanguage\":\"pt-BR\"},{\"@type\":\"Organization\",\"@id\":\"https:\/\/islasexshop.com.br\/#organization\",\"name\":\"Isla Sex Shop\",\"url\":\"https:\/\/islasexshop.com.br\/\",\"logo\":{\"@type\":\"ImageObject\",\"inLanguage\":\"pt-BR\",\"@id\":\"https:\/\/islasexshop.com.br\/#\/schema\/logo\/image\/\",\"url\":\"https:\/\/islasexshop.com.br\/wp-content\/uploads\/2024\/02\/0e4d7c76d6c6e7c24d33fd3338fd3dbf.jpg\",\"contentUrl\":\"https:\/\/islasexshop.com.br\/wp-content\/uploads\/2024\/02\/0e4d7c76d6c6e7c24d33fd3338fd3dbf.jpg\",\"width\":400,\"height\":200,\"caption\":\"Isla Sex Shop\"},\"image\":{\"@id\":\"https:\/\/islasexshop.com.br\/#\/schema\/logo\/image\/\"},\"sameAs\":[\"https:\/\/www.facebook.com\/boutiqueisla\",\"https:\/\/www.instagram.com\/islasensualmorumbi\/\"]}]}<\/script>\n<!-- \/ Yoast SEO plugin. -->","yoast_head_json":{"title":"P\u00eanis Real\u00edstico Mr. Rude com Ventosa - 19,0 X 3,5cm - Isla Sex Shop","description":"P\u00eanis Real\u00edstico Mr. Rude com Ventosa - 19,0 X 3,5cm - glande definida, textura de veias, escroto e ventosa para penetra\u00e7\u00f5es em \u00e2ngulo reto.","robots":{"index":"index","follow":"follow","max-snippet":"max-snippet:-1","max-image-preview":"max-image-preview:large","max-video-preview":"max-video-preview:-1"},"canonical":"https:\/\/islasexshop.com.br\/index.php\/produto\/penis-realistico-mr-rude-com-ventosa-190-x-35cm-2\/","og_locale":"pt_BR","og_type":"article","og_title":"P\u00eanis Real\u00edstico Mr. Rude com Ventosa - 19,0 X 3,5cm - Isla Sex Shop","og_description":"P\u00eanis Real\u00edstico Mr. Rude com Ventosa - 19,0 X 3,5cm - glande definida, textura de veias, escroto e ventosa para penetra\u00e7\u00f5es em \u00e2ngulo reto.","og_url":"https:\/\/islasexshop.com.br\/index.php\/produto\/penis-realistico-mr-rude-com-ventosa-190-x-35cm-2\/","og_site_name":"Isla Sex Shop","article_publisher":"https:\/\/www.facebook.com\/boutiqueisla","article_modified_time":"2024-08-25T13:36:08+00:00","og_image":[{"width":1500,"height":1500,"url":"https:\/\/islasexshop.com.br\/wp-content\/uploads\/2024\/02\/penis_realistico_mr_rude_com_ventosa_19_0_x_3_5_cm_88516826_1_f4ad56e3ab95b450635c4fc890078d6d.webp","type":"image\/webp"}],"twitter_card":"summary_large_image","twitter_misc":{"Est. tempo de leitura":"2 minutos"},"schema":{"@context":"https:\/\/schema.org","@graph":[{"@type":"WebPage","@id":"https:\/\/islasexshop.com.br\/index.php\/produto\/penis-realistico-mr-rude-com-ventosa-190-x-35cm-2\/","url":"https:\/\/islasexshop.com.br\/index.php\/produto\/penis-realistico-mr-rude-com-ventosa-190-x-35cm-2\/","name":"P\u00eanis Real\u00edstico Mr. Rude com Ventosa - 19,0 X 3,5cm - Isla Sex Shop","isPartOf":{"@id":"https:\/\/islasexshop.com.br\/#website"},"primaryImageOfPage":{"@id":"https:\/\/islasexshop.com.br\/index.php\/produto\/penis-realistico-mr-rude-com-ventosa-190-x-35cm-2\/#primaryimage"},"image":{"@id":"https:\/\/islasexshop.com.br\/index.php\/produto\/penis-realistico-mr-rude-com-ventosa-190-x-35cm-2\/#primaryimage"},"thumbnailUrl":"https:\/\/islasexshop.com.br\/wp-content\/uploads\/2024\/02\/penis_realistico_mr_rude_com_ventosa_19_0_x_3_5_cm_88516826_1_f4ad56e3ab95b450635c4fc890078d6d.webp","datePublished":"2024-02-19T19:50:43+00:00","dateModified":"2024-08-25T13:36:08+00:00","description":"P\u00eanis Real\u00edstico Mr. Rude com Ventosa - 19,0 X 3,5cm - glande definida, textura de veias, escroto e ventosa para penetra\u00e7\u00f5es em \u00e2ngulo reto.","breadcrumb":{"@id":"https:\/\/islasexshop.com.br\/index.php\/produto\/penis-realistico-mr-rude-com-ventosa-190-x-35cm-2\/#breadcrumb"},"inLanguage":"pt-BR","potentialAction":[{"@type":"ReadAction","target":["https:\/\/islasexshop.com.br\/index.php\/produto\/penis-realistico-mr-rude-com-ventosa-190-x-35cm-2\/"]}]},{"@type":"ImageObject","inLanguage":"pt-BR","@id":"https:\/\/islasexshop.com.br\/index.php\/produto\/penis-realistico-mr-rude-com-ventosa-190-x-35cm-2\/#primaryimage","url":"https:\/\/islasexshop.com.br\/wp-content\/uploads\/2024\/02\/penis_realistico_mr_rude_com_ventosa_19_0_x_3_5_cm_88516826_1_f4ad56e3ab95b450635c4fc890078d6d.webp","contentUrl":"https:\/\/islasexshop.com.br\/wp-content\/uploads\/2024\/02\/penis_realistico_mr_rude_com_ventosa_19_0_x_3_5_cm_88516826_1_f4ad56e3ab95b450635c4fc890078d6d.webp","width":1500,"height":1500},{"@type":"BreadcrumbList","@id":"https:\/\/islasexshop.com.br\/index.php\/produto\/penis-realistico-mr-rude-com-ventosa-190-x-35cm-2\/#breadcrumb","itemListElement":[{"@type":"ListItem","position":1,"name":"In\u00edcio","item":"https:\/\/islasexshop.com.br\/"},{"@type":"ListItem","position":2,"name":"Produtos","item":"https:\/\/islasexshop.com.br\/index.php\/produtos\/"},{"@type":"ListItem","position":3,"name":"P\u00eanis Real\u00edstico Mr. Rude com Ventosa &#8211; 19,0 X 3,5cm"}]},{"@type":"WebSite","@id":"https:\/\/islasexshop.com.br\/#website","url":"https:\/\/islasexshop.com.br\/","name":"Isla Sex Shop","description":"Sex Shop Butant\u00e3, Sex Shop Morumbi, Sex Shop Regi\u00e3o","publisher":{"@id":"https:\/\/islasexshop.com.br\/#organization"},"potentialAction":[{"@type":"SearchAction","target":{"@type":"EntryPoint","urlTemplate":"https:\/\/islasexshop.com.br\/?s={search_term_string}"},"query-input":{"@type":"PropertyValueSpecification","valueRequired":true,"valueName":"search_term_string"}}],"inLanguage":"pt-BR"},{"@type":"Organization","@id":"https:\/\/islasexshop.com.br\/#organization","name":"Isla Sex Shop","url":"https:\/\/islasexshop.com.br\/","logo":{"@type":"ImageObject","inLanguage":"pt-BR","@id":"https:\/\/islasexshop.com.br\/#\/schema\/logo\/image\/","url":"https:\/\/islasexshop.com.br\/wp-content\/uploads\/2024\/02\/0e4d7c76d6c6e7c24d33fd3338fd3dbf.jpg","contentUrl":"https:\/\/islasexshop.com.br\/wp-content\/uploads\/2024\/02\/0e4d7c76d6c6e7c24d33fd3338fd3dbf.jpg","width":400,"height":200,"caption":"Isla Sex Shop"},"image":{"@id":"https:\/\/islasexshop.com.br\/#\/schema\/logo\/image\/"},"sameAs":["https:\/\/www.facebook.com\/boutiqueisla","https:\/\/www.instagram.com\/islasensualmorumbi\/"]}]}},"_links":{"self":[{"href":"https:\/\/islasexshop.com.br\/index.php\/wp-json\/wp\/v2\/product\/766"}],"collection":[{"href":"https:\/\/islasexshop.com.br\/index.php\/wp-json\/wp\/v2\/product"}],"about":[{"href":"https:\/\/islasexshop.com.br\/index.php\/wp-json\/wp\/v2\/types\/product"}],"replies":[{"embeddable":true,"href":"https:\/\/islasexshop.com.br\/index.php\/wp-json\/wp\/v2\/comments?post=766"}],"version-history":[{"count":5,"href":"https:\/\/islasexshop.com.br\/index.php\/wp-json\/wp\/v2\/product\/766\/revisions"}],"predecessor-version":[{"id":3713,"href":"https:\/\/islasexshop.com.br\/index.php\/wp-json\/wp\/v2\/product\/766\/revisions\/3713"}],"wp:featuredmedia":[{"embeddable":true,"href":"https:\/\/islasexshop.com.br\/index.php\/wp-json\/wp\/v2\/media\/769"}],"wp:attachment":[{"href":"https:\/\/islasexshop.com.br\/index.php\/wp-json\/wp\/v2\/media?parent=766"}],"wp:term":[{"taxonomy":"product_cat","embeddable":true,"href":"https:\/\/islasexshop.com.br\/index.php\/wp-json\/wp\/v2\/product_cat?post=766"},{"taxonomy":"product_tag","embeddable":true,"href":"https:\/\/islasexshop.com.br\/index.php\/wp-json\/wp\/v2\/product_tag?post=766"}],"curies":[{"name":"wp","href":"https:\/\/api.w.org\/{rel}","templated":true}]}}