{"id":722,"date":"2024-02-19T16:02:31","date_gmt":"2024-02-19T19:02:31","guid":{"rendered":"https:\/\/islasexshop.com.br\/?post_type=product&#038;p=722"},"modified":"2024-08-25T10:33:14","modified_gmt":"2024-08-25T13:33:14","slug":"penis-jelly-studs-medio-17-x-35cm","status":"publish","type":"product","link":"https:\/\/islasexshop.com.br\/index.php\/produto\/penis-jelly-studs-medio-17-x-35cm\/","title":{"rendered":"P\u00eanis Jelly Studs M\u00e9dio 17 x 3,5cm"},"content":{"rendered":"\t\t<div data-elementor-type=\"wp-post\" data-elementor-id=\"722\" class=\"elementor elementor-722\" data-elementor-post-type=\"product\">\n\t\t\t\t\t\t<section class=\"elementor-section elementor-top-section elementor-element elementor-element-ac74866 elementor-section-boxed elementor-section-height-default elementor-section-height-default\" data-id=\"ac74866\" data-element_type=\"section\">\n\t\t\t\t\t\t<div class=\"elementor-container elementor-column-gap-default\">\n\t\t\t\t\t<div class=\"elementor-column elementor-col-100 elementor-top-column elementor-element elementor-element-00455b3\" data-id=\"00455b3\" data-element_type=\"column\">\n\t\t\t<div class=\"elementor-widget-wrap elementor-element-populated\">\n\t\t\t\t\t\t<section class=\"elementor-section elementor-inner-section elementor-element elementor-element-0b58131 elementor-section-boxed elementor-section-height-default elementor-section-height-default\" data-id=\"0b58131\" data-element_type=\"section\">\n\t\t\t\t\t\t<div class=\"elementor-container elementor-column-gap-default\">\n\t\t\t\t\t<div class=\"elementor-column elementor-col-33 elementor-inner-column elementor-element elementor-element-68d5cd2\" data-id=\"68d5cd2\" data-element_type=\"column\">\n\t\t\t<div class=\"elementor-widget-wrap\">\n\t\t\t\t\t\t\t<\/div>\n\t\t<\/div>\n\t\t\t\t<div class=\"elementor-column elementor-col-33 elementor-inner-column elementor-element elementor-element-e9e37c9\" data-id=\"e9e37c9\" data-element_type=\"column\">\n\t\t\t<div class=\"elementor-widget-wrap elementor-element-populated\">\n\t\t\t\t\t\t<div class=\"elementor-element elementor-element-11028d6 elementor-widget elementor-widget-heading\" data-id=\"11028d6\" data-element_type=\"widget\" data-widget_type=\"heading.default\">\n\t\t\t\t<div class=\"elementor-widget-container\">\n\t\t\t\t\t<h2 class=\"elementor-heading-title elementor-size-default\">P\u00caNIS<\/h2>\t\t\t\t<\/div>\n\t\t\t\t<\/div>\n\t\t\t\t\t<\/div>\n\t\t<\/div>\n\t\t\t\t<div class=\"elementor-column elementor-col-33 elementor-inner-column elementor-element elementor-element-e35eb49\" data-id=\"e35eb49\" data-element_type=\"column\">\n\t\t\t<div class=\"elementor-widget-wrap\">\n\t\t\t\t\t\t\t<\/div>\n\t\t<\/div>\n\t\t\t\t\t<\/div>\n\t\t<\/section>\n\t\t\t\t<section class=\"elementor-section elementor-inner-section elementor-element elementor-element-a00a4aa elementor-reverse-mobile elementor-section-boxed elementor-section-height-default elementor-section-height-default\" data-id=\"a00a4aa\" data-element_type=\"section\">\n\t\t\t\t\t\t<div class=\"elementor-container elementor-column-gap-no\">\n\t\t\t\t\t<div class=\"elementor-column elementor-col-50 elementor-inner-column elementor-element elementor-element-aebdda8\" data-id=\"aebdda8\" data-element_type=\"column\" data-settings=\"{&quot;background_background&quot;:&quot;classic&quot;}\">\n\t\t\t<div class=\"elementor-widget-wrap elementor-element-populated\">\n\t\t\t\t\t\t<div class=\"elementor-element elementor-element-dc7ae6c elementor-widget elementor-widget-heading\" data-id=\"dc7ae6c\" data-element_type=\"widget\" data-widget_type=\"heading.default\">\n\t\t\t\t<div class=\"elementor-widget-container\">\n\t\t\t\t\t<h4 class=\"elementor-heading-title elementor-size-default\">P\u00caNIS JELLY STUDS <\/h4>\t\t\t\t<\/div>\n\t\t\t\t<\/div>\n\t\t\t\t<div class=\"elementor-element elementor-element-7333a85 elementor-widget__width-initial elementor-widget elementor-widget-text-editor\" data-id=\"7333a85\" data-element_type=\"widget\" data-widget_type=\"text-editor.default\">\n\t\t\t\t<div class=\"elementor-widget-container\">\n\t\t\t\t\t\t\t\t\t<p><strong>P\u00eanis Jelly Studs M\u00e9dio 17 x 3,5cm<\/strong><\/p><p>P\u00eanis Jelly Studs M\u00e9dio &#8211; Jelly Studs \u00e9 uma pr\u00f3tese em formato de p\u00eanis com glande, textura realista, escroto e ventosa, confeccionado em Jelly, material flex\u00edvel e macio que ir\u00e1 te proporcionar prazeres inimagin\u00e1veis!<\/p><p><strong>Modo de uso<\/strong><br \/>Lubrificar antes da penetra\u00e7\u00e3o.<\/p><p><strong>Material<\/strong><br \/>Jelly.<\/p><p><strong>Medidas<\/strong><br \/>17 cm de comprimento, sendo 15 cm penetr\u00e1veis, 3,5 cm de espessura (medidas aproximadas).<\/p>\t\t\t\t\t\t\t\t<\/div>\n\t\t\t\t<\/div>\n\t\t\t\t\t<\/div>\n\t\t<\/div>\n\t\t\t\t<div class=\"elementor-column elementor-col-50 elementor-inner-column elementor-element elementor-element-2f2a32e\" data-id=\"2f2a32e\" data-element_type=\"column\">\n\t\t\t<div class=\"elementor-widget-wrap elementor-element-populated\">\n\t\t\t\t\t\t<div class=\"elementor-element elementor-element-eca2fdd elementor-widget elementor-widget-image\" data-id=\"eca2fdd\" data-element_type=\"widget\" data-widget_type=\"image.default\">\n\t\t\t\t<div class=\"elementor-widget-container\">\n\t\t\t\t\t\t\t\t\t\t\t\t\t\t\t<img fetchpriority=\"high\" decoding=\"async\" width=\"1200\" height=\"1200\" src=\"https:\/\/islasexshop.com.br\/wp-content\/uploads\/2024\/02\/penis_jelly_studs_medio_17_x_3_5cm_88516828_2_0be293f53e13e3ca352a5bea71afc270-1200x1200.webp\" class=\"attachment-large size-large wp-image-726\" alt=\"\" srcset=\"https:\/\/islasexshop.com.br\/wp-content\/uploads\/2024\/02\/penis_jelly_studs_medio_17_x_3_5cm_88516828_2_0be293f53e13e3ca352a5bea71afc270-1200x1200.webp 1200w, https:\/\/islasexshop.com.br\/wp-content\/uploads\/2024\/02\/penis_jelly_studs_medio_17_x_3_5cm_88516828_2_0be293f53e13e3ca352a5bea71afc270-1320x1320.webp 1320w, https:\/\/islasexshop.com.br\/wp-content\/uploads\/2024\/02\/penis_jelly_studs_medio_17_x_3_5cm_88516828_2_0be293f53e13e3ca352a5bea71afc270-300x300.webp 300w, https:\/\/islasexshop.com.br\/wp-content\/uploads\/2024\/02\/penis_jelly_studs_medio_17_x_3_5cm_88516828_2_0be293f53e13e3ca352a5bea71afc270-500x500.webp 500w, https:\/\/islasexshop.com.br\/wp-content\/uploads\/2024\/02\/penis_jelly_studs_medio_17_x_3_5cm_88516828_2_0be293f53e13e3ca352a5bea71afc270-768x768.webp 768w, https:\/\/islasexshop.com.br\/wp-content\/uploads\/2024\/02\/penis_jelly_studs_medio_17_x_3_5cm_88516828_2_0be293f53e13e3ca352a5bea71afc270-150x150.webp 150w, https:\/\/islasexshop.com.br\/wp-content\/uploads\/2024\/02\/penis_jelly_studs_medio_17_x_3_5cm_88516828_2_0be293f53e13e3ca352a5bea71afc270-75x75.webp 75w, https:\/\/islasexshop.com.br\/wp-content\/uploads\/2024\/02\/penis_jelly_studs_medio_17_x_3_5cm_88516828_2_0be293f53e13e3ca352a5bea71afc270-480x480.webp 480w, https:\/\/islasexshop.com.br\/wp-content\/uploads\/2024\/02\/penis_jelly_studs_medio_17_x_3_5cm_88516828_2_0be293f53e13e3ca352a5bea71afc270-800x800.webp 800w, https:\/\/islasexshop.com.br\/wp-content\/uploads\/2024\/02\/penis_jelly_studs_medio_17_x_3_5cm_88516828_2_0be293f53e13e3ca352a5bea71afc270.webp 1500w\" sizes=\"(max-width:767px) 480px, (max-width:1200px) 100vw, 1200px\" \/>\t\t\t\t\t\t\t\t\t\t\t\t\t\t\t<\/div>\n\t\t\t\t<\/div>\n\t\t\t\t\t<\/div>\n\t\t<\/div>\n\t\t\t\t\t<\/div>\n\t\t<\/section>\n\t\t\t\t<section class=\"elementor-section elementor-inner-section elementor-element elementor-element-2f52631 elementor-section-boxed elementor-section-height-default elementor-section-height-default\" data-id=\"2f52631\" data-element_type=\"section\">\n\t\t\t\t\t\t<div class=\"elementor-container elementor-column-gap-no\">\n\t\t\t\t\t<div class=\"elementor-column elementor-col-50 elementor-inner-column elementor-element elementor-element-5917191\" data-id=\"5917191\" data-element_type=\"column\">\n\t\t\t<div class=\"elementor-widget-wrap elementor-element-populated\">\n\t\t\t\t\t\t<div class=\"elementor-element elementor-element-af155b1 elementor-widget elementor-widget-image\" data-id=\"af155b1\" data-element_type=\"widget\" data-widget_type=\"image.default\">\n\t\t\t\t<div class=\"elementor-widget-container\">\n\t\t\t\t\t\t\t\t\t\t\t\t\t\t\t<img decoding=\"async\" width=\"1200\" height=\"1200\" src=\"https:\/\/islasexshop.com.br\/wp-content\/uploads\/2024\/02\/penis_jelly_studs_medio_17_x_3_5cm_88516828_5_a9d4c44a2e1528f93ffe59f8041e0c8e-1200x1200.webp\" class=\"attachment-large size-large wp-image-727\" alt=\"\" srcset=\"https:\/\/islasexshop.com.br\/wp-content\/uploads\/2024\/02\/penis_jelly_studs_medio_17_x_3_5cm_88516828_5_a9d4c44a2e1528f93ffe59f8041e0c8e-1200x1200.webp 1200w, https:\/\/islasexshop.com.br\/wp-content\/uploads\/2024\/02\/penis_jelly_studs_medio_17_x_3_5cm_88516828_5_a9d4c44a2e1528f93ffe59f8041e0c8e-1320x1320.webp 1320w, https:\/\/islasexshop.com.br\/wp-content\/uploads\/2024\/02\/penis_jelly_studs_medio_17_x_3_5cm_88516828_5_a9d4c44a2e1528f93ffe59f8041e0c8e-300x300.webp 300w, https:\/\/islasexshop.com.br\/wp-content\/uploads\/2024\/02\/penis_jelly_studs_medio_17_x_3_5cm_88516828_5_a9d4c44a2e1528f93ffe59f8041e0c8e-500x500.webp 500w, https:\/\/islasexshop.com.br\/wp-content\/uploads\/2024\/02\/penis_jelly_studs_medio_17_x_3_5cm_88516828_5_a9d4c44a2e1528f93ffe59f8041e0c8e-768x768.webp 768w, https:\/\/islasexshop.com.br\/wp-content\/uploads\/2024\/02\/penis_jelly_studs_medio_17_x_3_5cm_88516828_5_a9d4c44a2e1528f93ffe59f8041e0c8e-150x150.webp 150w, https:\/\/islasexshop.com.br\/wp-content\/uploads\/2024\/02\/penis_jelly_studs_medio_17_x_3_5cm_88516828_5_a9d4c44a2e1528f93ffe59f8041e0c8e-75x75.webp 75w, https:\/\/islasexshop.com.br\/wp-content\/uploads\/2024\/02\/penis_jelly_studs_medio_17_x_3_5cm_88516828_5_a9d4c44a2e1528f93ffe59f8041e0c8e-480x480.webp 480w, https:\/\/islasexshop.com.br\/wp-content\/uploads\/2024\/02\/penis_jelly_studs_medio_17_x_3_5cm_88516828_5_a9d4c44a2e1528f93ffe59f8041e0c8e-800x800.webp 800w, https:\/\/islasexshop.com.br\/wp-content\/uploads\/2024\/02\/penis_jelly_studs_medio_17_x_3_5cm_88516828_5_a9d4c44a2e1528f93ffe59f8041e0c8e.webp 1500w\" sizes=\"(max-width:767px) 480px, (max-width:1200px) 100vw, 1200px\" \/>\t\t\t\t\t\t\t\t\t\t\t\t\t\t\t<\/div>\n\t\t\t\t<\/div>\n\t\t\t\t\t<\/div>\n\t\t<\/div>\n\t\t\t\t<div class=\"elementor-column elementor-col-50 elementor-inner-column elementor-element elementor-element-ccb6eb5\" data-id=\"ccb6eb5\" data-element_type=\"column\" data-settings=\"{&quot;background_background&quot;:&quot;classic&quot;}\">\n\t\t\t<div class=\"elementor-widget-wrap elementor-element-populated\">\n\t\t\t\t\t\t<div class=\"elementor-element elementor-element-aca8c47 elementor-widget elementor-widget-heading\" data-id=\"aca8c47\" data-element_type=\"widget\" data-widget_type=\"heading.default\">\n\t\t\t\t<div class=\"elementor-widget-container\">\n\t\t\t\t\t<h4 class=\"elementor-heading-title elementor-size-default\">M\u00c9DIO 17 X 3,5CM<\/h4>\t\t\t\t<\/div>\n\t\t\t\t<\/div>\n\t\t\t\t<div class=\"elementor-element elementor-element-9a2a614 elementor-widget elementor-widget-text-editor\" data-id=\"9a2a614\" data-element_type=\"widget\" data-widget_type=\"text-editor.default\">\n\t\t\t\t<div class=\"elementor-widget-container\">\n\t\t\t\t\t\t\t\t\t<p><strong>Higieniza\u00e7\u00e3o<\/strong><br \/>Lavar com \u00e1gua e sab\u00e3o neutro antes e ap\u00f3s o uso, tome cuidado para n\u00e3o deixar cair \u00e1gua no compartimento de pilhas. Seque com papel toalha ou deixe secar naturalmente. Depois de seco guarde na embalagem original. N\u00e3o compartilhar e n\u00e3o expor a temperatura superior a 50\u00b0C.<\/p><p><strong>Cuidados<\/strong><br \/>Higienize sempre antes e ap\u00f3s o uso.<br \/>N\u00e3o compartilha.<br \/>Mantenha fora do alcance de crian\u00e7as.<br \/>Manter ao abrigo do calor e luz excessiva.<br \/>Ap\u00f3s o uso, guardar em uma embalagem de pl\u00e1stico, n\u00e3o enrole em papel.<\/p><p><strong>Recomenda\u00e7\u00f5es: Recomenda-se o uso de lubrificante.<\/strong><\/p>\t\t\t\t\t\t\t\t<\/div>\n\t\t\t\t<\/div>\n\t\t\t\t\t<\/div>\n\t\t<\/div>\n\t\t\t\t\t<\/div>\n\t\t<\/section>\n\t\t\t\t\t<\/div>\n\t\t<\/div>\n\t\t\t\t\t<\/div>\n\t\t<\/section>\n\t\t\t\t<\/div>\n\t\t","protected":false},"excerpt":{"rendered":"<p><strong>P\u00eanis Jelly Studs M\u00e9dio 17 x 3,5cm<\/strong><\/p>\n<p>P\u00eanis Jelly Studs M\u00e9dio &#8211; Jelly Studs \u00e9 uma pr\u00f3tese em formato de p\u00eanis com glande, textura realista, escroto e ventosa, confeccionado em Jelly, material flex\u00edvel e macio que ir\u00e1 te proporcionar prazeres inimagin\u00e1veis!<\/p>\n","protected":false},"featured_media":725,"comment_status":"open","ping_status":"closed","template":"","meta":[],"product_cat":[26],"product_tag":[129,127,133,130,131,128,132,126],"yoast_head":"<!-- This site is optimized with the Yoast SEO plugin v24.5 - https:\/\/yoast.com\/wordpress\/plugins\/seo\/ -->\n<title>P\u00eanis Jelly Studs M\u00e9dio 17 x 3,5cm - Isla Sex Shop<\/title>\n<meta name=\"description\" content=\"P\u00eanis Jelly Studs M\u00e9dio 17 x 3,5cm - textura realista, escroto e ventosa, confeccionado em Jelly, material flex\u00edvel e macio.\" \/>\n<meta name=\"robots\" content=\"index, follow, max-snippet:-1, max-image-preview:large, max-video-preview:-1\" \/>\n<link rel=\"canonical\" href=\"https:\/\/islasexshop.com.br\/index.php\/produto\/penis-jelly-studs-medio-17-x-35cm\/\" \/>\n<meta property=\"og:locale\" content=\"pt_BR\" \/>\n<meta property=\"og:type\" content=\"article\" \/>\n<meta property=\"og:title\" content=\"P\u00eanis Jelly Studs M\u00e9dio 17 x 3,5cm - Isla Sex Shop\" \/>\n<meta property=\"og:description\" content=\"P\u00eanis Jelly Studs M\u00e9dio 17 x 3,5cm - textura realista, escroto e ventosa, confeccionado em Jelly, material flex\u00edvel e macio.\" \/>\n<meta property=\"og:url\" content=\"https:\/\/islasexshop.com.br\/index.php\/produto\/penis-jelly-studs-medio-17-x-35cm\/\" \/>\n<meta property=\"og:site_name\" content=\"Isla Sex Shop\" \/>\n<meta property=\"article:publisher\" content=\"https:\/\/www.facebook.com\/boutiqueisla\" \/>\n<meta property=\"article:modified_time\" content=\"2024-08-25T13:33:14+00:00\" \/>\n<meta property=\"og:image\" content=\"https:\/\/islasexshop.com.br\/wp-content\/uploads\/2024\/02\/penis_jelly_studs_medio_17_x_3_5cm_88516828_1_991523ef5e31749ea092e30ffa9e1c2d.webp\" \/>\n\t<meta property=\"og:image:width\" content=\"1500\" \/>\n\t<meta property=\"og:image:height\" content=\"1500\" \/>\n\t<meta property=\"og:image:type\" content=\"image\/webp\" \/>\n<meta name=\"twitter:card\" content=\"summary_large_image\" \/>\n<meta name=\"twitter:label1\" content=\"Est. tempo de leitura\" \/>\n\t<meta name=\"twitter:data1\" content=\"2 minutos\" \/>\n<script type=\"application\/ld+json\" class=\"yoast-schema-graph\">{\"@context\":\"https:\/\/schema.org\",\"@graph\":[{\"@type\":\"WebPage\",\"@id\":\"https:\/\/islasexshop.com.br\/index.php\/produto\/penis-jelly-studs-medio-17-x-35cm\/\",\"url\":\"https:\/\/islasexshop.com.br\/index.php\/produto\/penis-jelly-studs-medio-17-x-35cm\/\",\"name\":\"P\u00eanis Jelly Studs M\u00e9dio 17 x 3,5cm - Isla Sex Shop\",\"isPartOf\":{\"@id\":\"https:\/\/islasexshop.com.br\/#website\"},\"primaryImageOfPage\":{\"@id\":\"https:\/\/islasexshop.com.br\/index.php\/produto\/penis-jelly-studs-medio-17-x-35cm\/#primaryimage\"},\"image\":{\"@id\":\"https:\/\/islasexshop.com.br\/index.php\/produto\/penis-jelly-studs-medio-17-x-35cm\/#primaryimage\"},\"thumbnailUrl\":\"https:\/\/islasexshop.com.br\/wp-content\/uploads\/2024\/02\/penis_jelly_studs_medio_17_x_3_5cm_88516828_1_991523ef5e31749ea092e30ffa9e1c2d.webp\",\"datePublished\":\"2024-02-19T19:02:31+00:00\",\"dateModified\":\"2024-08-25T13:33:14+00:00\",\"description\":\"P\u00eanis Jelly Studs M\u00e9dio 17 x 3,5cm - textura realista, escroto e ventosa, confeccionado em Jelly, material flex\u00edvel e macio.\",\"breadcrumb\":{\"@id\":\"https:\/\/islasexshop.com.br\/index.php\/produto\/penis-jelly-studs-medio-17-x-35cm\/#breadcrumb\"},\"inLanguage\":\"pt-BR\",\"potentialAction\":[{\"@type\":\"ReadAction\",\"target\":[\"https:\/\/islasexshop.com.br\/index.php\/produto\/penis-jelly-studs-medio-17-x-35cm\/\"]}]},{\"@type\":\"ImageObject\",\"inLanguage\":\"pt-BR\",\"@id\":\"https:\/\/islasexshop.com.br\/index.php\/produto\/penis-jelly-studs-medio-17-x-35cm\/#primaryimage\",\"url\":\"https:\/\/islasexshop.com.br\/wp-content\/uploads\/2024\/02\/penis_jelly_studs_medio_17_x_3_5cm_88516828_1_991523ef5e31749ea092e30ffa9e1c2d.webp\",\"contentUrl\":\"https:\/\/islasexshop.com.br\/wp-content\/uploads\/2024\/02\/penis_jelly_studs_medio_17_x_3_5cm_88516828_1_991523ef5e31749ea092e30ffa9e1c2d.webp\",\"width\":1500,\"height\":1500},{\"@type\":\"BreadcrumbList\",\"@id\":\"https:\/\/islasexshop.com.br\/index.php\/produto\/penis-jelly-studs-medio-17-x-35cm\/#breadcrumb\",\"itemListElement\":[{\"@type\":\"ListItem\",\"position\":1,\"name\":\"In\u00edcio\",\"item\":\"https:\/\/islasexshop.com.br\/\"},{\"@type\":\"ListItem\",\"position\":2,\"name\":\"Produtos\",\"item\":\"https:\/\/islasexshop.com.br\/index.php\/produtos\/\"},{\"@type\":\"ListItem\",\"position\":3,\"name\":\"P\u00eanis Jelly Studs M\u00e9dio 17 x 3,5cm\"}]},{\"@type\":\"WebSite\",\"@id\":\"https:\/\/islasexshop.com.br\/#website\",\"url\":\"https:\/\/islasexshop.com.br\/\",\"name\":\"Isla Sex Shop\",\"description\":\"Sex Shop Butant\u00e3, Sex Shop Morumbi, Sex Shop Regi\u00e3o\",\"publisher\":{\"@id\":\"https:\/\/islasexshop.com.br\/#organization\"},\"potentialAction\":[{\"@type\":\"SearchAction\",\"target\":{\"@type\":\"EntryPoint\",\"urlTemplate\":\"https:\/\/islasexshop.com.br\/?s={search_term_string}\"},\"query-input\":{\"@type\":\"PropertyValueSpecification\",\"valueRequired\":true,\"valueName\":\"search_term_string\"}}],\"inLanguage\":\"pt-BR\"},{\"@type\":\"Organization\",\"@id\":\"https:\/\/islasexshop.com.br\/#organization\",\"name\":\"Isla Sex Shop\",\"url\":\"https:\/\/islasexshop.com.br\/\",\"logo\":{\"@type\":\"ImageObject\",\"inLanguage\":\"pt-BR\",\"@id\":\"https:\/\/islasexshop.com.br\/#\/schema\/logo\/image\/\",\"url\":\"https:\/\/islasexshop.com.br\/wp-content\/uploads\/2024\/02\/0e4d7c76d6c6e7c24d33fd3338fd3dbf.jpg\",\"contentUrl\":\"https:\/\/islasexshop.com.br\/wp-content\/uploads\/2024\/02\/0e4d7c76d6c6e7c24d33fd3338fd3dbf.jpg\",\"width\":400,\"height\":200,\"caption\":\"Isla Sex Shop\"},\"image\":{\"@id\":\"https:\/\/islasexshop.com.br\/#\/schema\/logo\/image\/\"},\"sameAs\":[\"https:\/\/www.facebook.com\/boutiqueisla\",\"https:\/\/www.instagram.com\/islasensualmorumbi\/\"]}]}<\/script>\n<!-- \/ Yoast SEO plugin. -->","yoast_head_json":{"title":"P\u00eanis Jelly Studs M\u00e9dio 17 x 3,5cm - Isla Sex Shop","description":"P\u00eanis Jelly Studs M\u00e9dio 17 x 3,5cm - textura realista, escroto e ventosa, confeccionado em Jelly, material flex\u00edvel e macio.","robots":{"index":"index","follow":"follow","max-snippet":"max-snippet:-1","max-image-preview":"max-image-preview:large","max-video-preview":"max-video-preview:-1"},"canonical":"https:\/\/islasexshop.com.br\/index.php\/produto\/penis-jelly-studs-medio-17-x-35cm\/","og_locale":"pt_BR","og_type":"article","og_title":"P\u00eanis Jelly Studs M\u00e9dio 17 x 3,5cm - Isla Sex Shop","og_description":"P\u00eanis Jelly Studs M\u00e9dio 17 x 3,5cm - textura realista, escroto e ventosa, confeccionado em Jelly, material flex\u00edvel e macio.","og_url":"https:\/\/islasexshop.com.br\/index.php\/produto\/penis-jelly-studs-medio-17-x-35cm\/","og_site_name":"Isla Sex Shop","article_publisher":"https:\/\/www.facebook.com\/boutiqueisla","article_modified_time":"2024-08-25T13:33:14+00:00","og_image":[{"width":1500,"height":1500,"url":"https:\/\/islasexshop.com.br\/wp-content\/uploads\/2024\/02\/penis_jelly_studs_medio_17_x_3_5cm_88516828_1_991523ef5e31749ea092e30ffa9e1c2d.webp","type":"image\/webp"}],"twitter_card":"summary_large_image","twitter_misc":{"Est. tempo de leitura":"2 minutos"},"schema":{"@context":"https:\/\/schema.org","@graph":[{"@type":"WebPage","@id":"https:\/\/islasexshop.com.br\/index.php\/produto\/penis-jelly-studs-medio-17-x-35cm\/","url":"https:\/\/islasexshop.com.br\/index.php\/produto\/penis-jelly-studs-medio-17-x-35cm\/","name":"P\u00eanis Jelly Studs M\u00e9dio 17 x 3,5cm - Isla Sex Shop","isPartOf":{"@id":"https:\/\/islasexshop.com.br\/#website"},"primaryImageOfPage":{"@id":"https:\/\/islasexshop.com.br\/index.php\/produto\/penis-jelly-studs-medio-17-x-35cm\/#primaryimage"},"image":{"@id":"https:\/\/islasexshop.com.br\/index.php\/produto\/penis-jelly-studs-medio-17-x-35cm\/#primaryimage"},"thumbnailUrl":"https:\/\/islasexshop.com.br\/wp-content\/uploads\/2024\/02\/penis_jelly_studs_medio_17_x_3_5cm_88516828_1_991523ef5e31749ea092e30ffa9e1c2d.webp","datePublished":"2024-02-19T19:02:31+00:00","dateModified":"2024-08-25T13:33:14+00:00","description":"P\u00eanis Jelly Studs M\u00e9dio 17 x 3,5cm - textura realista, escroto e ventosa, confeccionado em Jelly, material flex\u00edvel e macio.","breadcrumb":{"@id":"https:\/\/islasexshop.com.br\/index.php\/produto\/penis-jelly-studs-medio-17-x-35cm\/#breadcrumb"},"inLanguage":"pt-BR","potentialAction":[{"@type":"ReadAction","target":["https:\/\/islasexshop.com.br\/index.php\/produto\/penis-jelly-studs-medio-17-x-35cm\/"]}]},{"@type":"ImageObject","inLanguage":"pt-BR","@id":"https:\/\/islasexshop.com.br\/index.php\/produto\/penis-jelly-studs-medio-17-x-35cm\/#primaryimage","url":"https:\/\/islasexshop.com.br\/wp-content\/uploads\/2024\/02\/penis_jelly_studs_medio_17_x_3_5cm_88516828_1_991523ef5e31749ea092e30ffa9e1c2d.webp","contentUrl":"https:\/\/islasexshop.com.br\/wp-content\/uploads\/2024\/02\/penis_jelly_studs_medio_17_x_3_5cm_88516828_1_991523ef5e31749ea092e30ffa9e1c2d.webp","width":1500,"height":1500},{"@type":"BreadcrumbList","@id":"https:\/\/islasexshop.com.br\/index.php\/produto\/penis-jelly-studs-medio-17-x-35cm\/#breadcrumb","itemListElement":[{"@type":"ListItem","position":1,"name":"In\u00edcio","item":"https:\/\/islasexshop.com.br\/"},{"@type":"ListItem","position":2,"name":"Produtos","item":"https:\/\/islasexshop.com.br\/index.php\/produtos\/"},{"@type":"ListItem","position":3,"name":"P\u00eanis Jelly Studs M\u00e9dio 17 x 3,5cm"}]},{"@type":"WebSite","@id":"https:\/\/islasexshop.com.br\/#website","url":"https:\/\/islasexshop.com.br\/","name":"Isla Sex Shop","description":"Sex Shop Butant\u00e3, Sex Shop Morumbi, Sex Shop Regi\u00e3o","publisher":{"@id":"https:\/\/islasexshop.com.br\/#organization"},"potentialAction":[{"@type":"SearchAction","target":{"@type":"EntryPoint","urlTemplate":"https:\/\/islasexshop.com.br\/?s={search_term_string}"},"query-input":{"@type":"PropertyValueSpecification","valueRequired":true,"valueName":"search_term_string"}}],"inLanguage":"pt-BR"},{"@type":"Organization","@id":"https:\/\/islasexshop.com.br\/#organization","name":"Isla Sex Shop","url":"https:\/\/islasexshop.com.br\/","logo":{"@type":"ImageObject","inLanguage":"pt-BR","@id":"https:\/\/islasexshop.com.br\/#\/schema\/logo\/image\/","url":"https:\/\/islasexshop.com.br\/wp-content\/uploads\/2024\/02\/0e4d7c76d6c6e7c24d33fd3338fd3dbf.jpg","contentUrl":"https:\/\/islasexshop.com.br\/wp-content\/uploads\/2024\/02\/0e4d7c76d6c6e7c24d33fd3338fd3dbf.jpg","width":400,"height":200,"caption":"Isla Sex Shop"},"image":{"@id":"https:\/\/islasexshop.com.br\/#\/schema\/logo\/image\/"},"sameAs":["https:\/\/www.facebook.com\/boutiqueisla","https:\/\/www.instagram.com\/islasensualmorumbi\/"]}]}},"_links":{"self":[{"href":"https:\/\/islasexshop.com.br\/index.php\/wp-json\/wp\/v2\/product\/722"}],"collection":[{"href":"https:\/\/islasexshop.com.br\/index.php\/wp-json\/wp\/v2\/product"}],"about":[{"href":"https:\/\/islasexshop.com.br\/index.php\/wp-json\/wp\/v2\/types\/product"}],"replies":[{"embeddable":true,"href":"https:\/\/islasexshop.com.br\/index.php\/wp-json\/wp\/v2\/comments?post=722"}],"version-history":[{"count":5,"href":"https:\/\/islasexshop.com.br\/index.php\/wp-json\/wp\/v2\/product\/722\/revisions"}],"predecessor-version":[{"id":3709,"href":"https:\/\/islasexshop.com.br\/index.php\/wp-json\/wp\/v2\/product\/722\/revisions\/3709"}],"wp:featuredmedia":[{"embeddable":true,"href":"https:\/\/islasexshop.com.br\/index.php\/wp-json\/wp\/v2\/media\/725"}],"wp:attachment":[{"href":"https:\/\/islasexshop.com.br\/index.php\/wp-json\/wp\/v2\/media?parent=722"}],"wp:term":[{"taxonomy":"product_cat","embeddable":true,"href":"https:\/\/islasexshop.com.br\/index.php\/wp-json\/wp\/v2\/product_cat?post=722"},{"taxonomy":"product_tag","embeddable":true,"href":"https:\/\/islasexshop.com.br\/index.php\/wp-json\/wp\/v2\/product_tag?post=722"}],"curies":[{"name":"wp","href":"https:\/\/api.w.org\/{rel}","templated":true}]}}