{"id":664,"date":"2024-02-19T14:28:48","date_gmt":"2024-02-19T17:28:48","guid":{"rendered":"https:\/\/islasexshop.com.br\/?post_type=product&#038;p=664"},"modified":"2024-08-25T10:21:41","modified_gmt":"2024-08-25T13:21:41","slug":"vibrador-de-ponto-g-e-clitoris-com-pulsacao-carlota","status":"publish","type":"product","link":"https:\/\/islasexshop.com.br\/index.php\/produto\/vibrador-de-ponto-g-e-clitoris-com-pulsacao-carlota\/","title":{"rendered":"Vibrador de Ponto G e Clit\u00f3ris com Pulsa\u00e7\u00e3o &#8211; Carlota"},"content":{"rendered":"\t\t<div data-elementor-type=\"wp-post\" data-elementor-id=\"664\" class=\"elementor elementor-664\" data-elementor-post-type=\"product\">\n\t\t\t\t\t\t<section class=\"elementor-section elementor-top-section elementor-element elementor-element-ac74866 elementor-section-boxed elementor-section-height-default elementor-section-height-default\" data-id=\"ac74866\" data-element_type=\"section\">\n\t\t\t\t\t\t<div class=\"elementor-container elementor-column-gap-default\">\n\t\t\t\t\t<div class=\"elementor-column elementor-col-100 elementor-top-column elementor-element elementor-element-00455b3\" data-id=\"00455b3\" data-element_type=\"column\">\n\t\t\t<div class=\"elementor-widget-wrap elementor-element-populated\">\n\t\t\t\t\t\t<section class=\"elementor-section elementor-inner-section elementor-element elementor-element-0b58131 elementor-section-boxed elementor-section-height-default elementor-section-height-default\" data-id=\"0b58131\" data-element_type=\"section\">\n\t\t\t\t\t\t<div class=\"elementor-container elementor-column-gap-default\">\n\t\t\t\t\t<div class=\"elementor-column elementor-col-33 elementor-inner-column elementor-element elementor-element-68d5cd2\" data-id=\"68d5cd2\" data-element_type=\"column\">\n\t\t\t<div class=\"elementor-widget-wrap\">\n\t\t\t\t\t\t\t<\/div>\n\t\t<\/div>\n\t\t\t\t<div class=\"elementor-column elementor-col-33 elementor-inner-column elementor-element elementor-element-e9e37c9\" data-id=\"e9e37c9\" data-element_type=\"column\">\n\t\t\t<div class=\"elementor-widget-wrap elementor-element-populated\">\n\t\t\t\t\t\t<div class=\"elementor-element elementor-element-11028d6 elementor-widget elementor-widget-heading\" data-id=\"11028d6\" data-element_type=\"widget\" data-widget_type=\"heading.default\">\n\t\t\t\t<div class=\"elementor-widget-container\">\n\t\t\t\t\t<h2 class=\"elementor-heading-title elementor-size-default\">Vibrador Puro Silicone <span style=\"color:#d41e7b\">Carlota<\/span><\/h2>\t\t\t\t<\/div>\n\t\t\t\t<\/div>\n\t\t\t\t\t<\/div>\n\t\t<\/div>\n\t\t\t\t<div class=\"elementor-column elementor-col-33 elementor-inner-column elementor-element elementor-element-e35eb49\" data-id=\"e35eb49\" data-element_type=\"column\">\n\t\t\t<div class=\"elementor-widget-wrap\">\n\t\t\t\t\t\t\t<\/div>\n\t\t<\/div>\n\t\t\t\t\t<\/div>\n\t\t<\/section>\n\t\t\t\t<section class=\"elementor-section elementor-inner-section elementor-element elementor-element-a00a4aa elementor-reverse-mobile elementor-section-boxed elementor-section-height-default elementor-section-height-default\" data-id=\"a00a4aa\" data-element_type=\"section\">\n\t\t\t\t\t\t<div class=\"elementor-container elementor-column-gap-no\">\n\t\t\t\t\t<div class=\"elementor-column elementor-col-50 elementor-inner-column elementor-element elementor-element-aebdda8\" data-id=\"aebdda8\" data-element_type=\"column\" data-settings=\"{&quot;background_background&quot;:&quot;classic&quot;}\">\n\t\t\t<div class=\"elementor-widget-wrap elementor-element-populated\">\n\t\t\t\t\t\t<div class=\"elementor-element elementor-element-dc7ae6c elementor-widget elementor-widget-heading\" data-id=\"dc7ae6c\" data-element_type=\"widget\" data-widget_type=\"heading.default\">\n\t\t\t\t<div class=\"elementor-widget-container\">\n\t\t\t\t\t<h4 class=\"elementor-heading-title elementor-size-default\">Vibrador + Estimulador de Clit\u00f3ris<\/h4>\t\t\t\t<\/div>\n\t\t\t\t<\/div>\n\t\t\t\t<div class=\"elementor-element elementor-element-7333a85 elementor-widget__width-initial elementor-widget elementor-widget-text-editor\" data-id=\"7333a85\" data-element_type=\"widget\" data-widget_type=\"text-editor.default\">\n\t\t\t\t<div class=\"elementor-widget-container\">\n\t\t\t\t\t\t\t\t\t<p><strong>Modo de uso<\/strong><br \/>Aperte o bot\u00e3o para ligar e para controlar o n\u00edvel de vibra\u00e7\u00e3o, para desligar basta apertar o bot\u00e3o. Lubrificar antes da penetra\u00e7\u00e3o.<\/p><p><strong>Material<\/strong><br \/>ABS, Silicone.<\/p><p><strong>Bateria<\/strong><br \/>Recarreg\u00e1vel via USB.Medidas<br \/>14,0 cm de comprimento total, 4,5 cm de espessura (medidas aproximadas).<\/p>\t\t\t\t\t\t\t\t<\/div>\n\t\t\t\t<\/div>\n\t\t\t\t\t<\/div>\n\t\t<\/div>\n\t\t\t\t<div class=\"elementor-column elementor-col-50 elementor-inner-column elementor-element elementor-element-2f2a32e\" data-id=\"2f2a32e\" data-element_type=\"column\">\n\t\t\t<div class=\"elementor-widget-wrap elementor-element-populated\">\n\t\t\t\t\t\t<div class=\"elementor-element elementor-element-eca2fdd elementor-widget elementor-widget-image\" data-id=\"eca2fdd\" data-element_type=\"widget\" data-widget_type=\"image.default\">\n\t\t\t\t<div class=\"elementor-widget-container\">\n\t\t\t\t\t\t\t\t\t\t\t\t\t\t\t<img fetchpriority=\"high\" decoding=\"async\" width=\"1200\" height=\"1200\" src=\"https:\/\/islasexshop.com.br\/wp-content\/uploads\/2024\/02\/41GHqhAbdeL._AC_UF10001000_QL80_-1200x1200.png\" class=\"attachment-large size-large wp-image-668\" alt=\"\" srcset=\"https:\/\/islasexshop.com.br\/wp-content\/uploads\/2024\/02\/41GHqhAbdeL._AC_UF10001000_QL80_-1200x1200.png 1200w, https:\/\/islasexshop.com.br\/wp-content\/uploads\/2024\/02\/41GHqhAbdeL._AC_UF10001000_QL80_-1320x1320.png 1320w, https:\/\/islasexshop.com.br\/wp-content\/uploads\/2024\/02\/41GHqhAbdeL._AC_UF10001000_QL80_-300x300.png 300w, https:\/\/islasexshop.com.br\/wp-content\/uploads\/2024\/02\/41GHqhAbdeL._AC_UF10001000_QL80_-500x500.png 500w, https:\/\/islasexshop.com.br\/wp-content\/uploads\/2024\/02\/41GHqhAbdeL._AC_UF10001000_QL80_-768x768.png 768w, https:\/\/islasexshop.com.br\/wp-content\/uploads\/2024\/02\/41GHqhAbdeL._AC_UF10001000_QL80_-150x150.png 150w, https:\/\/islasexshop.com.br\/wp-content\/uploads\/2024\/02\/41GHqhAbdeL._AC_UF10001000_QL80_-75x75.png 75w, https:\/\/islasexshop.com.br\/wp-content\/uploads\/2024\/02\/41GHqhAbdeL._AC_UF10001000_QL80_-480x480.png 480w, https:\/\/islasexshop.com.br\/wp-content\/uploads\/2024\/02\/41GHqhAbdeL._AC_UF10001000_QL80_-800x800.png 800w, https:\/\/islasexshop.com.br\/wp-content\/uploads\/2024\/02\/41GHqhAbdeL._AC_UF10001000_QL80_.png 1500w\" sizes=\"(max-width:767px) 480px, (max-width:1200px) 100vw, 1200px\" \/>\t\t\t\t\t\t\t\t\t\t\t\t\t\t\t<\/div>\n\t\t\t\t<\/div>\n\t\t\t\t\t<\/div>\n\t\t<\/div>\n\t\t\t\t\t<\/div>\n\t\t<\/section>\n\t\t\t\t<section class=\"elementor-section elementor-inner-section elementor-element elementor-element-2f52631 elementor-section-boxed elementor-section-height-default elementor-section-height-default\" data-id=\"2f52631\" data-element_type=\"section\">\n\t\t\t\t\t\t<div class=\"elementor-container elementor-column-gap-no\">\n\t\t\t\t\t<div class=\"elementor-column elementor-col-50 elementor-inner-column elementor-element elementor-element-5917191\" data-id=\"5917191\" data-element_type=\"column\">\n\t\t\t<div class=\"elementor-widget-wrap elementor-element-populated\">\n\t\t\t\t\t\t<div class=\"elementor-element elementor-element-af155b1 elementor-widget elementor-widget-image\" data-id=\"af155b1\" data-element_type=\"widget\" data-widget_type=\"image.default\">\n\t\t\t\t<div class=\"elementor-widget-container\">\n\t\t\t\t\t\t\t\t\t\t\t\t\t\t\t<img fetchpriority=\"high\" decoding=\"async\" width=\"1200\" height=\"1200\" src=\"https:\/\/islasexshop.com.br\/wp-content\/uploads\/2024\/02\/41GHqhAbdeL._AC_UF10001000_QL80_-1200x1200.png\" class=\"attachment-large size-large wp-image-668\" alt=\"\" srcset=\"https:\/\/islasexshop.com.br\/wp-content\/uploads\/2024\/02\/41GHqhAbdeL._AC_UF10001000_QL80_-1200x1200.png 1200w, https:\/\/islasexshop.com.br\/wp-content\/uploads\/2024\/02\/41GHqhAbdeL._AC_UF10001000_QL80_-1320x1320.png 1320w, https:\/\/islasexshop.com.br\/wp-content\/uploads\/2024\/02\/41GHqhAbdeL._AC_UF10001000_QL80_-300x300.png 300w, https:\/\/islasexshop.com.br\/wp-content\/uploads\/2024\/02\/41GHqhAbdeL._AC_UF10001000_QL80_-500x500.png 500w, https:\/\/islasexshop.com.br\/wp-content\/uploads\/2024\/02\/41GHqhAbdeL._AC_UF10001000_QL80_-768x768.png 768w, https:\/\/islasexshop.com.br\/wp-content\/uploads\/2024\/02\/41GHqhAbdeL._AC_UF10001000_QL80_-150x150.png 150w, https:\/\/islasexshop.com.br\/wp-content\/uploads\/2024\/02\/41GHqhAbdeL._AC_UF10001000_QL80_-75x75.png 75w, https:\/\/islasexshop.com.br\/wp-content\/uploads\/2024\/02\/41GHqhAbdeL._AC_UF10001000_QL80_-480x480.png 480w, https:\/\/islasexshop.com.br\/wp-content\/uploads\/2024\/02\/41GHqhAbdeL._AC_UF10001000_QL80_-800x800.png 800w, https:\/\/islasexshop.com.br\/wp-content\/uploads\/2024\/02\/41GHqhAbdeL._AC_UF10001000_QL80_.png 1500w\" sizes=\"(max-width:767px) 480px, (max-width:1200px) 100vw, 1200px\" \/>\t\t\t\t\t\t\t\t\t\t\t\t\t\t\t<\/div>\n\t\t\t\t<\/div>\n\t\t\t\t\t<\/div>\n\t\t<\/div>\n\t\t\t\t<div class=\"elementor-column elementor-col-50 elementor-inner-column elementor-element elementor-element-ccb6eb5\" data-id=\"ccb6eb5\" data-element_type=\"column\" data-settings=\"{&quot;background_background&quot;:&quot;classic&quot;}\">\n\t\t\t<div class=\"elementor-widget-wrap elementor-element-populated\">\n\t\t\t\t\t\t<div class=\"elementor-element elementor-element-aca8c47 elementor-widget elementor-widget-heading\" data-id=\"aca8c47\" data-element_type=\"widget\" data-widget_type=\"heading.default\">\n\t\t\t\t<div class=\"elementor-widget-container\">\n\t\t\t\t\t<h4 class=\"elementor-heading-title elementor-size-default\">Vibrador Potente<\/h4>\t\t\t\t<\/div>\n\t\t\t\t<\/div>\n\t\t\t\t<div class=\"elementor-element elementor-element-9a2a614 elementor-widget elementor-widget-text-editor\" data-id=\"9a2a614\" data-element_type=\"widget\" data-widget_type=\"text-editor.default\">\n\t\t\t\t<div class=\"elementor-widget-container\">\n\t\t\t\t\t\t\t\t\t<p><strong>Higieniza\u00e7\u00e3o<\/strong><br \/>Guarde na embalagem original. N\u00e3o compartilhar e n\u00e3o expor a temperatura superior a 50\u00b0C.<\/p><p><br \/><strong>Cuidados<\/strong><br \/>Higienize sempre antes e ap\u00f3s o uso.<br \/>Mantenha fora do alcance de crian\u00e7as.<br \/>Manter ao abrigo do calor e luz excessiva.<br \/>Ap\u00f3s o uso, guardar em uma embalagem de pl\u00e1stico, n\u00e3o enrole em papel.<\/p><p><strong>Recomenda\u00e7\u00f5es: Recomenda-se o uso de lubrificante e preservativo.\u00a0<\/strong><\/p>\t\t\t\t\t\t\t\t<\/div>\n\t\t\t\t<\/div>\n\t\t\t\t\t<\/div>\n\t\t<\/div>\n\t\t\t\t\t<\/div>\n\t\t<\/section>\n\t\t\t\t\t<\/div>\n\t\t<\/div>\n\t\t\t\t\t<\/div>\n\t\t<\/section>\n\t\t\t\t<\/div>\n\t\t","protected":false},"excerpt":{"rendered":"<p><strong>Vibrador de Ponto G e Clit\u00f3ris com Pulsa\u00e7\u00e3o &#8211; Carlota<\/strong><\/p>\n<p>Vibrador de Ponto G e Clit\u00f3ris com Pulsa\u00e7\u00e3o &#8211; Carlota &#8211; vibrador feito em material macio de toque agrad\u00e1vel e f\u00e1cil limpeza. Massageador para est\u00edmulo do clit\u00f3ris com Pulsa\u00e7\u00e3o. Possui 10 modos de vibra\u00e7\u00e3o no Ponto G e 10 modos de Pulsa\u00e7\u00e3o.<\/p>\n<p>Produto resistente \u00e0 \u00e1gua.<\/p>\n<p>&nbsp;<\/p>\n","protected":false},"featured_media":668,"comment_status":"open","ping_status":"closed","template":"","meta":[],"product_cat":[22,27],"product_tag":[129,127,133,130,131,128,132,126],"yoast_head":"<!-- This site is optimized with the Yoast SEO plugin v24.5 - https:\/\/yoast.com\/wordpress\/plugins\/seo\/ -->\n<title>Vibrador de Ponto G e Clit\u00f3ris com Pulsa\u00e7\u00e3o - Carlota - Isla Sex Shop<\/title>\n<meta name=\"description\" content=\"Vibrador de Ponto G e Clit\u00f3ris com Pulsa\u00e7\u00e3o - Material macio de toque agrad\u00e1vel e f\u00e1cil limpeza. Massageador para est\u00edmulo do clit\u00f3ris com Pulsa\u00e7\u00e3o.\" \/>\n<meta name=\"robots\" content=\"index, follow, max-snippet:-1, max-image-preview:large, max-video-preview:-1\" \/>\n<link rel=\"canonical\" href=\"https:\/\/islasexshop.com.br\/index.php\/produto\/vibrador-de-ponto-g-e-clitoris-com-pulsacao-carlota\/\" \/>\n<meta property=\"og:locale\" content=\"pt_BR\" \/>\n<meta property=\"og:type\" content=\"article\" \/>\n<meta property=\"og:title\" content=\"Vibrador de Ponto G e Clit\u00f3ris com Pulsa\u00e7\u00e3o - Carlota - Isla Sex Shop\" \/>\n<meta property=\"og:description\" content=\"Vibrador de Ponto G e Clit\u00f3ris com Pulsa\u00e7\u00e3o - Material macio de toque agrad\u00e1vel e f\u00e1cil limpeza. Massageador para est\u00edmulo do clit\u00f3ris com Pulsa\u00e7\u00e3o.\" \/>\n<meta property=\"og:url\" content=\"https:\/\/islasexshop.com.br\/index.php\/produto\/vibrador-de-ponto-g-e-clitoris-com-pulsacao-carlota\/\" \/>\n<meta property=\"og:site_name\" content=\"Isla Sex Shop\" \/>\n<meta property=\"article:publisher\" content=\"https:\/\/www.facebook.com\/boutiqueisla\" \/>\n<meta property=\"article:modified_time\" content=\"2024-08-25T13:21:41+00:00\" \/>\n<meta property=\"og:image\" content=\"https:\/\/islasexshop.com.br\/wp-content\/uploads\/2024\/02\/41GHqhAbdeL._AC_UF10001000_QL80_.png\" \/>\n\t<meta property=\"og:image:width\" content=\"1500\" \/>\n\t<meta property=\"og:image:height\" content=\"1500\" \/>\n\t<meta property=\"og:image:type\" content=\"image\/png\" \/>\n<meta name=\"twitter:card\" content=\"summary_large_image\" \/>\n<meta name=\"twitter:label1\" content=\"Est. tempo de leitura\" \/>\n\t<meta name=\"twitter:data1\" content=\"2 minutos\" \/>\n<script type=\"application\/ld+json\" class=\"yoast-schema-graph\">{\"@context\":\"https:\/\/schema.org\",\"@graph\":[{\"@type\":\"WebPage\",\"@id\":\"https:\/\/islasexshop.com.br\/index.php\/produto\/vibrador-de-ponto-g-e-clitoris-com-pulsacao-carlota\/\",\"url\":\"https:\/\/islasexshop.com.br\/index.php\/produto\/vibrador-de-ponto-g-e-clitoris-com-pulsacao-carlota\/\",\"name\":\"Vibrador de Ponto G e Clit\u00f3ris com Pulsa\u00e7\u00e3o - Carlota - Isla Sex Shop\",\"isPartOf\":{\"@id\":\"https:\/\/islasexshop.com.br\/#website\"},\"primaryImageOfPage\":{\"@id\":\"https:\/\/islasexshop.com.br\/index.php\/produto\/vibrador-de-ponto-g-e-clitoris-com-pulsacao-carlota\/#primaryimage\"},\"image\":{\"@id\":\"https:\/\/islasexshop.com.br\/index.php\/produto\/vibrador-de-ponto-g-e-clitoris-com-pulsacao-carlota\/#primaryimage\"},\"thumbnailUrl\":\"https:\/\/islasexshop.com.br\/wp-content\/uploads\/2024\/02\/41GHqhAbdeL._AC_UF10001000_QL80_.png\",\"datePublished\":\"2024-02-19T17:28:48+00:00\",\"dateModified\":\"2024-08-25T13:21:41+00:00\",\"description\":\"Vibrador de Ponto G e Clit\u00f3ris com Pulsa\u00e7\u00e3o - Material macio de toque agrad\u00e1vel e f\u00e1cil limpeza. Massageador para est\u00edmulo do clit\u00f3ris com Pulsa\u00e7\u00e3o.\",\"breadcrumb\":{\"@id\":\"https:\/\/islasexshop.com.br\/index.php\/produto\/vibrador-de-ponto-g-e-clitoris-com-pulsacao-carlota\/#breadcrumb\"},\"inLanguage\":\"pt-BR\",\"potentialAction\":[{\"@type\":\"ReadAction\",\"target\":[\"https:\/\/islasexshop.com.br\/index.php\/produto\/vibrador-de-ponto-g-e-clitoris-com-pulsacao-carlota\/\"]}]},{\"@type\":\"ImageObject\",\"inLanguage\":\"pt-BR\",\"@id\":\"https:\/\/islasexshop.com.br\/index.php\/produto\/vibrador-de-ponto-g-e-clitoris-com-pulsacao-carlota\/#primaryimage\",\"url\":\"https:\/\/islasexshop.com.br\/wp-content\/uploads\/2024\/02\/41GHqhAbdeL._AC_UF10001000_QL80_.png\",\"contentUrl\":\"https:\/\/islasexshop.com.br\/wp-content\/uploads\/2024\/02\/41GHqhAbdeL._AC_UF10001000_QL80_.png\",\"width\":1500,\"height\":1500},{\"@type\":\"BreadcrumbList\",\"@id\":\"https:\/\/islasexshop.com.br\/index.php\/produto\/vibrador-de-ponto-g-e-clitoris-com-pulsacao-carlota\/#breadcrumb\",\"itemListElement\":[{\"@type\":\"ListItem\",\"position\":1,\"name\":\"In\u00edcio\",\"item\":\"https:\/\/islasexshop.com.br\/\"},{\"@type\":\"ListItem\",\"position\":2,\"name\":\"Produtos\",\"item\":\"https:\/\/islasexshop.com.br\/index.php\/produtos\/\"},{\"@type\":\"ListItem\",\"position\":3,\"name\":\"Vibrador de Ponto G e Clit\u00f3ris com Pulsa\u00e7\u00e3o &#8211; Carlota\"}]},{\"@type\":\"WebSite\",\"@id\":\"https:\/\/islasexshop.com.br\/#website\",\"url\":\"https:\/\/islasexshop.com.br\/\",\"name\":\"Isla Sex Shop\",\"description\":\"Sex Shop Butant\u00e3, Sex Shop Morumbi, Sex Shop Regi\u00e3o\",\"publisher\":{\"@id\":\"https:\/\/islasexshop.com.br\/#organization\"},\"potentialAction\":[{\"@type\":\"SearchAction\",\"target\":{\"@type\":\"EntryPoint\",\"urlTemplate\":\"https:\/\/islasexshop.com.br\/?s={search_term_string}\"},\"query-input\":{\"@type\":\"PropertyValueSpecification\",\"valueRequired\":true,\"valueName\":\"search_term_string\"}}],\"inLanguage\":\"pt-BR\"},{\"@type\":\"Organization\",\"@id\":\"https:\/\/islasexshop.com.br\/#organization\",\"name\":\"Isla Sex Shop\",\"url\":\"https:\/\/islasexshop.com.br\/\",\"logo\":{\"@type\":\"ImageObject\",\"inLanguage\":\"pt-BR\",\"@id\":\"https:\/\/islasexshop.com.br\/#\/schema\/logo\/image\/\",\"url\":\"https:\/\/islasexshop.com.br\/wp-content\/uploads\/2024\/02\/0e4d7c76d6c6e7c24d33fd3338fd3dbf.jpg\",\"contentUrl\":\"https:\/\/islasexshop.com.br\/wp-content\/uploads\/2024\/02\/0e4d7c76d6c6e7c24d33fd3338fd3dbf.jpg\",\"width\":400,\"height\":200,\"caption\":\"Isla Sex Shop\"},\"image\":{\"@id\":\"https:\/\/islasexshop.com.br\/#\/schema\/logo\/image\/\"},\"sameAs\":[\"https:\/\/www.facebook.com\/boutiqueisla\",\"https:\/\/www.instagram.com\/islasensualmorumbi\/\"]}]}<\/script>\n<!-- \/ Yoast SEO plugin. -->","yoast_head_json":{"title":"Vibrador de Ponto G e Clit\u00f3ris com Pulsa\u00e7\u00e3o - Carlota - Isla Sex Shop","description":"Vibrador de Ponto G e Clit\u00f3ris com Pulsa\u00e7\u00e3o - Material macio de toque agrad\u00e1vel e f\u00e1cil limpeza. Massageador para est\u00edmulo do clit\u00f3ris com Pulsa\u00e7\u00e3o.","robots":{"index":"index","follow":"follow","max-snippet":"max-snippet:-1","max-image-preview":"max-image-preview:large","max-video-preview":"max-video-preview:-1"},"canonical":"https:\/\/islasexshop.com.br\/index.php\/produto\/vibrador-de-ponto-g-e-clitoris-com-pulsacao-carlota\/","og_locale":"pt_BR","og_type":"article","og_title":"Vibrador de Ponto G e Clit\u00f3ris com Pulsa\u00e7\u00e3o - Carlota - Isla Sex Shop","og_description":"Vibrador de Ponto G e Clit\u00f3ris com Pulsa\u00e7\u00e3o - Material macio de toque agrad\u00e1vel e f\u00e1cil limpeza. Massageador para est\u00edmulo do clit\u00f3ris com Pulsa\u00e7\u00e3o.","og_url":"https:\/\/islasexshop.com.br\/index.php\/produto\/vibrador-de-ponto-g-e-clitoris-com-pulsacao-carlota\/","og_site_name":"Isla Sex Shop","article_publisher":"https:\/\/www.facebook.com\/boutiqueisla","article_modified_time":"2024-08-25T13:21:41+00:00","og_image":[{"width":1500,"height":1500,"url":"https:\/\/islasexshop.com.br\/wp-content\/uploads\/2024\/02\/41GHqhAbdeL._AC_UF10001000_QL80_.png","type":"image\/png"}],"twitter_card":"summary_large_image","twitter_misc":{"Est. tempo de leitura":"2 minutos"},"schema":{"@context":"https:\/\/schema.org","@graph":[{"@type":"WebPage","@id":"https:\/\/islasexshop.com.br\/index.php\/produto\/vibrador-de-ponto-g-e-clitoris-com-pulsacao-carlota\/","url":"https:\/\/islasexshop.com.br\/index.php\/produto\/vibrador-de-ponto-g-e-clitoris-com-pulsacao-carlota\/","name":"Vibrador de Ponto G e Clit\u00f3ris com Pulsa\u00e7\u00e3o - Carlota - Isla Sex Shop","isPartOf":{"@id":"https:\/\/islasexshop.com.br\/#website"},"primaryImageOfPage":{"@id":"https:\/\/islasexshop.com.br\/index.php\/produto\/vibrador-de-ponto-g-e-clitoris-com-pulsacao-carlota\/#primaryimage"},"image":{"@id":"https:\/\/islasexshop.com.br\/index.php\/produto\/vibrador-de-ponto-g-e-clitoris-com-pulsacao-carlota\/#primaryimage"},"thumbnailUrl":"https:\/\/islasexshop.com.br\/wp-content\/uploads\/2024\/02\/41GHqhAbdeL._AC_UF10001000_QL80_.png","datePublished":"2024-02-19T17:28:48+00:00","dateModified":"2024-08-25T13:21:41+00:00","description":"Vibrador de Ponto G e Clit\u00f3ris com Pulsa\u00e7\u00e3o - Material macio de toque agrad\u00e1vel e f\u00e1cil limpeza. Massageador para est\u00edmulo do clit\u00f3ris com Pulsa\u00e7\u00e3o.","breadcrumb":{"@id":"https:\/\/islasexshop.com.br\/index.php\/produto\/vibrador-de-ponto-g-e-clitoris-com-pulsacao-carlota\/#breadcrumb"},"inLanguage":"pt-BR","potentialAction":[{"@type":"ReadAction","target":["https:\/\/islasexshop.com.br\/index.php\/produto\/vibrador-de-ponto-g-e-clitoris-com-pulsacao-carlota\/"]}]},{"@type":"ImageObject","inLanguage":"pt-BR","@id":"https:\/\/islasexshop.com.br\/index.php\/produto\/vibrador-de-ponto-g-e-clitoris-com-pulsacao-carlota\/#primaryimage","url":"https:\/\/islasexshop.com.br\/wp-content\/uploads\/2024\/02\/41GHqhAbdeL._AC_UF10001000_QL80_.png","contentUrl":"https:\/\/islasexshop.com.br\/wp-content\/uploads\/2024\/02\/41GHqhAbdeL._AC_UF10001000_QL80_.png","width":1500,"height":1500},{"@type":"BreadcrumbList","@id":"https:\/\/islasexshop.com.br\/index.php\/produto\/vibrador-de-ponto-g-e-clitoris-com-pulsacao-carlota\/#breadcrumb","itemListElement":[{"@type":"ListItem","position":1,"name":"In\u00edcio","item":"https:\/\/islasexshop.com.br\/"},{"@type":"ListItem","position":2,"name":"Produtos","item":"https:\/\/islasexshop.com.br\/index.php\/produtos\/"},{"@type":"ListItem","position":3,"name":"Vibrador de Ponto G e Clit\u00f3ris com Pulsa\u00e7\u00e3o &#8211; Carlota"}]},{"@type":"WebSite","@id":"https:\/\/islasexshop.com.br\/#website","url":"https:\/\/islasexshop.com.br\/","name":"Isla Sex Shop","description":"Sex Shop Butant\u00e3, Sex Shop Morumbi, Sex Shop Regi\u00e3o","publisher":{"@id":"https:\/\/islasexshop.com.br\/#organization"},"potentialAction":[{"@type":"SearchAction","target":{"@type":"EntryPoint","urlTemplate":"https:\/\/islasexshop.com.br\/?s={search_term_string}"},"query-input":{"@type":"PropertyValueSpecification","valueRequired":true,"valueName":"search_term_string"}}],"inLanguage":"pt-BR"},{"@type":"Organization","@id":"https:\/\/islasexshop.com.br\/#organization","name":"Isla Sex Shop","url":"https:\/\/islasexshop.com.br\/","logo":{"@type":"ImageObject","inLanguage":"pt-BR","@id":"https:\/\/islasexshop.com.br\/#\/schema\/logo\/image\/","url":"https:\/\/islasexshop.com.br\/wp-content\/uploads\/2024\/02\/0e4d7c76d6c6e7c24d33fd3338fd3dbf.jpg","contentUrl":"https:\/\/islasexshop.com.br\/wp-content\/uploads\/2024\/02\/0e4d7c76d6c6e7c24d33fd3338fd3dbf.jpg","width":400,"height":200,"caption":"Isla Sex Shop"},"image":{"@id":"https:\/\/islasexshop.com.br\/#\/schema\/logo\/image\/"},"sameAs":["https:\/\/www.facebook.com\/boutiqueisla","https:\/\/www.instagram.com\/islasensualmorumbi\/"]}]}},"_links":{"self":[{"href":"https:\/\/islasexshop.com.br\/index.php\/wp-json\/wp\/v2\/product\/664"}],"collection":[{"href":"https:\/\/islasexshop.com.br\/index.php\/wp-json\/wp\/v2\/product"}],"about":[{"href":"https:\/\/islasexshop.com.br\/index.php\/wp-json\/wp\/v2\/types\/product"}],"replies":[{"embeddable":true,"href":"https:\/\/islasexshop.com.br\/index.php\/wp-json\/wp\/v2\/comments?post=664"}],"version-history":[{"count":5,"href":"https:\/\/islasexshop.com.br\/index.php\/wp-json\/wp\/v2\/product\/664\/revisions"}],"predecessor-version":[{"id":3704,"href":"https:\/\/islasexshop.com.br\/index.php\/wp-json\/wp\/v2\/product\/664\/revisions\/3704"}],"wp:featuredmedia":[{"embeddable":true,"href":"https:\/\/islasexshop.com.br\/index.php\/wp-json\/wp\/v2\/media\/668"}],"wp:attachment":[{"href":"https:\/\/islasexshop.com.br\/index.php\/wp-json\/wp\/v2\/media?parent=664"}],"wp:term":[{"taxonomy":"product_cat","embeddable":true,"href":"https:\/\/islasexshop.com.br\/index.php\/wp-json\/wp\/v2\/product_cat?post=664"},{"taxonomy":"product_tag","embeddable":true,"href":"https:\/\/islasexshop.com.br\/index.php\/wp-json\/wp\/v2\/product_tag?post=664"}],"curies":[{"name":"wp","href":"https:\/\/api.w.org\/{rel}","templated":true}]}}