{"id":4447,"date":"2024-10-24T11:00:58","date_gmt":"2024-10-24T14:00:58","guid":{"rendered":"https:\/\/islasexshop.com.br\/?post_type=product&#038;p=4447"},"modified":"2024-10-28T14:33:13","modified_gmt":"2024-10-28T17:33:13","slug":"meia-arrastao-7-8-com-renda-preta","status":"publish","type":"product","link":"https:\/\/islasexshop.com.br\/index.php\/produto\/meia-arrastao-7-8-com-renda-preta\/","title":{"rendered":"Meia Arrast\u00e3o 7\/8 com Renda &#8211; Preta"},"content":{"rendered":"<h5><strong>Deslumbrante Meia-Arrast\u00e3o 7\/8 com Renda Preta<\/strong>: Sedu\u00e7\u00e3o em Cada Detalhe<\/h5>\n<p>Desperte o desejo com nossa meia-arrast\u00e3o 7\/8 com renda preta, um acess\u00f3rio sensual e elegante para momentos inesquec\u00edveis.<\/p>\n<p><strong>Detalhes:<\/strong><br \/>\n&#8211; Design sofisticado: Renda preta fina e delicada, criando um efeito sedutor<br \/>\n&#8211; Tamanho \u00fanico: Se adapta a diferentes tipos de corpo, com material el\u00e1stico para conforto<br \/>\n&#8211; Estilo 7\/8: Cobertura perfeita para real\u00e7ar a sensualidade<\/p>\n<p><strong>Uso:<\/strong> para apimentar a rela\u00e7\u00e3o e surpreender seu parceiro(a) em ocasi\u00f5es especiais<\/p>\n<p>&#8211; Perfeita para uma noite rom\u00e2ntica ou como uma brincadeira \u00edntima<\/p>\n<p><strong>Cuidados:<\/strong><br \/>\n&#8211; Armazenar em local fresco e seco, longe da luz direta<br \/>\n&#8211; Lavar a m\u00e3o, secar naturalmente<\/p>\n<p>Compre agora e adicione um toque de sedu\u00e7\u00e3o \u00e0 sua vida \u00edntima!<\/p>\n","protected":false},"excerpt":{"rendered":"<p>Descubra novas dimens\u00f5es com a <strong>Meia Arrast\u00e3o 7\/8 com Renda &#8211; Preta<\/strong>.\u00a0Este acess\u00f3rio foi cuidadosamente projetado para oferecer n\u00e3o apenas conforto excepcional, mas tamb\u00e9m uma experi\u00eancia de prazer intensa e segura, tornando cada momento \u00edntimo verdadeiramente especial.<\/p>\n","protected":false},"featured_media":4448,"comment_status":"open","ping_status":"closed","template":"","meta":[],"product_cat":[164,163,174,16,22],"product_tag":[394,395,398],"yoast_head":"<!-- This site is optimized with the Yoast SEO plugin v24.5 - https:\/\/yoast.com\/wordpress\/plugins\/seo\/ -->\n<title>Meia Arrast\u00e3o 7\/8 com Renda - Preta - Isla Sex Shop<\/title>\n<meta name=\"description\" content=\"Meia Arrast\u00e3o 7\/8 com Renda - Preta \u00e9 sofistica\u00e7\u00e3o e conforto apresentando, ideal para proporcionar experi\u00eancias \u00fanicas. Garanta j\u00e1 o seu\" \/>\n<meta name=\"robots\" content=\"index, follow, max-snippet:-1, max-image-preview:large, max-video-preview:-1\" \/>\n<link rel=\"canonical\" href=\"https:\/\/islasexshop.com.br\/index.php\/produto\/meia-arrastao-7-8-com-renda-preta\/\" \/>\n<meta property=\"og:locale\" content=\"pt_BR\" \/>\n<meta property=\"og:type\" content=\"article\" \/>\n<meta property=\"og:title\" content=\"Meia Arrast\u00e3o 7\/8 com Renda - Preta - Isla Sex Shop\" \/>\n<meta property=\"og:description\" content=\"Meia Arrast\u00e3o 7\/8 com Renda - Preta \u00e9 sofistica\u00e7\u00e3o e conforto apresentando, ideal para proporcionar experi\u00eancias \u00fanicas. Garanta j\u00e1 o seu\" \/>\n<meta property=\"og:url\" content=\"https:\/\/islasexshop.com.br\/index.php\/produto\/meia-arrastao-7-8-com-renda-preta\/\" \/>\n<meta property=\"og:site_name\" content=\"Isla Sex Shop\" \/>\n<meta property=\"article:publisher\" content=\"https:\/\/www.facebook.com\/boutiqueisla\" \/>\n<meta property=\"article:modified_time\" content=\"2024-10-28T17:33:13+00:00\" \/>\n<meta property=\"og:image\" content=\"https:\/\/islasexshop.com.br\/wp-content\/uploads\/2024\/10\/renda.webp\" \/>\n\t<meta property=\"og:image:width\" content=\"415\" \/>\n\t<meta property=\"og:image:height\" content=\"628\" \/>\n\t<meta property=\"og:image:type\" content=\"image\/webp\" \/>\n<meta name=\"twitter:card\" content=\"summary_large_image\" \/>\n<meta name=\"twitter:label1\" content=\"Est. tempo de leitura\" \/>\n\t<meta name=\"twitter:data1\" content=\"1 minuto\" \/>\n<script type=\"application\/ld+json\" class=\"yoast-schema-graph\">{\"@context\":\"https:\/\/schema.org\",\"@graph\":[{\"@type\":\"WebPage\",\"@id\":\"https:\/\/islasexshop.com.br\/index.php\/produto\/meia-arrastao-7-8-com-renda-preta\/\",\"url\":\"https:\/\/islasexshop.com.br\/index.php\/produto\/meia-arrastao-7-8-com-renda-preta\/\",\"name\":\"Meia Arrast\u00e3o 7\/8 com Renda - Preta - Isla Sex Shop\",\"isPartOf\":{\"@id\":\"https:\/\/islasexshop.com.br\/#website\"},\"primaryImageOfPage\":{\"@id\":\"https:\/\/islasexshop.com.br\/index.php\/produto\/meia-arrastao-7-8-com-renda-preta\/#primaryimage\"},\"image\":{\"@id\":\"https:\/\/islasexshop.com.br\/index.php\/produto\/meia-arrastao-7-8-com-renda-preta\/#primaryimage\"},\"thumbnailUrl\":\"https:\/\/islasexshop.com.br\/wp-content\/uploads\/2024\/10\/renda.webp\",\"datePublished\":\"2024-10-24T14:00:58+00:00\",\"dateModified\":\"2024-10-28T17:33:13+00:00\",\"description\":\"Meia Arrast\u00e3o 7\/8 com Renda - Preta \u00e9 sofistica\u00e7\u00e3o e conforto apresentando, ideal para proporcionar experi\u00eancias \u00fanicas. Garanta j\u00e1 o seu\",\"breadcrumb\":{\"@id\":\"https:\/\/islasexshop.com.br\/index.php\/produto\/meia-arrastao-7-8-com-renda-preta\/#breadcrumb\"},\"inLanguage\":\"pt-BR\",\"potentialAction\":[{\"@type\":\"ReadAction\",\"target\":[\"https:\/\/islasexshop.com.br\/index.php\/produto\/meia-arrastao-7-8-com-renda-preta\/\"]}]},{\"@type\":\"ImageObject\",\"inLanguage\":\"pt-BR\",\"@id\":\"https:\/\/islasexshop.com.br\/index.php\/produto\/meia-arrastao-7-8-com-renda-preta\/#primaryimage\",\"url\":\"https:\/\/islasexshop.com.br\/wp-content\/uploads\/2024\/10\/renda.webp\",\"contentUrl\":\"https:\/\/islasexshop.com.br\/wp-content\/uploads\/2024\/10\/renda.webp\",\"width\":415,\"height\":628},{\"@type\":\"BreadcrumbList\",\"@id\":\"https:\/\/islasexshop.com.br\/index.php\/produto\/meia-arrastao-7-8-com-renda-preta\/#breadcrumb\",\"itemListElement\":[{\"@type\":\"ListItem\",\"position\":1,\"name\":\"In\u00edcio\",\"item\":\"https:\/\/islasexshop.com.br\/\"},{\"@type\":\"ListItem\",\"position\":2,\"name\":\"Produtos\",\"item\":\"https:\/\/islasexshop.com.br\/index.php\/produtos\/\"},{\"@type\":\"ListItem\",\"position\":3,\"name\":\"Meia Arrast\u00e3o 7\/8 com Renda &#8211; Preta\"}]},{\"@type\":\"WebSite\",\"@id\":\"https:\/\/islasexshop.com.br\/#website\",\"url\":\"https:\/\/islasexshop.com.br\/\",\"name\":\"Isla Sex Shop\",\"description\":\"Sex Shop Butant\u00e3, Sex Shop Morumbi, Sex Shop Regi\u00e3o\",\"publisher\":{\"@id\":\"https:\/\/islasexshop.com.br\/#organization\"},\"potentialAction\":[{\"@type\":\"SearchAction\",\"target\":{\"@type\":\"EntryPoint\",\"urlTemplate\":\"https:\/\/islasexshop.com.br\/?s={search_term_string}\"},\"query-input\":{\"@type\":\"PropertyValueSpecification\",\"valueRequired\":true,\"valueName\":\"search_term_string\"}}],\"inLanguage\":\"pt-BR\"},{\"@type\":\"Organization\",\"@id\":\"https:\/\/islasexshop.com.br\/#organization\",\"name\":\"Isla Sex Shop\",\"url\":\"https:\/\/islasexshop.com.br\/\",\"logo\":{\"@type\":\"ImageObject\",\"inLanguage\":\"pt-BR\",\"@id\":\"https:\/\/islasexshop.com.br\/#\/schema\/logo\/image\/\",\"url\":\"https:\/\/islasexshop.com.br\/wp-content\/uploads\/2024\/02\/0e4d7c76d6c6e7c24d33fd3338fd3dbf.jpg\",\"contentUrl\":\"https:\/\/islasexshop.com.br\/wp-content\/uploads\/2024\/02\/0e4d7c76d6c6e7c24d33fd3338fd3dbf.jpg\",\"width\":400,\"height\":200,\"caption\":\"Isla Sex Shop\"},\"image\":{\"@id\":\"https:\/\/islasexshop.com.br\/#\/schema\/logo\/image\/\"},\"sameAs\":[\"https:\/\/www.facebook.com\/boutiqueisla\",\"https:\/\/www.instagram.com\/islasensualmorumbi\/\"]}]}<\/script>\n<!-- \/ Yoast SEO plugin. -->","yoast_head_json":{"title":"Meia Arrast\u00e3o 7\/8 com Renda - Preta - Isla Sex Shop","description":"Meia Arrast\u00e3o 7\/8 com Renda - Preta \u00e9 sofistica\u00e7\u00e3o e conforto apresentando, ideal para proporcionar experi\u00eancias \u00fanicas. Garanta j\u00e1 o seu","robots":{"index":"index","follow":"follow","max-snippet":"max-snippet:-1","max-image-preview":"max-image-preview:large","max-video-preview":"max-video-preview:-1"},"canonical":"https:\/\/islasexshop.com.br\/index.php\/produto\/meia-arrastao-7-8-com-renda-preta\/","og_locale":"pt_BR","og_type":"article","og_title":"Meia Arrast\u00e3o 7\/8 com Renda - Preta - Isla Sex Shop","og_description":"Meia Arrast\u00e3o 7\/8 com Renda - Preta \u00e9 sofistica\u00e7\u00e3o e conforto apresentando, ideal para proporcionar experi\u00eancias \u00fanicas. Garanta j\u00e1 o seu","og_url":"https:\/\/islasexshop.com.br\/index.php\/produto\/meia-arrastao-7-8-com-renda-preta\/","og_site_name":"Isla Sex Shop","article_publisher":"https:\/\/www.facebook.com\/boutiqueisla","article_modified_time":"2024-10-28T17:33:13+00:00","og_image":[{"width":415,"height":628,"url":"https:\/\/islasexshop.com.br\/wp-content\/uploads\/2024\/10\/renda.webp","type":"image\/webp"}],"twitter_card":"summary_large_image","twitter_misc":{"Est. tempo de leitura":"1 minuto"},"schema":{"@context":"https:\/\/schema.org","@graph":[{"@type":"WebPage","@id":"https:\/\/islasexshop.com.br\/index.php\/produto\/meia-arrastao-7-8-com-renda-preta\/","url":"https:\/\/islasexshop.com.br\/index.php\/produto\/meia-arrastao-7-8-com-renda-preta\/","name":"Meia Arrast\u00e3o 7\/8 com Renda - Preta - Isla Sex Shop","isPartOf":{"@id":"https:\/\/islasexshop.com.br\/#website"},"primaryImageOfPage":{"@id":"https:\/\/islasexshop.com.br\/index.php\/produto\/meia-arrastao-7-8-com-renda-preta\/#primaryimage"},"image":{"@id":"https:\/\/islasexshop.com.br\/index.php\/produto\/meia-arrastao-7-8-com-renda-preta\/#primaryimage"},"thumbnailUrl":"https:\/\/islasexshop.com.br\/wp-content\/uploads\/2024\/10\/renda.webp","datePublished":"2024-10-24T14:00:58+00:00","dateModified":"2024-10-28T17:33:13+00:00","description":"Meia Arrast\u00e3o 7\/8 com Renda - Preta \u00e9 sofistica\u00e7\u00e3o e conforto apresentando, ideal para proporcionar experi\u00eancias \u00fanicas. Garanta j\u00e1 o seu","breadcrumb":{"@id":"https:\/\/islasexshop.com.br\/index.php\/produto\/meia-arrastao-7-8-com-renda-preta\/#breadcrumb"},"inLanguage":"pt-BR","potentialAction":[{"@type":"ReadAction","target":["https:\/\/islasexshop.com.br\/index.php\/produto\/meia-arrastao-7-8-com-renda-preta\/"]}]},{"@type":"ImageObject","inLanguage":"pt-BR","@id":"https:\/\/islasexshop.com.br\/index.php\/produto\/meia-arrastao-7-8-com-renda-preta\/#primaryimage","url":"https:\/\/islasexshop.com.br\/wp-content\/uploads\/2024\/10\/renda.webp","contentUrl":"https:\/\/islasexshop.com.br\/wp-content\/uploads\/2024\/10\/renda.webp","width":415,"height":628},{"@type":"BreadcrumbList","@id":"https:\/\/islasexshop.com.br\/index.php\/produto\/meia-arrastao-7-8-com-renda-preta\/#breadcrumb","itemListElement":[{"@type":"ListItem","position":1,"name":"In\u00edcio","item":"https:\/\/islasexshop.com.br\/"},{"@type":"ListItem","position":2,"name":"Produtos","item":"https:\/\/islasexshop.com.br\/index.php\/produtos\/"},{"@type":"ListItem","position":3,"name":"Meia Arrast\u00e3o 7\/8 com Renda &#8211; Preta"}]},{"@type":"WebSite","@id":"https:\/\/islasexshop.com.br\/#website","url":"https:\/\/islasexshop.com.br\/","name":"Isla Sex Shop","description":"Sex Shop Butant\u00e3, Sex Shop Morumbi, Sex Shop Regi\u00e3o","publisher":{"@id":"https:\/\/islasexshop.com.br\/#organization"},"potentialAction":[{"@type":"SearchAction","target":{"@type":"EntryPoint","urlTemplate":"https:\/\/islasexshop.com.br\/?s={search_term_string}"},"query-input":{"@type":"PropertyValueSpecification","valueRequired":true,"valueName":"search_term_string"}}],"inLanguage":"pt-BR"},{"@type":"Organization","@id":"https:\/\/islasexshop.com.br\/#organization","name":"Isla Sex Shop","url":"https:\/\/islasexshop.com.br\/","logo":{"@type":"ImageObject","inLanguage":"pt-BR","@id":"https:\/\/islasexshop.com.br\/#\/schema\/logo\/image\/","url":"https:\/\/islasexshop.com.br\/wp-content\/uploads\/2024\/02\/0e4d7c76d6c6e7c24d33fd3338fd3dbf.jpg","contentUrl":"https:\/\/islasexshop.com.br\/wp-content\/uploads\/2024\/02\/0e4d7c76d6c6e7c24d33fd3338fd3dbf.jpg","width":400,"height":200,"caption":"Isla Sex Shop"},"image":{"@id":"https:\/\/islasexshop.com.br\/#\/schema\/logo\/image\/"},"sameAs":["https:\/\/www.facebook.com\/boutiqueisla","https:\/\/www.instagram.com\/islasensualmorumbi\/"]}]}},"_links":{"self":[{"href":"https:\/\/islasexshop.com.br\/index.php\/wp-json\/wp\/v2\/product\/4447"}],"collection":[{"href":"https:\/\/islasexshop.com.br\/index.php\/wp-json\/wp\/v2\/product"}],"about":[{"href":"https:\/\/islasexshop.com.br\/index.php\/wp-json\/wp\/v2\/types\/product"}],"replies":[{"embeddable":true,"href":"https:\/\/islasexshop.com.br\/index.php\/wp-json\/wp\/v2\/comments?post=4447"}],"version-history":[{"count":1,"href":"https:\/\/islasexshop.com.br\/index.php\/wp-json\/wp\/v2\/product\/4447\/revisions"}],"predecessor-version":[{"id":4450,"href":"https:\/\/islasexshop.com.br\/index.php\/wp-json\/wp\/v2\/product\/4447\/revisions\/4450"}],"wp:featuredmedia":[{"embeddable":true,"href":"https:\/\/islasexshop.com.br\/index.php\/wp-json\/wp\/v2\/media\/4448"}],"wp:attachment":[{"href":"https:\/\/islasexshop.com.br\/index.php\/wp-json\/wp\/v2\/media?parent=4447"}],"wp:term":[{"taxonomy":"product_cat","embeddable":true,"href":"https:\/\/islasexshop.com.br\/index.php\/wp-json\/wp\/v2\/product_cat?post=4447"},{"taxonomy":"product_tag","embeddable":true,"href":"https:\/\/islasexshop.com.br\/index.php\/wp-json\/wp\/v2\/product_tag?post=4447"}],"curies":[{"name":"wp","href":"https:\/\/api.w.org\/{rel}","templated":true}]}}