{"id":4312,"date":"2024-10-14T13:23:12","date_gmt":"2024-10-14T16:23:12","guid":{"rendered":"https:\/\/islasexshop.com.br\/?post_type=product&#038;p=4312"},"modified":"2024-10-28T14:49:33","modified_gmt":"2024-10-28T17:49:33","slug":"capa-peniana-escamada-14-x-42cm-rosa","status":"publish","type":"product","link":"https:\/\/islasexshop.com.br\/index.php\/produto\/capa-peniana-escamada-14-x-42cm-rosa\/","title":{"rendered":"Capa Peniana Escamada 14 x 4,2cm &#8211; Rosa"},"content":{"rendered":"<div class=\"bx-im-message-default__container bx-im-message-copilot-answer__container\">\n<div class=\"bx-im-message-default-content__container bx-im-message-default-content__scope\">\n<div class=\"bx-im-message-default-content__text\">\n<div class=\"bx-im-message-default__container bx-im-message-copilot-answer__container\">\n<div class=\"bx-im-message-default-content__container bx-im-message-default-content__scope\">\n<div class=\"bx-im-message-default-content__text\">\n<div class=\"flex max-w-full flex-col flex-grow\">\n<div class=\"min-h-8 text-message flex w-full flex-col items-end gap-2 whitespace-normal break-words [.text-message+&amp;]:mt-5\" dir=\"auto\" data-message-author-role=\"assistant\" data-message-id=\"9a2bf5cc-9b51-415a-9a6f-3958602d209f\" data-message-model-slug=\"gpt-4o-mini\">\n<div class=\"flex w-full flex-col gap-1 empty:hidden first:pt-[3px]\">\n<div class=\"markdown prose w-full break-words dark:prose-invert light\">\n<div class=\"flex max-w-full flex-col flex-grow\">\n<div class=\"min-h-8 text-message flex w-full flex-col items-end gap-2 whitespace-normal break-words [.text-message+&amp;]:mt-5\" dir=\"auto\" data-message-author-role=\"assistant\" data-message-id=\"37d22e47-979d-4dee-9974-0b00674d1a41\" data-message-model-slug=\"gpt-4o-mini\">\n<div class=\"flex w-full flex-col gap-1 empty:hidden first:pt-[3px]\">\n<div class=\"markdown prose w-full break-words dark:prose-invert light\">\n<div class=\"flex max-w-full flex-col flex-grow\">\n<div class=\"min-h-8 text-message flex w-full flex-col items-end gap-2 whitespace-normal break-words [.text-message+&amp;]:mt-5\" dir=\"auto\" data-message-author-role=\"assistant\" data-message-id=\"58b8f87b-4a07-4e6a-b1ee-918aab2c48ca\" data-message-model-slug=\"gpt-4o-mini\">\n<div class=\"flex w-full flex-col gap-1 empty:hidden first:pt-[3px]\">\n<div class=\"markdown prose w-full break-words dark:prose-invert light\">\n<div class=\"flex max-w-full flex-col flex-grow\">\n<div class=\"min-h-8 text-message flex w-full flex-col items-end gap-2 whitespace-normal break-words [.text-message+&amp;]:mt-5\" dir=\"auto\" data-message-author-role=\"assistant\" data-message-id=\"7865c187-f4ca-4218-a9a5-7cc13eb79286\" data-message-model-slug=\"gpt-4o-mini\">\n<div class=\"flex w-full flex-col gap-1 empty:hidden first:pt-[3px]\">\n<div class=\"markdown prose w-full break-words dark:prose-invert light\">\n<div class=\"flex max-w-full flex-col flex-grow\">\n<div class=\"min-h-8 text-message flex w-full flex-col items-end gap-2 whitespace-normal break-words [.text-message+&amp;]:mt-5\" dir=\"auto\" data-message-author-role=\"assistant\" data-message-id=\"17cf66f5-081e-46ba-8d89-2493381ec136\" data-message-model-slug=\"gpt-4o-mini\">\n<div class=\"flex w-full flex-col gap-1 empty:hidden first:pt-[3px]\">\n<div class=\"markdown prose w-full break-words dark:prose-invert light\">\n<div class=\"flex max-w-full flex-col flex-grow\">\n<div class=\"min-h-8 text-message flex w-full flex-col items-end gap-2 whitespace-normal break-words [.text-message+&amp;]:mt-5\" dir=\"auto\" data-message-author-role=\"assistant\" data-message-id=\"1586fde0-b988-4135-860b-bfc5dd439737\" data-message-model-slug=\"gpt-4o-mini\">\n<div class=\"flex w-full flex-col gap-1 empty:hidden first:pt-[3px]\">\n<div class=\"markdown prose w-full break-words dark:prose-invert light\">\n<div class=\"flex max-w-full flex-col flex-grow\">\n<div class=\"min-h-8 text-message flex w-full flex-col items-end gap-2 whitespace-normal break-words [.text-message+&amp;]:mt-5\" dir=\"auto\" data-message-author-role=\"assistant\" data-message-id=\"119d7a72-ce1d-49ad-9cb7-b738a0bc8ff4\" data-message-model-slug=\"gpt-4o-mini\">\n<div class=\"flex w-full flex-col gap-1 empty:hidden first:pt-[3px]\">\n<div class=\"markdown prose w-full break-words dark:prose-invert light\">\n<div class=\"flex max-w-full flex-col flex-grow\">\n<div class=\"min-h-8 text-message flex w-full flex-col items-end gap-2 whitespace-normal break-words [.text-message+&amp;]:mt-5\" dir=\"auto\" data-message-author-role=\"assistant\" data-message-id=\"58da6ed9-f992-402e-83fe-e8d3152bb825\" data-message-model-slug=\"gpt-4o-mini\">\n<div class=\"flex w-full flex-col gap-1 empty:hidden first:pt-[3px]\">\n<div class=\"markdown prose w-full break-words dark:prose-invert light\">\n<p><strong>Capa Peniana Escamada &#8211; Tamanho: 14 x 4,2 cm &#8211; Rosa<\/strong><\/p>\n<p><strong>Descri\u00e7\u00e3o:<\/strong> Experimente novas sensa\u00e7\u00f5es com a Capa Peniana Escamada, confeccionada em material macio e flex\u00edvel. Seu design escamado oferece estimula\u00e7\u00e3o extra, proporcionando prazer intenso durante a penetra\u00e7\u00e3o. <strong>Aten\u00e7\u00e3o:<\/strong> Esta capa n\u00e3o substitui o preservativo.<\/p>\n<p><strong>Modo de Uso:<\/strong> Aplicar lubrificante \u00e0 base de \u00e1gua antes da penetra\u00e7\u00e3o para maior conforto.<\/p>\n<p><strong>Material:<\/strong> TPR<\/p>\n<p><strong>Medidas:<\/strong><\/p>\n<ul>\n<li>Comprimento total: 14 cm<\/li>\n<li>Penetr\u00e1veis: 11 cm<\/li>\n<li>Espessura: 4,2 cm (medidas aproximadas)<\/li>\n<\/ul>\n<p><strong>Higieniza\u00e7\u00e3o:<\/strong> Lave com \u00e1gua e sab\u00e3o neutro antes e ap\u00f3s o uso. Seque com cuidado ou deixe secar naturalmente. Armazene na embalagem original ap\u00f3s a limpeza.<\/p>\n<p><strong>Cuidados:<\/strong><\/p>\n<ul>\n<li>Higienizar sempre antes e depois do uso.<\/li>\n<li>Manter fora do alcance de crian\u00e7as.<\/li>\n<li>Guardar em local fresco, longe da luz direta e do calor excessivo.<\/li>\n<li>N\u00e3o compartilhar e evitar temperaturas acima de 50\u00b0C.<\/li>\n<\/ul>\n<\/div>\n<\/div>\n<\/div>\n<\/div>\n<\/div>\n<\/div>\n<\/div>\n<\/div>\n<\/div>\n<\/div>\n<\/div>\n<\/div>\n<\/div>\n<\/div>\n<\/div>\n<\/div>\n<\/div>\n<\/div>\n<\/div>\n<\/div>\n<\/div>\n<\/div>\n<\/div>\n<\/div>\n<\/div>\n<\/div>\n<\/div>\n<\/div>\n<\/div>\n<\/div>\n<\/div>\n<\/div>\n<\/div>\n<\/div>\n<\/div>\n<\/div>\n<\/div>\n<\/div>\n","protected":false},"excerpt":{"rendered":"<p>Descubra novas dimens\u00f5es <strong>Capa Peniana Escamada 14 x 4,2cm &#8211; Rosa.<\/strong> Este acess\u00f3rio foi cuidadosamente projetado para oferecer n\u00e3o apenas conforto excepcional, mas tamb\u00e9m uma experi\u00eancia de prazer intensa e segura, tornando cada momento \u00edntimo verdadeiramente especial.<\/p>\n","protected":false},"featured_media":4314,"comment_status":"open","ping_status":"closed","template":"","meta":[],"product_cat":[165,164,163,25],"product_tag":[394,395,398],"yoast_head":"<!-- This site is optimized with the Yoast SEO plugin v24.5 - https:\/\/yoast.com\/wordpress\/plugins\/seo\/ -->\n<title>Capa Peniana Escamada 14 x 4,2cm - Rosa - Isla Sex Shop<\/title>\n<meta name=\"description\" content=\"Capa Peniana Escamada 14 x 4,2cm - Rosa \u00e9 sofistica\u00e7\u00e3o e conforto apresentando, ideal para proporcionar experi\u00eancias \u00fanicas. Garanta j\u00e1 o seu!\" \/>\n<meta name=\"robots\" content=\"index, follow, max-snippet:-1, max-image-preview:large, max-video-preview:-1\" \/>\n<link rel=\"canonical\" href=\"https:\/\/islasexshop.com.br\/index.php\/produto\/capa-peniana-escamada-14-x-42cm-rosa\/\" \/>\n<meta property=\"og:locale\" content=\"pt_BR\" \/>\n<meta property=\"og:type\" content=\"article\" \/>\n<meta property=\"og:title\" content=\"Capa Peniana Escamada 14 x 4,2cm - Rosa - Isla Sex Shop\" \/>\n<meta property=\"og:description\" content=\"Capa Peniana Escamada 14 x 4,2cm - Rosa \u00e9 sofistica\u00e7\u00e3o e conforto apresentando, ideal para proporcionar experi\u00eancias \u00fanicas. Garanta j\u00e1 o seu!\" \/>\n<meta property=\"og:url\" content=\"https:\/\/islasexshop.com.br\/index.php\/produto\/capa-peniana-escamada-14-x-42cm-rosa\/\" \/>\n<meta property=\"og:site_name\" content=\"Isla Sex Shop\" \/>\n<meta property=\"article:publisher\" content=\"https:\/\/www.facebook.com\/boutiqueisla\" \/>\n<meta property=\"article:modified_time\" content=\"2024-10-28T17:49:33+00:00\" \/>\n<meta property=\"og:image\" content=\"https:\/\/islasexshop.com.br\/wp-content\/uploads\/2024\/10\/19578-4.jpg\" \/>\n\t<meta property=\"og:image:width\" content=\"800\" \/>\n\t<meta property=\"og:image:height\" content=\"800\" \/>\n\t<meta property=\"og:image:type\" content=\"image\/jpeg\" \/>\n<meta name=\"twitter:card\" content=\"summary_large_image\" \/>\n<meta name=\"twitter:label1\" content=\"Est. tempo de leitura\" \/>\n\t<meta name=\"twitter:data1\" content=\"1 minuto\" \/>\n<script type=\"application\/ld+json\" class=\"yoast-schema-graph\">{\"@context\":\"https:\/\/schema.org\",\"@graph\":[{\"@type\":\"WebPage\",\"@id\":\"https:\/\/islasexshop.com.br\/index.php\/produto\/capa-peniana-escamada-14-x-42cm-rosa\/\",\"url\":\"https:\/\/islasexshop.com.br\/index.php\/produto\/capa-peniana-escamada-14-x-42cm-rosa\/\",\"name\":\"Capa Peniana Escamada 14 x 4,2cm - Rosa - Isla Sex Shop\",\"isPartOf\":{\"@id\":\"https:\/\/islasexshop.com.br\/#website\"},\"primaryImageOfPage\":{\"@id\":\"https:\/\/islasexshop.com.br\/index.php\/produto\/capa-peniana-escamada-14-x-42cm-rosa\/#primaryimage\"},\"image\":{\"@id\":\"https:\/\/islasexshop.com.br\/index.php\/produto\/capa-peniana-escamada-14-x-42cm-rosa\/#primaryimage\"},\"thumbnailUrl\":\"https:\/\/islasexshop.com.br\/wp-content\/uploads\/2024\/10\/19578-4.jpg\",\"datePublished\":\"2024-10-14T16:23:12+00:00\",\"dateModified\":\"2024-10-28T17:49:33+00:00\",\"description\":\"Capa Peniana Escamada 14 x 4,2cm - Rosa \u00e9 sofistica\u00e7\u00e3o e conforto apresentando, ideal para proporcionar experi\u00eancias \u00fanicas. Garanta j\u00e1 o seu!\",\"breadcrumb\":{\"@id\":\"https:\/\/islasexshop.com.br\/index.php\/produto\/capa-peniana-escamada-14-x-42cm-rosa\/#breadcrumb\"},\"inLanguage\":\"pt-BR\",\"potentialAction\":[{\"@type\":\"ReadAction\",\"target\":[\"https:\/\/islasexshop.com.br\/index.php\/produto\/capa-peniana-escamada-14-x-42cm-rosa\/\"]}]},{\"@type\":\"ImageObject\",\"inLanguage\":\"pt-BR\",\"@id\":\"https:\/\/islasexshop.com.br\/index.php\/produto\/capa-peniana-escamada-14-x-42cm-rosa\/#primaryimage\",\"url\":\"https:\/\/islasexshop.com.br\/wp-content\/uploads\/2024\/10\/19578-4.jpg\",\"contentUrl\":\"https:\/\/islasexshop.com.br\/wp-content\/uploads\/2024\/10\/19578-4.jpg\",\"width\":800,\"height\":800},{\"@type\":\"BreadcrumbList\",\"@id\":\"https:\/\/islasexshop.com.br\/index.php\/produto\/capa-peniana-escamada-14-x-42cm-rosa\/#breadcrumb\",\"itemListElement\":[{\"@type\":\"ListItem\",\"position\":1,\"name\":\"In\u00edcio\",\"item\":\"https:\/\/islasexshop.com.br\/\"},{\"@type\":\"ListItem\",\"position\":2,\"name\":\"Produtos\",\"item\":\"https:\/\/islasexshop.com.br\/index.php\/produtos\/\"},{\"@type\":\"ListItem\",\"position\":3,\"name\":\"Capa Peniana Escamada 14 x 4,2cm &#8211; Rosa\"}]},{\"@type\":\"WebSite\",\"@id\":\"https:\/\/islasexshop.com.br\/#website\",\"url\":\"https:\/\/islasexshop.com.br\/\",\"name\":\"Isla Sex Shop\",\"description\":\"Sex Shop Butant\u00e3, Sex Shop Morumbi, Sex Shop Regi\u00e3o\",\"publisher\":{\"@id\":\"https:\/\/islasexshop.com.br\/#organization\"},\"potentialAction\":[{\"@type\":\"SearchAction\",\"target\":{\"@type\":\"EntryPoint\",\"urlTemplate\":\"https:\/\/islasexshop.com.br\/?s={search_term_string}\"},\"query-input\":{\"@type\":\"PropertyValueSpecification\",\"valueRequired\":true,\"valueName\":\"search_term_string\"}}],\"inLanguage\":\"pt-BR\"},{\"@type\":\"Organization\",\"@id\":\"https:\/\/islasexshop.com.br\/#organization\",\"name\":\"Isla Sex Shop\",\"url\":\"https:\/\/islasexshop.com.br\/\",\"logo\":{\"@type\":\"ImageObject\",\"inLanguage\":\"pt-BR\",\"@id\":\"https:\/\/islasexshop.com.br\/#\/schema\/logo\/image\/\",\"url\":\"https:\/\/islasexshop.com.br\/wp-content\/uploads\/2024\/02\/0e4d7c76d6c6e7c24d33fd3338fd3dbf.jpg\",\"contentUrl\":\"https:\/\/islasexshop.com.br\/wp-content\/uploads\/2024\/02\/0e4d7c76d6c6e7c24d33fd3338fd3dbf.jpg\",\"width\":400,\"height\":200,\"caption\":\"Isla Sex Shop\"},\"image\":{\"@id\":\"https:\/\/islasexshop.com.br\/#\/schema\/logo\/image\/\"},\"sameAs\":[\"https:\/\/www.facebook.com\/boutiqueisla\",\"https:\/\/www.instagram.com\/islasensualmorumbi\/\"]}]}<\/script>\n<!-- \/ Yoast SEO plugin. -->","yoast_head_json":{"title":"Capa Peniana Escamada 14 x 4,2cm - Rosa - Isla Sex Shop","description":"Capa Peniana Escamada 14 x 4,2cm - Rosa \u00e9 sofistica\u00e7\u00e3o e conforto apresentando, ideal para proporcionar experi\u00eancias \u00fanicas. Garanta j\u00e1 o seu!","robots":{"index":"index","follow":"follow","max-snippet":"max-snippet:-1","max-image-preview":"max-image-preview:large","max-video-preview":"max-video-preview:-1"},"canonical":"https:\/\/islasexshop.com.br\/index.php\/produto\/capa-peniana-escamada-14-x-42cm-rosa\/","og_locale":"pt_BR","og_type":"article","og_title":"Capa Peniana Escamada 14 x 4,2cm - Rosa - Isla Sex Shop","og_description":"Capa Peniana Escamada 14 x 4,2cm - Rosa \u00e9 sofistica\u00e7\u00e3o e conforto apresentando, ideal para proporcionar experi\u00eancias \u00fanicas. Garanta j\u00e1 o seu!","og_url":"https:\/\/islasexshop.com.br\/index.php\/produto\/capa-peniana-escamada-14-x-42cm-rosa\/","og_site_name":"Isla Sex Shop","article_publisher":"https:\/\/www.facebook.com\/boutiqueisla","article_modified_time":"2024-10-28T17:49:33+00:00","og_image":[{"width":800,"height":800,"url":"https:\/\/islasexshop.com.br\/wp-content\/uploads\/2024\/10\/19578-4.jpg","type":"image\/jpeg"}],"twitter_card":"summary_large_image","twitter_misc":{"Est. tempo de leitura":"1 minuto"},"schema":{"@context":"https:\/\/schema.org","@graph":[{"@type":"WebPage","@id":"https:\/\/islasexshop.com.br\/index.php\/produto\/capa-peniana-escamada-14-x-42cm-rosa\/","url":"https:\/\/islasexshop.com.br\/index.php\/produto\/capa-peniana-escamada-14-x-42cm-rosa\/","name":"Capa Peniana Escamada 14 x 4,2cm - Rosa - Isla Sex Shop","isPartOf":{"@id":"https:\/\/islasexshop.com.br\/#website"},"primaryImageOfPage":{"@id":"https:\/\/islasexshop.com.br\/index.php\/produto\/capa-peniana-escamada-14-x-42cm-rosa\/#primaryimage"},"image":{"@id":"https:\/\/islasexshop.com.br\/index.php\/produto\/capa-peniana-escamada-14-x-42cm-rosa\/#primaryimage"},"thumbnailUrl":"https:\/\/islasexshop.com.br\/wp-content\/uploads\/2024\/10\/19578-4.jpg","datePublished":"2024-10-14T16:23:12+00:00","dateModified":"2024-10-28T17:49:33+00:00","description":"Capa Peniana Escamada 14 x 4,2cm - Rosa \u00e9 sofistica\u00e7\u00e3o e conforto apresentando, ideal para proporcionar experi\u00eancias \u00fanicas. Garanta j\u00e1 o seu!","breadcrumb":{"@id":"https:\/\/islasexshop.com.br\/index.php\/produto\/capa-peniana-escamada-14-x-42cm-rosa\/#breadcrumb"},"inLanguage":"pt-BR","potentialAction":[{"@type":"ReadAction","target":["https:\/\/islasexshop.com.br\/index.php\/produto\/capa-peniana-escamada-14-x-42cm-rosa\/"]}]},{"@type":"ImageObject","inLanguage":"pt-BR","@id":"https:\/\/islasexshop.com.br\/index.php\/produto\/capa-peniana-escamada-14-x-42cm-rosa\/#primaryimage","url":"https:\/\/islasexshop.com.br\/wp-content\/uploads\/2024\/10\/19578-4.jpg","contentUrl":"https:\/\/islasexshop.com.br\/wp-content\/uploads\/2024\/10\/19578-4.jpg","width":800,"height":800},{"@type":"BreadcrumbList","@id":"https:\/\/islasexshop.com.br\/index.php\/produto\/capa-peniana-escamada-14-x-42cm-rosa\/#breadcrumb","itemListElement":[{"@type":"ListItem","position":1,"name":"In\u00edcio","item":"https:\/\/islasexshop.com.br\/"},{"@type":"ListItem","position":2,"name":"Produtos","item":"https:\/\/islasexshop.com.br\/index.php\/produtos\/"},{"@type":"ListItem","position":3,"name":"Capa Peniana Escamada 14 x 4,2cm &#8211; Rosa"}]},{"@type":"WebSite","@id":"https:\/\/islasexshop.com.br\/#website","url":"https:\/\/islasexshop.com.br\/","name":"Isla Sex Shop","description":"Sex Shop Butant\u00e3, Sex Shop Morumbi, Sex Shop Regi\u00e3o","publisher":{"@id":"https:\/\/islasexshop.com.br\/#organization"},"potentialAction":[{"@type":"SearchAction","target":{"@type":"EntryPoint","urlTemplate":"https:\/\/islasexshop.com.br\/?s={search_term_string}"},"query-input":{"@type":"PropertyValueSpecification","valueRequired":true,"valueName":"search_term_string"}}],"inLanguage":"pt-BR"},{"@type":"Organization","@id":"https:\/\/islasexshop.com.br\/#organization","name":"Isla Sex Shop","url":"https:\/\/islasexshop.com.br\/","logo":{"@type":"ImageObject","inLanguage":"pt-BR","@id":"https:\/\/islasexshop.com.br\/#\/schema\/logo\/image\/","url":"https:\/\/islasexshop.com.br\/wp-content\/uploads\/2024\/02\/0e4d7c76d6c6e7c24d33fd3338fd3dbf.jpg","contentUrl":"https:\/\/islasexshop.com.br\/wp-content\/uploads\/2024\/02\/0e4d7c76d6c6e7c24d33fd3338fd3dbf.jpg","width":400,"height":200,"caption":"Isla Sex Shop"},"image":{"@id":"https:\/\/islasexshop.com.br\/#\/schema\/logo\/image\/"},"sameAs":["https:\/\/www.facebook.com\/boutiqueisla","https:\/\/www.instagram.com\/islasensualmorumbi\/"]}]}},"_links":{"self":[{"href":"https:\/\/islasexshop.com.br\/index.php\/wp-json\/wp\/v2\/product\/4312"}],"collection":[{"href":"https:\/\/islasexshop.com.br\/index.php\/wp-json\/wp\/v2\/product"}],"about":[{"href":"https:\/\/islasexshop.com.br\/index.php\/wp-json\/wp\/v2\/types\/product"}],"replies":[{"embeddable":true,"href":"https:\/\/islasexshop.com.br\/index.php\/wp-json\/wp\/v2\/comments?post=4312"}],"version-history":[{"count":2,"href":"https:\/\/islasexshop.com.br\/index.php\/wp-json\/wp\/v2\/product\/4312\/revisions"}],"predecessor-version":[{"id":4317,"href":"https:\/\/islasexshop.com.br\/index.php\/wp-json\/wp\/v2\/product\/4312\/revisions\/4317"}],"wp:featuredmedia":[{"embeddable":true,"href":"https:\/\/islasexshop.com.br\/index.php\/wp-json\/wp\/v2\/media\/4314"}],"wp:attachment":[{"href":"https:\/\/islasexshop.com.br\/index.php\/wp-json\/wp\/v2\/media?parent=4312"}],"wp:term":[{"taxonomy":"product_cat","embeddable":true,"href":"https:\/\/islasexshop.com.br\/index.php\/wp-json\/wp\/v2\/product_cat?post=4312"},{"taxonomy":"product_tag","embeddable":true,"href":"https:\/\/islasexshop.com.br\/index.php\/wp-json\/wp\/v2\/product_tag?post=4312"}],"curies":[{"name":"wp","href":"https:\/\/api.w.org\/{rel}","templated":true}]}}