{"id":3540,"date":"2024-06-30T10:22:47","date_gmt":"2024-06-30T13:22:47","guid":{"rendered":"https:\/\/islasexshop.com.br\/?post_type=product&#038;p=3540"},"modified":"2024-06-30T10:22:50","modified_gmt":"2024-06-30T13:22:50","slug":"kit-sado-erotico-bandage","status":"publish","type":"product","link":"https:\/\/islasexshop.com.br\/index.php\/produto\/kit-sado-erotico-bandage\/","title":{"rendered":"Kit Sado Er\u00f3tico &#8211; Bandage"},"content":{"rendered":"<p><strong>Kit Sado Er\u00f3tico &#8211; Bandage<\/strong>: Imobiliza\u00e7\u00e3o e Novas Sensa\u00e7\u00f5es<\/p>\n<p>O Kit Sado Er\u00f3tico &#8211; Bandage inclui tornozeleiras, algemas, venda, chicote, morda\u00e7a com bola, coleira com estirante e uma corda. Ideal para imobiliza\u00e7\u00e3o, mant\u00e9m bra\u00e7os e pernas presos, permitindo explorar novas sensa\u00e7\u00f5es e possibilidades de mobilidade.<\/p>\n<p><strong>Modo de Uso<\/strong><br \/>\n&#8211; Explora\u00e7\u00e3o: Solte seu lado sadomasoquista e descubra novas experi\u00eancias.<\/p>\n<p><strong>Material<\/strong><br \/>\n&#8211; Composi\u00e7\u00e3o: Ferro e couro sint\u00e9tico.<\/p>\n<p><strong>Medidas<\/strong><br \/>\n&#8211; Tornozeleiras: 23 cm + 27 cm<br \/>\n&#8211; Algemas: 23 cm + 27 cm<br \/>\n&#8211; Coleira: 44 cm<br \/>\n&#8211; Chicote: 48 cm<br \/>\n&#8211; Morda\u00e7a: 60,5 cm<br \/>\n&#8211; Estirante: 98 cm<br \/>\n&#8211; Venda: 20 cm de comprimento (medidas aproximadas)<\/p>\n<p><strong>Higieniza\u00e7\u00e3o e Cuidados<\/strong><br \/>\n&#8211; Higienize antes e ap\u00f3s o uso.<br \/>\n&#8211; Guarde na embalagem original, longe de calor e luz excessiva.<br \/>\n&#8211; Mantenha fora do alcance de crian\u00e7as.<br \/>\n&#8211; Ap\u00f3s o uso, guarde em embalagem de pl\u00e1stico, n\u00e3o enrole em papel.<\/p>\n<p>Este kit \u00e9 perfeito para quem deseja intensificar suas experi\u00eancias de imobiliza\u00e7\u00e3o com seguran\u00e7a e conforto.<\/p>\n","protected":false},"excerpt":{"rendered":"<p>O <strong>Kit Sado Er\u00f3tico &#8211; Bandage<\/strong>\u00a0inclui tornozeleiras, algemas, venda, chicote, morda\u00e7a com bola, coleira com estirante e uma corda. Ideal para imobiliza\u00e7\u00e3o, permite explorar novas sensa\u00e7\u00f5es.<\/p>\n","protected":false},"featured_media":3552,"comment_status":"open","ping_status":"closed","template":"","meta":[],"product_cat":[161,28],"product_tag":[346,345,351,343,344,210],"yoast_head":"<!-- This site is optimized with the Yoast SEO plugin v24.5 - https:\/\/yoast.com\/wordpress\/plugins\/seo\/ -->\n<title>Kit Sado Er\u00f3tico - Bandage - Isla Sex Shop<\/title>\n<meta name=\"description\" content=\"O Kit Sado Er\u00f3tico - Bandage inclui tornozeleiras, algemas, venda, chicote, morda\u00e7a com bola, coleira com estirante e uma corda.\" \/>\n<meta name=\"robots\" content=\"index, follow, max-snippet:-1, max-image-preview:large, max-video-preview:-1\" \/>\n<link rel=\"canonical\" href=\"https:\/\/islasexshop.com.br\/index.php\/produto\/kit-sado-erotico-bandage\/\" \/>\n<meta property=\"og:locale\" content=\"pt_BR\" \/>\n<meta property=\"og:type\" content=\"article\" \/>\n<meta property=\"og:title\" content=\"Kit Sado Er\u00f3tico - Bandage - Isla Sex Shop\" \/>\n<meta property=\"og:description\" content=\"O Kit Sado Er\u00f3tico - Bandage inclui tornozeleiras, algemas, venda, chicote, morda\u00e7a com bola, coleira com estirante e uma corda.\" \/>\n<meta property=\"og:url\" content=\"https:\/\/islasexshop.com.br\/index.php\/produto\/kit-sado-erotico-bandage\/\" \/>\n<meta property=\"og:site_name\" content=\"Isla Sex Shop\" \/>\n<meta property=\"article:publisher\" content=\"https:\/\/www.facebook.com\/boutiqueisla\" \/>\n<meta property=\"article:modified_time\" content=\"2024-06-30T13:22:50+00:00\" \/>\n<meta property=\"og:image\" content=\"https:\/\/islasexshop.com.br\/wp-content\/uploads\/2024\/06\/13938-4.png\" \/>\n\t<meta property=\"og:image:width\" content=\"1500\" \/>\n\t<meta property=\"og:image:height\" content=\"1500\" \/>\n\t<meta property=\"og:image:type\" content=\"image\/png\" \/>\n<meta name=\"twitter:card\" content=\"summary_large_image\" \/>\n<meta name=\"twitter:label1\" content=\"Est. tempo de leitura\" \/>\n\t<meta name=\"twitter:data1\" content=\"1 minuto\" \/>\n<script type=\"application\/ld+json\" class=\"yoast-schema-graph\">{\"@context\":\"https:\/\/schema.org\",\"@graph\":[{\"@type\":\"WebPage\",\"@id\":\"https:\/\/islasexshop.com.br\/index.php\/produto\/kit-sado-erotico-bandage\/\",\"url\":\"https:\/\/islasexshop.com.br\/index.php\/produto\/kit-sado-erotico-bandage\/\",\"name\":\"Kit Sado Er\u00f3tico - Bandage - Isla Sex Shop\",\"isPartOf\":{\"@id\":\"https:\/\/islasexshop.com.br\/#website\"},\"primaryImageOfPage\":{\"@id\":\"https:\/\/islasexshop.com.br\/index.php\/produto\/kit-sado-erotico-bandage\/#primaryimage\"},\"image\":{\"@id\":\"https:\/\/islasexshop.com.br\/index.php\/produto\/kit-sado-erotico-bandage\/#primaryimage\"},\"thumbnailUrl\":\"https:\/\/islasexshop.com.br\/wp-content\/uploads\/2024\/06\/13938-4.png\",\"datePublished\":\"2024-06-30T13:22:47+00:00\",\"dateModified\":\"2024-06-30T13:22:50+00:00\",\"description\":\"O Kit Sado Er\u00f3tico - Bandage inclui tornozeleiras, algemas, venda, chicote, morda\u00e7a com bola, coleira com estirante e uma corda.\",\"breadcrumb\":{\"@id\":\"https:\/\/islasexshop.com.br\/index.php\/produto\/kit-sado-erotico-bandage\/#breadcrumb\"},\"inLanguage\":\"pt-BR\",\"potentialAction\":[{\"@type\":\"ReadAction\",\"target\":[\"https:\/\/islasexshop.com.br\/index.php\/produto\/kit-sado-erotico-bandage\/\"]}]},{\"@type\":\"ImageObject\",\"inLanguage\":\"pt-BR\",\"@id\":\"https:\/\/islasexshop.com.br\/index.php\/produto\/kit-sado-erotico-bandage\/#primaryimage\",\"url\":\"https:\/\/islasexshop.com.br\/wp-content\/uploads\/2024\/06\/13938-4.png\",\"contentUrl\":\"https:\/\/islasexshop.com.br\/wp-content\/uploads\/2024\/06\/13938-4.png\",\"width\":1500,\"height\":1500,\"caption\":\"KIT-SADO-BANDAGE\"},{\"@type\":\"BreadcrumbList\",\"@id\":\"https:\/\/islasexshop.com.br\/index.php\/produto\/kit-sado-erotico-bandage\/#breadcrumb\",\"itemListElement\":[{\"@type\":\"ListItem\",\"position\":1,\"name\":\"In\u00edcio\",\"item\":\"https:\/\/islasexshop.com.br\/\"},{\"@type\":\"ListItem\",\"position\":2,\"name\":\"Produtos\",\"item\":\"https:\/\/islasexshop.com.br\/index.php\/produtos\/\"},{\"@type\":\"ListItem\",\"position\":3,\"name\":\"Kit Sado Er\u00f3tico &#8211; Bandage\"}]},{\"@type\":\"WebSite\",\"@id\":\"https:\/\/islasexshop.com.br\/#website\",\"url\":\"https:\/\/islasexshop.com.br\/\",\"name\":\"Isla Sex Shop\",\"description\":\"Sex Shop Butant\u00e3, Sex Shop Morumbi, Sex Shop Regi\u00e3o\",\"publisher\":{\"@id\":\"https:\/\/islasexshop.com.br\/#organization\"},\"potentialAction\":[{\"@type\":\"SearchAction\",\"target\":{\"@type\":\"EntryPoint\",\"urlTemplate\":\"https:\/\/islasexshop.com.br\/?s={search_term_string}\"},\"query-input\":{\"@type\":\"PropertyValueSpecification\",\"valueRequired\":true,\"valueName\":\"search_term_string\"}}],\"inLanguage\":\"pt-BR\"},{\"@type\":\"Organization\",\"@id\":\"https:\/\/islasexshop.com.br\/#organization\",\"name\":\"Isla Sex Shop\",\"url\":\"https:\/\/islasexshop.com.br\/\",\"logo\":{\"@type\":\"ImageObject\",\"inLanguage\":\"pt-BR\",\"@id\":\"https:\/\/islasexshop.com.br\/#\/schema\/logo\/image\/\",\"url\":\"https:\/\/islasexshop.com.br\/wp-content\/uploads\/2024\/02\/0e4d7c76d6c6e7c24d33fd3338fd3dbf.jpg\",\"contentUrl\":\"https:\/\/islasexshop.com.br\/wp-content\/uploads\/2024\/02\/0e4d7c76d6c6e7c24d33fd3338fd3dbf.jpg\",\"width\":400,\"height\":200,\"caption\":\"Isla Sex Shop\"},\"image\":{\"@id\":\"https:\/\/islasexshop.com.br\/#\/schema\/logo\/image\/\"},\"sameAs\":[\"https:\/\/www.facebook.com\/boutiqueisla\",\"https:\/\/www.instagram.com\/islasensualmorumbi\/\"]}]}<\/script>\n<!-- \/ Yoast SEO plugin. -->","yoast_head_json":{"title":"Kit Sado Er\u00f3tico - Bandage - Isla Sex Shop","description":"O Kit Sado Er\u00f3tico - Bandage inclui tornozeleiras, algemas, venda, chicote, morda\u00e7a com bola, coleira com estirante e uma corda.","robots":{"index":"index","follow":"follow","max-snippet":"max-snippet:-1","max-image-preview":"max-image-preview:large","max-video-preview":"max-video-preview:-1"},"canonical":"https:\/\/islasexshop.com.br\/index.php\/produto\/kit-sado-erotico-bandage\/","og_locale":"pt_BR","og_type":"article","og_title":"Kit Sado Er\u00f3tico - Bandage - Isla Sex Shop","og_description":"O Kit Sado Er\u00f3tico - Bandage inclui tornozeleiras, algemas, venda, chicote, morda\u00e7a com bola, coleira com estirante e uma corda.","og_url":"https:\/\/islasexshop.com.br\/index.php\/produto\/kit-sado-erotico-bandage\/","og_site_name":"Isla Sex Shop","article_publisher":"https:\/\/www.facebook.com\/boutiqueisla","article_modified_time":"2024-06-30T13:22:50+00:00","og_image":[{"width":1500,"height":1500,"url":"https:\/\/islasexshop.com.br\/wp-content\/uploads\/2024\/06\/13938-4.png","type":"image\/png"}],"twitter_card":"summary_large_image","twitter_misc":{"Est. tempo de leitura":"1 minuto"},"schema":{"@context":"https:\/\/schema.org","@graph":[{"@type":"WebPage","@id":"https:\/\/islasexshop.com.br\/index.php\/produto\/kit-sado-erotico-bandage\/","url":"https:\/\/islasexshop.com.br\/index.php\/produto\/kit-sado-erotico-bandage\/","name":"Kit Sado Er\u00f3tico - Bandage - Isla Sex Shop","isPartOf":{"@id":"https:\/\/islasexshop.com.br\/#website"},"primaryImageOfPage":{"@id":"https:\/\/islasexshop.com.br\/index.php\/produto\/kit-sado-erotico-bandage\/#primaryimage"},"image":{"@id":"https:\/\/islasexshop.com.br\/index.php\/produto\/kit-sado-erotico-bandage\/#primaryimage"},"thumbnailUrl":"https:\/\/islasexshop.com.br\/wp-content\/uploads\/2024\/06\/13938-4.png","datePublished":"2024-06-30T13:22:47+00:00","dateModified":"2024-06-30T13:22:50+00:00","description":"O Kit Sado Er\u00f3tico - Bandage inclui tornozeleiras, algemas, venda, chicote, morda\u00e7a com bola, coleira com estirante e uma corda.","breadcrumb":{"@id":"https:\/\/islasexshop.com.br\/index.php\/produto\/kit-sado-erotico-bandage\/#breadcrumb"},"inLanguage":"pt-BR","potentialAction":[{"@type":"ReadAction","target":["https:\/\/islasexshop.com.br\/index.php\/produto\/kit-sado-erotico-bandage\/"]}]},{"@type":"ImageObject","inLanguage":"pt-BR","@id":"https:\/\/islasexshop.com.br\/index.php\/produto\/kit-sado-erotico-bandage\/#primaryimage","url":"https:\/\/islasexshop.com.br\/wp-content\/uploads\/2024\/06\/13938-4.png","contentUrl":"https:\/\/islasexshop.com.br\/wp-content\/uploads\/2024\/06\/13938-4.png","width":1500,"height":1500,"caption":"KIT-SADO-BANDAGE"},{"@type":"BreadcrumbList","@id":"https:\/\/islasexshop.com.br\/index.php\/produto\/kit-sado-erotico-bandage\/#breadcrumb","itemListElement":[{"@type":"ListItem","position":1,"name":"In\u00edcio","item":"https:\/\/islasexshop.com.br\/"},{"@type":"ListItem","position":2,"name":"Produtos","item":"https:\/\/islasexshop.com.br\/index.php\/produtos\/"},{"@type":"ListItem","position":3,"name":"Kit Sado Er\u00f3tico &#8211; Bandage"}]},{"@type":"WebSite","@id":"https:\/\/islasexshop.com.br\/#website","url":"https:\/\/islasexshop.com.br\/","name":"Isla Sex Shop","description":"Sex Shop Butant\u00e3, Sex Shop Morumbi, Sex Shop Regi\u00e3o","publisher":{"@id":"https:\/\/islasexshop.com.br\/#organization"},"potentialAction":[{"@type":"SearchAction","target":{"@type":"EntryPoint","urlTemplate":"https:\/\/islasexshop.com.br\/?s={search_term_string}"},"query-input":{"@type":"PropertyValueSpecification","valueRequired":true,"valueName":"search_term_string"}}],"inLanguage":"pt-BR"},{"@type":"Organization","@id":"https:\/\/islasexshop.com.br\/#organization","name":"Isla Sex Shop","url":"https:\/\/islasexshop.com.br\/","logo":{"@type":"ImageObject","inLanguage":"pt-BR","@id":"https:\/\/islasexshop.com.br\/#\/schema\/logo\/image\/","url":"https:\/\/islasexshop.com.br\/wp-content\/uploads\/2024\/02\/0e4d7c76d6c6e7c24d33fd3338fd3dbf.jpg","contentUrl":"https:\/\/islasexshop.com.br\/wp-content\/uploads\/2024\/02\/0e4d7c76d6c6e7c24d33fd3338fd3dbf.jpg","width":400,"height":200,"caption":"Isla Sex Shop"},"image":{"@id":"https:\/\/islasexshop.com.br\/#\/schema\/logo\/image\/"},"sameAs":["https:\/\/www.facebook.com\/boutiqueisla","https:\/\/www.instagram.com\/islasensualmorumbi\/"]}]}},"_links":{"self":[{"href":"https:\/\/islasexshop.com.br\/index.php\/wp-json\/wp\/v2\/product\/3540"}],"collection":[{"href":"https:\/\/islasexshop.com.br\/index.php\/wp-json\/wp\/v2\/product"}],"about":[{"href":"https:\/\/islasexshop.com.br\/index.php\/wp-json\/wp\/v2\/types\/product"}],"replies":[{"embeddable":true,"href":"https:\/\/islasexshop.com.br\/index.php\/wp-json\/wp\/v2\/comments?post=3540"}],"version-history":[{"count":2,"href":"https:\/\/islasexshop.com.br\/index.php\/wp-json\/wp\/v2\/product\/3540\/revisions"}],"predecessor-version":[{"id":3556,"href":"https:\/\/islasexshop.com.br\/index.php\/wp-json\/wp\/v2\/product\/3540\/revisions\/3556"}],"wp:featuredmedia":[{"embeddable":true,"href":"https:\/\/islasexshop.com.br\/index.php\/wp-json\/wp\/v2\/media\/3552"}],"wp:attachment":[{"href":"https:\/\/islasexshop.com.br\/index.php\/wp-json\/wp\/v2\/media?parent=3540"}],"wp:term":[{"taxonomy":"product_cat","embeddable":true,"href":"https:\/\/islasexshop.com.br\/index.php\/wp-json\/wp\/v2\/product_cat?post=3540"},{"taxonomy":"product_tag","embeddable":true,"href":"https:\/\/islasexshop.com.br\/index.php\/wp-json\/wp\/v2\/product_tag?post=3540"}],"curies":[{"name":"wp","href":"https:\/\/api.w.org\/{rel}","templated":true}]}}