{"id":3512,"date":"2024-06-30T09:56:37","date_gmt":"2024-06-30T12:56:37","guid":{"rendered":"https:\/\/islasexshop.com.br\/?post_type=product&#038;p=3512"},"modified":"2025-03-18T15:03:11","modified_gmt":"2025-03-18T18:03:11","slug":"grampos-para-mamilos-com-pressao","status":"publish","type":"product","link":"https:\/\/islasexshop.com.br\/index.php\/produto\/grampos-para-mamilos-com-pressao\/","title":{"rendered":"Grampos para Mamilos com Press\u00e3o"},"content":{"rendered":"<p><strong>Grampos para Mamilos com Press\u00e3o<\/strong>: Sensa\u00e7\u00f5es Inesquec\u00edveis<\/p>\n<p>Os Grampos para Mamilos com Press\u00e3o s\u00e3o prendedores ajust\u00e1veis, forrados com borracha para maior conforto. Com bot\u00f5es de ajuste e corrente de metal, proporcionam sensa\u00e7\u00f5es prazerosas e inovam a rela\u00e7\u00e3o do casal.<\/p>\n<p><strong>Modo de Uso<\/strong><br \/>\n&#8211; Ajuste: Encaixe nos mamilos e regule conforme sua prefer\u00eancia.<\/p>\n<p><strong>Material<\/strong><br \/>\n&#8211; Composi\u00e7\u00e3o: Metal.<\/p>\n<p><strong>Medidas<\/strong><br \/>\n&#8211; Prendedores: 5,5 cm de comprimento.<br \/>\n&#8211; Corrente: 35 cm de comprimento (medidas aproximadas).<\/p>\n<p><strong>Higieniza\u00e7\u00e3o e Cuidados<\/strong><br \/>\n&#8211; Higienize antes e ap\u00f3s o uso.<br \/>\n&#8211; Guarde na embalagem original, longe de calor e luz excessiva.<br \/>\n&#8211; Mantenha fora do alcance de crian\u00e7as.<br \/>\n&#8211; Ap\u00f3s o uso, guarde em embalagem de pl\u00e1stico, n\u00e3o enrole em papel.<br \/>\n&#8211; Retire as pilhas do produto quando n\u00e3o estiver usando.<\/p>\n","protected":false},"excerpt":{"rendered":"<p>Grampos para Mamilos com Press\u00e3o &#8211; oferecem sensa\u00e7\u00f5es prazerosas e inovam a rela\u00e7\u00e3o do casal. Com presilhas ajust\u00e1veis e forradas com borracha.<\/p>\n","protected":false},"featured_media":3526,"comment_status":"open","ping_status":"closed","template":"","meta":[],"product_cat":[161,163,28],"product_tag":[346,345,348,347,210],"yoast_head":"<!-- This site is optimized with the Yoast SEO plugin v24.5 - https:\/\/yoast.com\/wordpress\/plugins\/seo\/ -->\n<title>Grampos para Mamilos com Press\u00e3o - Isla Sex Shop<\/title>\n<meta name=\"description\" content=\"Grampos para Mamilos com Press\u00e3o - oferecem sensa\u00e7\u00f5es prazerosas e inovam a rela\u00e7\u00e3o do casal. Com presilhas ajust\u00e1veis e forradas com borracha.\" \/>\n<meta name=\"robots\" content=\"index, follow, max-snippet:-1, max-image-preview:large, max-video-preview:-1\" \/>\n<link rel=\"canonical\" href=\"https:\/\/islasexshop.com.br\/index.php\/produto\/grampos-para-mamilos-com-pressao\/\" \/>\n<meta property=\"og:locale\" content=\"pt_BR\" \/>\n<meta property=\"og:type\" content=\"article\" \/>\n<meta property=\"og:title\" content=\"Grampos para Mamilos com Press\u00e3o - Isla Sex Shop\" \/>\n<meta property=\"og:description\" content=\"Grampos para Mamilos com Press\u00e3o - oferecem sensa\u00e7\u00f5es prazerosas e inovam a rela\u00e7\u00e3o do casal. Com presilhas ajust\u00e1veis e forradas com borracha.\" \/>\n<meta property=\"og:url\" content=\"https:\/\/islasexshop.com.br\/index.php\/produto\/grampos-para-mamilos-com-pressao\/\" \/>\n<meta property=\"og:site_name\" content=\"Isla Sex Shop\" \/>\n<meta property=\"article:publisher\" content=\"https:\/\/www.facebook.com\/boutiqueisla\" \/>\n<meta property=\"article:modified_time\" content=\"2025-03-18T18:03:11+00:00\" \/>\n<meta property=\"og:image\" content=\"https:\/\/islasexshop.com.br\/wp-content\/uploads\/2024\/06\/3126-4.png\" \/>\n\t<meta property=\"og:image:width\" content=\"1500\" \/>\n\t<meta property=\"og:image:height\" content=\"1500\" \/>\n\t<meta property=\"og:image:type\" content=\"image\/png\" \/>\n<meta name=\"twitter:card\" content=\"summary_large_image\" \/>\n<meta name=\"twitter:label1\" content=\"Est. tempo de leitura\" \/>\n\t<meta name=\"twitter:data1\" content=\"1 minuto\" \/>\n<script type=\"application\/ld+json\" class=\"yoast-schema-graph\">{\"@context\":\"https:\/\/schema.org\",\"@graph\":[{\"@type\":\"WebPage\",\"@id\":\"https:\/\/islasexshop.com.br\/index.php\/produto\/grampos-para-mamilos-com-pressao\/\",\"url\":\"https:\/\/islasexshop.com.br\/index.php\/produto\/grampos-para-mamilos-com-pressao\/\",\"name\":\"Grampos para Mamilos com Press\u00e3o - Isla Sex Shop\",\"isPartOf\":{\"@id\":\"https:\/\/islasexshop.com.br\/#website\"},\"primaryImageOfPage\":{\"@id\":\"https:\/\/islasexshop.com.br\/index.php\/produto\/grampos-para-mamilos-com-pressao\/#primaryimage\"},\"image\":{\"@id\":\"https:\/\/islasexshop.com.br\/index.php\/produto\/grampos-para-mamilos-com-pressao\/#primaryimage\"},\"thumbnailUrl\":\"https:\/\/islasexshop.com.br\/wp-content\/uploads\/2024\/06\/3126-4.png\",\"datePublished\":\"2024-06-30T12:56:37+00:00\",\"dateModified\":\"2025-03-18T18:03:11+00:00\",\"description\":\"Grampos para Mamilos com Press\u00e3o - oferecem sensa\u00e7\u00f5es prazerosas e inovam a rela\u00e7\u00e3o do casal. Com presilhas ajust\u00e1veis e forradas com borracha.\",\"breadcrumb\":{\"@id\":\"https:\/\/islasexshop.com.br\/index.php\/produto\/grampos-para-mamilos-com-pressao\/#breadcrumb\"},\"inLanguage\":\"pt-BR\",\"potentialAction\":[{\"@type\":\"ReadAction\",\"target\":[\"https:\/\/islasexshop.com.br\/index.php\/produto\/grampos-para-mamilos-com-pressao\/\"]}]},{\"@type\":\"ImageObject\",\"inLanguage\":\"pt-BR\",\"@id\":\"https:\/\/islasexshop.com.br\/index.php\/produto\/grampos-para-mamilos-com-pressao\/#primaryimage\",\"url\":\"https:\/\/islasexshop.com.br\/wp-content\/uploads\/2024\/06\/3126-4.png\",\"contentUrl\":\"https:\/\/islasexshop.com.br\/wp-content\/uploads\/2024\/06\/3126-4.png\",\"width\":1500,\"height\":1500,\"caption\":\"GRAMPOS-PARA-MAMILOS\"},{\"@type\":\"BreadcrumbList\",\"@id\":\"https:\/\/islasexshop.com.br\/index.php\/produto\/grampos-para-mamilos-com-pressao\/#breadcrumb\",\"itemListElement\":[{\"@type\":\"ListItem\",\"position\":1,\"name\":\"In\u00edcio\",\"item\":\"https:\/\/islasexshop.com.br\/\"},{\"@type\":\"ListItem\",\"position\":2,\"name\":\"Produtos\",\"item\":\"https:\/\/islasexshop.com.br\/index.php\/produtos\/\"},{\"@type\":\"ListItem\",\"position\":3,\"name\":\"Grampos para Mamilos com Press\u00e3o\"}]},{\"@type\":\"WebSite\",\"@id\":\"https:\/\/islasexshop.com.br\/#website\",\"url\":\"https:\/\/islasexshop.com.br\/\",\"name\":\"Isla Sex Shop\",\"description\":\"Sex Shop Butant\u00e3, Sex Shop Morumbi, Sex Shop Regi\u00e3o\",\"publisher\":{\"@id\":\"https:\/\/islasexshop.com.br\/#organization\"},\"potentialAction\":[{\"@type\":\"SearchAction\",\"target\":{\"@type\":\"EntryPoint\",\"urlTemplate\":\"https:\/\/islasexshop.com.br\/?s={search_term_string}\"},\"query-input\":{\"@type\":\"PropertyValueSpecification\",\"valueRequired\":true,\"valueName\":\"search_term_string\"}}],\"inLanguage\":\"pt-BR\"},{\"@type\":\"Organization\",\"@id\":\"https:\/\/islasexshop.com.br\/#organization\",\"name\":\"Isla Sex Shop\",\"url\":\"https:\/\/islasexshop.com.br\/\",\"logo\":{\"@type\":\"ImageObject\",\"inLanguage\":\"pt-BR\",\"@id\":\"https:\/\/islasexshop.com.br\/#\/schema\/logo\/image\/\",\"url\":\"https:\/\/islasexshop.com.br\/wp-content\/uploads\/2024\/02\/0e4d7c76d6c6e7c24d33fd3338fd3dbf.jpg\",\"contentUrl\":\"https:\/\/islasexshop.com.br\/wp-content\/uploads\/2024\/02\/0e4d7c76d6c6e7c24d33fd3338fd3dbf.jpg\",\"width\":400,\"height\":200,\"caption\":\"Isla Sex Shop\"},\"image\":{\"@id\":\"https:\/\/islasexshop.com.br\/#\/schema\/logo\/image\/\"},\"sameAs\":[\"https:\/\/www.facebook.com\/boutiqueisla\",\"https:\/\/www.instagram.com\/islasensualmorumbi\/\"]}]}<\/script>\n<!-- \/ Yoast SEO plugin. -->","yoast_head_json":{"title":"Grampos para Mamilos com Press\u00e3o - Isla Sex Shop","description":"Grampos para Mamilos com Press\u00e3o - oferecem sensa\u00e7\u00f5es prazerosas e inovam a rela\u00e7\u00e3o do casal. Com presilhas ajust\u00e1veis e forradas com borracha.","robots":{"index":"index","follow":"follow","max-snippet":"max-snippet:-1","max-image-preview":"max-image-preview:large","max-video-preview":"max-video-preview:-1"},"canonical":"https:\/\/islasexshop.com.br\/index.php\/produto\/grampos-para-mamilos-com-pressao\/","og_locale":"pt_BR","og_type":"article","og_title":"Grampos para Mamilos com Press\u00e3o - Isla Sex Shop","og_description":"Grampos para Mamilos com Press\u00e3o - oferecem sensa\u00e7\u00f5es prazerosas e inovam a rela\u00e7\u00e3o do casal. Com presilhas ajust\u00e1veis e forradas com borracha.","og_url":"https:\/\/islasexshop.com.br\/index.php\/produto\/grampos-para-mamilos-com-pressao\/","og_site_name":"Isla Sex Shop","article_publisher":"https:\/\/www.facebook.com\/boutiqueisla","article_modified_time":"2025-03-18T18:03:11+00:00","og_image":[{"width":1500,"height":1500,"url":"https:\/\/islasexshop.com.br\/wp-content\/uploads\/2024\/06\/3126-4.png","type":"image\/png"}],"twitter_card":"summary_large_image","twitter_misc":{"Est. tempo de leitura":"1 minuto"},"schema":{"@context":"https:\/\/schema.org","@graph":[{"@type":"WebPage","@id":"https:\/\/islasexshop.com.br\/index.php\/produto\/grampos-para-mamilos-com-pressao\/","url":"https:\/\/islasexshop.com.br\/index.php\/produto\/grampos-para-mamilos-com-pressao\/","name":"Grampos para Mamilos com Press\u00e3o - Isla Sex Shop","isPartOf":{"@id":"https:\/\/islasexshop.com.br\/#website"},"primaryImageOfPage":{"@id":"https:\/\/islasexshop.com.br\/index.php\/produto\/grampos-para-mamilos-com-pressao\/#primaryimage"},"image":{"@id":"https:\/\/islasexshop.com.br\/index.php\/produto\/grampos-para-mamilos-com-pressao\/#primaryimage"},"thumbnailUrl":"https:\/\/islasexshop.com.br\/wp-content\/uploads\/2024\/06\/3126-4.png","datePublished":"2024-06-30T12:56:37+00:00","dateModified":"2025-03-18T18:03:11+00:00","description":"Grampos para Mamilos com Press\u00e3o - oferecem sensa\u00e7\u00f5es prazerosas e inovam a rela\u00e7\u00e3o do casal. Com presilhas ajust\u00e1veis e forradas com borracha.","breadcrumb":{"@id":"https:\/\/islasexshop.com.br\/index.php\/produto\/grampos-para-mamilos-com-pressao\/#breadcrumb"},"inLanguage":"pt-BR","potentialAction":[{"@type":"ReadAction","target":["https:\/\/islasexshop.com.br\/index.php\/produto\/grampos-para-mamilos-com-pressao\/"]}]},{"@type":"ImageObject","inLanguage":"pt-BR","@id":"https:\/\/islasexshop.com.br\/index.php\/produto\/grampos-para-mamilos-com-pressao\/#primaryimage","url":"https:\/\/islasexshop.com.br\/wp-content\/uploads\/2024\/06\/3126-4.png","contentUrl":"https:\/\/islasexshop.com.br\/wp-content\/uploads\/2024\/06\/3126-4.png","width":1500,"height":1500,"caption":"GRAMPOS-PARA-MAMILOS"},{"@type":"BreadcrumbList","@id":"https:\/\/islasexshop.com.br\/index.php\/produto\/grampos-para-mamilos-com-pressao\/#breadcrumb","itemListElement":[{"@type":"ListItem","position":1,"name":"In\u00edcio","item":"https:\/\/islasexshop.com.br\/"},{"@type":"ListItem","position":2,"name":"Produtos","item":"https:\/\/islasexshop.com.br\/index.php\/produtos\/"},{"@type":"ListItem","position":3,"name":"Grampos para Mamilos com Press\u00e3o"}]},{"@type":"WebSite","@id":"https:\/\/islasexshop.com.br\/#website","url":"https:\/\/islasexshop.com.br\/","name":"Isla Sex Shop","description":"Sex Shop Butant\u00e3, Sex Shop Morumbi, Sex Shop Regi\u00e3o","publisher":{"@id":"https:\/\/islasexshop.com.br\/#organization"},"potentialAction":[{"@type":"SearchAction","target":{"@type":"EntryPoint","urlTemplate":"https:\/\/islasexshop.com.br\/?s={search_term_string}"},"query-input":{"@type":"PropertyValueSpecification","valueRequired":true,"valueName":"search_term_string"}}],"inLanguage":"pt-BR"},{"@type":"Organization","@id":"https:\/\/islasexshop.com.br\/#organization","name":"Isla Sex Shop","url":"https:\/\/islasexshop.com.br\/","logo":{"@type":"ImageObject","inLanguage":"pt-BR","@id":"https:\/\/islasexshop.com.br\/#\/schema\/logo\/image\/","url":"https:\/\/islasexshop.com.br\/wp-content\/uploads\/2024\/02\/0e4d7c76d6c6e7c24d33fd3338fd3dbf.jpg","contentUrl":"https:\/\/islasexshop.com.br\/wp-content\/uploads\/2024\/02\/0e4d7c76d6c6e7c24d33fd3338fd3dbf.jpg","width":400,"height":200,"caption":"Isla Sex Shop"},"image":{"@id":"https:\/\/islasexshop.com.br\/#\/schema\/logo\/image\/"},"sameAs":["https:\/\/www.facebook.com\/boutiqueisla","https:\/\/www.instagram.com\/islasensualmorumbi\/"]}]}},"_links":{"self":[{"href":"https:\/\/islasexshop.com.br\/index.php\/wp-json\/wp\/v2\/product\/3512"}],"collection":[{"href":"https:\/\/islasexshop.com.br\/index.php\/wp-json\/wp\/v2\/product"}],"about":[{"href":"https:\/\/islasexshop.com.br\/index.php\/wp-json\/wp\/v2\/types\/product"}],"replies":[{"embeddable":true,"href":"https:\/\/islasexshop.com.br\/index.php\/wp-json\/wp\/v2\/comments?post=3512"}],"version-history":[{"count":1,"href":"https:\/\/islasexshop.com.br\/index.php\/wp-json\/wp\/v2\/product\/3512\/revisions"}],"predecessor-version":[{"id":3529,"href":"https:\/\/islasexshop.com.br\/index.php\/wp-json\/wp\/v2\/product\/3512\/revisions\/3529"}],"wp:featuredmedia":[{"embeddable":true,"href":"https:\/\/islasexshop.com.br\/index.php\/wp-json\/wp\/v2\/media\/3526"}],"wp:attachment":[{"href":"https:\/\/islasexshop.com.br\/index.php\/wp-json\/wp\/v2\/media?parent=3512"}],"wp:term":[{"taxonomy":"product_cat","embeddable":true,"href":"https:\/\/islasexshop.com.br\/index.php\/wp-json\/wp\/v2\/product_cat?post=3512"},{"taxonomy":"product_tag","embeddable":true,"href":"https:\/\/islasexshop.com.br\/index.php\/wp-json\/wp\/v2\/product_tag?post=3512"}],"curies":[{"name":"wp","href":"https:\/\/api.w.org\/{rel}","templated":true}]}}