{"id":3428,"date":"2024-06-21T15:39:31","date_gmt":"2024-06-21T18:39:31","guid":{"rendered":"https:\/\/islasexshop.com.br\/?post_type=product&#038;p=3428"},"modified":"2024-06-21T15:40:30","modified_gmt":"2024-06-21T18:40:30","slug":"lingerie-sensual-conjunto-bicolor-hot-love-tam-p","status":"publish","type":"product","link":"https:\/\/islasexshop.com.br\/index.php\/produto\/lingerie-sensual-conjunto-bicolor-hot-love-tam-p\/","title":{"rendered":"Lingerie Sensual Conjunto Bicolor Hot Love &#8211; Tam P"},"content":{"rendered":"<p><strong>Lingerie Sensual Conjunto Bicolor Hot Love &#8211; Tam P<\/strong><\/p>\n<p>A Isla Sex Shop seleciona cuidadosamente lingeries que superam suas expectativas em qualidade e design. As Lingeries Hot Love s\u00e3o feitas para real\u00e7ar a sensualidade feminina e proporcionar conforto.<\/p>\n<p><strong>Detalhes do Conjunto Bicolor Hot Love<\/strong><br \/>\nDesign Bicolor: Contraposi\u00e7\u00e3o de cores com aplica\u00e7\u00e3o de guipir, destacando os contornos do corpo.<\/p>\n<p>Material: Tule delicado com sobreposi\u00e7\u00e3o rendada e alto percentual de elastano, garantindo elasticidade e resist\u00eancia.<\/p>\n<p>Acabamento: Textura agrad\u00e1vel, toque macio e caimento perfeito.<\/p>\n<p><strong>Caracter\u00edsticas do Suti\u00e3<\/strong><br \/>\nRecorte Anat\u00f4mico: Valoriza e evidencia o formato natural dos seios, ideal para todos os tipos de busto.<\/p>\n<p><strong>Caracter\u00edsticas da Calcinha<\/strong><br \/>\nModelagem Boneca com Asa-Delta: C\u00f3s m\u00e9dio, recorte estruturado, cavado nas laterais, e detalhes em renda nas costas e laterais. Encaixa-se perfeitamente aos quadris, alongando a cintura e destacando o bumbum.<\/p>\n<p><strong>Conserva\u00e7\u00e3o<\/strong><br \/>\nLavar \u00e0 M\u00e3o: Delicadamente, com sab\u00e3o de sua prefer\u00eancia.<br \/>\nSecar \u00e0 Sombra: Evite tambor rotativo e calor excessivo.<br \/>\nN\u00e3o Alvejar, N\u00e3o Limpar a Seco.<\/p>\n<p>Transforme seus momentos com o Conjunto Bicolor Hot Love e sinta-se ainda mais confiante e sensual!<\/p>\n","protected":false},"excerpt":{"rendered":"<p>O Conjunto Bicolor Hot Love da Isla Sex Shop \u00e9 a perfeita combina\u00e7\u00e3o de conforto e sensualidade. Com tule delicado, detalhes em renda e elastano, oferece um ajuste perfeito e toque macio.<\/p>\n","protected":false},"featured_media":3430,"comment_status":"open","ping_status":"closed","template":"","meta":[],"product_cat":[165,161,164,163,162,174,22],"product_tag":[330,333,331,332,274],"yoast_head":"<!-- This site is optimized with the Yoast SEO plugin v24.5 - https:\/\/yoast.com\/wordpress\/plugins\/seo\/ -->\n<title>Lingerie Sensual Conjunto Bicolor Hot Love - Tam P - Isla Sex Shop<\/title>\n<meta name=\"description\" content=\"Lingerie Sensual Conjunto Bicolor Hot Love - Tam P - O Conjunto Bicolor combina conforto e sensualidade com um design bicolor atraente e detalhes em guipir.\" \/>\n<meta name=\"robots\" content=\"index, follow, max-snippet:-1, max-image-preview:large, max-video-preview:-1\" \/>\n<link rel=\"canonical\" href=\"https:\/\/islasexshop.com.br\/index.php\/produto\/lingerie-sensual-conjunto-bicolor-hot-love-tam-p\/\" \/>\n<meta property=\"og:locale\" content=\"pt_BR\" \/>\n<meta property=\"og:type\" content=\"article\" \/>\n<meta property=\"og:title\" content=\"Lingerie Sensual Conjunto Bicolor Hot Love - Tam P - Isla Sex Shop\" \/>\n<meta property=\"og:description\" content=\"Lingerie Sensual Conjunto Bicolor Hot Love - Tam P - O Conjunto Bicolor combina conforto e sensualidade com um design bicolor atraente e detalhes em guipir.\" \/>\n<meta property=\"og:url\" content=\"https:\/\/islasexshop.com.br\/index.php\/produto\/lingerie-sensual-conjunto-bicolor-hot-love-tam-p\/\" \/>\n<meta property=\"og:site_name\" content=\"Isla Sex Shop\" \/>\n<meta property=\"article:publisher\" content=\"https:\/\/www.facebook.com\/boutiqueisla\" \/>\n<meta property=\"article:modified_time\" content=\"2024-06-21T18:40:30+00:00\" \/>\n<meta property=\"og:image\" content=\"https:\/\/islasexshop.com.br\/wp-content\/uploads\/2024\/06\/conjunto-sensual-bicolor-com-detalhes-strappy-hot-love-2-1.png\" \/>\n\t<meta property=\"og:image:width\" content=\"1500\" \/>\n\t<meta property=\"og:image:height\" content=\"1500\" \/>\n\t<meta property=\"og:image:type\" content=\"image\/png\" \/>\n<meta name=\"twitter:card\" content=\"summary_large_image\" \/>\n<meta name=\"twitter:label1\" content=\"Est. tempo de leitura\" \/>\n\t<meta name=\"twitter:data1\" content=\"2 minutos\" \/>\n<script type=\"application\/ld+json\" class=\"yoast-schema-graph\">{\"@context\":\"https:\/\/schema.org\",\"@graph\":[{\"@type\":\"WebPage\",\"@id\":\"https:\/\/islasexshop.com.br\/index.php\/produto\/lingerie-sensual-conjunto-bicolor-hot-love-tam-p\/\",\"url\":\"https:\/\/islasexshop.com.br\/index.php\/produto\/lingerie-sensual-conjunto-bicolor-hot-love-tam-p\/\",\"name\":\"Lingerie Sensual Conjunto Bicolor Hot Love - Tam P - Isla Sex Shop\",\"isPartOf\":{\"@id\":\"https:\/\/islasexshop.com.br\/#website\"},\"primaryImageOfPage\":{\"@id\":\"https:\/\/islasexshop.com.br\/index.php\/produto\/lingerie-sensual-conjunto-bicolor-hot-love-tam-p\/#primaryimage\"},\"image\":{\"@id\":\"https:\/\/islasexshop.com.br\/index.php\/produto\/lingerie-sensual-conjunto-bicolor-hot-love-tam-p\/#primaryimage\"},\"thumbnailUrl\":\"https:\/\/islasexshop.com.br\/wp-content\/uploads\/2024\/06\/conjunto-sensual-bicolor-com-detalhes-strappy-hot-love-2-1.png\",\"datePublished\":\"2024-06-21T18:39:31+00:00\",\"dateModified\":\"2024-06-21T18:40:30+00:00\",\"description\":\"Lingerie Sensual Conjunto Bicolor Hot Love - Tam P - O Conjunto Bicolor combina conforto e sensualidade com um design bicolor atraente e detalhes em guipir.\",\"breadcrumb\":{\"@id\":\"https:\/\/islasexshop.com.br\/index.php\/produto\/lingerie-sensual-conjunto-bicolor-hot-love-tam-p\/#breadcrumb\"},\"inLanguage\":\"pt-BR\",\"potentialAction\":[{\"@type\":\"ReadAction\",\"target\":[\"https:\/\/islasexshop.com.br\/index.php\/produto\/lingerie-sensual-conjunto-bicolor-hot-love-tam-p\/\"]}]},{\"@type\":\"ImageObject\",\"inLanguage\":\"pt-BR\",\"@id\":\"https:\/\/islasexshop.com.br\/index.php\/produto\/lingerie-sensual-conjunto-bicolor-hot-love-tam-p\/#primaryimage\",\"url\":\"https:\/\/islasexshop.com.br\/wp-content\/uploads\/2024\/06\/conjunto-sensual-bicolor-com-detalhes-strappy-hot-love-2-1.png\",\"contentUrl\":\"https:\/\/islasexshop.com.br\/wp-content\/uploads\/2024\/06\/conjunto-sensual-bicolor-com-detalhes-strappy-hot-love-2-1.png\",\"width\":1500,\"height\":1500,\"caption\":\"conjunto-sensual-bicolor-com-detalhes-strappy-hot-love (2)\"},{\"@type\":\"BreadcrumbList\",\"@id\":\"https:\/\/islasexshop.com.br\/index.php\/produto\/lingerie-sensual-conjunto-bicolor-hot-love-tam-p\/#breadcrumb\",\"itemListElement\":[{\"@type\":\"ListItem\",\"position\":1,\"name\":\"In\u00edcio\",\"item\":\"https:\/\/islasexshop.com.br\/\"},{\"@type\":\"ListItem\",\"position\":2,\"name\":\"Produtos\",\"item\":\"https:\/\/islasexshop.com.br\/index.php\/produtos\/\"},{\"@type\":\"ListItem\",\"position\":3,\"name\":\"Lingerie Sensual Conjunto Bicolor Hot Love &#8211; Tam P\"}]},{\"@type\":\"WebSite\",\"@id\":\"https:\/\/islasexshop.com.br\/#website\",\"url\":\"https:\/\/islasexshop.com.br\/\",\"name\":\"Isla Sex Shop\",\"description\":\"Sex Shop Butant\u00e3, Sex Shop Morumbi, Sex Shop Regi\u00e3o\",\"publisher\":{\"@id\":\"https:\/\/islasexshop.com.br\/#organization\"},\"potentialAction\":[{\"@type\":\"SearchAction\",\"target\":{\"@type\":\"EntryPoint\",\"urlTemplate\":\"https:\/\/islasexshop.com.br\/?s={search_term_string}\"},\"query-input\":{\"@type\":\"PropertyValueSpecification\",\"valueRequired\":true,\"valueName\":\"search_term_string\"}}],\"inLanguage\":\"pt-BR\"},{\"@type\":\"Organization\",\"@id\":\"https:\/\/islasexshop.com.br\/#organization\",\"name\":\"Isla Sex Shop\",\"url\":\"https:\/\/islasexshop.com.br\/\",\"logo\":{\"@type\":\"ImageObject\",\"inLanguage\":\"pt-BR\",\"@id\":\"https:\/\/islasexshop.com.br\/#\/schema\/logo\/image\/\",\"url\":\"https:\/\/islasexshop.com.br\/wp-content\/uploads\/2024\/02\/0e4d7c76d6c6e7c24d33fd3338fd3dbf.jpg\",\"contentUrl\":\"https:\/\/islasexshop.com.br\/wp-content\/uploads\/2024\/02\/0e4d7c76d6c6e7c24d33fd3338fd3dbf.jpg\",\"width\":400,\"height\":200,\"caption\":\"Isla Sex Shop\"},\"image\":{\"@id\":\"https:\/\/islasexshop.com.br\/#\/schema\/logo\/image\/\"},\"sameAs\":[\"https:\/\/www.facebook.com\/boutiqueisla\",\"https:\/\/www.instagram.com\/islasensualmorumbi\/\"]}]}<\/script>\n<!-- \/ Yoast SEO plugin. -->","yoast_head_json":{"title":"Lingerie Sensual Conjunto Bicolor Hot Love - Tam P - Isla Sex Shop","description":"Lingerie Sensual Conjunto Bicolor Hot Love - Tam P - O Conjunto Bicolor combina conforto e sensualidade com um design bicolor atraente e detalhes em guipir.","robots":{"index":"index","follow":"follow","max-snippet":"max-snippet:-1","max-image-preview":"max-image-preview:large","max-video-preview":"max-video-preview:-1"},"canonical":"https:\/\/islasexshop.com.br\/index.php\/produto\/lingerie-sensual-conjunto-bicolor-hot-love-tam-p\/","og_locale":"pt_BR","og_type":"article","og_title":"Lingerie Sensual Conjunto Bicolor Hot Love - Tam P - Isla Sex Shop","og_description":"Lingerie Sensual Conjunto Bicolor Hot Love - Tam P - O Conjunto Bicolor combina conforto e sensualidade com um design bicolor atraente e detalhes em guipir.","og_url":"https:\/\/islasexshop.com.br\/index.php\/produto\/lingerie-sensual-conjunto-bicolor-hot-love-tam-p\/","og_site_name":"Isla Sex Shop","article_publisher":"https:\/\/www.facebook.com\/boutiqueisla","article_modified_time":"2024-06-21T18:40:30+00:00","og_image":[{"width":1500,"height":1500,"url":"https:\/\/islasexshop.com.br\/wp-content\/uploads\/2024\/06\/conjunto-sensual-bicolor-com-detalhes-strappy-hot-love-2-1.png","type":"image\/png"}],"twitter_card":"summary_large_image","twitter_misc":{"Est. tempo de leitura":"2 minutos"},"schema":{"@context":"https:\/\/schema.org","@graph":[{"@type":"WebPage","@id":"https:\/\/islasexshop.com.br\/index.php\/produto\/lingerie-sensual-conjunto-bicolor-hot-love-tam-p\/","url":"https:\/\/islasexshop.com.br\/index.php\/produto\/lingerie-sensual-conjunto-bicolor-hot-love-tam-p\/","name":"Lingerie Sensual Conjunto Bicolor Hot Love - Tam P - Isla Sex Shop","isPartOf":{"@id":"https:\/\/islasexshop.com.br\/#website"},"primaryImageOfPage":{"@id":"https:\/\/islasexshop.com.br\/index.php\/produto\/lingerie-sensual-conjunto-bicolor-hot-love-tam-p\/#primaryimage"},"image":{"@id":"https:\/\/islasexshop.com.br\/index.php\/produto\/lingerie-sensual-conjunto-bicolor-hot-love-tam-p\/#primaryimage"},"thumbnailUrl":"https:\/\/islasexshop.com.br\/wp-content\/uploads\/2024\/06\/conjunto-sensual-bicolor-com-detalhes-strappy-hot-love-2-1.png","datePublished":"2024-06-21T18:39:31+00:00","dateModified":"2024-06-21T18:40:30+00:00","description":"Lingerie Sensual Conjunto Bicolor Hot Love - Tam P - O Conjunto Bicolor combina conforto e sensualidade com um design bicolor atraente e detalhes em guipir.","breadcrumb":{"@id":"https:\/\/islasexshop.com.br\/index.php\/produto\/lingerie-sensual-conjunto-bicolor-hot-love-tam-p\/#breadcrumb"},"inLanguage":"pt-BR","potentialAction":[{"@type":"ReadAction","target":["https:\/\/islasexshop.com.br\/index.php\/produto\/lingerie-sensual-conjunto-bicolor-hot-love-tam-p\/"]}]},{"@type":"ImageObject","inLanguage":"pt-BR","@id":"https:\/\/islasexshop.com.br\/index.php\/produto\/lingerie-sensual-conjunto-bicolor-hot-love-tam-p\/#primaryimage","url":"https:\/\/islasexshop.com.br\/wp-content\/uploads\/2024\/06\/conjunto-sensual-bicolor-com-detalhes-strappy-hot-love-2-1.png","contentUrl":"https:\/\/islasexshop.com.br\/wp-content\/uploads\/2024\/06\/conjunto-sensual-bicolor-com-detalhes-strappy-hot-love-2-1.png","width":1500,"height":1500,"caption":"conjunto-sensual-bicolor-com-detalhes-strappy-hot-love (2)"},{"@type":"BreadcrumbList","@id":"https:\/\/islasexshop.com.br\/index.php\/produto\/lingerie-sensual-conjunto-bicolor-hot-love-tam-p\/#breadcrumb","itemListElement":[{"@type":"ListItem","position":1,"name":"In\u00edcio","item":"https:\/\/islasexshop.com.br\/"},{"@type":"ListItem","position":2,"name":"Produtos","item":"https:\/\/islasexshop.com.br\/index.php\/produtos\/"},{"@type":"ListItem","position":3,"name":"Lingerie Sensual Conjunto Bicolor Hot Love &#8211; Tam P"}]},{"@type":"WebSite","@id":"https:\/\/islasexshop.com.br\/#website","url":"https:\/\/islasexshop.com.br\/","name":"Isla Sex Shop","description":"Sex Shop Butant\u00e3, Sex Shop Morumbi, Sex Shop Regi\u00e3o","publisher":{"@id":"https:\/\/islasexshop.com.br\/#organization"},"potentialAction":[{"@type":"SearchAction","target":{"@type":"EntryPoint","urlTemplate":"https:\/\/islasexshop.com.br\/?s={search_term_string}"},"query-input":{"@type":"PropertyValueSpecification","valueRequired":true,"valueName":"search_term_string"}}],"inLanguage":"pt-BR"},{"@type":"Organization","@id":"https:\/\/islasexshop.com.br\/#organization","name":"Isla Sex Shop","url":"https:\/\/islasexshop.com.br\/","logo":{"@type":"ImageObject","inLanguage":"pt-BR","@id":"https:\/\/islasexshop.com.br\/#\/schema\/logo\/image\/","url":"https:\/\/islasexshop.com.br\/wp-content\/uploads\/2024\/02\/0e4d7c76d6c6e7c24d33fd3338fd3dbf.jpg","contentUrl":"https:\/\/islasexshop.com.br\/wp-content\/uploads\/2024\/02\/0e4d7c76d6c6e7c24d33fd3338fd3dbf.jpg","width":400,"height":200,"caption":"Isla Sex Shop"},"image":{"@id":"https:\/\/islasexshop.com.br\/#\/schema\/logo\/image\/"},"sameAs":["https:\/\/www.facebook.com\/boutiqueisla","https:\/\/www.instagram.com\/islasensualmorumbi\/"]}]}},"_links":{"self":[{"href":"https:\/\/islasexshop.com.br\/index.php\/wp-json\/wp\/v2\/product\/3428"}],"collection":[{"href":"https:\/\/islasexshop.com.br\/index.php\/wp-json\/wp\/v2\/product"}],"about":[{"href":"https:\/\/islasexshop.com.br\/index.php\/wp-json\/wp\/v2\/types\/product"}],"replies":[{"embeddable":true,"href":"https:\/\/islasexshop.com.br\/index.php\/wp-json\/wp\/v2\/comments?post=3428"}],"version-history":[{"count":2,"href":"https:\/\/islasexshop.com.br\/index.php\/wp-json\/wp\/v2\/product\/3428\/revisions"}],"predecessor-version":[{"id":3433,"href":"https:\/\/islasexshop.com.br\/index.php\/wp-json\/wp\/v2\/product\/3428\/revisions\/3433"}],"wp:featuredmedia":[{"embeddable":true,"href":"https:\/\/islasexshop.com.br\/index.php\/wp-json\/wp\/v2\/media\/3430"}],"wp:attachment":[{"href":"https:\/\/islasexshop.com.br\/index.php\/wp-json\/wp\/v2\/media?parent=3428"}],"wp:term":[{"taxonomy":"product_cat","embeddable":true,"href":"https:\/\/islasexshop.com.br\/index.php\/wp-json\/wp\/v2\/product_cat?post=3428"},{"taxonomy":"product_tag","embeddable":true,"href":"https:\/\/islasexshop.com.br\/index.php\/wp-json\/wp\/v2\/product_tag?post=3428"}],"curies":[{"name":"wp","href":"https:\/\/api.w.org\/{rel}","templated":true}]}}