{"id":3426,"date":"2024-06-21T15:22:21","date_gmt":"2024-06-21T18:22:21","guid":{"rendered":"https:\/\/islasexshop.com.br\/?post_type=product&#038;p=3426"},"modified":"2024-06-21T15:24:06","modified_gmt":"2024-06-21T18:24:06","slug":"conjunto-strappy-gargantilha-hot-love-tam-p","status":"publish","type":"product","link":"https:\/\/islasexshop.com.br\/index.php\/produto\/conjunto-strappy-gargantilha-hot-love-tam-p\/","title":{"rendered":"Conjunto Strappy Gargantilha Hot Love &#8211; Tam P"},"content":{"rendered":"<p><strong>Conjunto Strappy Gargantilha Hot Love Tam P<\/strong><\/p>\n<p>O Conjunto Strappy Gargantilha Hot Love \u00e9 a combina\u00e7\u00e3o perfeita de conforto e sensualidade, com detalhes rendados que adicionam um toque rom\u00e2ntico e delicado. Acabamentos em el\u00e1stico contornam e ressaltam o corpo, proporcionando um visual instigante e moderno.<\/p>\n<p><strong>Detalhes do Suti\u00e3<\/strong><br \/>\n&#8211; Sem Bojo: Ideal para todos os tipos de busto, valoriza as formas naturais.<br \/>\n&#8211; Modelagem Triangular Anat\u00f4mica: Com recorte rendado e leve transpar\u00eancia.<br \/>\n&#8211; Al\u00e7as Regul\u00e1veis: Melhor ajuste e sustenta\u00e7\u00e3o.<br \/>\n&#8211; Tira de Amarrar nas Costas: Pr\u00e1tica e ajust\u00e1vel.<br \/>\n&#8211; Gargantilha Incorporada: Tira no sub busto que forma uma gargantilha no pesco\u00e7o, tamb\u00e9m ajust\u00e1vel.<\/p>\n<p><strong>Detalhes da Calcinha<\/strong><br \/>\n&#8211; Modelagem Ajustada: Contorna e se encaixa perfeitamente aos quadris.<br \/>\n&#8211; Recorte Rendado e Lacinho Frontal: Charme adicional.<br \/>\n&#8211; Forro de Algod\u00e3o: Conforto e prote\u00e7\u00e3o para a regi\u00e3o \u00edntima, ideal para uso di\u00e1rio.<\/p>\n<p><strong>Como Lavar e Conservar<\/strong><br \/>\n&#8211; Lavar \u00e0 M\u00e3o: Delicadamente, com sab\u00e3o de sua prefer\u00eancia.<br \/>\n&#8211; N\u00e3o Passar a Ferro, N\u00e3o Alvejar, N\u00e3o Limpar a Seco**.<br \/>\n&#8211; Secar \u00e0 Sombra: Evite tambor rotativo e calor excessivo.<br \/>\n&#8211; Aten\u00e7\u00e3o \u00e0 Etiqueta Interna: Verifique especifica\u00e7\u00f5es dos tecidos antes de lavar.<\/p>\n<p>Transforme seus momentos com o Conjunto Strappy Gargantilha Hot Love e sinta-se ainda mais sensual e confort\u00e1vel!<\/p>\n","protected":false},"excerpt":{"rendered":"<p>O Conjunto Strappy Gargantilha Hot Love combina conforto e sensualidade com detalhes rendados e acabamentos em el\u00e1stico que contornam e destacam o corpo. O suti\u00e3, sem bojo e com modelagem triangular, valoriza as formas naturais, enquanto a calcinha possui recorte rendado e forro de algod\u00e3o para maior conforto.<\/p>\n","protected":false},"featured_media":3422,"comment_status":"open","ping_status":"closed","template":"","meta":[],"product_cat":[165,161,164,163,162,174,22],"product_tag":[330,333,331,332,274],"yoast_head":"<!-- This site is optimized with the Yoast SEO plugin v24.5 - https:\/\/yoast.com\/wordpress\/plugins\/seo\/ -->\n<title>Conjunto Strappy Gargantilha Hot Love - Tam P - Isla Sex Shop<\/title>\n<meta name=\"description\" content=\"Conjunto Strappy Gargantilha Hot Love - Com detalhes rendados e acabamentos em el\u00e1stico que contornam e destacam o corpo deixando-o mais sensual.\" \/>\n<meta name=\"robots\" content=\"index, follow, max-snippet:-1, max-image-preview:large, max-video-preview:-1\" \/>\n<link rel=\"canonical\" href=\"https:\/\/islasexshop.com.br\/index.php\/produto\/conjunto-strappy-gargantilha-hot-love-tam-p\/\" \/>\n<meta property=\"og:locale\" content=\"pt_BR\" \/>\n<meta property=\"og:type\" content=\"article\" \/>\n<meta property=\"og:title\" content=\"Conjunto Strappy Gargantilha Hot Love - Tam P - Isla Sex Shop\" \/>\n<meta property=\"og:description\" content=\"Conjunto Strappy Gargantilha Hot Love - Com detalhes rendados e acabamentos em el\u00e1stico que contornam e destacam o corpo deixando-o mais sensual.\" \/>\n<meta property=\"og:url\" content=\"https:\/\/islasexshop.com.br\/index.php\/produto\/conjunto-strappy-gargantilha-hot-love-tam-p\/\" \/>\n<meta property=\"og:site_name\" content=\"Isla Sex Shop\" \/>\n<meta property=\"article:publisher\" content=\"https:\/\/www.facebook.com\/boutiqueisla\" \/>\n<meta property=\"article:modified_time\" content=\"2024-06-21T18:24:06+00:00\" \/>\n<meta property=\"og:image\" content=\"https:\/\/islasexshop.com.br\/wp-content\/uploads\/2024\/06\/conjunto-sexy-com-gargantilha-e-luva-hot-love-1.png\" \/>\n\t<meta property=\"og:image:width\" content=\"1500\" \/>\n\t<meta property=\"og:image:height\" content=\"1500\" \/>\n\t<meta property=\"og:image:type\" content=\"image\/png\" \/>\n<meta name=\"twitter:card\" content=\"summary_large_image\" \/>\n<meta name=\"twitter:label1\" content=\"Est. tempo de leitura\" \/>\n\t<meta name=\"twitter:data1\" content=\"2 minutos\" \/>\n<script type=\"application\/ld+json\" class=\"yoast-schema-graph\">{\"@context\":\"https:\/\/schema.org\",\"@graph\":[{\"@type\":\"WebPage\",\"@id\":\"https:\/\/islasexshop.com.br\/index.php\/produto\/conjunto-strappy-gargantilha-hot-love-tam-p\/\",\"url\":\"https:\/\/islasexshop.com.br\/index.php\/produto\/conjunto-strappy-gargantilha-hot-love-tam-p\/\",\"name\":\"Conjunto Strappy Gargantilha Hot Love - Tam P - Isla Sex Shop\",\"isPartOf\":{\"@id\":\"https:\/\/islasexshop.com.br\/#website\"},\"primaryImageOfPage\":{\"@id\":\"https:\/\/islasexshop.com.br\/index.php\/produto\/conjunto-strappy-gargantilha-hot-love-tam-p\/#primaryimage\"},\"image\":{\"@id\":\"https:\/\/islasexshop.com.br\/index.php\/produto\/conjunto-strappy-gargantilha-hot-love-tam-p\/#primaryimage\"},\"thumbnailUrl\":\"https:\/\/islasexshop.com.br\/wp-content\/uploads\/2024\/06\/conjunto-sexy-com-gargantilha-e-luva-hot-love-1.png\",\"datePublished\":\"2024-06-21T18:22:21+00:00\",\"dateModified\":\"2024-06-21T18:24:06+00:00\",\"description\":\"Conjunto Strappy Gargantilha Hot Love - Com detalhes rendados e acabamentos em el\u00e1stico que contornam e destacam o corpo deixando-o mais sensual.\",\"breadcrumb\":{\"@id\":\"https:\/\/islasexshop.com.br\/index.php\/produto\/conjunto-strappy-gargantilha-hot-love-tam-p\/#breadcrumb\"},\"inLanguage\":\"pt-BR\",\"potentialAction\":[{\"@type\":\"ReadAction\",\"target\":[\"https:\/\/islasexshop.com.br\/index.php\/produto\/conjunto-strappy-gargantilha-hot-love-tam-p\/\"]}]},{\"@type\":\"ImageObject\",\"inLanguage\":\"pt-BR\",\"@id\":\"https:\/\/islasexshop.com.br\/index.php\/produto\/conjunto-strappy-gargantilha-hot-love-tam-p\/#primaryimage\",\"url\":\"https:\/\/islasexshop.com.br\/wp-content\/uploads\/2024\/06\/conjunto-sexy-com-gargantilha-e-luva-hot-love-1.png\",\"contentUrl\":\"https:\/\/islasexshop.com.br\/wp-content\/uploads\/2024\/06\/conjunto-sexy-com-gargantilha-e-luva-hot-love-1.png\",\"width\":1500,\"height\":1500,\"caption\":\"conjunto-sexy-com-gargantilha-e-luva-hot-love (1)\"},{\"@type\":\"BreadcrumbList\",\"@id\":\"https:\/\/islasexshop.com.br\/index.php\/produto\/conjunto-strappy-gargantilha-hot-love-tam-p\/#breadcrumb\",\"itemListElement\":[{\"@type\":\"ListItem\",\"position\":1,\"name\":\"In\u00edcio\",\"item\":\"https:\/\/islasexshop.com.br\/\"},{\"@type\":\"ListItem\",\"position\":2,\"name\":\"Produtos\",\"item\":\"https:\/\/islasexshop.com.br\/index.php\/produtos\/\"},{\"@type\":\"ListItem\",\"position\":3,\"name\":\"Conjunto Strappy Gargantilha Hot Love &#8211; Tam P\"}]},{\"@type\":\"WebSite\",\"@id\":\"https:\/\/islasexshop.com.br\/#website\",\"url\":\"https:\/\/islasexshop.com.br\/\",\"name\":\"Isla Sex Shop\",\"description\":\"Sex Shop Butant\u00e3, Sex Shop Morumbi, Sex Shop Regi\u00e3o\",\"publisher\":{\"@id\":\"https:\/\/islasexshop.com.br\/#organization\"},\"potentialAction\":[{\"@type\":\"SearchAction\",\"target\":{\"@type\":\"EntryPoint\",\"urlTemplate\":\"https:\/\/islasexshop.com.br\/?s={search_term_string}\"},\"query-input\":{\"@type\":\"PropertyValueSpecification\",\"valueRequired\":true,\"valueName\":\"search_term_string\"}}],\"inLanguage\":\"pt-BR\"},{\"@type\":\"Organization\",\"@id\":\"https:\/\/islasexshop.com.br\/#organization\",\"name\":\"Isla Sex Shop\",\"url\":\"https:\/\/islasexshop.com.br\/\",\"logo\":{\"@type\":\"ImageObject\",\"inLanguage\":\"pt-BR\",\"@id\":\"https:\/\/islasexshop.com.br\/#\/schema\/logo\/image\/\",\"url\":\"https:\/\/islasexshop.com.br\/wp-content\/uploads\/2024\/02\/0e4d7c76d6c6e7c24d33fd3338fd3dbf.jpg\",\"contentUrl\":\"https:\/\/islasexshop.com.br\/wp-content\/uploads\/2024\/02\/0e4d7c76d6c6e7c24d33fd3338fd3dbf.jpg\",\"width\":400,\"height\":200,\"caption\":\"Isla Sex Shop\"},\"image\":{\"@id\":\"https:\/\/islasexshop.com.br\/#\/schema\/logo\/image\/\"},\"sameAs\":[\"https:\/\/www.facebook.com\/boutiqueisla\",\"https:\/\/www.instagram.com\/islasensualmorumbi\/\"]}]}<\/script>\n<!-- \/ Yoast SEO plugin. -->","yoast_head_json":{"title":"Conjunto Strappy Gargantilha Hot Love - Tam P - Isla Sex Shop","description":"Conjunto Strappy Gargantilha Hot Love - Com detalhes rendados e acabamentos em el\u00e1stico que contornam e destacam o corpo deixando-o mais sensual.","robots":{"index":"index","follow":"follow","max-snippet":"max-snippet:-1","max-image-preview":"max-image-preview:large","max-video-preview":"max-video-preview:-1"},"canonical":"https:\/\/islasexshop.com.br\/index.php\/produto\/conjunto-strappy-gargantilha-hot-love-tam-p\/","og_locale":"pt_BR","og_type":"article","og_title":"Conjunto Strappy Gargantilha Hot Love - Tam P - Isla Sex Shop","og_description":"Conjunto Strappy Gargantilha Hot Love - Com detalhes rendados e acabamentos em el\u00e1stico que contornam e destacam o corpo deixando-o mais sensual.","og_url":"https:\/\/islasexshop.com.br\/index.php\/produto\/conjunto-strappy-gargantilha-hot-love-tam-p\/","og_site_name":"Isla Sex Shop","article_publisher":"https:\/\/www.facebook.com\/boutiqueisla","article_modified_time":"2024-06-21T18:24:06+00:00","og_image":[{"width":1500,"height":1500,"url":"https:\/\/islasexshop.com.br\/wp-content\/uploads\/2024\/06\/conjunto-sexy-com-gargantilha-e-luva-hot-love-1.png","type":"image\/png"}],"twitter_card":"summary_large_image","twitter_misc":{"Est. tempo de leitura":"2 minutos"},"schema":{"@context":"https:\/\/schema.org","@graph":[{"@type":"WebPage","@id":"https:\/\/islasexshop.com.br\/index.php\/produto\/conjunto-strappy-gargantilha-hot-love-tam-p\/","url":"https:\/\/islasexshop.com.br\/index.php\/produto\/conjunto-strappy-gargantilha-hot-love-tam-p\/","name":"Conjunto Strappy Gargantilha Hot Love - Tam P - Isla Sex Shop","isPartOf":{"@id":"https:\/\/islasexshop.com.br\/#website"},"primaryImageOfPage":{"@id":"https:\/\/islasexshop.com.br\/index.php\/produto\/conjunto-strappy-gargantilha-hot-love-tam-p\/#primaryimage"},"image":{"@id":"https:\/\/islasexshop.com.br\/index.php\/produto\/conjunto-strappy-gargantilha-hot-love-tam-p\/#primaryimage"},"thumbnailUrl":"https:\/\/islasexshop.com.br\/wp-content\/uploads\/2024\/06\/conjunto-sexy-com-gargantilha-e-luva-hot-love-1.png","datePublished":"2024-06-21T18:22:21+00:00","dateModified":"2024-06-21T18:24:06+00:00","description":"Conjunto Strappy Gargantilha Hot Love - Com detalhes rendados e acabamentos em el\u00e1stico que contornam e destacam o corpo deixando-o mais sensual.","breadcrumb":{"@id":"https:\/\/islasexshop.com.br\/index.php\/produto\/conjunto-strappy-gargantilha-hot-love-tam-p\/#breadcrumb"},"inLanguage":"pt-BR","potentialAction":[{"@type":"ReadAction","target":["https:\/\/islasexshop.com.br\/index.php\/produto\/conjunto-strappy-gargantilha-hot-love-tam-p\/"]}]},{"@type":"ImageObject","inLanguage":"pt-BR","@id":"https:\/\/islasexshop.com.br\/index.php\/produto\/conjunto-strappy-gargantilha-hot-love-tam-p\/#primaryimage","url":"https:\/\/islasexshop.com.br\/wp-content\/uploads\/2024\/06\/conjunto-sexy-com-gargantilha-e-luva-hot-love-1.png","contentUrl":"https:\/\/islasexshop.com.br\/wp-content\/uploads\/2024\/06\/conjunto-sexy-com-gargantilha-e-luva-hot-love-1.png","width":1500,"height":1500,"caption":"conjunto-sexy-com-gargantilha-e-luva-hot-love (1)"},{"@type":"BreadcrumbList","@id":"https:\/\/islasexshop.com.br\/index.php\/produto\/conjunto-strappy-gargantilha-hot-love-tam-p\/#breadcrumb","itemListElement":[{"@type":"ListItem","position":1,"name":"In\u00edcio","item":"https:\/\/islasexshop.com.br\/"},{"@type":"ListItem","position":2,"name":"Produtos","item":"https:\/\/islasexshop.com.br\/index.php\/produtos\/"},{"@type":"ListItem","position":3,"name":"Conjunto Strappy Gargantilha Hot Love &#8211; Tam P"}]},{"@type":"WebSite","@id":"https:\/\/islasexshop.com.br\/#website","url":"https:\/\/islasexshop.com.br\/","name":"Isla Sex Shop","description":"Sex Shop Butant\u00e3, Sex Shop Morumbi, Sex Shop Regi\u00e3o","publisher":{"@id":"https:\/\/islasexshop.com.br\/#organization"},"potentialAction":[{"@type":"SearchAction","target":{"@type":"EntryPoint","urlTemplate":"https:\/\/islasexshop.com.br\/?s={search_term_string}"},"query-input":{"@type":"PropertyValueSpecification","valueRequired":true,"valueName":"search_term_string"}}],"inLanguage":"pt-BR"},{"@type":"Organization","@id":"https:\/\/islasexshop.com.br\/#organization","name":"Isla Sex Shop","url":"https:\/\/islasexshop.com.br\/","logo":{"@type":"ImageObject","inLanguage":"pt-BR","@id":"https:\/\/islasexshop.com.br\/#\/schema\/logo\/image\/","url":"https:\/\/islasexshop.com.br\/wp-content\/uploads\/2024\/02\/0e4d7c76d6c6e7c24d33fd3338fd3dbf.jpg","contentUrl":"https:\/\/islasexshop.com.br\/wp-content\/uploads\/2024\/02\/0e4d7c76d6c6e7c24d33fd3338fd3dbf.jpg","width":400,"height":200,"caption":"Isla Sex Shop"},"image":{"@id":"https:\/\/islasexshop.com.br\/#\/schema\/logo\/image\/"},"sameAs":["https:\/\/www.facebook.com\/boutiqueisla","https:\/\/www.instagram.com\/islasensualmorumbi\/"]}]}},"_links":{"self":[{"href":"https:\/\/islasexshop.com.br\/index.php\/wp-json\/wp\/v2\/product\/3426"}],"collection":[{"href":"https:\/\/islasexshop.com.br\/index.php\/wp-json\/wp\/v2\/product"}],"about":[{"href":"https:\/\/islasexshop.com.br\/index.php\/wp-json\/wp\/v2\/types\/product"}],"replies":[{"embeddable":true,"href":"https:\/\/islasexshop.com.br\/index.php\/wp-json\/wp\/v2\/comments?post=3426"}],"version-history":[{"count":1,"href":"https:\/\/islasexshop.com.br\/index.php\/wp-json\/wp\/v2\/product\/3426\/revisions"}],"predecessor-version":[{"id":3427,"href":"https:\/\/islasexshop.com.br\/index.php\/wp-json\/wp\/v2\/product\/3426\/revisions\/3427"}],"wp:featuredmedia":[{"embeddable":true,"href":"https:\/\/islasexshop.com.br\/index.php\/wp-json\/wp\/v2\/media\/3422"}],"wp:attachment":[{"href":"https:\/\/islasexshop.com.br\/index.php\/wp-json\/wp\/v2\/media?parent=3426"}],"wp:term":[{"taxonomy":"product_cat","embeddable":true,"href":"https:\/\/islasexshop.com.br\/index.php\/wp-json\/wp\/v2\/product_cat?post=3426"},{"taxonomy":"product_tag","embeddable":true,"href":"https:\/\/islasexshop.com.br\/index.php\/wp-json\/wp\/v2\/product_tag?post=3426"}],"curies":[{"name":"wp","href":"https:\/\/api.w.org\/{rel}","templated":true}]}}