{"id":3378,"date":"2024-06-16T18:25:42","date_gmt":"2024-06-16T21:25:42","guid":{"rendered":"https:\/\/islasexshop.com.br\/?post_type=product&#038;p=3378"},"modified":"2024-10-28T14:42:10","modified_gmt":"2024-10-28T17:42:10","slug":"algema-com-corrente-e-fivelas-roxo","status":"publish","type":"product","link":"https:\/\/islasexshop.com.br\/index.php\/produto\/algema-com-corrente-e-fivelas-roxo\/","title":{"rendered":"Algema com Corrente e Fivelas &#8211; Roxo"},"content":{"rendered":"<p><strong>Algema com Corrente e Fivelas Roxo<\/strong><\/p>\n<p>Explore suas fantasias com este par luxuoso de algemas feitas em PU refor\u00e7ado, com fivelas ajust\u00e1veis para um ajuste perfeito. Inclui corrente remov\u00edvel com fecho de mosquet\u00f5es.<\/p>\n<p><strong>Modo de Uso<\/strong><br \/>\n&#8211; Ideal para explorar seu lado sadomasoquista.<\/p>\n<p><strong>Material<\/strong><br \/>\n&#8211; PU<\/p>\n<p><strong>Medidas<\/strong><br \/>\n&#8211; Tamanho Total: 30,0 cm<br \/>\n&#8211; Di\u00e2metro: 5,5 cm<br \/>\n&#8211; Corrente: 9,0 cm (medidas aproximadas)<\/p>\n<p><strong>Higieniza\u00e7\u00e3o<\/strong><br \/>\n&#8211; Guarde na embalagem original.<br \/>\n&#8211; N\u00e3o compartilhe e evite exposi\u00e7\u00e3o a temperaturas superiores a 50\u00b0C.<\/p>\n<p><strong>Cuidados<\/strong><br \/>\n&#8211; Higienize sempre antes e ap\u00f3s o uso.<br \/>\n&#8211; N\u00e3o compartilhe o produto.<br \/>\n&#8211; Mantenha fora do alcance de crian\u00e7as.<br \/>\n&#8211; Proteja do calor e luz excessiva.<br \/>\n&#8211; Ap\u00f3s o uso, guarde em embalagem de pl\u00e1stico, evitando enrolar em papel.<\/p>\n","protected":false},"excerpt":{"rendered":"<p>Explore suas fantasias com conforto e estilo usando estas algemas luxuosas em PU refor\u00e7ado. Equipadas com fivelas ajust\u00e1veis para um ajuste perfeito, incluem uma corrente remov\u00edvel com fecho de mosquet\u00e3o. Ideal para experi\u00eancias sadomasoquistas.<\/p>\n","protected":false},"featured_media":3380,"comment_status":"open","ping_status":"closed","template":"","meta":[],"product_cat":[165,161,163,16,28],"product_tag":[208,211,209,322,321],"yoast_head":"<!-- This site is optimized with the Yoast SEO plugin v24.5 - https:\/\/yoast.com\/wordpress\/plugins\/seo\/ -->\n<title>Algema com Corrente e Fivelas - Roxo - Isla Sex Shop<\/title>\n<meta name=\"description\" content=\"Algema com Corrente e Fivelas - Roxo - Equipadas com fivelas ajust\u00e1veis para um ajuste perfeito, incluem uma corrente remov\u00edvel com fecho de mosquet\u00e3o.\" \/>\n<meta name=\"robots\" content=\"index, follow, max-snippet:-1, max-image-preview:large, max-video-preview:-1\" \/>\n<link rel=\"canonical\" href=\"https:\/\/islasexshop.com.br\/index.php\/produto\/algema-com-corrente-e-fivelas-roxo\/\" \/>\n<meta property=\"og:locale\" content=\"pt_BR\" \/>\n<meta property=\"og:type\" content=\"article\" \/>\n<meta property=\"og:title\" content=\"Algema com Corrente e Fivelas - Roxo - Isla Sex Shop\" \/>\n<meta property=\"og:description\" content=\"Algema com Corrente e Fivelas - Roxo - Equipadas com fivelas ajust\u00e1veis para um ajuste perfeito, incluem uma corrente remov\u00edvel com fecho de mosquet\u00e3o.\" \/>\n<meta property=\"og:url\" content=\"https:\/\/islasexshop.com.br\/index.php\/produto\/algema-com-corrente-e-fivelas-roxo\/\" \/>\n<meta property=\"og:site_name\" content=\"Isla Sex Shop\" \/>\n<meta property=\"article:publisher\" content=\"https:\/\/www.facebook.com\/boutiqueisla\" \/>\n<meta property=\"article:modified_time\" content=\"2024-10-28T17:42:10+00:00\" \/>\n<meta property=\"og:image\" content=\"https:\/\/islasexshop.com.br\/wp-content\/uploads\/2024\/06\/23595-4.png\" \/>\n\t<meta property=\"og:image:width\" content=\"1500\" \/>\n\t<meta property=\"og:image:height\" content=\"1500\" \/>\n\t<meta property=\"og:image:type\" content=\"image\/png\" \/>\n<meta name=\"twitter:card\" content=\"summary_large_image\" \/>\n<meta name=\"twitter:label1\" content=\"Est. tempo de leitura\" \/>\n\t<meta name=\"twitter:data1\" content=\"1 minuto\" \/>\n<script type=\"application\/ld+json\" class=\"yoast-schema-graph\">{\"@context\":\"https:\/\/schema.org\",\"@graph\":[{\"@type\":\"WebPage\",\"@id\":\"https:\/\/islasexshop.com.br\/index.php\/produto\/algema-com-corrente-e-fivelas-roxo\/\",\"url\":\"https:\/\/islasexshop.com.br\/index.php\/produto\/algema-com-corrente-e-fivelas-roxo\/\",\"name\":\"Algema com Corrente e Fivelas - Roxo - Isla Sex Shop\",\"isPartOf\":{\"@id\":\"https:\/\/islasexshop.com.br\/#website\"},\"primaryImageOfPage\":{\"@id\":\"https:\/\/islasexshop.com.br\/index.php\/produto\/algema-com-corrente-e-fivelas-roxo\/#primaryimage\"},\"image\":{\"@id\":\"https:\/\/islasexshop.com.br\/index.php\/produto\/algema-com-corrente-e-fivelas-roxo\/#primaryimage\"},\"thumbnailUrl\":\"https:\/\/islasexshop.com.br\/wp-content\/uploads\/2024\/06\/23595-4.png\",\"datePublished\":\"2024-06-16T21:25:42+00:00\",\"dateModified\":\"2024-10-28T17:42:10+00:00\",\"description\":\"Algema com Corrente e Fivelas - Roxo - Equipadas com fivelas ajust\u00e1veis para um ajuste perfeito, incluem uma corrente remov\u00edvel com fecho de mosquet\u00e3o.\",\"breadcrumb\":{\"@id\":\"https:\/\/islasexshop.com.br\/index.php\/produto\/algema-com-corrente-e-fivelas-roxo\/#breadcrumb\"},\"inLanguage\":\"pt-BR\",\"potentialAction\":[{\"@type\":\"ReadAction\",\"target\":[\"https:\/\/islasexshop.com.br\/index.php\/produto\/algema-com-corrente-e-fivelas-roxo\/\"]}]},{\"@type\":\"ImageObject\",\"inLanguage\":\"pt-BR\",\"@id\":\"https:\/\/islasexshop.com.br\/index.php\/produto\/algema-com-corrente-e-fivelas-roxo\/#primaryimage\",\"url\":\"https:\/\/islasexshop.com.br\/wp-content\/uploads\/2024\/06\/23595-4.png\",\"contentUrl\":\"https:\/\/islasexshop.com.br\/wp-content\/uploads\/2024\/06\/23595-4.png\",\"width\":1500,\"height\":1500,\"caption\":\"algema-luxo-pelucia-roxo-fivela\"},{\"@type\":\"BreadcrumbList\",\"@id\":\"https:\/\/islasexshop.com.br\/index.php\/produto\/algema-com-corrente-e-fivelas-roxo\/#breadcrumb\",\"itemListElement\":[{\"@type\":\"ListItem\",\"position\":1,\"name\":\"In\u00edcio\",\"item\":\"https:\/\/islasexshop.com.br\/\"},{\"@type\":\"ListItem\",\"position\":2,\"name\":\"Produtos\",\"item\":\"https:\/\/islasexshop.com.br\/index.php\/produtos\/\"},{\"@type\":\"ListItem\",\"position\":3,\"name\":\"Algema com Corrente e Fivelas &#8211; Roxo\"}]},{\"@type\":\"WebSite\",\"@id\":\"https:\/\/islasexshop.com.br\/#website\",\"url\":\"https:\/\/islasexshop.com.br\/\",\"name\":\"Isla Sex Shop\",\"description\":\"Sex Shop Butant\u00e3, Sex Shop Morumbi, Sex Shop Regi\u00e3o\",\"publisher\":{\"@id\":\"https:\/\/islasexshop.com.br\/#organization\"},\"potentialAction\":[{\"@type\":\"SearchAction\",\"target\":{\"@type\":\"EntryPoint\",\"urlTemplate\":\"https:\/\/islasexshop.com.br\/?s={search_term_string}\"},\"query-input\":{\"@type\":\"PropertyValueSpecification\",\"valueRequired\":true,\"valueName\":\"search_term_string\"}}],\"inLanguage\":\"pt-BR\"},{\"@type\":\"Organization\",\"@id\":\"https:\/\/islasexshop.com.br\/#organization\",\"name\":\"Isla Sex Shop\",\"url\":\"https:\/\/islasexshop.com.br\/\",\"logo\":{\"@type\":\"ImageObject\",\"inLanguage\":\"pt-BR\",\"@id\":\"https:\/\/islasexshop.com.br\/#\/schema\/logo\/image\/\",\"url\":\"https:\/\/islasexshop.com.br\/wp-content\/uploads\/2024\/02\/0e4d7c76d6c6e7c24d33fd3338fd3dbf.jpg\",\"contentUrl\":\"https:\/\/islasexshop.com.br\/wp-content\/uploads\/2024\/02\/0e4d7c76d6c6e7c24d33fd3338fd3dbf.jpg\",\"width\":400,\"height\":200,\"caption\":\"Isla Sex Shop\"},\"image\":{\"@id\":\"https:\/\/islasexshop.com.br\/#\/schema\/logo\/image\/\"},\"sameAs\":[\"https:\/\/www.facebook.com\/boutiqueisla\",\"https:\/\/www.instagram.com\/islasensualmorumbi\/\"]}]}<\/script>\n<!-- \/ Yoast SEO plugin. -->","yoast_head_json":{"title":"Algema com Corrente e Fivelas - Roxo - Isla Sex Shop","description":"Algema com Corrente e Fivelas - Roxo - Equipadas com fivelas ajust\u00e1veis para um ajuste perfeito, incluem uma corrente remov\u00edvel com fecho de mosquet\u00e3o.","robots":{"index":"index","follow":"follow","max-snippet":"max-snippet:-1","max-image-preview":"max-image-preview:large","max-video-preview":"max-video-preview:-1"},"canonical":"https:\/\/islasexshop.com.br\/index.php\/produto\/algema-com-corrente-e-fivelas-roxo\/","og_locale":"pt_BR","og_type":"article","og_title":"Algema com Corrente e Fivelas - Roxo - Isla Sex Shop","og_description":"Algema com Corrente e Fivelas - Roxo - Equipadas com fivelas ajust\u00e1veis para um ajuste perfeito, incluem uma corrente remov\u00edvel com fecho de mosquet\u00e3o.","og_url":"https:\/\/islasexshop.com.br\/index.php\/produto\/algema-com-corrente-e-fivelas-roxo\/","og_site_name":"Isla Sex Shop","article_publisher":"https:\/\/www.facebook.com\/boutiqueisla","article_modified_time":"2024-10-28T17:42:10+00:00","og_image":[{"width":1500,"height":1500,"url":"https:\/\/islasexshop.com.br\/wp-content\/uploads\/2024\/06\/23595-4.png","type":"image\/png"}],"twitter_card":"summary_large_image","twitter_misc":{"Est. tempo de leitura":"1 minuto"},"schema":{"@context":"https:\/\/schema.org","@graph":[{"@type":"WebPage","@id":"https:\/\/islasexshop.com.br\/index.php\/produto\/algema-com-corrente-e-fivelas-roxo\/","url":"https:\/\/islasexshop.com.br\/index.php\/produto\/algema-com-corrente-e-fivelas-roxo\/","name":"Algema com Corrente e Fivelas - Roxo - Isla Sex Shop","isPartOf":{"@id":"https:\/\/islasexshop.com.br\/#website"},"primaryImageOfPage":{"@id":"https:\/\/islasexshop.com.br\/index.php\/produto\/algema-com-corrente-e-fivelas-roxo\/#primaryimage"},"image":{"@id":"https:\/\/islasexshop.com.br\/index.php\/produto\/algema-com-corrente-e-fivelas-roxo\/#primaryimage"},"thumbnailUrl":"https:\/\/islasexshop.com.br\/wp-content\/uploads\/2024\/06\/23595-4.png","datePublished":"2024-06-16T21:25:42+00:00","dateModified":"2024-10-28T17:42:10+00:00","description":"Algema com Corrente e Fivelas - Roxo - Equipadas com fivelas ajust\u00e1veis para um ajuste perfeito, incluem uma corrente remov\u00edvel com fecho de mosquet\u00e3o.","breadcrumb":{"@id":"https:\/\/islasexshop.com.br\/index.php\/produto\/algema-com-corrente-e-fivelas-roxo\/#breadcrumb"},"inLanguage":"pt-BR","potentialAction":[{"@type":"ReadAction","target":["https:\/\/islasexshop.com.br\/index.php\/produto\/algema-com-corrente-e-fivelas-roxo\/"]}]},{"@type":"ImageObject","inLanguage":"pt-BR","@id":"https:\/\/islasexshop.com.br\/index.php\/produto\/algema-com-corrente-e-fivelas-roxo\/#primaryimage","url":"https:\/\/islasexshop.com.br\/wp-content\/uploads\/2024\/06\/23595-4.png","contentUrl":"https:\/\/islasexshop.com.br\/wp-content\/uploads\/2024\/06\/23595-4.png","width":1500,"height":1500,"caption":"algema-luxo-pelucia-roxo-fivela"},{"@type":"BreadcrumbList","@id":"https:\/\/islasexshop.com.br\/index.php\/produto\/algema-com-corrente-e-fivelas-roxo\/#breadcrumb","itemListElement":[{"@type":"ListItem","position":1,"name":"In\u00edcio","item":"https:\/\/islasexshop.com.br\/"},{"@type":"ListItem","position":2,"name":"Produtos","item":"https:\/\/islasexshop.com.br\/index.php\/produtos\/"},{"@type":"ListItem","position":3,"name":"Algema com Corrente e Fivelas &#8211; Roxo"}]},{"@type":"WebSite","@id":"https:\/\/islasexshop.com.br\/#website","url":"https:\/\/islasexshop.com.br\/","name":"Isla Sex Shop","description":"Sex Shop Butant\u00e3, Sex Shop Morumbi, Sex Shop Regi\u00e3o","publisher":{"@id":"https:\/\/islasexshop.com.br\/#organization"},"potentialAction":[{"@type":"SearchAction","target":{"@type":"EntryPoint","urlTemplate":"https:\/\/islasexshop.com.br\/?s={search_term_string}"},"query-input":{"@type":"PropertyValueSpecification","valueRequired":true,"valueName":"search_term_string"}}],"inLanguage":"pt-BR"},{"@type":"Organization","@id":"https:\/\/islasexshop.com.br\/#organization","name":"Isla Sex Shop","url":"https:\/\/islasexshop.com.br\/","logo":{"@type":"ImageObject","inLanguage":"pt-BR","@id":"https:\/\/islasexshop.com.br\/#\/schema\/logo\/image\/","url":"https:\/\/islasexshop.com.br\/wp-content\/uploads\/2024\/02\/0e4d7c76d6c6e7c24d33fd3338fd3dbf.jpg","contentUrl":"https:\/\/islasexshop.com.br\/wp-content\/uploads\/2024\/02\/0e4d7c76d6c6e7c24d33fd3338fd3dbf.jpg","width":400,"height":200,"caption":"Isla Sex Shop"},"image":{"@id":"https:\/\/islasexshop.com.br\/#\/schema\/logo\/image\/"},"sameAs":["https:\/\/www.facebook.com\/boutiqueisla","https:\/\/www.instagram.com\/islasensualmorumbi\/"]}]}},"_links":{"self":[{"href":"https:\/\/islasexshop.com.br\/index.php\/wp-json\/wp\/v2\/product\/3378"}],"collection":[{"href":"https:\/\/islasexshop.com.br\/index.php\/wp-json\/wp\/v2\/product"}],"about":[{"href":"https:\/\/islasexshop.com.br\/index.php\/wp-json\/wp\/v2\/types\/product"}],"replies":[{"embeddable":true,"href":"https:\/\/islasexshop.com.br\/index.php\/wp-json\/wp\/v2\/comments?post=3378"}],"version-history":[{"count":1,"href":"https:\/\/islasexshop.com.br\/index.php\/wp-json\/wp\/v2\/product\/3378\/revisions"}],"predecessor-version":[{"id":3383,"href":"https:\/\/islasexshop.com.br\/index.php\/wp-json\/wp\/v2\/product\/3378\/revisions\/3383"}],"wp:featuredmedia":[{"embeddable":true,"href":"https:\/\/islasexshop.com.br\/index.php\/wp-json\/wp\/v2\/media\/3380"}],"wp:attachment":[{"href":"https:\/\/islasexshop.com.br\/index.php\/wp-json\/wp\/v2\/media?parent=3378"}],"wp:term":[{"taxonomy":"product_cat","embeddable":true,"href":"https:\/\/islasexshop.com.br\/index.php\/wp-json\/wp\/v2\/product_cat?post=3378"},{"taxonomy":"product_tag","embeddable":true,"href":"https:\/\/islasexshop.com.br\/index.php\/wp-json\/wp\/v2\/product_tag?post=3378"}],"curies":[{"name":"wp","href":"https:\/\/api.w.org\/{rel}","templated":true}]}}