{"id":3207,"date":"2024-05-10T12:56:55","date_gmt":"2024-05-10T15:56:55","guid":{"rendered":"https:\/\/islasexshop.com.br\/?post_type=product&#038;p=3207"},"modified":"2025-03-05T13:27:30","modified_gmt":"2025-03-05T16:27:30","slug":"anel-peniano-com-estimulador-de-clitoris","status":"publish","type":"product","link":"https:\/\/islasexshop.com.br\/index.php\/produto\/anel-peniano-com-estimulador-de-clitoris\/","title":{"rendered":"Anel Peniano com Estimulador de Clit\u00f3ris"},"content":{"rendered":"\t\t<div data-elementor-type=\"wp-post\" data-elementor-id=\"3207\" class=\"elementor elementor-3207\" data-elementor-post-type=\"product\">\n\t\t\t\t\t\t<section class=\"elementor-section elementor-top-section elementor-element elementor-element-ac74866 elementor-section-boxed elementor-section-height-default elementor-section-height-default\" data-id=\"ac74866\" data-element_type=\"section\">\n\t\t\t\t\t\t<div class=\"elementor-container elementor-column-gap-default\">\n\t\t\t\t\t<div class=\"elementor-column elementor-col-100 elementor-top-column elementor-element elementor-element-00455b3\" data-id=\"00455b3\" data-element_type=\"column\">\n\t\t\t<div class=\"elementor-widget-wrap elementor-element-populated\">\n\t\t\t\t\t\t<section class=\"elementor-section elementor-inner-section elementor-element elementor-element-0b58131 elementor-section-boxed elementor-section-height-default elementor-section-height-default\" data-id=\"0b58131\" data-element_type=\"section\">\n\t\t\t\t\t\t<div class=\"elementor-container elementor-column-gap-default\">\n\t\t\t\t\t<div class=\"elementor-column elementor-col-33 elementor-inner-column elementor-element elementor-element-68d5cd2\" data-id=\"68d5cd2\" data-element_type=\"column\">\n\t\t\t<div class=\"elementor-widget-wrap\">\n\t\t\t\t\t\t\t<\/div>\n\t\t<\/div>\n\t\t\t\t<div class=\"elementor-column elementor-col-33 elementor-inner-column elementor-element elementor-element-e9e37c9\" data-id=\"e9e37c9\" data-element_type=\"column\">\n\t\t\t<div class=\"elementor-widget-wrap elementor-element-populated\">\n\t\t\t\t\t\t<div class=\"elementor-element elementor-element-11028d6 elementor-widget elementor-widget-heading\" data-id=\"11028d6\" data-element_type=\"widget\" data-widget_type=\"heading.default\">\n\t\t\t\t<div class=\"elementor-widget-container\">\n\t\t\t\t\t<h2 class=\"elementor-heading-title elementor-size-default\">Caract\u00e9risticas do Produto<\/h2>\t\t\t\t<\/div>\n\t\t\t\t<\/div>\n\t\t\t\t\t<\/div>\n\t\t<\/div>\n\t\t\t\t<div class=\"elementor-column elementor-col-33 elementor-inner-column elementor-element elementor-element-e35eb49\" data-id=\"e35eb49\" data-element_type=\"column\">\n\t\t\t<div class=\"elementor-widget-wrap\">\n\t\t\t\t\t\t\t<\/div>\n\t\t<\/div>\n\t\t\t\t\t<\/div>\n\t\t<\/section>\n\t\t\t\t<section class=\"elementor-section elementor-inner-section elementor-element elementor-element-a00a4aa elementor-reverse-mobile elementor-section-boxed elementor-section-height-default elementor-section-height-default\" data-id=\"a00a4aa\" data-element_type=\"section\">\n\t\t\t\t\t\t<div class=\"elementor-container elementor-column-gap-no\">\n\t\t\t\t\t<div class=\"elementor-column elementor-col-50 elementor-inner-column elementor-element elementor-element-aebdda8\" data-id=\"aebdda8\" data-element_type=\"column\" data-settings=\"{&quot;background_background&quot;:&quot;classic&quot;}\">\n\t\t\t<div class=\"elementor-widget-wrap elementor-element-populated\">\n\t\t\t\t\t\t<div class=\"elementor-element elementor-element-dc7ae6c elementor-widget elementor-widget-heading\" data-id=\"dc7ae6c\" data-element_type=\"widget\" data-widget_type=\"heading.default\">\n\t\t\t\t<div class=\"elementor-widget-container\">\n\t\t\t\t\t<h4 class=\"elementor-heading-title elementor-size-default\">Anel Peniano c\/ Estimulador de Clit\u00f3ris<\/h4>\t\t\t\t<\/div>\n\t\t\t\t<\/div>\n\t\t\t\t<div class=\"elementor-element elementor-element-7333a85 elementor-widget__width-initial elementor-widget elementor-widget-text-editor\" data-id=\"7333a85\" data-element_type=\"widget\" data-widget_type=\"text-editor.default\">\n\t\t\t\t<div class=\"elementor-widget-container\">\n\t\t\t\t\t\t\t\t\t<p><strong>Modo de uso:<\/strong> Para ligar\/desligar, aperte o bot\u00e3o &#8220;power&#8221; na base do vibrador. Para mudar a vibra\u00e7\u00e3o, basta apertar o bot\u00e3o &#8220;\u2652&#8221;.<\/p><p><strong>Material:<\/strong> Feito com TPE de alta qualidade, garantindo durabilidade e conforto ao toque.<\/p><p><strong>Tipo de bateria:<\/strong> Utiliza bateria LR 41, proporcionando vibra\u00e7\u00f5es potentes e duradouras.<\/p><p><strong>Medidas:<\/strong> Com 7,9 cm de comprimento e 3,3 cm de espessura (medidas aproximadas), este anel peniano \u00e9 projetado para proporcionar m\u00e1ximo prazer.<\/p>\t\t\t\t\t\t\t\t<\/div>\n\t\t\t\t<\/div>\n\t\t\t\t\t<\/div>\n\t\t<\/div>\n\t\t\t\t<div class=\"elementor-column elementor-col-50 elementor-inner-column elementor-element elementor-element-2f2a32e\" data-id=\"2f2a32e\" data-element_type=\"column\">\n\t\t\t<div class=\"elementor-widget-wrap elementor-element-populated\">\n\t\t\t\t\t\t<div class=\"elementor-element elementor-element-eca2fdd elementor-widget elementor-widget-image\" data-id=\"eca2fdd\" data-element_type=\"widget\" data-widget_type=\"image.default\">\n\t\t\t\t<div class=\"elementor-widget-container\">\n\t\t\t\t\t\t\t\t\t\t\t\t\t\t\t<img fetchpriority=\"high\" decoding=\"async\" width=\"1200\" height=\"1200\" src=\"https:\/\/islasexshop.com.br\/wp-content\/uploads\/2024\/05\/24866-4-1200x1200.png\" class=\"attachment-large size-large wp-image-3209\" alt=\"anel-peniano-estimulador-clitoris\" srcset=\"https:\/\/islasexshop.com.br\/wp-content\/uploads\/2024\/05\/24866-4-1200x1200.png 1200w, https:\/\/islasexshop.com.br\/wp-content\/uploads\/2024\/05\/24866-4-300x300.png 300w, https:\/\/islasexshop.com.br\/wp-content\/uploads\/2024\/05\/24866-4-500x500.png 500w, https:\/\/islasexshop.com.br\/wp-content\/uploads\/2024\/05\/24866-4-768x768.png 768w, https:\/\/islasexshop.com.br\/wp-content\/uploads\/2024\/05\/24866-4-150x150.png 150w, https:\/\/islasexshop.com.br\/wp-content\/uploads\/2024\/05\/24866-4-75x75.png 75w, https:\/\/islasexshop.com.br\/wp-content\/uploads\/2024\/05\/24866-4-480x480.png 480w, https:\/\/islasexshop.com.br\/wp-content\/uploads\/2024\/05\/24866-4-1320x1320.png 1320w, https:\/\/islasexshop.com.br\/wp-content\/uploads\/2024\/05\/24866-4-800x800.png 800w, https:\/\/islasexshop.com.br\/wp-content\/uploads\/2024\/05\/24866-4.png 1500w\" sizes=\"(max-width:767px) 480px, (max-width:1200px) 100vw, 1200px\" \/>\t\t\t\t\t\t\t\t\t\t\t\t\t\t\t<\/div>\n\t\t\t\t<\/div>\n\t\t\t\t\t<\/div>\n\t\t<\/div>\n\t\t\t\t\t<\/div>\n\t\t<\/section>\n\t\t\t\t<section class=\"elementor-section elementor-inner-section elementor-element elementor-element-2f52631 elementor-section-boxed elementor-section-height-default elementor-section-height-default\" data-id=\"2f52631\" data-element_type=\"section\">\n\t\t\t\t\t\t<div class=\"elementor-container elementor-column-gap-no\">\n\t\t\t\t\t<div class=\"elementor-column elementor-col-50 elementor-inner-column elementor-element elementor-element-5917191\" data-id=\"5917191\" data-element_type=\"column\">\n\t\t\t<div class=\"elementor-widget-wrap elementor-element-populated\">\n\t\t\t\t\t\t<div class=\"elementor-element elementor-element-af155b1 elementor-widget elementor-widget-image\" data-id=\"af155b1\" data-element_type=\"widget\" data-widget_type=\"image.default\">\n\t\t\t\t<div class=\"elementor-widget-container\">\n\t\t\t\t\t\t\t\t\t\t\t\t\t\t\t<img decoding=\"async\" width=\"1200\" height=\"1200\" src=\"https:\/\/islasexshop.com.br\/wp-content\/uploads\/2024\/05\/24868-4-1200x1200.png\" class=\"attachment-large size-large wp-image-3211\" alt=\"anel-peniano-estimulador-clitoris\" srcset=\"https:\/\/islasexshop.com.br\/wp-content\/uploads\/2024\/05\/24868-4-1200x1200.png 1200w, https:\/\/islasexshop.com.br\/wp-content\/uploads\/2024\/05\/24868-4-300x300.png 300w, https:\/\/islasexshop.com.br\/wp-content\/uploads\/2024\/05\/24868-4-500x500.png 500w, https:\/\/islasexshop.com.br\/wp-content\/uploads\/2024\/05\/24868-4-768x768.png 768w, https:\/\/islasexshop.com.br\/wp-content\/uploads\/2024\/05\/24868-4-150x150.png 150w, https:\/\/islasexshop.com.br\/wp-content\/uploads\/2024\/05\/24868-4-75x75.png 75w, https:\/\/islasexshop.com.br\/wp-content\/uploads\/2024\/05\/24868-4-480x480.png 480w, https:\/\/islasexshop.com.br\/wp-content\/uploads\/2024\/05\/24868-4-1320x1320.png 1320w, https:\/\/islasexshop.com.br\/wp-content\/uploads\/2024\/05\/24868-4-800x800.png 800w, https:\/\/islasexshop.com.br\/wp-content\/uploads\/2024\/05\/24868-4.png 1500w\" sizes=\"(max-width:767px) 480px, (max-width:1200px) 100vw, 1200px\" \/>\t\t\t\t\t\t\t\t\t\t\t\t\t\t\t<\/div>\n\t\t\t\t<\/div>\n\t\t\t\t\t<\/div>\n\t\t<\/div>\n\t\t\t\t<div class=\"elementor-column elementor-col-50 elementor-inner-column elementor-element elementor-element-ccb6eb5\" data-id=\"ccb6eb5\" data-element_type=\"column\" data-settings=\"{&quot;background_background&quot;:&quot;classic&quot;}\">\n\t\t\t<div class=\"elementor-widget-wrap elementor-element-populated\">\n\t\t\t\t\t\t<div class=\"elementor-element elementor-element-9a2a614 elementor-widget elementor-widget-text-editor\" data-id=\"9a2a614\" data-element_type=\"widget\" data-widget_type=\"text-editor.default\">\n\t\t\t\t<div class=\"elementor-widget-container\">\n\t\t\t\t\t\t\t\t\t<p><strong>Higieniza\u00e7\u00e3o:<\/strong> Lave com \u00e1gua e sab\u00e3o neutro antes e ap\u00f3s o uso, evitando molhar o compartimento de recarga. Seque com papel toalha ou deixe secar naturalmente e guarde na embalagem original. Evite compartilhar e exposi\u00e7\u00e3o a temperaturas superiores a 50\u00b0C.<\/p><p><strong>Cuidados:<\/strong> Al\u00e9m de higienizar sempre antes e ap\u00f3s o uso, n\u00e3o compartilhe o produto e mantenha-o fora do alcance de crian\u00e7as. Proteja-o do calor e da luz excessiva e, ap\u00f3s o uso, guarde em uma embalagem de pl\u00e1stico, evitando enrolar em papel.<\/p><p><strong>Recomenda\u00e7\u00f5es:<\/strong> Recomendamos o uso de lubrificante para uma experi\u00eancia ainda mais confort\u00e1vel e prazerosa.<\/p><p>Descubra o prazer sem limites com o Anel Peniano com Estimulador de Clit\u00f3ris da Isla Sex Shop.<\/p>\t\t\t\t\t\t\t\t<\/div>\n\t\t\t\t<\/div>\n\t\t\t\t\t<\/div>\n\t\t<\/div>\n\t\t\t\t\t<\/div>\n\t\t<\/section>\n\t\t\t\t\t<\/div>\n\t\t<\/div>\n\t\t\t\t\t<\/div>\n\t\t<\/section>\n\t\t\t\t<\/div>\n\t\t","protected":false},"excerpt":{"rendered":"<p>Fabricado em silicone, este anel peniano apresenta um estimulador de clit\u00f3ris, proporcionando uma estimula\u00e7\u00e3o intensa durante a rela\u00e7\u00e3o sexual. Com um anel para escroto, oferece conforto e seguran\u00e7a durante o uso.<\/p>\n","protected":false},"featured_media":3208,"comment_status":"open","ping_status":"closed","template":"","meta":[],"product_cat":[165,164,166,163,16,25,26,30],"product_tag":[298,144,299,259],"yoast_head":"<!-- This site is optimized with the Yoast SEO plugin v24.5 - https:\/\/yoast.com\/wordpress\/plugins\/seo\/ -->\n<title>Anel Peniano com Estimulador de Clit\u00f3ris - Isla Sex Shop<\/title>\n<meta name=\"description\" content=\"Anel peniano apresenta um estimulador de clit\u00f3ris, proporcionando uma estimula\u00e7\u00e3o intensa durante a rela\u00e7\u00e3o sexual. Estimulador de Clit\u00f3ris.\" \/>\n<meta name=\"robots\" content=\"index, follow, max-snippet:-1, max-image-preview:large, max-video-preview:-1\" \/>\n<link rel=\"canonical\" href=\"https:\/\/islasexshop.com.br\/index.php\/produto\/anel-peniano-com-estimulador-de-clitoris\/\" \/>\n<meta property=\"og:locale\" content=\"pt_BR\" \/>\n<meta property=\"og:type\" content=\"article\" \/>\n<meta property=\"og:title\" content=\"Anel Peniano com Estimulador de Clit\u00f3ris - Isla Sex Shop\" \/>\n<meta property=\"og:description\" content=\"Anel peniano apresenta um estimulador de clit\u00f3ris, proporcionando uma estimula\u00e7\u00e3o intensa durante a rela\u00e7\u00e3o sexual. Estimulador de Clit\u00f3ris.\" \/>\n<meta property=\"og:url\" content=\"https:\/\/islasexshop.com.br\/index.php\/produto\/anel-peniano-com-estimulador-de-clitoris\/\" \/>\n<meta property=\"og:site_name\" content=\"Isla Sex Shop\" \/>\n<meta property=\"article:publisher\" content=\"https:\/\/www.facebook.com\/boutiqueisla\" \/>\n<meta property=\"article:modified_time\" content=\"2025-03-05T16:27:30+00:00\" \/>\n<meta property=\"og:image\" content=\"https:\/\/islasexshop.com.br\/wp-content\/uploads\/2024\/05\/24867-4.png\" \/>\n\t<meta property=\"og:image:width\" content=\"1500\" \/>\n\t<meta property=\"og:image:height\" content=\"1500\" \/>\n\t<meta property=\"og:image:type\" content=\"image\/png\" \/>\n<meta name=\"twitter:card\" content=\"summary_large_image\" \/>\n<meta name=\"twitter:label1\" content=\"Est. tempo de leitura\" \/>\n\t<meta name=\"twitter:data1\" content=\"2 minutos\" \/>\n<script type=\"application\/ld+json\" class=\"yoast-schema-graph\">{\"@context\":\"https:\/\/schema.org\",\"@graph\":[{\"@type\":\"WebPage\",\"@id\":\"https:\/\/islasexshop.com.br\/index.php\/produto\/anel-peniano-com-estimulador-de-clitoris\/\",\"url\":\"https:\/\/islasexshop.com.br\/index.php\/produto\/anel-peniano-com-estimulador-de-clitoris\/\",\"name\":\"Anel Peniano com Estimulador de Clit\u00f3ris - Isla Sex Shop\",\"isPartOf\":{\"@id\":\"https:\/\/islasexshop.com.br\/#website\"},\"primaryImageOfPage\":{\"@id\":\"https:\/\/islasexshop.com.br\/index.php\/produto\/anel-peniano-com-estimulador-de-clitoris\/#primaryimage\"},\"image\":{\"@id\":\"https:\/\/islasexshop.com.br\/index.php\/produto\/anel-peniano-com-estimulador-de-clitoris\/#primaryimage\"},\"thumbnailUrl\":\"https:\/\/islasexshop.com.br\/wp-content\/uploads\/2024\/05\/24867-4.png\",\"datePublished\":\"2024-05-10T15:56:55+00:00\",\"dateModified\":\"2025-03-05T16:27:30+00:00\",\"description\":\"Anel peniano apresenta um estimulador de clit\u00f3ris, proporcionando uma estimula\u00e7\u00e3o intensa durante a rela\u00e7\u00e3o sexual. Estimulador de Clit\u00f3ris.\",\"breadcrumb\":{\"@id\":\"https:\/\/islasexshop.com.br\/index.php\/produto\/anel-peniano-com-estimulador-de-clitoris\/#breadcrumb\"},\"inLanguage\":\"pt-BR\",\"potentialAction\":[{\"@type\":\"ReadAction\",\"target\":[\"https:\/\/islasexshop.com.br\/index.php\/produto\/anel-peniano-com-estimulador-de-clitoris\/\"]}]},{\"@type\":\"ImageObject\",\"inLanguage\":\"pt-BR\",\"@id\":\"https:\/\/islasexshop.com.br\/index.php\/produto\/anel-peniano-com-estimulador-de-clitoris\/#primaryimage\",\"url\":\"https:\/\/islasexshop.com.br\/wp-content\/uploads\/2024\/05\/24867-4.png\",\"contentUrl\":\"https:\/\/islasexshop.com.br\/wp-content\/uploads\/2024\/05\/24867-4.png\",\"width\":1500,\"height\":1500,\"caption\":\"anel-peniano-estimulador-clitoris\"},{\"@type\":\"BreadcrumbList\",\"@id\":\"https:\/\/islasexshop.com.br\/index.php\/produto\/anel-peniano-com-estimulador-de-clitoris\/#breadcrumb\",\"itemListElement\":[{\"@type\":\"ListItem\",\"position\":1,\"name\":\"In\u00edcio\",\"item\":\"https:\/\/islasexshop.com.br\/\"},{\"@type\":\"ListItem\",\"position\":2,\"name\":\"Produtos\",\"item\":\"https:\/\/islasexshop.com.br\/index.php\/produtos\/\"},{\"@type\":\"ListItem\",\"position\":3,\"name\":\"Anel Peniano com Estimulador de Clit\u00f3ris\"}]},{\"@type\":\"WebSite\",\"@id\":\"https:\/\/islasexshop.com.br\/#website\",\"url\":\"https:\/\/islasexshop.com.br\/\",\"name\":\"Isla Sex Shop\",\"description\":\"Sex Shop Butant\u00e3, Sex Shop Morumbi, Sex Shop Regi\u00e3o\",\"publisher\":{\"@id\":\"https:\/\/islasexshop.com.br\/#organization\"},\"potentialAction\":[{\"@type\":\"SearchAction\",\"target\":{\"@type\":\"EntryPoint\",\"urlTemplate\":\"https:\/\/islasexshop.com.br\/?s={search_term_string}\"},\"query-input\":{\"@type\":\"PropertyValueSpecification\",\"valueRequired\":true,\"valueName\":\"search_term_string\"}}],\"inLanguage\":\"pt-BR\"},{\"@type\":\"Organization\",\"@id\":\"https:\/\/islasexshop.com.br\/#organization\",\"name\":\"Isla Sex Shop\",\"url\":\"https:\/\/islasexshop.com.br\/\",\"logo\":{\"@type\":\"ImageObject\",\"inLanguage\":\"pt-BR\",\"@id\":\"https:\/\/islasexshop.com.br\/#\/schema\/logo\/image\/\",\"url\":\"https:\/\/islasexshop.com.br\/wp-content\/uploads\/2024\/02\/0e4d7c76d6c6e7c24d33fd3338fd3dbf.jpg\",\"contentUrl\":\"https:\/\/islasexshop.com.br\/wp-content\/uploads\/2024\/02\/0e4d7c76d6c6e7c24d33fd3338fd3dbf.jpg\",\"width\":400,\"height\":200,\"caption\":\"Isla Sex Shop\"},\"image\":{\"@id\":\"https:\/\/islasexshop.com.br\/#\/schema\/logo\/image\/\"},\"sameAs\":[\"https:\/\/www.facebook.com\/boutiqueisla\",\"https:\/\/www.instagram.com\/islasensualmorumbi\/\"]}]}<\/script>\n<!-- \/ Yoast SEO plugin. -->","yoast_head_json":{"title":"Anel Peniano com Estimulador de Clit\u00f3ris - Isla Sex Shop","description":"Anel peniano apresenta um estimulador de clit\u00f3ris, proporcionando uma estimula\u00e7\u00e3o intensa durante a rela\u00e7\u00e3o sexual. Estimulador de Clit\u00f3ris.","robots":{"index":"index","follow":"follow","max-snippet":"max-snippet:-1","max-image-preview":"max-image-preview:large","max-video-preview":"max-video-preview:-1"},"canonical":"https:\/\/islasexshop.com.br\/index.php\/produto\/anel-peniano-com-estimulador-de-clitoris\/","og_locale":"pt_BR","og_type":"article","og_title":"Anel Peniano com Estimulador de Clit\u00f3ris - Isla Sex Shop","og_description":"Anel peniano apresenta um estimulador de clit\u00f3ris, proporcionando uma estimula\u00e7\u00e3o intensa durante a rela\u00e7\u00e3o sexual. Estimulador de Clit\u00f3ris.","og_url":"https:\/\/islasexshop.com.br\/index.php\/produto\/anel-peniano-com-estimulador-de-clitoris\/","og_site_name":"Isla Sex Shop","article_publisher":"https:\/\/www.facebook.com\/boutiqueisla","article_modified_time":"2025-03-05T16:27:30+00:00","og_image":[{"width":1500,"height":1500,"url":"https:\/\/islasexshop.com.br\/wp-content\/uploads\/2024\/05\/24867-4.png","type":"image\/png"}],"twitter_card":"summary_large_image","twitter_misc":{"Est. tempo de leitura":"2 minutos"},"schema":{"@context":"https:\/\/schema.org","@graph":[{"@type":"WebPage","@id":"https:\/\/islasexshop.com.br\/index.php\/produto\/anel-peniano-com-estimulador-de-clitoris\/","url":"https:\/\/islasexshop.com.br\/index.php\/produto\/anel-peniano-com-estimulador-de-clitoris\/","name":"Anel Peniano com Estimulador de Clit\u00f3ris - Isla Sex Shop","isPartOf":{"@id":"https:\/\/islasexshop.com.br\/#website"},"primaryImageOfPage":{"@id":"https:\/\/islasexshop.com.br\/index.php\/produto\/anel-peniano-com-estimulador-de-clitoris\/#primaryimage"},"image":{"@id":"https:\/\/islasexshop.com.br\/index.php\/produto\/anel-peniano-com-estimulador-de-clitoris\/#primaryimage"},"thumbnailUrl":"https:\/\/islasexshop.com.br\/wp-content\/uploads\/2024\/05\/24867-4.png","datePublished":"2024-05-10T15:56:55+00:00","dateModified":"2025-03-05T16:27:30+00:00","description":"Anel peniano apresenta um estimulador de clit\u00f3ris, proporcionando uma estimula\u00e7\u00e3o intensa durante a rela\u00e7\u00e3o sexual. Estimulador de Clit\u00f3ris.","breadcrumb":{"@id":"https:\/\/islasexshop.com.br\/index.php\/produto\/anel-peniano-com-estimulador-de-clitoris\/#breadcrumb"},"inLanguage":"pt-BR","potentialAction":[{"@type":"ReadAction","target":["https:\/\/islasexshop.com.br\/index.php\/produto\/anel-peniano-com-estimulador-de-clitoris\/"]}]},{"@type":"ImageObject","inLanguage":"pt-BR","@id":"https:\/\/islasexshop.com.br\/index.php\/produto\/anel-peniano-com-estimulador-de-clitoris\/#primaryimage","url":"https:\/\/islasexshop.com.br\/wp-content\/uploads\/2024\/05\/24867-4.png","contentUrl":"https:\/\/islasexshop.com.br\/wp-content\/uploads\/2024\/05\/24867-4.png","width":1500,"height":1500,"caption":"anel-peniano-estimulador-clitoris"},{"@type":"BreadcrumbList","@id":"https:\/\/islasexshop.com.br\/index.php\/produto\/anel-peniano-com-estimulador-de-clitoris\/#breadcrumb","itemListElement":[{"@type":"ListItem","position":1,"name":"In\u00edcio","item":"https:\/\/islasexshop.com.br\/"},{"@type":"ListItem","position":2,"name":"Produtos","item":"https:\/\/islasexshop.com.br\/index.php\/produtos\/"},{"@type":"ListItem","position":3,"name":"Anel Peniano com Estimulador de Clit\u00f3ris"}]},{"@type":"WebSite","@id":"https:\/\/islasexshop.com.br\/#website","url":"https:\/\/islasexshop.com.br\/","name":"Isla Sex Shop","description":"Sex Shop Butant\u00e3, Sex Shop Morumbi, Sex Shop Regi\u00e3o","publisher":{"@id":"https:\/\/islasexshop.com.br\/#organization"},"potentialAction":[{"@type":"SearchAction","target":{"@type":"EntryPoint","urlTemplate":"https:\/\/islasexshop.com.br\/?s={search_term_string}"},"query-input":{"@type":"PropertyValueSpecification","valueRequired":true,"valueName":"search_term_string"}}],"inLanguage":"pt-BR"},{"@type":"Organization","@id":"https:\/\/islasexshop.com.br\/#organization","name":"Isla Sex Shop","url":"https:\/\/islasexshop.com.br\/","logo":{"@type":"ImageObject","inLanguage":"pt-BR","@id":"https:\/\/islasexshop.com.br\/#\/schema\/logo\/image\/","url":"https:\/\/islasexshop.com.br\/wp-content\/uploads\/2024\/02\/0e4d7c76d6c6e7c24d33fd3338fd3dbf.jpg","contentUrl":"https:\/\/islasexshop.com.br\/wp-content\/uploads\/2024\/02\/0e4d7c76d6c6e7c24d33fd3338fd3dbf.jpg","width":400,"height":200,"caption":"Isla Sex Shop"},"image":{"@id":"https:\/\/islasexshop.com.br\/#\/schema\/logo\/image\/"},"sameAs":["https:\/\/www.facebook.com\/boutiqueisla","https:\/\/www.instagram.com\/islasensualmorumbi\/"]}]}},"_links":{"self":[{"href":"https:\/\/islasexshop.com.br\/index.php\/wp-json\/wp\/v2\/product\/3207"}],"collection":[{"href":"https:\/\/islasexshop.com.br\/index.php\/wp-json\/wp\/v2\/product"}],"about":[{"href":"https:\/\/islasexshop.com.br\/index.php\/wp-json\/wp\/v2\/types\/product"}],"replies":[{"embeddable":true,"href":"https:\/\/islasexshop.com.br\/index.php\/wp-json\/wp\/v2\/comments?post=3207"}],"version-history":[{"count":4,"href":"https:\/\/islasexshop.com.br\/index.php\/wp-json\/wp\/v2\/product\/3207\/revisions"}],"predecessor-version":[{"id":3215,"href":"https:\/\/islasexshop.com.br\/index.php\/wp-json\/wp\/v2\/product\/3207\/revisions\/3215"}],"wp:featuredmedia":[{"embeddable":true,"href":"https:\/\/islasexshop.com.br\/index.php\/wp-json\/wp\/v2\/media\/3208"}],"wp:attachment":[{"href":"https:\/\/islasexshop.com.br\/index.php\/wp-json\/wp\/v2\/media?parent=3207"}],"wp:term":[{"taxonomy":"product_cat","embeddable":true,"href":"https:\/\/islasexshop.com.br\/index.php\/wp-json\/wp\/v2\/product_cat?post=3207"},{"taxonomy":"product_tag","embeddable":true,"href":"https:\/\/islasexshop.com.br\/index.php\/wp-json\/wp\/v2\/product_tag?post=3207"}],"curies":[{"name":"wp","href":"https:\/\/api.w.org\/{rel}","templated":true}]}}