{"id":3126,"date":"2024-05-10T09:18:58","date_gmt":"2024-05-10T12:18:58","guid":{"rendered":"https:\/\/islasexshop.com.br\/?post_type=product&#038;p=3126"},"modified":"2024-08-25T10:09:20","modified_gmt":"2024-08-25T13:09:20","slug":"protese-dupla-penis-realistico-195-x-35cm","status":"publish","type":"product","link":"https:\/\/islasexshop.com.br\/index.php\/produto\/protese-dupla-penis-realistico-195-x-35cm\/","title":{"rendered":"Pr\u00f3tese Dupla &#8211; P\u00eanis Real\u00edstico 19,5 x 3,5cm"},"content":{"rendered":"\t\t<div data-elementor-type=\"wp-post\" data-elementor-id=\"3126\" class=\"elementor elementor-3126\" data-elementor-post-type=\"product\">\n\t\t\t\t\t\t<section class=\"elementor-section elementor-top-section elementor-element elementor-element-ac74866 elementor-section-boxed elementor-section-height-default elementor-section-height-default\" data-id=\"ac74866\" data-element_type=\"section\">\n\t\t\t\t\t\t<div class=\"elementor-container elementor-column-gap-default\">\n\t\t\t\t\t<div class=\"elementor-column elementor-col-100 elementor-top-column elementor-element elementor-element-00455b3\" data-id=\"00455b3\" data-element_type=\"column\">\n\t\t\t<div class=\"elementor-widget-wrap elementor-element-populated\">\n\t\t\t\t\t\t<section class=\"elementor-section elementor-inner-section elementor-element elementor-element-0b58131 elementor-section-boxed elementor-section-height-default elementor-section-height-default\" data-id=\"0b58131\" data-element_type=\"section\">\n\t\t\t\t\t\t<div class=\"elementor-container elementor-column-gap-default\">\n\t\t\t\t\t<div class=\"elementor-column elementor-col-33 elementor-inner-column elementor-element elementor-element-68d5cd2\" data-id=\"68d5cd2\" data-element_type=\"column\">\n\t\t\t<div class=\"elementor-widget-wrap\">\n\t\t\t\t\t\t\t<\/div>\n\t\t<\/div>\n\t\t\t\t<div class=\"elementor-column elementor-col-33 elementor-inner-column elementor-element elementor-element-e9e37c9\" data-id=\"e9e37c9\" data-element_type=\"column\">\n\t\t\t<div class=\"elementor-widget-wrap elementor-element-populated\">\n\t\t\t\t\t\t<div class=\"elementor-element elementor-element-11028d6 elementor-widget elementor-widget-heading\" data-id=\"11028d6\" data-element_type=\"widget\" data-widget_type=\"heading.default\">\n\t\t\t\t<div class=\"elementor-widget-container\">\n\t\t\t\t\t<h2 class=\"elementor-heading-title elementor-size-default\">Caract\u00e9risticas do Produto<\/h2>\t\t\t\t<\/div>\n\t\t\t\t<\/div>\n\t\t\t\t\t<\/div>\n\t\t<\/div>\n\t\t\t\t<div class=\"elementor-column elementor-col-33 elementor-inner-column elementor-element elementor-element-e35eb49\" data-id=\"e35eb49\" data-element_type=\"column\">\n\t\t\t<div class=\"elementor-widget-wrap\">\n\t\t\t\t\t\t\t<\/div>\n\t\t<\/div>\n\t\t\t\t\t<\/div>\n\t\t<\/section>\n\t\t\t\t<section class=\"elementor-section elementor-inner-section elementor-element elementor-element-a00a4aa elementor-reverse-mobile elementor-section-boxed elementor-section-height-default elementor-section-height-default\" data-id=\"a00a4aa\" data-element_type=\"section\">\n\t\t\t\t\t\t<div class=\"elementor-container elementor-column-gap-no\">\n\t\t\t\t\t<div class=\"elementor-column elementor-col-50 elementor-inner-column elementor-element elementor-element-aebdda8\" data-id=\"aebdda8\" data-element_type=\"column\" data-settings=\"{&quot;background_background&quot;:&quot;classic&quot;}\">\n\t\t\t<div class=\"elementor-widget-wrap elementor-element-populated\">\n\t\t\t\t\t\t<div class=\"elementor-element elementor-element-dc7ae6c elementor-widget elementor-widget-heading\" data-id=\"dc7ae6c\" data-element_type=\"widget\" data-widget_type=\"heading.default\">\n\t\t\t\t<div class=\"elementor-widget-container\">\n\t\t\t\t\t<h4 class=\"elementor-heading-title elementor-size-default\">Pr\u00f3tese Real\u00edstica<\/h4>\t\t\t\t<\/div>\n\t\t\t\t<\/div>\n\t\t\t\t<div class=\"elementor-element elementor-element-7333a85 elementor-widget__width-initial elementor-widget elementor-widget-text-editor\" data-id=\"7333a85\" data-element_type=\"widget\" data-widget_type=\"text-editor.default\">\n\t\t\t\t<div class=\"elementor-widget-container\">\n\t\t\t\t\t\t\t\t\t<p>Al\u00e9m disso, o produto possui ventosa para uma fixa\u00e7\u00e3o segura durante o uso.<\/p><p>Feita \u00e0 m\u00e3o para autenticidade, esta pr\u00f3tese pode ser facilmente dobrada para qualquer formato desejado. Basta adicionar um pouco de lubrificante \u00e0 base de \u00e1gua ao eixo realista para elevar seu jogo para um novo n\u00edvel de prazer.<\/p><p><strong>Modo de uso:<\/strong> Antes da penetra\u00e7\u00e3o, \u00e9 recomend\u00e1vel lubrificar para uma experi\u00eancia suave e confort\u00e1vel.<\/p><p><strong>Material:<\/strong> Fabricado em PVC de alta qualidade, garantindo durabilidade e seguran\u00e7a durante o uso.<\/p><p><strong>Medidas:<\/strong> Com 19,5 cm de comprimento total, sendo 15,0 cm de penetr\u00e1vel, e 3,5 cm de di\u00e2metro (medidas aproximadas), esta pr\u00f3tese foi projetada para proporcionar uma experi\u00eancia prazerosa e satisfat\u00f3ria.<\/p>\t\t\t\t\t\t\t\t<\/div>\n\t\t\t\t<\/div>\n\t\t\t\t\t<\/div>\n\t\t<\/div>\n\t\t\t\t<div class=\"elementor-column elementor-col-50 elementor-inner-column elementor-element elementor-element-2f2a32e\" data-id=\"2f2a32e\" data-element_type=\"column\">\n\t\t\t<div class=\"elementor-widget-wrap elementor-element-populated\">\n\t\t\t\t\t\t<div class=\"elementor-element elementor-element-eca2fdd elementor-widget elementor-widget-image\" data-id=\"eca2fdd\" data-element_type=\"widget\" data-widget_type=\"image.default\">\n\t\t\t\t<div class=\"elementor-widget-container\">\n\t\t\t\t\t\t\t\t\t\t\t\t\t\t\t<img fetchpriority=\"high\" decoding=\"async\" width=\"1200\" height=\"1200\" src=\"https:\/\/islasexshop.com.br\/wp-content\/uploads\/2024\/05\/21826-4-1200x1200.png\" class=\"attachment-large size-large wp-image-3132\" alt=\"protese-dupla-realistica\" srcset=\"https:\/\/islasexshop.com.br\/wp-content\/uploads\/2024\/05\/21826-4-1200x1200.png 1200w, https:\/\/islasexshop.com.br\/wp-content\/uploads\/2024\/05\/21826-4-300x300.png 300w, https:\/\/islasexshop.com.br\/wp-content\/uploads\/2024\/05\/21826-4-500x500.png 500w, https:\/\/islasexshop.com.br\/wp-content\/uploads\/2024\/05\/21826-4-768x768.png 768w, https:\/\/islasexshop.com.br\/wp-content\/uploads\/2024\/05\/21826-4-150x150.png 150w, https:\/\/islasexshop.com.br\/wp-content\/uploads\/2024\/05\/21826-4-75x75.png 75w, https:\/\/islasexshop.com.br\/wp-content\/uploads\/2024\/05\/21826-4-480x480.png 480w, https:\/\/islasexshop.com.br\/wp-content\/uploads\/2024\/05\/21826-4-1320x1320.png 1320w, https:\/\/islasexshop.com.br\/wp-content\/uploads\/2024\/05\/21826-4-800x800.png 800w, https:\/\/islasexshop.com.br\/wp-content\/uploads\/2024\/05\/21826-4.png 1500w\" sizes=\"(max-width:767px) 480px, (max-width:1200px) 100vw, 1200px\" \/>\t\t\t\t\t\t\t\t\t\t\t\t\t\t\t<\/div>\n\t\t\t\t<\/div>\n\t\t\t\t\t<\/div>\n\t\t<\/div>\n\t\t\t\t\t<\/div>\n\t\t<\/section>\n\t\t\t\t<section class=\"elementor-section elementor-inner-section elementor-element elementor-element-2f52631 elementor-section-boxed elementor-section-height-default elementor-section-height-default\" data-id=\"2f52631\" data-element_type=\"section\">\n\t\t\t\t\t\t<div class=\"elementor-container elementor-column-gap-no\">\n\t\t\t\t\t<div class=\"elementor-column elementor-col-50 elementor-inner-column elementor-element elementor-element-5917191\" data-id=\"5917191\" data-element_type=\"column\">\n\t\t\t<div class=\"elementor-widget-wrap elementor-element-populated\">\n\t\t\t\t\t\t<div class=\"elementor-element elementor-element-af155b1 elementor-widget elementor-widget-image\" data-id=\"af155b1\" data-element_type=\"widget\" data-widget_type=\"image.default\">\n\t\t\t\t<div class=\"elementor-widget-container\">\n\t\t\t\t\t\t\t\t\t\t\t\t\t\t\t<img decoding=\"async\" width=\"1200\" height=\"1200\" src=\"https:\/\/islasexshop.com.br\/wp-content\/uploads\/2024\/05\/21825-4-1200x1200.png\" class=\"attachment-large size-large wp-image-3131\" alt=\"protese-dupla-realistica\" srcset=\"https:\/\/islasexshop.com.br\/wp-content\/uploads\/2024\/05\/21825-4-1200x1200.png 1200w, https:\/\/islasexshop.com.br\/wp-content\/uploads\/2024\/05\/21825-4-300x300.png 300w, https:\/\/islasexshop.com.br\/wp-content\/uploads\/2024\/05\/21825-4-500x500.png 500w, https:\/\/islasexshop.com.br\/wp-content\/uploads\/2024\/05\/21825-4-768x768.png 768w, https:\/\/islasexshop.com.br\/wp-content\/uploads\/2024\/05\/21825-4-150x150.png 150w, https:\/\/islasexshop.com.br\/wp-content\/uploads\/2024\/05\/21825-4-75x75.png 75w, https:\/\/islasexshop.com.br\/wp-content\/uploads\/2024\/05\/21825-4-480x480.png 480w, https:\/\/islasexshop.com.br\/wp-content\/uploads\/2024\/05\/21825-4-1320x1320.png 1320w, https:\/\/islasexshop.com.br\/wp-content\/uploads\/2024\/05\/21825-4-800x800.png 800w, https:\/\/islasexshop.com.br\/wp-content\/uploads\/2024\/05\/21825-4.png 1500w\" sizes=\"(max-width:767px) 480px, (max-width:1200px) 100vw, 1200px\" \/>\t\t\t\t\t\t\t\t\t\t\t\t\t\t\t<\/div>\n\t\t\t\t<\/div>\n\t\t\t\t\t<\/div>\n\t\t<\/div>\n\t\t\t\t<div class=\"elementor-column elementor-col-50 elementor-inner-column elementor-element elementor-element-ccb6eb5\" data-id=\"ccb6eb5\" data-element_type=\"column\" data-settings=\"{&quot;background_background&quot;:&quot;classic&quot;}\">\n\t\t\t<div class=\"elementor-widget-wrap elementor-element-populated\">\n\t\t\t\t\t\t<div class=\"elementor-element elementor-element-9a2a614 elementor-widget elementor-widget-text-editor\" data-id=\"9a2a614\" data-element_type=\"widget\" data-widget_type=\"text-editor.default\">\n\t\t\t\t<div class=\"elementor-widget-container\">\n\t\t\t\t\t\t\t\t\t<p><strong>Higieniza\u00e7\u00e3o:<\/strong> Ap\u00f3s o uso, guarde na embalagem original, evitando compartilhar e exposi\u00e7\u00e3o a temperaturas superiores a 50\u00b0C.<\/p><p><strong>Cuidados:<\/strong> Al\u00e9m de higienizar sempre antes e ap\u00f3s o uso, mantenha fora do alcance de crian\u00e7as e proteja-o do calor e da luz excessiva.<\/p><p><strong>Recomenda\u00e7\u00f5es:<\/strong> Recomendamos o uso de lubrificante \u00e0 base de \u00e1gua e preservativo para uma experi\u00eancia ainda mais segura e prazerosa.<\/p><p>Descubra o prazer duplicado com a Pr\u00f3tese Dupla &#8211; 19,5 x 3,5cm da Isla Sex Shop. Somos o melhor sexy shop da internet, especialistas em atacado e varejo.<\/p>\t\t\t\t\t\t\t\t<\/div>\n\t\t\t\t<\/div>\n\t\t\t\t\t<\/div>\n\t\t<\/div>\n\t\t\t\t\t<\/div>\n\t\t<\/section>\n\t\t\t\t\t<\/div>\n\t\t<\/div>\n\t\t\t\t\t<\/div>\n\t\t<\/section>\n\t\t\t\t<\/div>\n\t\t","protected":false},"excerpt":{"rendered":"<p>Experimente o dobro de prazer com a Pr\u00f3tese Dupla &#8211; 19,5 x 3,5cm da Isla Sex Shop. Esta pr\u00f3tese \u00e9 feita com material deslizante, com apar\u00eancia semelhante a dois p\u00eanis, utilizando uma tecnologia especial para simular a sensa\u00e7\u00e3o de dois p\u00eanis eretos.<\/p>\n","protected":false},"featured_media":3127,"comment_status":"open","ping_status":"closed","template":"","meta":[],"product_cat":[165,164,26],"product_tag":[290,137,288,289,268,291],"yoast_head":"<!-- This site is optimized with the Yoast SEO plugin v24.5 - https:\/\/yoast.com\/wordpress\/plugins\/seo\/ -->\n<title>Pr\u00f3tese Dupla - P\u00eanis Real\u00edstico 19,5 x 3,5cm - Isla Sex Shop<\/title>\n<meta name=\"description\" content=\"Desfrute de sensa\u00e7\u00f5es intensas com a Pr\u00f3tese com Vibro 3 da Baile. Este vibrador dildo real\u00edstico em formato de p\u00eanis oferece uma experi\u00eancia gostosa.\" \/>\n<meta name=\"robots\" content=\"index, follow, max-snippet:-1, max-image-preview:large, max-video-preview:-1\" \/>\n<link rel=\"canonical\" href=\"https:\/\/islasexshop.com.br\/index.php\/produto\/protese-dupla-penis-realistico-195-x-35cm\/\" \/>\n<meta property=\"og:locale\" content=\"pt_BR\" \/>\n<meta property=\"og:type\" content=\"article\" \/>\n<meta property=\"og:title\" content=\"Pr\u00f3tese Dupla - P\u00eanis Real\u00edstico 19,5 x 3,5cm - Isla Sex Shop\" \/>\n<meta property=\"og:description\" content=\"Desfrute de sensa\u00e7\u00f5es intensas com a Pr\u00f3tese com Vibro 3 da Baile. Este vibrador dildo real\u00edstico em formato de p\u00eanis oferece uma experi\u00eancia gostosa.\" \/>\n<meta property=\"og:url\" content=\"https:\/\/islasexshop.com.br\/index.php\/produto\/protese-dupla-penis-realistico-195-x-35cm\/\" \/>\n<meta property=\"og:site_name\" content=\"Isla Sex Shop\" \/>\n<meta property=\"article:publisher\" content=\"https:\/\/www.facebook.com\/boutiqueisla\" \/>\n<meta property=\"article:modified_time\" content=\"2024-08-25T13:09:20+00:00\" \/>\n<meta property=\"og:image\" content=\"https:\/\/islasexshop.com.br\/wp-content\/uploads\/2024\/05\/21821-4.png\" \/>\n\t<meta property=\"og:image:width\" content=\"1500\" \/>\n\t<meta property=\"og:image:height\" content=\"1500\" \/>\n\t<meta property=\"og:image:type\" content=\"image\/png\" \/>\n<meta name=\"twitter:card\" content=\"summary_large_image\" \/>\n<meta name=\"twitter:label1\" content=\"Est. tempo de leitura\" \/>\n\t<meta name=\"twitter:data1\" content=\"2 minutos\" \/>\n<script type=\"application\/ld+json\" class=\"yoast-schema-graph\">{\"@context\":\"https:\/\/schema.org\",\"@graph\":[{\"@type\":\"WebPage\",\"@id\":\"https:\/\/islasexshop.com.br\/index.php\/produto\/protese-dupla-penis-realistico-195-x-35cm\/\",\"url\":\"https:\/\/islasexshop.com.br\/index.php\/produto\/protese-dupla-penis-realistico-195-x-35cm\/\",\"name\":\"Pr\u00f3tese Dupla - P\u00eanis Real\u00edstico 19,5 x 3,5cm - Isla Sex Shop\",\"isPartOf\":{\"@id\":\"https:\/\/islasexshop.com.br\/#website\"},\"primaryImageOfPage\":{\"@id\":\"https:\/\/islasexshop.com.br\/index.php\/produto\/protese-dupla-penis-realistico-195-x-35cm\/#primaryimage\"},\"image\":{\"@id\":\"https:\/\/islasexshop.com.br\/index.php\/produto\/protese-dupla-penis-realistico-195-x-35cm\/#primaryimage\"},\"thumbnailUrl\":\"https:\/\/islasexshop.com.br\/wp-content\/uploads\/2024\/05\/21821-4.png\",\"datePublished\":\"2024-05-10T12:18:58+00:00\",\"dateModified\":\"2024-08-25T13:09:20+00:00\",\"description\":\"Desfrute de sensa\u00e7\u00f5es intensas com a Pr\u00f3tese com Vibro 3 da Baile. Este vibrador dildo real\u00edstico em formato de p\u00eanis oferece uma experi\u00eancia gostosa.\",\"breadcrumb\":{\"@id\":\"https:\/\/islasexshop.com.br\/index.php\/produto\/protese-dupla-penis-realistico-195-x-35cm\/#breadcrumb\"},\"inLanguage\":\"pt-BR\",\"potentialAction\":[{\"@type\":\"ReadAction\",\"target\":[\"https:\/\/islasexshop.com.br\/index.php\/produto\/protese-dupla-penis-realistico-195-x-35cm\/\"]}]},{\"@type\":\"ImageObject\",\"inLanguage\":\"pt-BR\",\"@id\":\"https:\/\/islasexshop.com.br\/index.php\/produto\/protese-dupla-penis-realistico-195-x-35cm\/#primaryimage\",\"url\":\"https:\/\/islasexshop.com.br\/wp-content\/uploads\/2024\/05\/21821-4.png\",\"contentUrl\":\"https:\/\/islasexshop.com.br\/wp-content\/uploads\/2024\/05\/21821-4.png\",\"width\":1500,\"height\":1500,\"caption\":\"protese-dupla-realistica\"},{\"@type\":\"BreadcrumbList\",\"@id\":\"https:\/\/islasexshop.com.br\/index.php\/produto\/protese-dupla-penis-realistico-195-x-35cm\/#breadcrumb\",\"itemListElement\":[{\"@type\":\"ListItem\",\"position\":1,\"name\":\"In\u00edcio\",\"item\":\"https:\/\/islasexshop.com.br\/\"},{\"@type\":\"ListItem\",\"position\":2,\"name\":\"Produtos\",\"item\":\"https:\/\/islasexshop.com.br\/index.php\/produtos\/\"},{\"@type\":\"ListItem\",\"position\":3,\"name\":\"Pr\u00f3tese Dupla &#8211; P\u00eanis Real\u00edstico 19,5 x 3,5cm\"}]},{\"@type\":\"WebSite\",\"@id\":\"https:\/\/islasexshop.com.br\/#website\",\"url\":\"https:\/\/islasexshop.com.br\/\",\"name\":\"Isla Sex Shop\",\"description\":\"Sex Shop Butant\u00e3, Sex Shop Morumbi, Sex Shop Regi\u00e3o\",\"publisher\":{\"@id\":\"https:\/\/islasexshop.com.br\/#organization\"},\"potentialAction\":[{\"@type\":\"SearchAction\",\"target\":{\"@type\":\"EntryPoint\",\"urlTemplate\":\"https:\/\/islasexshop.com.br\/?s={search_term_string}\"},\"query-input\":{\"@type\":\"PropertyValueSpecification\",\"valueRequired\":true,\"valueName\":\"search_term_string\"}}],\"inLanguage\":\"pt-BR\"},{\"@type\":\"Organization\",\"@id\":\"https:\/\/islasexshop.com.br\/#organization\",\"name\":\"Isla Sex Shop\",\"url\":\"https:\/\/islasexshop.com.br\/\",\"logo\":{\"@type\":\"ImageObject\",\"inLanguage\":\"pt-BR\",\"@id\":\"https:\/\/islasexshop.com.br\/#\/schema\/logo\/image\/\",\"url\":\"https:\/\/islasexshop.com.br\/wp-content\/uploads\/2024\/02\/0e4d7c76d6c6e7c24d33fd3338fd3dbf.jpg\",\"contentUrl\":\"https:\/\/islasexshop.com.br\/wp-content\/uploads\/2024\/02\/0e4d7c76d6c6e7c24d33fd3338fd3dbf.jpg\",\"width\":400,\"height\":200,\"caption\":\"Isla Sex Shop\"},\"image\":{\"@id\":\"https:\/\/islasexshop.com.br\/#\/schema\/logo\/image\/\"},\"sameAs\":[\"https:\/\/www.facebook.com\/boutiqueisla\",\"https:\/\/www.instagram.com\/islasensualmorumbi\/\"]}]}<\/script>\n<!-- \/ Yoast SEO plugin. -->","yoast_head_json":{"title":"Pr\u00f3tese Dupla - P\u00eanis Real\u00edstico 19,5 x 3,5cm - Isla Sex Shop","description":"Desfrute de sensa\u00e7\u00f5es intensas com a Pr\u00f3tese com Vibro 3 da Baile. Este vibrador dildo real\u00edstico em formato de p\u00eanis oferece uma experi\u00eancia gostosa.","robots":{"index":"index","follow":"follow","max-snippet":"max-snippet:-1","max-image-preview":"max-image-preview:large","max-video-preview":"max-video-preview:-1"},"canonical":"https:\/\/islasexshop.com.br\/index.php\/produto\/protese-dupla-penis-realistico-195-x-35cm\/","og_locale":"pt_BR","og_type":"article","og_title":"Pr\u00f3tese Dupla - P\u00eanis Real\u00edstico 19,5 x 3,5cm - Isla Sex Shop","og_description":"Desfrute de sensa\u00e7\u00f5es intensas com a Pr\u00f3tese com Vibro 3 da Baile. Este vibrador dildo real\u00edstico em formato de p\u00eanis oferece uma experi\u00eancia gostosa.","og_url":"https:\/\/islasexshop.com.br\/index.php\/produto\/protese-dupla-penis-realistico-195-x-35cm\/","og_site_name":"Isla Sex Shop","article_publisher":"https:\/\/www.facebook.com\/boutiqueisla","article_modified_time":"2024-08-25T13:09:20+00:00","og_image":[{"width":1500,"height":1500,"url":"https:\/\/islasexshop.com.br\/wp-content\/uploads\/2024\/05\/21821-4.png","type":"image\/png"}],"twitter_card":"summary_large_image","twitter_misc":{"Est. tempo de leitura":"2 minutos"},"schema":{"@context":"https:\/\/schema.org","@graph":[{"@type":"WebPage","@id":"https:\/\/islasexshop.com.br\/index.php\/produto\/protese-dupla-penis-realistico-195-x-35cm\/","url":"https:\/\/islasexshop.com.br\/index.php\/produto\/protese-dupla-penis-realistico-195-x-35cm\/","name":"Pr\u00f3tese Dupla - P\u00eanis Real\u00edstico 19,5 x 3,5cm - Isla Sex Shop","isPartOf":{"@id":"https:\/\/islasexshop.com.br\/#website"},"primaryImageOfPage":{"@id":"https:\/\/islasexshop.com.br\/index.php\/produto\/protese-dupla-penis-realistico-195-x-35cm\/#primaryimage"},"image":{"@id":"https:\/\/islasexshop.com.br\/index.php\/produto\/protese-dupla-penis-realistico-195-x-35cm\/#primaryimage"},"thumbnailUrl":"https:\/\/islasexshop.com.br\/wp-content\/uploads\/2024\/05\/21821-4.png","datePublished":"2024-05-10T12:18:58+00:00","dateModified":"2024-08-25T13:09:20+00:00","description":"Desfrute de sensa\u00e7\u00f5es intensas com a Pr\u00f3tese com Vibro 3 da Baile. Este vibrador dildo real\u00edstico em formato de p\u00eanis oferece uma experi\u00eancia gostosa.","breadcrumb":{"@id":"https:\/\/islasexshop.com.br\/index.php\/produto\/protese-dupla-penis-realistico-195-x-35cm\/#breadcrumb"},"inLanguage":"pt-BR","potentialAction":[{"@type":"ReadAction","target":["https:\/\/islasexshop.com.br\/index.php\/produto\/protese-dupla-penis-realistico-195-x-35cm\/"]}]},{"@type":"ImageObject","inLanguage":"pt-BR","@id":"https:\/\/islasexshop.com.br\/index.php\/produto\/protese-dupla-penis-realistico-195-x-35cm\/#primaryimage","url":"https:\/\/islasexshop.com.br\/wp-content\/uploads\/2024\/05\/21821-4.png","contentUrl":"https:\/\/islasexshop.com.br\/wp-content\/uploads\/2024\/05\/21821-4.png","width":1500,"height":1500,"caption":"protese-dupla-realistica"},{"@type":"BreadcrumbList","@id":"https:\/\/islasexshop.com.br\/index.php\/produto\/protese-dupla-penis-realistico-195-x-35cm\/#breadcrumb","itemListElement":[{"@type":"ListItem","position":1,"name":"In\u00edcio","item":"https:\/\/islasexshop.com.br\/"},{"@type":"ListItem","position":2,"name":"Produtos","item":"https:\/\/islasexshop.com.br\/index.php\/produtos\/"},{"@type":"ListItem","position":3,"name":"Pr\u00f3tese Dupla &#8211; P\u00eanis Real\u00edstico 19,5 x 3,5cm"}]},{"@type":"WebSite","@id":"https:\/\/islasexshop.com.br\/#website","url":"https:\/\/islasexshop.com.br\/","name":"Isla Sex Shop","description":"Sex Shop Butant\u00e3, Sex Shop Morumbi, Sex Shop Regi\u00e3o","publisher":{"@id":"https:\/\/islasexshop.com.br\/#organization"},"potentialAction":[{"@type":"SearchAction","target":{"@type":"EntryPoint","urlTemplate":"https:\/\/islasexshop.com.br\/?s={search_term_string}"},"query-input":{"@type":"PropertyValueSpecification","valueRequired":true,"valueName":"search_term_string"}}],"inLanguage":"pt-BR"},{"@type":"Organization","@id":"https:\/\/islasexshop.com.br\/#organization","name":"Isla Sex Shop","url":"https:\/\/islasexshop.com.br\/","logo":{"@type":"ImageObject","inLanguage":"pt-BR","@id":"https:\/\/islasexshop.com.br\/#\/schema\/logo\/image\/","url":"https:\/\/islasexshop.com.br\/wp-content\/uploads\/2024\/02\/0e4d7c76d6c6e7c24d33fd3338fd3dbf.jpg","contentUrl":"https:\/\/islasexshop.com.br\/wp-content\/uploads\/2024\/02\/0e4d7c76d6c6e7c24d33fd3338fd3dbf.jpg","width":400,"height":200,"caption":"Isla Sex Shop"},"image":{"@id":"https:\/\/islasexshop.com.br\/#\/schema\/logo\/image\/"},"sameAs":["https:\/\/www.facebook.com\/boutiqueisla","https:\/\/www.instagram.com\/islasensualmorumbi\/"]}]}},"_links":{"self":[{"href":"https:\/\/islasexshop.com.br\/index.php\/wp-json\/wp\/v2\/product\/3126"}],"collection":[{"href":"https:\/\/islasexshop.com.br\/index.php\/wp-json\/wp\/v2\/product"}],"about":[{"href":"https:\/\/islasexshop.com.br\/index.php\/wp-json\/wp\/v2\/types\/product"}],"replies":[{"embeddable":true,"href":"https:\/\/islasexshop.com.br\/index.php\/wp-json\/wp\/v2\/comments?post=3126"}],"version-history":[{"count":4,"href":"https:\/\/islasexshop.com.br\/index.php\/wp-json\/wp\/v2\/product\/3126\/revisions"}],"predecessor-version":[{"id":3138,"href":"https:\/\/islasexshop.com.br\/index.php\/wp-json\/wp\/v2\/product\/3126\/revisions\/3138"}],"wp:featuredmedia":[{"embeddable":true,"href":"https:\/\/islasexshop.com.br\/index.php\/wp-json\/wp\/v2\/media\/3127"}],"wp:attachment":[{"href":"https:\/\/islasexshop.com.br\/index.php\/wp-json\/wp\/v2\/media?parent=3126"}],"wp:term":[{"taxonomy":"product_cat","embeddable":true,"href":"https:\/\/islasexshop.com.br\/index.php\/wp-json\/wp\/v2\/product_cat?post=3126"},{"taxonomy":"product_tag","embeddable":true,"href":"https:\/\/islasexshop.com.br\/index.php\/wp-json\/wp\/v2\/product_tag?post=3126"}],"curies":[{"name":"wp","href":"https:\/\/api.w.org\/{rel}","templated":true}]}}