{"id":3075,"date":"2024-05-09T21:23:10","date_gmt":"2024-05-10T00:23:10","guid":{"rendered":"https:\/\/islasexshop.com.br\/?post_type=product&#038;p=3075"},"modified":"2025-03-05T13:24:00","modified_gmt":"2025-03-05T16:24:00","slug":"masturbador-lanterna-mini-dupla-vagina-e-anus","status":"publish","type":"product","link":"https:\/\/islasexshop.com.br\/index.php\/produto\/masturbador-lanterna-mini-dupla-vagina-e-anus\/","title":{"rendered":"Masturbador Lanterna Mini Dupla &#8211; Vagina e \u00c2nus"},"content":{"rendered":"\t\t<div data-elementor-type=\"wp-post\" data-elementor-id=\"3075\" class=\"elementor elementor-3075\" data-elementor-post-type=\"product\">\n\t\t\t\t\t\t<section class=\"elementor-section elementor-top-section elementor-element elementor-element-ac74866 elementor-section-boxed elementor-section-height-default elementor-section-height-default\" data-id=\"ac74866\" data-element_type=\"section\">\n\t\t\t\t\t\t<div class=\"elementor-container elementor-column-gap-default\">\n\t\t\t\t\t<div class=\"elementor-column elementor-col-100 elementor-top-column elementor-element elementor-element-00455b3\" data-id=\"00455b3\" data-element_type=\"column\">\n\t\t\t<div class=\"elementor-widget-wrap elementor-element-populated\">\n\t\t\t\t\t\t<section class=\"elementor-section elementor-inner-section elementor-element elementor-element-0b58131 elementor-section-boxed elementor-section-height-default elementor-section-height-default\" data-id=\"0b58131\" data-element_type=\"section\">\n\t\t\t\t\t\t<div class=\"elementor-container elementor-column-gap-default\">\n\t\t\t\t\t<div class=\"elementor-column elementor-col-33 elementor-inner-column elementor-element elementor-element-68d5cd2\" data-id=\"68d5cd2\" data-element_type=\"column\">\n\t\t\t<div class=\"elementor-widget-wrap\">\n\t\t\t\t\t\t\t<\/div>\n\t\t<\/div>\n\t\t\t\t<div class=\"elementor-column elementor-col-33 elementor-inner-column elementor-element elementor-element-e9e37c9\" data-id=\"e9e37c9\" data-element_type=\"column\">\n\t\t\t<div class=\"elementor-widget-wrap elementor-element-populated\">\n\t\t\t\t\t\t<div class=\"elementor-element elementor-element-11028d6 elementor-widget elementor-widget-heading\" data-id=\"11028d6\" data-element_type=\"widget\" data-widget_type=\"heading.default\">\n\t\t\t\t<div class=\"elementor-widget-container\">\n\t\t\t\t\t<h2 class=\"elementor-heading-title elementor-size-default\">Caract\u00e9risticas do Produto<\/h2>\t\t\t\t<\/div>\n\t\t\t\t<\/div>\n\t\t\t\t\t<\/div>\n\t\t<\/div>\n\t\t\t\t<div class=\"elementor-column elementor-col-33 elementor-inner-column elementor-element elementor-element-e35eb49\" data-id=\"e35eb49\" data-element_type=\"column\">\n\t\t\t<div class=\"elementor-widget-wrap\">\n\t\t\t\t\t\t\t<\/div>\n\t\t<\/div>\n\t\t\t\t\t<\/div>\n\t\t<\/section>\n\t\t\t\t<section class=\"elementor-section elementor-inner-section elementor-element elementor-element-a00a4aa elementor-reverse-mobile elementor-section-boxed elementor-section-height-default elementor-section-height-default\" data-id=\"a00a4aa\" data-element_type=\"section\">\n\t\t\t\t\t\t<div class=\"elementor-container elementor-column-gap-no\">\n\t\t\t\t\t<div class=\"elementor-column elementor-col-50 elementor-inner-column elementor-element elementor-element-aebdda8\" data-id=\"aebdda8\" data-element_type=\"column\" data-settings=\"{&quot;background_background&quot;:&quot;classic&quot;}\">\n\t\t\t<div class=\"elementor-widget-wrap elementor-element-populated\">\n\t\t\t\t\t\t<div class=\"elementor-element elementor-element-dc7ae6c elementor-widget elementor-widget-heading\" data-id=\"dc7ae6c\" data-element_type=\"widget\" data-widget_type=\"heading.default\">\n\t\t\t\t<div class=\"elementor-widget-container\">\n\t\t\t\t\t<h4 class=\"elementor-heading-title elementor-size-default\">Design e Conforto Incompar\u00e1vel<\/h4>\t\t\t\t<\/div>\n\t\t\t\t<\/div>\n\t\t\t\t<div class=\"elementor-element elementor-element-7333a85 elementor-widget__width-initial elementor-widget elementor-widget-text-editor\" data-id=\"7333a85\" data-element_type=\"widget\" data-widget_type=\"text-editor.default\">\n\t\t\t\t<div class=\"elementor-widget-container\">\n\t\t\t\t\t\t\t\t\t<p>Feito com material macio ao toque e design ergon\u00f4mico, este masturbador \u00e9 f\u00e1cil de manusear e proporciona uma estimula\u00e7\u00e3o intensa, garantindo momentos de puro prazer.<\/p><p><strong>Modo de uso:<\/strong> Antes da penetra\u00e7\u00e3o, \u00e9 recomend\u00e1vel lubrificar para uma experi\u00eancia ainda mais suave e confort\u00e1vel.<\/p><p><strong>Material:<\/strong> Fabricado com TPE e ABS de alta qualidade, garantindo durabilidade e seguran\u00e7a durante o uso.<\/p><p><strong>Medidas:<\/strong> Com 17,0 cm de comprimento e 7,5 cm de di\u00e2metro (medidas aproximadas), este masturbador \u00e9 projetado para se ajustar perfeitamente \u00e0s suas necessidades.<\/p>\t\t\t\t\t\t\t\t<\/div>\n\t\t\t\t<\/div>\n\t\t\t\t\t<\/div>\n\t\t<\/div>\n\t\t\t\t<div class=\"elementor-column elementor-col-50 elementor-inner-column elementor-element elementor-element-2f2a32e\" data-id=\"2f2a32e\" data-element_type=\"column\">\n\t\t\t<div class=\"elementor-widget-wrap elementor-element-populated\">\n\t\t\t\t\t\t<div class=\"elementor-element elementor-element-eca2fdd elementor-widget elementor-widget-image\" data-id=\"eca2fdd\" data-element_type=\"widget\" data-widget_type=\"image.default\">\n\t\t\t\t<div class=\"elementor-widget-container\">\n\t\t\t\t\t\t\t\t\t\t\t\t\t\t\t<img fetchpriority=\"high\" decoding=\"async\" width=\"1200\" height=\"1200\" src=\"https:\/\/islasexshop.com.br\/wp-content\/uploads\/2024\/05\/25468-4-1200x1200.png\" class=\"attachment-large size-large wp-image-3088\" alt=\"masturbador-lanterna-vagina-anus\" srcset=\"https:\/\/islasexshop.com.br\/wp-content\/uploads\/2024\/05\/25468-4-1200x1200.png 1200w, https:\/\/islasexshop.com.br\/wp-content\/uploads\/2024\/05\/25468-4-300x300.png 300w, https:\/\/islasexshop.com.br\/wp-content\/uploads\/2024\/05\/25468-4-500x500.png 500w, https:\/\/islasexshop.com.br\/wp-content\/uploads\/2024\/05\/25468-4-768x768.png 768w, https:\/\/islasexshop.com.br\/wp-content\/uploads\/2024\/05\/25468-4-150x150.png 150w, https:\/\/islasexshop.com.br\/wp-content\/uploads\/2024\/05\/25468-4-75x75.png 75w, https:\/\/islasexshop.com.br\/wp-content\/uploads\/2024\/05\/25468-4-480x480.png 480w, https:\/\/islasexshop.com.br\/wp-content\/uploads\/2024\/05\/25468-4-1320x1320.png 1320w, https:\/\/islasexshop.com.br\/wp-content\/uploads\/2024\/05\/25468-4-800x800.png 800w, https:\/\/islasexshop.com.br\/wp-content\/uploads\/2024\/05\/25468-4.png 1500w\" sizes=\"(max-width:767px) 480px, (max-width:1200px) 100vw, 1200px\" \/>\t\t\t\t\t\t\t\t\t\t\t\t\t\t\t<\/div>\n\t\t\t\t<\/div>\n\t\t\t\t\t<\/div>\n\t\t<\/div>\n\t\t\t\t\t<\/div>\n\t\t<\/section>\n\t\t\t\t<section class=\"elementor-section elementor-inner-section elementor-element elementor-element-2f52631 elementor-section-boxed elementor-section-height-default elementor-section-height-default\" data-id=\"2f52631\" data-element_type=\"section\">\n\t\t\t\t\t\t<div class=\"elementor-container elementor-column-gap-no\">\n\t\t\t\t\t<div class=\"elementor-column elementor-col-50 elementor-inner-column elementor-element elementor-element-5917191\" data-id=\"5917191\" data-element_type=\"column\">\n\t\t\t<div class=\"elementor-widget-wrap elementor-element-populated\">\n\t\t\t\t\t\t<div class=\"elementor-element elementor-element-af155b1 elementor-widget elementor-widget-image\" data-id=\"af155b1\" data-element_type=\"widget\" data-widget_type=\"image.default\">\n\t\t\t\t<div class=\"elementor-widget-container\">\n\t\t\t\t\t\t\t\t\t\t\t\t\t\t\t<img decoding=\"async\" width=\"1200\" height=\"1200\" src=\"https:\/\/islasexshop.com.br\/wp-content\/uploads\/2024\/05\/25406-4-1200x1200.png\" class=\"attachment-large size-large wp-image-3084\" alt=\"masturbador-lanterna-vagina\" srcset=\"https:\/\/islasexshop.com.br\/wp-content\/uploads\/2024\/05\/25406-4-1200x1200.png 1200w, https:\/\/islasexshop.com.br\/wp-content\/uploads\/2024\/05\/25406-4-300x300.png 300w, https:\/\/islasexshop.com.br\/wp-content\/uploads\/2024\/05\/25406-4-500x500.png 500w, https:\/\/islasexshop.com.br\/wp-content\/uploads\/2024\/05\/25406-4-768x768.png 768w, https:\/\/islasexshop.com.br\/wp-content\/uploads\/2024\/05\/25406-4-150x150.png 150w, https:\/\/islasexshop.com.br\/wp-content\/uploads\/2024\/05\/25406-4-75x75.png 75w, https:\/\/islasexshop.com.br\/wp-content\/uploads\/2024\/05\/25406-4-480x480.png 480w, https:\/\/islasexshop.com.br\/wp-content\/uploads\/2024\/05\/25406-4-1320x1320.png 1320w, https:\/\/islasexshop.com.br\/wp-content\/uploads\/2024\/05\/25406-4-800x800.png 800w, https:\/\/islasexshop.com.br\/wp-content\/uploads\/2024\/05\/25406-4.png 1500w\" sizes=\"(max-width:767px) 480px, (max-width:1200px) 100vw, 1200px\" \/>\t\t\t\t\t\t\t\t\t\t\t\t\t\t\t<\/div>\n\t\t\t\t<\/div>\n\t\t\t\t\t<\/div>\n\t\t<\/div>\n\t\t\t\t<div class=\"elementor-column elementor-col-50 elementor-inner-column elementor-element elementor-element-ccb6eb5\" data-id=\"ccb6eb5\" data-element_type=\"column\" data-settings=\"{&quot;background_background&quot;:&quot;classic&quot;}\">\n\t\t\t<div class=\"elementor-widget-wrap elementor-element-populated\">\n\t\t\t\t\t\t<div class=\"elementor-element elementor-element-9a2a614 elementor-widget elementor-widget-text-editor\" data-id=\"9a2a614\" data-element_type=\"widget\" data-widget_type=\"text-editor.default\">\n\t\t\t\t<div class=\"elementor-widget-container\">\n\t\t\t\t\t\t\t\t\t<p><strong>Higieniza\u00e7\u00e3o:<\/strong> Para manter a higiene do produto, lave com \u00e1gua e sab\u00e3o neutro antes e ap\u00f3s o uso. Evite molhar o compartimento de recarga. Ap\u00f3s a limpeza, seque com papel toalha ou deixe secar naturalmente e guarde-o na embalagem original.<\/p><p><strong>Cuidados:<\/strong> \u00c9 importante higienizar sempre antes e ap\u00f3s o uso, mantendo o produto fora do alcance de crian\u00e7as e protegido do calor e da luz excessiva. Ap\u00f3s o uso, armazene em uma embalagem de pl\u00e1stico, evitando enrolar em papel.<\/p><p><strong>Recomenda\u00e7\u00f5es:<\/strong> Recomendamos o uso de lubrificante e preservativo para uma experi\u00eancia ainda mais prazerosa e segura.<\/p><p>Descubra o prazer sem limites com o Masturbador Lanterna Mini Dupla &#8211; Vagina e \u00c2nus<\/p>\t\t\t\t\t\t\t\t<\/div>\n\t\t\t\t<\/div>\n\t\t\t\t\t<\/div>\n\t\t<\/div>\n\t\t\t\t\t<\/div>\n\t\t<\/section>\n\t\t\t\t\t<\/div>\n\t\t<\/div>\n\t\t\t\t\t<\/div>\n\t\t<\/section>\n\t\t\t\t<\/div>\n\t\t","protected":false},"excerpt":{"rendered":"<h3>Masturbador Lanterna Mini Dupla &#8211; Vagina e \u00c2nus<\/h3>\n<p>Explore o prazer em dobro com o Masturbador Lanterna Mini Dupla &#8211; Vagina e \u00c2nus &#8211; SI. Este estimulador masculino, com formato de lanterna, oferece uma experi\u00eancia \u00fanica de prazer.<\/p>\n","protected":false},"featured_media":3082,"comment_status":"open","ping_status":"closed","template":"","meta":[],"product_cat":[165,164,166,163,162,25],"product_tag":[286,137,285,287],"yoast_head":"<!-- This site is optimized with the Yoast SEO plugin v24.5 - https:\/\/yoast.com\/wordpress\/plugins\/seo\/ -->\n<title>Masturbador Lanterna Mini Dupla - Vagina e \u00c2nus - Isla Sex Shop<\/title>\n<meta name=\"description\" content=\"Masturbador Lanterna Mini Dupla - Vagina e \u00c2nus - Prazer intenso com o melhor masturbador do mercado. Escolha vagina ou \u00e2nus e goze muito!\" \/>\n<meta name=\"robots\" content=\"index, follow, max-snippet:-1, max-image-preview:large, max-video-preview:-1\" \/>\n<link rel=\"canonical\" href=\"https:\/\/islasexshop.com.br\/index.php\/produto\/masturbador-lanterna-mini-dupla-vagina-e-anus\/\" \/>\n<meta property=\"og:locale\" content=\"pt_BR\" \/>\n<meta property=\"og:type\" content=\"article\" \/>\n<meta property=\"og:title\" content=\"Masturbador Lanterna Mini Dupla - Vagina e \u00c2nus - Isla Sex Shop\" \/>\n<meta property=\"og:description\" content=\"Masturbador Lanterna Mini Dupla - Vagina e \u00c2nus - Prazer intenso com o melhor masturbador do mercado. Escolha vagina ou \u00e2nus e goze muito!\" \/>\n<meta property=\"og:url\" content=\"https:\/\/islasexshop.com.br\/index.php\/produto\/masturbador-lanterna-mini-dupla-vagina-e-anus\/\" \/>\n<meta property=\"og:site_name\" content=\"Isla Sex Shop\" \/>\n<meta property=\"article:publisher\" content=\"https:\/\/www.facebook.com\/boutiqueisla\" \/>\n<meta property=\"article:modified_time\" content=\"2025-03-05T16:24:00+00:00\" \/>\n<meta property=\"og:image\" content=\"https:\/\/islasexshop.com.br\/wp-content\/uploads\/2024\/05\/25466-4.png\" \/>\n\t<meta property=\"og:image:width\" content=\"1500\" \/>\n\t<meta property=\"og:image:height\" content=\"1500\" \/>\n\t<meta property=\"og:image:type\" content=\"image\/png\" \/>\n<meta name=\"twitter:card\" content=\"summary_large_image\" \/>\n<meta name=\"twitter:label1\" content=\"Est. tempo de leitura\" \/>\n\t<meta name=\"twitter:data1\" content=\"2 minutos\" \/>\n<script type=\"application\/ld+json\" class=\"yoast-schema-graph\">{\"@context\":\"https:\/\/schema.org\",\"@graph\":[{\"@type\":\"WebPage\",\"@id\":\"https:\/\/islasexshop.com.br\/index.php\/produto\/masturbador-lanterna-mini-dupla-vagina-e-anus\/\",\"url\":\"https:\/\/islasexshop.com.br\/index.php\/produto\/masturbador-lanterna-mini-dupla-vagina-e-anus\/\",\"name\":\"Masturbador Lanterna Mini Dupla - Vagina e \u00c2nus - Isla Sex Shop\",\"isPartOf\":{\"@id\":\"https:\/\/islasexshop.com.br\/#website\"},\"primaryImageOfPage\":{\"@id\":\"https:\/\/islasexshop.com.br\/index.php\/produto\/masturbador-lanterna-mini-dupla-vagina-e-anus\/#primaryimage\"},\"image\":{\"@id\":\"https:\/\/islasexshop.com.br\/index.php\/produto\/masturbador-lanterna-mini-dupla-vagina-e-anus\/#primaryimage\"},\"thumbnailUrl\":\"https:\/\/islasexshop.com.br\/wp-content\/uploads\/2024\/05\/25466-4.png\",\"datePublished\":\"2024-05-10T00:23:10+00:00\",\"dateModified\":\"2025-03-05T16:24:00+00:00\",\"description\":\"Masturbador Lanterna Mini Dupla - Vagina e \u00c2nus - Prazer intenso com o melhor masturbador do mercado. Escolha vagina ou \u00e2nus e goze muito!\",\"breadcrumb\":{\"@id\":\"https:\/\/islasexshop.com.br\/index.php\/produto\/masturbador-lanterna-mini-dupla-vagina-e-anus\/#breadcrumb\"},\"inLanguage\":\"pt-BR\",\"potentialAction\":[{\"@type\":\"ReadAction\",\"target\":[\"https:\/\/islasexshop.com.br\/index.php\/produto\/masturbador-lanterna-mini-dupla-vagina-e-anus\/\"]}]},{\"@type\":\"ImageObject\",\"inLanguage\":\"pt-BR\",\"@id\":\"https:\/\/islasexshop.com.br\/index.php\/produto\/masturbador-lanterna-mini-dupla-vagina-e-anus\/#primaryimage\",\"url\":\"https:\/\/islasexshop.com.br\/wp-content\/uploads\/2024\/05\/25466-4.png\",\"contentUrl\":\"https:\/\/islasexshop.com.br\/wp-content\/uploads\/2024\/05\/25466-4.png\",\"width\":1500,\"height\":1500,\"caption\":\"masturbador-lanterna\"},{\"@type\":\"BreadcrumbList\",\"@id\":\"https:\/\/islasexshop.com.br\/index.php\/produto\/masturbador-lanterna-mini-dupla-vagina-e-anus\/#breadcrumb\",\"itemListElement\":[{\"@type\":\"ListItem\",\"position\":1,\"name\":\"In\u00edcio\",\"item\":\"https:\/\/islasexshop.com.br\/\"},{\"@type\":\"ListItem\",\"position\":2,\"name\":\"Produtos\",\"item\":\"https:\/\/islasexshop.com.br\/index.php\/produtos\/\"},{\"@type\":\"ListItem\",\"position\":3,\"name\":\"Masturbador Lanterna Mini Dupla &#8211; Vagina e \u00c2nus\"}]},{\"@type\":\"WebSite\",\"@id\":\"https:\/\/islasexshop.com.br\/#website\",\"url\":\"https:\/\/islasexshop.com.br\/\",\"name\":\"Isla Sex Shop\",\"description\":\"Sex Shop Butant\u00e3, Sex Shop Morumbi, Sex Shop Regi\u00e3o\",\"publisher\":{\"@id\":\"https:\/\/islasexshop.com.br\/#organization\"},\"potentialAction\":[{\"@type\":\"SearchAction\",\"target\":{\"@type\":\"EntryPoint\",\"urlTemplate\":\"https:\/\/islasexshop.com.br\/?s={search_term_string}\"},\"query-input\":{\"@type\":\"PropertyValueSpecification\",\"valueRequired\":true,\"valueName\":\"search_term_string\"}}],\"inLanguage\":\"pt-BR\"},{\"@type\":\"Organization\",\"@id\":\"https:\/\/islasexshop.com.br\/#organization\",\"name\":\"Isla Sex Shop\",\"url\":\"https:\/\/islasexshop.com.br\/\",\"logo\":{\"@type\":\"ImageObject\",\"inLanguage\":\"pt-BR\",\"@id\":\"https:\/\/islasexshop.com.br\/#\/schema\/logo\/image\/\",\"url\":\"https:\/\/islasexshop.com.br\/wp-content\/uploads\/2024\/02\/0e4d7c76d6c6e7c24d33fd3338fd3dbf.jpg\",\"contentUrl\":\"https:\/\/islasexshop.com.br\/wp-content\/uploads\/2024\/02\/0e4d7c76d6c6e7c24d33fd3338fd3dbf.jpg\",\"width\":400,\"height\":200,\"caption\":\"Isla Sex Shop\"},\"image\":{\"@id\":\"https:\/\/islasexshop.com.br\/#\/schema\/logo\/image\/\"},\"sameAs\":[\"https:\/\/www.facebook.com\/boutiqueisla\",\"https:\/\/www.instagram.com\/islasensualmorumbi\/\"]}]}<\/script>\n<!-- \/ Yoast SEO plugin. -->","yoast_head_json":{"title":"Masturbador Lanterna Mini Dupla - Vagina e \u00c2nus - Isla Sex Shop","description":"Masturbador Lanterna Mini Dupla - Vagina e \u00c2nus - Prazer intenso com o melhor masturbador do mercado. Escolha vagina ou \u00e2nus e goze muito!","robots":{"index":"index","follow":"follow","max-snippet":"max-snippet:-1","max-image-preview":"max-image-preview:large","max-video-preview":"max-video-preview:-1"},"canonical":"https:\/\/islasexshop.com.br\/index.php\/produto\/masturbador-lanterna-mini-dupla-vagina-e-anus\/","og_locale":"pt_BR","og_type":"article","og_title":"Masturbador Lanterna Mini Dupla - Vagina e \u00c2nus - Isla Sex Shop","og_description":"Masturbador Lanterna Mini Dupla - Vagina e \u00c2nus - Prazer intenso com o melhor masturbador do mercado. Escolha vagina ou \u00e2nus e goze muito!","og_url":"https:\/\/islasexshop.com.br\/index.php\/produto\/masturbador-lanterna-mini-dupla-vagina-e-anus\/","og_site_name":"Isla Sex Shop","article_publisher":"https:\/\/www.facebook.com\/boutiqueisla","article_modified_time":"2025-03-05T16:24:00+00:00","og_image":[{"width":1500,"height":1500,"url":"https:\/\/islasexshop.com.br\/wp-content\/uploads\/2024\/05\/25466-4.png","type":"image\/png"}],"twitter_card":"summary_large_image","twitter_misc":{"Est. tempo de leitura":"2 minutos"},"schema":{"@context":"https:\/\/schema.org","@graph":[{"@type":"WebPage","@id":"https:\/\/islasexshop.com.br\/index.php\/produto\/masturbador-lanterna-mini-dupla-vagina-e-anus\/","url":"https:\/\/islasexshop.com.br\/index.php\/produto\/masturbador-lanterna-mini-dupla-vagina-e-anus\/","name":"Masturbador Lanterna Mini Dupla - Vagina e \u00c2nus - Isla Sex Shop","isPartOf":{"@id":"https:\/\/islasexshop.com.br\/#website"},"primaryImageOfPage":{"@id":"https:\/\/islasexshop.com.br\/index.php\/produto\/masturbador-lanterna-mini-dupla-vagina-e-anus\/#primaryimage"},"image":{"@id":"https:\/\/islasexshop.com.br\/index.php\/produto\/masturbador-lanterna-mini-dupla-vagina-e-anus\/#primaryimage"},"thumbnailUrl":"https:\/\/islasexshop.com.br\/wp-content\/uploads\/2024\/05\/25466-4.png","datePublished":"2024-05-10T00:23:10+00:00","dateModified":"2025-03-05T16:24:00+00:00","description":"Masturbador Lanterna Mini Dupla - Vagina e \u00c2nus - Prazer intenso com o melhor masturbador do mercado. Escolha vagina ou \u00e2nus e goze muito!","breadcrumb":{"@id":"https:\/\/islasexshop.com.br\/index.php\/produto\/masturbador-lanterna-mini-dupla-vagina-e-anus\/#breadcrumb"},"inLanguage":"pt-BR","potentialAction":[{"@type":"ReadAction","target":["https:\/\/islasexshop.com.br\/index.php\/produto\/masturbador-lanterna-mini-dupla-vagina-e-anus\/"]}]},{"@type":"ImageObject","inLanguage":"pt-BR","@id":"https:\/\/islasexshop.com.br\/index.php\/produto\/masturbador-lanterna-mini-dupla-vagina-e-anus\/#primaryimage","url":"https:\/\/islasexshop.com.br\/wp-content\/uploads\/2024\/05\/25466-4.png","contentUrl":"https:\/\/islasexshop.com.br\/wp-content\/uploads\/2024\/05\/25466-4.png","width":1500,"height":1500,"caption":"masturbador-lanterna"},{"@type":"BreadcrumbList","@id":"https:\/\/islasexshop.com.br\/index.php\/produto\/masturbador-lanterna-mini-dupla-vagina-e-anus\/#breadcrumb","itemListElement":[{"@type":"ListItem","position":1,"name":"In\u00edcio","item":"https:\/\/islasexshop.com.br\/"},{"@type":"ListItem","position":2,"name":"Produtos","item":"https:\/\/islasexshop.com.br\/index.php\/produtos\/"},{"@type":"ListItem","position":3,"name":"Masturbador Lanterna Mini Dupla &#8211; Vagina e \u00c2nus"}]},{"@type":"WebSite","@id":"https:\/\/islasexshop.com.br\/#website","url":"https:\/\/islasexshop.com.br\/","name":"Isla Sex Shop","description":"Sex Shop Butant\u00e3, Sex Shop Morumbi, Sex Shop Regi\u00e3o","publisher":{"@id":"https:\/\/islasexshop.com.br\/#organization"},"potentialAction":[{"@type":"SearchAction","target":{"@type":"EntryPoint","urlTemplate":"https:\/\/islasexshop.com.br\/?s={search_term_string}"},"query-input":{"@type":"PropertyValueSpecification","valueRequired":true,"valueName":"search_term_string"}}],"inLanguage":"pt-BR"},{"@type":"Organization","@id":"https:\/\/islasexshop.com.br\/#organization","name":"Isla Sex Shop","url":"https:\/\/islasexshop.com.br\/","logo":{"@type":"ImageObject","inLanguage":"pt-BR","@id":"https:\/\/islasexshop.com.br\/#\/schema\/logo\/image\/","url":"https:\/\/islasexshop.com.br\/wp-content\/uploads\/2024\/02\/0e4d7c76d6c6e7c24d33fd3338fd3dbf.jpg","contentUrl":"https:\/\/islasexshop.com.br\/wp-content\/uploads\/2024\/02\/0e4d7c76d6c6e7c24d33fd3338fd3dbf.jpg","width":400,"height":200,"caption":"Isla Sex Shop"},"image":{"@id":"https:\/\/islasexshop.com.br\/#\/schema\/logo\/image\/"},"sameAs":["https:\/\/www.facebook.com\/boutiqueisla","https:\/\/www.instagram.com\/islasensualmorumbi\/"]}]}},"_links":{"self":[{"href":"https:\/\/islasexshop.com.br\/index.php\/wp-json\/wp\/v2\/product\/3075"}],"collection":[{"href":"https:\/\/islasexshop.com.br\/index.php\/wp-json\/wp\/v2\/product"}],"about":[{"href":"https:\/\/islasexshop.com.br\/index.php\/wp-json\/wp\/v2\/types\/product"}],"replies":[{"embeddable":true,"href":"https:\/\/islasexshop.com.br\/index.php\/wp-json\/wp\/v2\/comments?post=3075"}],"version-history":[{"count":4,"href":"https:\/\/islasexshop.com.br\/index.php\/wp-json\/wp\/v2\/product\/3075\/revisions"}],"predecessor-version":[{"id":3093,"href":"https:\/\/islasexshop.com.br\/index.php\/wp-json\/wp\/v2\/product\/3075\/revisions\/3093"}],"wp:featuredmedia":[{"embeddable":true,"href":"https:\/\/islasexshop.com.br\/index.php\/wp-json\/wp\/v2\/media\/3082"}],"wp:attachment":[{"href":"https:\/\/islasexshop.com.br\/index.php\/wp-json\/wp\/v2\/media?parent=3075"}],"wp:term":[{"taxonomy":"product_cat","embeddable":true,"href":"https:\/\/islasexshop.com.br\/index.php\/wp-json\/wp\/v2\/product_cat?post=3075"},{"taxonomy":"product_tag","embeddable":true,"href":"https:\/\/islasexshop.com.br\/index.php\/wp-json\/wp\/v2\/product_tag?post=3075"}],"curies":[{"name":"wp","href":"https:\/\/api.w.org\/{rel}","templated":true}]}}