{"id":2973,"date":"2024-03-27T10:53:33","date_gmt":"2024-03-27T13:53:33","guid":{"rendered":"https:\/\/islasexshop.com.br\/?post_type=product&#038;p=2973"},"modified":"2024-05-10T21:45:25","modified_gmt":"2024-05-11T00:45:25","slug":"tapa-olhos-sexy-dominatrixxx-vermelho","status":"publish","type":"product","link":"https:\/\/islasexshop.com.br\/index.php\/produto\/tapa-olhos-sexy-dominatrixxx-vermelho\/","title":{"rendered":"Tapa Olhos Sexy Dominatrixxx &#8211; Vermelho"},"content":{"rendered":"\t\t<div data-elementor-type=\"wp-post\" data-elementor-id=\"2973\" class=\"elementor elementor-2973\" data-elementor-post-type=\"product\">\n\t\t\t\t\t\t<section class=\"elementor-section elementor-top-section elementor-element elementor-element-ac74866 elementor-section-boxed elementor-section-height-default elementor-section-height-default\" data-id=\"ac74866\" data-element_type=\"section\">\n\t\t\t\t\t\t<div class=\"elementor-container elementor-column-gap-default\">\n\t\t\t\t\t<div class=\"elementor-column elementor-col-100 elementor-top-column elementor-element elementor-element-00455b3\" data-id=\"00455b3\" data-element_type=\"column\">\n\t\t\t<div class=\"elementor-widget-wrap elementor-element-populated\">\n\t\t\t\t\t\t<section class=\"elementor-section elementor-inner-section elementor-element elementor-element-0b58131 elementor-section-boxed elementor-section-height-default elementor-section-height-default\" data-id=\"0b58131\" data-element_type=\"section\">\n\t\t\t\t\t\t<div class=\"elementor-container elementor-column-gap-default\">\n\t\t\t\t\t<div class=\"elementor-column elementor-col-33 elementor-inner-column elementor-element elementor-element-68d5cd2\" data-id=\"68d5cd2\" data-element_type=\"column\">\n\t\t\t<div class=\"elementor-widget-wrap\">\n\t\t\t\t\t\t\t<\/div>\n\t\t<\/div>\n\t\t\t\t<div class=\"elementor-column elementor-col-33 elementor-inner-column elementor-element elementor-element-e9e37c9\" data-id=\"e9e37c9\" data-element_type=\"column\">\n\t\t\t<div class=\"elementor-widget-wrap elementor-element-populated\">\n\t\t\t\t\t\t<div class=\"elementor-element elementor-element-11028d6 elementor-widget elementor-widget-heading\" data-id=\"11028d6\" data-element_type=\"widget\" data-widget_type=\"heading.default\">\n\t\t\t\t<div class=\"elementor-widget-container\">\n\t\t\t\t\t<h2 class=\"elementor-heading-title elementor-size-default\">Caract\u00e9risticas do Produto<\/h2>\t\t\t\t<\/div>\n\t\t\t\t<\/div>\n\t\t\t\t\t<\/div>\n\t\t<\/div>\n\t\t\t\t<div class=\"elementor-column elementor-col-33 elementor-inner-column elementor-element elementor-element-e35eb49\" data-id=\"e35eb49\" data-element_type=\"column\">\n\t\t\t<div class=\"elementor-widget-wrap\">\n\t\t\t\t\t\t\t<\/div>\n\t\t<\/div>\n\t\t\t\t\t<\/div>\n\t\t<\/section>\n\t\t\t\t<section class=\"elementor-section elementor-inner-section elementor-element elementor-element-a00a4aa elementor-reverse-mobile elementor-section-boxed elementor-section-height-default elementor-section-height-default\" data-id=\"a00a4aa\" data-element_type=\"section\">\n\t\t\t\t\t\t<div class=\"elementor-container elementor-column-gap-no\">\n\t\t\t\t\t<div class=\"elementor-column elementor-col-50 elementor-inner-column elementor-element elementor-element-aebdda8\" data-id=\"aebdda8\" data-element_type=\"column\" data-settings=\"{&quot;background_background&quot;:&quot;classic&quot;}\">\n\t\t\t<div class=\"elementor-widget-wrap elementor-element-populated\">\n\t\t\t\t\t\t<div class=\"elementor-element elementor-element-dc7ae6c elementor-widget elementor-widget-heading\" data-id=\"dc7ae6c\" data-element_type=\"widget\" data-widget_type=\"heading.default\">\n\t\t\t\t<div class=\"elementor-widget-container\">\n\t\t\t\t\t<h4 class=\"elementor-heading-title elementor-size-default\">Design e Conforto Incompar\u00e1vel<\/h4>\t\t\t\t<\/div>\n\t\t\t\t<\/div>\n\t\t\t\t<div class=\"elementor-element elementor-element-7333a85 elementor-widget__width-initial elementor-widget elementor-widget-text-editor\" data-id=\"7333a85\" data-element_type=\"widget\" data-widget_type=\"text-editor.default\">\n\t\t\t\t<div class=\"elementor-widget-container\">\n\t\t\t\t\t\t\t\t\t<p>Feito com materiais de alta qualidade, o Tapa Olhos Sexy Dominatrixxx envolve suavemente os seus olhos, mantendo um conforto excepcional mesmo durante os momentos mais intensos de paix\u00e3o. Sua cor vermelha vibrante n\u00e3o apenas adiciona um toque de eleg\u00e2ncia e mist\u00e9rio, mas tamb\u00e9m simboliza o amor e a paix\u00e3o, tornando-o o acess\u00f3rio perfeito para noites inesquec\u00edveis.<\/p><h4>Explore Novas Sensa\u00e7\u00f5es<\/h4><p>Ao bloquear a luz e restringir a vis\u00e3o, este tapa olhos aumenta as outras sensa\u00e7\u00f5es, tornando cada toque, sussurro e aroma intensamente mais prazeroso. \u00c9 a escolha perfeita para casais que desejam adicionar um elemento de surpresa e excita\u00e7\u00e3o \u00e0s suas experi\u00eancias \u00edntimas.<\/p><h4>Versatilidade e Durabilidade<\/h4><p>Al\u00e9m de seu uso prim\u00e1rio, o <strong>Tapa Olhos Sexy Dominatrixxx &#8211; Vermelho<\/strong> \u00e9 vers\u00e1til o suficiente para ser utilizado em v\u00e1rias ocasi\u00f5es, seja para garantir uma boa noite de sono, medita\u00e7\u00e3o ou como parte de sua fantasia favorita. Sua constru\u00e7\u00e3o robusta garante que possa ser desfrutado repetidas vezes, sempre mantendo sua forma e cor vibrante.<\/p>\t\t\t\t\t\t\t\t<\/div>\n\t\t\t\t<\/div>\n\t\t\t\t\t<\/div>\n\t\t<\/div>\n\t\t\t\t<div class=\"elementor-column elementor-col-50 elementor-inner-column elementor-element elementor-element-2f2a32e\" data-id=\"2f2a32e\" data-element_type=\"column\">\n\t\t\t<div class=\"elementor-widget-wrap elementor-element-populated\">\n\t\t\t\t\t\t<div class=\"elementor-element elementor-element-eca2fdd elementor-widget elementor-widget-image\" data-id=\"eca2fdd\" data-element_type=\"widget\" data-widget_type=\"image.default\">\n\t\t\t\t<div class=\"elementor-widget-container\">\n\t\t\t\t\t\t\t\t\t\t\t\t\t\t\t<img fetchpriority=\"high\" decoding=\"async\" width=\"1200\" height=\"1200\" src=\"https:\/\/islasexshop.com.br\/wp-content\/uploads\/2024\/03\/1-78-1200x1200.png\" class=\"attachment-large size-large wp-image-2966\" alt=\"\" srcset=\"https:\/\/islasexshop.com.br\/wp-content\/uploads\/2024\/03\/1-78-1200x1200.png 1200w, https:\/\/islasexshop.com.br\/wp-content\/uploads\/2024\/03\/1-78-300x300.png 300w, https:\/\/islasexshop.com.br\/wp-content\/uploads\/2024\/03\/1-78-500x500.png 500w, https:\/\/islasexshop.com.br\/wp-content\/uploads\/2024\/03\/1-78-768x768.png 768w, https:\/\/islasexshop.com.br\/wp-content\/uploads\/2024\/03\/1-78-150x150.png 150w, https:\/\/islasexshop.com.br\/wp-content\/uploads\/2024\/03\/1-78-75x75.png 75w, https:\/\/islasexshop.com.br\/wp-content\/uploads\/2024\/03\/1-78-480x480.png 480w, https:\/\/islasexshop.com.br\/wp-content\/uploads\/2024\/03\/1-78-1320x1320.png 1320w, https:\/\/islasexshop.com.br\/wp-content\/uploads\/2024\/03\/1-78-800x800.png 800w, https:\/\/islasexshop.com.br\/wp-content\/uploads\/2024\/03\/1-78.png 1500w\" sizes=\"(max-width:767px) 480px, (max-width:1200px) 100vw, 1200px\" \/>\t\t\t\t\t\t\t\t\t\t\t\t\t\t\t<\/div>\n\t\t\t\t<\/div>\n\t\t\t\t\t<\/div>\n\t\t<\/div>\n\t\t\t\t\t<\/div>\n\t\t<\/section>\n\t\t\t\t<section class=\"elementor-section elementor-inner-section elementor-element elementor-element-2f52631 elementor-section-boxed elementor-section-height-default elementor-section-height-default\" data-id=\"2f52631\" data-element_type=\"section\">\n\t\t\t\t\t\t<div class=\"elementor-container elementor-column-gap-no\">\n\t\t\t\t\t<div class=\"elementor-column elementor-col-50 elementor-inner-column elementor-element elementor-element-5917191\" data-id=\"5917191\" data-element_type=\"column\">\n\t\t\t<div class=\"elementor-widget-wrap elementor-element-populated\">\n\t\t\t\t\t\t<div class=\"elementor-element elementor-element-af155b1 elementor-widget elementor-widget-image\" data-id=\"af155b1\" data-element_type=\"widget\" data-widget_type=\"image.default\">\n\t\t\t\t<div class=\"elementor-widget-container\">\n\t\t\t\t\t\t\t\t\t\t\t\t\t\t\t<img decoding=\"async\" width=\"1200\" height=\"1200\" src=\"https:\/\/islasexshop.com.br\/wp-content\/uploads\/2024\/03\/2-75-1200x1200.png\" class=\"attachment-large size-large wp-image-2967\" alt=\"\" srcset=\"https:\/\/islasexshop.com.br\/wp-content\/uploads\/2024\/03\/2-75-1200x1200.png 1200w, https:\/\/islasexshop.com.br\/wp-content\/uploads\/2024\/03\/2-75-300x300.png 300w, https:\/\/islasexshop.com.br\/wp-content\/uploads\/2024\/03\/2-75-500x500.png 500w, https:\/\/islasexshop.com.br\/wp-content\/uploads\/2024\/03\/2-75-768x768.png 768w, https:\/\/islasexshop.com.br\/wp-content\/uploads\/2024\/03\/2-75-150x150.png 150w, https:\/\/islasexshop.com.br\/wp-content\/uploads\/2024\/03\/2-75-75x75.png 75w, https:\/\/islasexshop.com.br\/wp-content\/uploads\/2024\/03\/2-75-480x480.png 480w, https:\/\/islasexshop.com.br\/wp-content\/uploads\/2024\/03\/2-75-1320x1320.png 1320w, https:\/\/islasexshop.com.br\/wp-content\/uploads\/2024\/03\/2-75-800x800.png 800w, https:\/\/islasexshop.com.br\/wp-content\/uploads\/2024\/03\/2-75.png 1500w\" sizes=\"(max-width:767px) 480px, (max-width:1200px) 100vw, 1200px\" \/>\t\t\t\t\t\t\t\t\t\t\t\t\t\t\t<\/div>\n\t\t\t\t<\/div>\n\t\t\t\t\t<\/div>\n\t\t<\/div>\n\t\t\t\t<div class=\"elementor-column elementor-col-50 elementor-inner-column elementor-element elementor-element-ccb6eb5\" data-id=\"ccb6eb5\" data-element_type=\"column\" data-settings=\"{&quot;background_background&quot;:&quot;classic&quot;}\">\n\t\t\t<div class=\"elementor-widget-wrap elementor-element-populated\">\n\t\t\t\t\t\t<div class=\"elementor-element elementor-element-9a2a614 elementor-widget elementor-widget-text-editor\" data-id=\"9a2a614\" data-element_type=\"widget\" data-widget_type=\"text-editor.default\">\n\t\t\t\t<div class=\"elementor-widget-container\">\n\t\t\t\t\t\t\t\t\t<h4>Por Que Escolher o Tapa Olhos Sexy Dominatrixxx?<\/h4><ul><li><strong>Intensifica Experi\u00eancias Sensoriais<\/strong>: Aumente o suspense e a expectativa com cada toque, ampliando o prazer.<\/li><li><strong>Design Confort\u00e1vel e Elegante<\/strong>: Feito para se ajustar perfeitamente sem causar desconforto, permitindo que voc\u00ea se concentre totalmente na experi\u00eancia.<\/li><li><strong>Material de Alta Qualidade<\/strong>: Dur\u00e1vel e f\u00e1cil de limpar, garantindo higiene e longevidade.<\/li><li><strong>Cor Vibrante e Significativa<\/strong>: A cor vermelha n\u00e3o apenas chama a aten\u00e7\u00e3o, mas tamb\u00e9m \u00e9 carregada de simbolismo, perfeita para momentos de paix\u00e3o.<\/li><\/ul><h4>Transforme Seu Quarto em um Palco de Descobertas<\/h4><p>O <strong>Tapa Olhos Sexy Dominatrixxx &#8211; Vermelho<\/strong> \u00e9 mais do que um acess\u00f3rio; \u00e9 uma chave para explorar os desejos mais profundos e fortalecer a conex\u00e3o entre casais. Permita-se entrar em um mundo onde o toque \u00e9 rei e cada sussurro \u00e9 uma promessa de prazer inesquec\u00edvel.<\/p><p>Explore novas sensa\u00e7\u00f5es e adicione uma camada de mist\u00e9rio e excita\u00e7\u00e3o \u00e0 sua vida \u00edntima. <strong>Adquira o seu Tapa Olhos Sexy Dominatrixxx &#8211; Vermelho hoje mesmo e comece uma viagem inesquec\u00edvel de descoberta sensorial e conex\u00e3o.<\/strong><\/p>\t\t\t\t\t\t\t\t<\/div>\n\t\t\t\t<\/div>\n\t\t\t\t\t<\/div>\n\t\t<\/div>\n\t\t\t\t\t<\/div>\n\t\t<\/section>\n\t\t\t\t\t<\/div>\n\t\t<\/div>\n\t\t\t\t\t<\/div>\n\t\t<\/section>\n\t\t\t\t<\/div>\n\t\t","protected":false},"excerpt":{"rendered":"<h3>Desperte Seus Sentidos com o Tapa Olhos Sexy Dominatrixxx &#8211; Vermelho<\/h3>\n<p>Descubra o prazer oculto e intensifique suas experi\u00eancias sensoriais com o <strong>Tapa Olhos Sexy Dominatrixxx &#8211; Vermelho<\/strong>. Projetado para casais que desejam explorar novas dimens\u00f5es de intimidade, este acess\u00f3rio \u00e9 um convite para uma viagem de descoberta e conex\u00e3o profunda.<\/p>\n","protected":false},"featured_media":2967,"comment_status":"open","ping_status":"closed","template":"","meta":[],"product_cat":[165,164,166,163,162,16,22,25],"product_tag":[210,283,284],"yoast_head":"<!-- This site is optimized with the Yoast SEO plugin v24.5 - https:\/\/yoast.com\/wordpress\/plugins\/seo\/ -->\n<title>Tapa Olhos Sexy Dominatrixxx - Vermelho - Isla Sex Shop<\/title>\n<meta name=\"description\" content=\"Adquira o seu Tapa Olhos Sexy Dominatrixxx - Vermelho hoje mesmo e comece uma viagem inesquec\u00edvel de descoberta sensorial e conex\u00e3o.\" \/>\n<meta name=\"robots\" content=\"index, follow, max-snippet:-1, max-image-preview:large, max-video-preview:-1\" \/>\n<link rel=\"canonical\" href=\"https:\/\/islasexshop.com.br\/index.php\/produto\/tapa-olhos-sexy-dominatrixxx-vermelho\/\" \/>\n<meta property=\"og:locale\" content=\"pt_BR\" \/>\n<meta property=\"og:type\" content=\"article\" \/>\n<meta property=\"og:title\" content=\"Tapa Olhos Sexy Dominatrixxx - Vermelho - Isla Sex Shop\" \/>\n<meta property=\"og:description\" content=\"Adquira o seu Tapa Olhos Sexy Dominatrixxx - Vermelho hoje mesmo e comece uma viagem inesquec\u00edvel de descoberta sensorial e conex\u00e3o.\" \/>\n<meta property=\"og:url\" content=\"https:\/\/islasexshop.com.br\/index.php\/produto\/tapa-olhos-sexy-dominatrixxx-vermelho\/\" \/>\n<meta property=\"og:site_name\" content=\"Isla Sex Shop\" \/>\n<meta property=\"article:publisher\" content=\"https:\/\/www.facebook.com\/boutiqueisla\" \/>\n<meta property=\"article:modified_time\" content=\"2024-05-11T00:45:25+00:00\" \/>\n<meta property=\"og:image\" content=\"https:\/\/islasexshop.com.br\/wp-content\/uploads\/2024\/03\/2-75.png\" \/>\n\t<meta property=\"og:image:width\" content=\"1500\" \/>\n\t<meta property=\"og:image:height\" content=\"1500\" \/>\n\t<meta property=\"og:image:type\" content=\"image\/png\" \/>\n<meta name=\"twitter:card\" content=\"summary_large_image\" \/>\n<meta name=\"twitter:label1\" content=\"Est. tempo de leitura\" \/>\n\t<meta name=\"twitter:data1\" content=\"3 minutos\" \/>\n<script type=\"application\/ld+json\" class=\"yoast-schema-graph\">{\"@context\":\"https:\/\/schema.org\",\"@graph\":[{\"@type\":\"WebPage\",\"@id\":\"https:\/\/islasexshop.com.br\/index.php\/produto\/tapa-olhos-sexy-dominatrixxx-vermelho\/\",\"url\":\"https:\/\/islasexshop.com.br\/index.php\/produto\/tapa-olhos-sexy-dominatrixxx-vermelho\/\",\"name\":\"Tapa Olhos Sexy Dominatrixxx - Vermelho - Isla Sex Shop\",\"isPartOf\":{\"@id\":\"https:\/\/islasexshop.com.br\/#website\"},\"primaryImageOfPage\":{\"@id\":\"https:\/\/islasexshop.com.br\/index.php\/produto\/tapa-olhos-sexy-dominatrixxx-vermelho\/#primaryimage\"},\"image\":{\"@id\":\"https:\/\/islasexshop.com.br\/index.php\/produto\/tapa-olhos-sexy-dominatrixxx-vermelho\/#primaryimage\"},\"thumbnailUrl\":\"https:\/\/islasexshop.com.br\/wp-content\/uploads\/2024\/03\/2-75.png\",\"datePublished\":\"2024-03-27T13:53:33+00:00\",\"dateModified\":\"2024-05-11T00:45:25+00:00\",\"description\":\"Adquira o seu Tapa Olhos Sexy Dominatrixxx - Vermelho hoje mesmo e comece uma viagem inesquec\u00edvel de descoberta sensorial e conex\u00e3o.\",\"breadcrumb\":{\"@id\":\"https:\/\/islasexshop.com.br\/index.php\/produto\/tapa-olhos-sexy-dominatrixxx-vermelho\/#breadcrumb\"},\"inLanguage\":\"pt-BR\",\"potentialAction\":[{\"@type\":\"ReadAction\",\"target\":[\"https:\/\/islasexshop.com.br\/index.php\/produto\/tapa-olhos-sexy-dominatrixxx-vermelho\/\"]}]},{\"@type\":\"ImageObject\",\"inLanguage\":\"pt-BR\",\"@id\":\"https:\/\/islasexshop.com.br\/index.php\/produto\/tapa-olhos-sexy-dominatrixxx-vermelho\/#primaryimage\",\"url\":\"https:\/\/islasexshop.com.br\/wp-content\/uploads\/2024\/03\/2-75.png\",\"contentUrl\":\"https:\/\/islasexshop.com.br\/wp-content\/uploads\/2024\/03\/2-75.png\",\"width\":1500,\"height\":1500},{\"@type\":\"BreadcrumbList\",\"@id\":\"https:\/\/islasexshop.com.br\/index.php\/produto\/tapa-olhos-sexy-dominatrixxx-vermelho\/#breadcrumb\",\"itemListElement\":[{\"@type\":\"ListItem\",\"position\":1,\"name\":\"In\u00edcio\",\"item\":\"https:\/\/islasexshop.com.br\/\"},{\"@type\":\"ListItem\",\"position\":2,\"name\":\"Produtos\",\"item\":\"https:\/\/islasexshop.com.br\/index.php\/produtos\/\"},{\"@type\":\"ListItem\",\"position\":3,\"name\":\"Tapa Olhos Sexy Dominatrixxx &#8211; Vermelho\"}]},{\"@type\":\"WebSite\",\"@id\":\"https:\/\/islasexshop.com.br\/#website\",\"url\":\"https:\/\/islasexshop.com.br\/\",\"name\":\"Isla Sex Shop\",\"description\":\"Sex Shop Butant\u00e3, Sex Shop Morumbi, Sex Shop Regi\u00e3o\",\"publisher\":{\"@id\":\"https:\/\/islasexshop.com.br\/#organization\"},\"potentialAction\":[{\"@type\":\"SearchAction\",\"target\":{\"@type\":\"EntryPoint\",\"urlTemplate\":\"https:\/\/islasexshop.com.br\/?s={search_term_string}\"},\"query-input\":{\"@type\":\"PropertyValueSpecification\",\"valueRequired\":true,\"valueName\":\"search_term_string\"}}],\"inLanguage\":\"pt-BR\"},{\"@type\":\"Organization\",\"@id\":\"https:\/\/islasexshop.com.br\/#organization\",\"name\":\"Isla Sex Shop\",\"url\":\"https:\/\/islasexshop.com.br\/\",\"logo\":{\"@type\":\"ImageObject\",\"inLanguage\":\"pt-BR\",\"@id\":\"https:\/\/islasexshop.com.br\/#\/schema\/logo\/image\/\",\"url\":\"https:\/\/islasexshop.com.br\/wp-content\/uploads\/2024\/02\/0e4d7c76d6c6e7c24d33fd3338fd3dbf.jpg\",\"contentUrl\":\"https:\/\/islasexshop.com.br\/wp-content\/uploads\/2024\/02\/0e4d7c76d6c6e7c24d33fd3338fd3dbf.jpg\",\"width\":400,\"height\":200,\"caption\":\"Isla Sex Shop\"},\"image\":{\"@id\":\"https:\/\/islasexshop.com.br\/#\/schema\/logo\/image\/\"},\"sameAs\":[\"https:\/\/www.facebook.com\/boutiqueisla\",\"https:\/\/www.instagram.com\/islasensualmorumbi\/\"]}]}<\/script>\n<!-- \/ Yoast SEO plugin. -->","yoast_head_json":{"title":"Tapa Olhos Sexy Dominatrixxx - Vermelho - Isla Sex Shop","description":"Adquira o seu Tapa Olhos Sexy Dominatrixxx - Vermelho hoje mesmo e comece uma viagem inesquec\u00edvel de descoberta sensorial e conex\u00e3o.","robots":{"index":"index","follow":"follow","max-snippet":"max-snippet:-1","max-image-preview":"max-image-preview:large","max-video-preview":"max-video-preview:-1"},"canonical":"https:\/\/islasexshop.com.br\/index.php\/produto\/tapa-olhos-sexy-dominatrixxx-vermelho\/","og_locale":"pt_BR","og_type":"article","og_title":"Tapa Olhos Sexy Dominatrixxx - Vermelho - Isla Sex Shop","og_description":"Adquira o seu Tapa Olhos Sexy Dominatrixxx - Vermelho hoje mesmo e comece uma viagem inesquec\u00edvel de descoberta sensorial e conex\u00e3o.","og_url":"https:\/\/islasexshop.com.br\/index.php\/produto\/tapa-olhos-sexy-dominatrixxx-vermelho\/","og_site_name":"Isla Sex Shop","article_publisher":"https:\/\/www.facebook.com\/boutiqueisla","article_modified_time":"2024-05-11T00:45:25+00:00","og_image":[{"width":1500,"height":1500,"url":"https:\/\/islasexshop.com.br\/wp-content\/uploads\/2024\/03\/2-75.png","type":"image\/png"}],"twitter_card":"summary_large_image","twitter_misc":{"Est. tempo de leitura":"3 minutos"},"schema":{"@context":"https:\/\/schema.org","@graph":[{"@type":"WebPage","@id":"https:\/\/islasexshop.com.br\/index.php\/produto\/tapa-olhos-sexy-dominatrixxx-vermelho\/","url":"https:\/\/islasexshop.com.br\/index.php\/produto\/tapa-olhos-sexy-dominatrixxx-vermelho\/","name":"Tapa Olhos Sexy Dominatrixxx - Vermelho - Isla Sex Shop","isPartOf":{"@id":"https:\/\/islasexshop.com.br\/#website"},"primaryImageOfPage":{"@id":"https:\/\/islasexshop.com.br\/index.php\/produto\/tapa-olhos-sexy-dominatrixxx-vermelho\/#primaryimage"},"image":{"@id":"https:\/\/islasexshop.com.br\/index.php\/produto\/tapa-olhos-sexy-dominatrixxx-vermelho\/#primaryimage"},"thumbnailUrl":"https:\/\/islasexshop.com.br\/wp-content\/uploads\/2024\/03\/2-75.png","datePublished":"2024-03-27T13:53:33+00:00","dateModified":"2024-05-11T00:45:25+00:00","description":"Adquira o seu Tapa Olhos Sexy Dominatrixxx - Vermelho hoje mesmo e comece uma viagem inesquec\u00edvel de descoberta sensorial e conex\u00e3o.","breadcrumb":{"@id":"https:\/\/islasexshop.com.br\/index.php\/produto\/tapa-olhos-sexy-dominatrixxx-vermelho\/#breadcrumb"},"inLanguage":"pt-BR","potentialAction":[{"@type":"ReadAction","target":["https:\/\/islasexshop.com.br\/index.php\/produto\/tapa-olhos-sexy-dominatrixxx-vermelho\/"]}]},{"@type":"ImageObject","inLanguage":"pt-BR","@id":"https:\/\/islasexshop.com.br\/index.php\/produto\/tapa-olhos-sexy-dominatrixxx-vermelho\/#primaryimage","url":"https:\/\/islasexshop.com.br\/wp-content\/uploads\/2024\/03\/2-75.png","contentUrl":"https:\/\/islasexshop.com.br\/wp-content\/uploads\/2024\/03\/2-75.png","width":1500,"height":1500},{"@type":"BreadcrumbList","@id":"https:\/\/islasexshop.com.br\/index.php\/produto\/tapa-olhos-sexy-dominatrixxx-vermelho\/#breadcrumb","itemListElement":[{"@type":"ListItem","position":1,"name":"In\u00edcio","item":"https:\/\/islasexshop.com.br\/"},{"@type":"ListItem","position":2,"name":"Produtos","item":"https:\/\/islasexshop.com.br\/index.php\/produtos\/"},{"@type":"ListItem","position":3,"name":"Tapa Olhos Sexy Dominatrixxx &#8211; Vermelho"}]},{"@type":"WebSite","@id":"https:\/\/islasexshop.com.br\/#website","url":"https:\/\/islasexshop.com.br\/","name":"Isla Sex Shop","description":"Sex Shop Butant\u00e3, Sex Shop Morumbi, Sex Shop Regi\u00e3o","publisher":{"@id":"https:\/\/islasexshop.com.br\/#organization"},"potentialAction":[{"@type":"SearchAction","target":{"@type":"EntryPoint","urlTemplate":"https:\/\/islasexshop.com.br\/?s={search_term_string}"},"query-input":{"@type":"PropertyValueSpecification","valueRequired":true,"valueName":"search_term_string"}}],"inLanguage":"pt-BR"},{"@type":"Organization","@id":"https:\/\/islasexshop.com.br\/#organization","name":"Isla Sex Shop","url":"https:\/\/islasexshop.com.br\/","logo":{"@type":"ImageObject","inLanguage":"pt-BR","@id":"https:\/\/islasexshop.com.br\/#\/schema\/logo\/image\/","url":"https:\/\/islasexshop.com.br\/wp-content\/uploads\/2024\/02\/0e4d7c76d6c6e7c24d33fd3338fd3dbf.jpg","contentUrl":"https:\/\/islasexshop.com.br\/wp-content\/uploads\/2024\/02\/0e4d7c76d6c6e7c24d33fd3338fd3dbf.jpg","width":400,"height":200,"caption":"Isla Sex Shop"},"image":{"@id":"https:\/\/islasexshop.com.br\/#\/schema\/logo\/image\/"},"sameAs":["https:\/\/www.facebook.com\/boutiqueisla","https:\/\/www.instagram.com\/islasensualmorumbi\/"]}]}},"_links":{"self":[{"href":"https:\/\/islasexshop.com.br\/index.php\/wp-json\/wp\/v2\/product\/2973"}],"collection":[{"href":"https:\/\/islasexshop.com.br\/index.php\/wp-json\/wp\/v2\/product"}],"about":[{"href":"https:\/\/islasexshop.com.br\/index.php\/wp-json\/wp\/v2\/types\/product"}],"replies":[{"embeddable":true,"href":"https:\/\/islasexshop.com.br\/index.php\/wp-json\/wp\/v2\/comments?post=2973"}],"version-history":[{"count":7,"href":"https:\/\/islasexshop.com.br\/index.php\/wp-json\/wp\/v2\/product\/2973\/revisions"}],"predecessor-version":[{"id":2989,"href":"https:\/\/islasexshop.com.br\/index.php\/wp-json\/wp\/v2\/product\/2973\/revisions\/2989"}],"wp:featuredmedia":[{"embeddable":true,"href":"https:\/\/islasexshop.com.br\/index.php\/wp-json\/wp\/v2\/media\/2967"}],"wp:attachment":[{"href":"https:\/\/islasexshop.com.br\/index.php\/wp-json\/wp\/v2\/media?parent=2973"}],"wp:term":[{"taxonomy":"product_cat","embeddable":true,"href":"https:\/\/islasexshop.com.br\/index.php\/wp-json\/wp\/v2\/product_cat?post=2973"},{"taxonomy":"product_tag","embeddable":true,"href":"https:\/\/islasexshop.com.br\/index.php\/wp-json\/wp\/v2\/product_tag?post=2973"}],"curies":[{"name":"wp","href":"https:\/\/api.w.org\/{rel}","templated":true}]}}