{"id":2852,"date":"2024-03-22T17:10:14","date_gmt":"2024-03-22T20:10:14","guid":{"rendered":"https:\/\/islasexshop.com.br\/?post_type=product&#038;p=2852"},"modified":"2024-05-10T21:45:25","modified_gmt":"2024-05-11T00:45:25","slug":"tanga-heloisa-patitex-preto","status":"publish","type":"product","link":"https:\/\/islasexshop.com.br\/index.php\/produto\/tanga-heloisa-patitex-preto\/","title":{"rendered":"Tanga Helo\u00edsa Patitex &#8211; Preto"},"content":{"rendered":"\t\t<div data-elementor-type=\"wp-post\" data-elementor-id=\"2852\" class=\"elementor elementor-2852\" data-elementor-post-type=\"product\">\n\t\t\t\t\t\t<section class=\"elementor-section elementor-top-section elementor-element elementor-element-ac74866 elementor-section-boxed elementor-section-height-default elementor-section-height-default\" data-id=\"ac74866\" data-element_type=\"section\">\n\t\t\t\t\t\t<div class=\"elementor-container elementor-column-gap-default\">\n\t\t\t\t\t<div class=\"elementor-column elementor-col-100 elementor-top-column elementor-element elementor-element-00455b3\" data-id=\"00455b3\" data-element_type=\"column\">\n\t\t\t<div class=\"elementor-widget-wrap elementor-element-populated\">\n\t\t\t\t\t\t<section class=\"elementor-section elementor-inner-section elementor-element elementor-element-0b58131 elementor-section-boxed elementor-section-height-default elementor-section-height-default\" data-id=\"0b58131\" data-element_type=\"section\">\n\t\t\t\t\t\t<div class=\"elementor-container elementor-column-gap-default\">\n\t\t\t\t\t<div class=\"elementor-column elementor-col-33 elementor-inner-column elementor-element elementor-element-68d5cd2\" data-id=\"68d5cd2\" data-element_type=\"column\">\n\t\t\t<div class=\"elementor-widget-wrap\">\n\t\t\t\t\t\t\t<\/div>\n\t\t<\/div>\n\t\t\t\t<div class=\"elementor-column elementor-col-33 elementor-inner-column elementor-element elementor-element-e9e37c9\" data-id=\"e9e37c9\" data-element_type=\"column\">\n\t\t\t<div class=\"elementor-widget-wrap elementor-element-populated\">\n\t\t\t\t\t\t<div class=\"elementor-element elementor-element-11028d6 elementor-widget elementor-widget-heading\" data-id=\"11028d6\" data-element_type=\"widget\" data-widget_type=\"heading.default\">\n\t\t\t\t<div class=\"elementor-widget-container\">\n\t\t\t\t\t<h2 class=\"elementor-heading-title elementor-size-default\">Tanga Helo\u00edsa<\/h2>\t\t\t\t<\/div>\n\t\t\t\t<\/div>\n\t\t\t\t\t<\/div>\n\t\t<\/div>\n\t\t\t\t<div class=\"elementor-column elementor-col-33 elementor-inner-column elementor-element elementor-element-e35eb49\" data-id=\"e35eb49\" data-element_type=\"column\">\n\t\t\t<div class=\"elementor-widget-wrap\">\n\t\t\t\t\t\t\t<\/div>\n\t\t<\/div>\n\t\t\t\t\t<\/div>\n\t\t<\/section>\n\t\t\t\t<section class=\"elementor-section elementor-inner-section elementor-element elementor-element-a00a4aa elementor-reverse-mobile elementor-section-boxed elementor-section-height-default elementor-section-height-default\" data-id=\"a00a4aa\" data-element_type=\"section\">\n\t\t\t\t\t\t<div class=\"elementor-container elementor-column-gap-no\">\n\t\t\t\t\t<div class=\"elementor-column elementor-col-50 elementor-inner-column elementor-element elementor-element-aebdda8\" data-id=\"aebdda8\" data-element_type=\"column\" data-settings=\"{&quot;background_background&quot;:&quot;classic&quot;}\">\n\t\t\t<div class=\"elementor-widget-wrap elementor-element-populated\">\n\t\t\t\t\t\t<div class=\"elementor-element elementor-element-7333a85 elementor-widget__width-initial elementor-widget elementor-widget-text-editor\" data-id=\"7333a85\" data-element_type=\"widget\" data-widget_type=\"text-editor.default\">\n\t\t\t\t<div class=\"elementor-widget-container\">\n\t\t\t\t\t\t\t\t\t<h6>A pe\u00e7a apresenta modelagem fio dental, pensada especialmente para\u00a0<b>ressaltar o bumbum<\/b>, \u00e9 confeccionada com alto percentual de elastano, garantindo\u00a0<b>excelente elasticidade<\/b>, e suas tiras laterais s\u00e3o fininhas. Molda-se perfeitamente \u00e0 cintura,\u00a0<b>sem marcar o corpo ou tencionar a regi\u00e3o<\/b>, e tamb\u00e9m \u00e9\u00a0<b>regul\u00e1vel<\/b>, servindo para quase todos os tamanhos, conferindo desde PP at\u00e9 tamanhos superior GG.<\/h6><h6>B\u00e1sica e ao mesmo tempo sexy, \u00e9 um\u00a0<b>modelo vers\u00e1til, ideal para usar com\u00a0<a href=\"https:\/\/www.lojadodesejo.com.br\/categoria\/espartilhos\">Espartilhos<\/a><\/b>\u00a0e tamb\u00e9m combina perfeitamente com qualquer tipo de soutien. Al\u00e9m disso, seu forrinho \u00e9 confeccionado em 100% algod\u00e3o, o que mant\u00e9m a seguran\u00e7a da sua regi\u00e3o \u00edntima, seja para us\u00e1-la no dia-a-dia ou em ocasi\u00f5es especiais, unindo\u00a0<b>conforto e sensualidade em uma \u00fanica pe\u00e7a!<\/b><\/h6>\t\t\t\t\t\t\t\t<\/div>\n\t\t\t\t<\/div>\n\t\t\t\t\t<\/div>\n\t\t<\/div>\n\t\t\t\t<div class=\"elementor-column elementor-col-50 elementor-inner-column elementor-element elementor-element-2f2a32e\" data-id=\"2f2a32e\" data-element_type=\"column\">\n\t\t\t<div class=\"elementor-widget-wrap elementor-element-populated\">\n\t\t\t\t\t\t<div class=\"elementor-element elementor-element-eca2fdd elementor-widget elementor-widget-image\" data-id=\"eca2fdd\" data-element_type=\"widget\" data-widget_type=\"image.default\">\n\t\t\t\t<div class=\"elementor-widget-container\">\n\t\t\t\t\t\t\t\t\t\t\t\t\t\t\t<img fetchpriority=\"high\" decoding=\"async\" width=\"1200\" height=\"1200\" src=\"https:\/\/islasexshop.com.br\/wp-content\/uploads\/2024\/03\/5-15-1200x1200.png\" class=\"attachment-large size-large wp-image-2853\" alt=\"\" srcset=\"https:\/\/islasexshop.com.br\/wp-content\/uploads\/2024\/03\/5-15-1200x1200.png 1200w, https:\/\/islasexshop.com.br\/wp-content\/uploads\/2024\/03\/5-15-300x300.png 300w, https:\/\/islasexshop.com.br\/wp-content\/uploads\/2024\/03\/5-15-500x500.png 500w, https:\/\/islasexshop.com.br\/wp-content\/uploads\/2024\/03\/5-15-768x768.png 768w, https:\/\/islasexshop.com.br\/wp-content\/uploads\/2024\/03\/5-15-150x150.png 150w, https:\/\/islasexshop.com.br\/wp-content\/uploads\/2024\/03\/5-15-75x75.png 75w, https:\/\/islasexshop.com.br\/wp-content\/uploads\/2024\/03\/5-15-480x480.png 480w, https:\/\/islasexshop.com.br\/wp-content\/uploads\/2024\/03\/5-15-1320x1320.png 1320w, https:\/\/islasexshop.com.br\/wp-content\/uploads\/2024\/03\/5-15-800x800.png 800w, https:\/\/islasexshop.com.br\/wp-content\/uploads\/2024\/03\/5-15.png 1500w\" sizes=\"(max-width:767px) 480px, (max-width:1200px) 100vw, 1200px\" \/>\t\t\t\t\t\t\t\t\t\t\t\t\t\t\t<\/div>\n\t\t\t\t<\/div>\n\t\t\t\t\t<\/div>\n\t\t<\/div>\n\t\t\t\t\t<\/div>\n\t\t<\/section>\n\t\t\t\t<section class=\"elementor-section elementor-inner-section elementor-element elementor-element-2f52631 elementor-section-boxed elementor-section-height-default elementor-section-height-default\" data-id=\"2f52631\" data-element_type=\"section\">\n\t\t\t\t\t\t<div class=\"elementor-container elementor-column-gap-no\">\n\t\t\t\t\t<div class=\"elementor-column elementor-col-50 elementor-inner-column elementor-element elementor-element-5917191\" data-id=\"5917191\" data-element_type=\"column\">\n\t\t\t<div class=\"elementor-widget-wrap elementor-element-populated\">\n\t\t\t\t\t\t<div class=\"elementor-element elementor-element-af155b1 elementor-widget elementor-widget-image\" data-id=\"af155b1\" data-element_type=\"widget\" data-widget_type=\"image.default\">\n\t\t\t\t<div class=\"elementor-widget-container\">\n\t\t\t\t\t\t\t\t\t\t\t\t\t\t\t<img decoding=\"async\" width=\"1200\" height=\"1200\" src=\"https:\/\/islasexshop.com.br\/wp-content\/uploads\/2024\/03\/6-15-1200x1200.png\" class=\"attachment-large size-large wp-image-2854\" alt=\"\" srcset=\"https:\/\/islasexshop.com.br\/wp-content\/uploads\/2024\/03\/6-15-1200x1200.png 1200w, https:\/\/islasexshop.com.br\/wp-content\/uploads\/2024\/03\/6-15-300x300.png 300w, https:\/\/islasexshop.com.br\/wp-content\/uploads\/2024\/03\/6-15-500x500.png 500w, https:\/\/islasexshop.com.br\/wp-content\/uploads\/2024\/03\/6-15-768x768.png 768w, https:\/\/islasexshop.com.br\/wp-content\/uploads\/2024\/03\/6-15-150x150.png 150w, https:\/\/islasexshop.com.br\/wp-content\/uploads\/2024\/03\/6-15-75x75.png 75w, https:\/\/islasexshop.com.br\/wp-content\/uploads\/2024\/03\/6-15-480x480.png 480w, https:\/\/islasexshop.com.br\/wp-content\/uploads\/2024\/03\/6-15-1320x1320.png 1320w, https:\/\/islasexshop.com.br\/wp-content\/uploads\/2024\/03\/6-15-800x800.png 800w, https:\/\/islasexshop.com.br\/wp-content\/uploads\/2024\/03\/6-15.png 1500w\" sizes=\"(max-width:767px) 480px, (max-width:1200px) 100vw, 1200px\" \/>\t\t\t\t\t\t\t\t\t\t\t\t\t\t\t<\/div>\n\t\t\t\t<\/div>\n\t\t\t\t\t<\/div>\n\t\t<\/div>\n\t\t\t\t<div class=\"elementor-column elementor-col-50 elementor-inner-column elementor-element elementor-element-ccb6eb5\" data-id=\"ccb6eb5\" data-element_type=\"column\" data-settings=\"{&quot;background_background&quot;:&quot;classic&quot;}\">\n\t\t\t<div class=\"elementor-widget-wrap elementor-element-populated\">\n\t\t\t\t\t\t<div class=\"elementor-element elementor-element-9a2a614 elementor-widget elementor-widget-text-editor\" data-id=\"9a2a614\" data-element_type=\"widget\" data-widget_type=\"text-editor.default\">\n\t\t\t\t<div class=\"elementor-widget-container\">\n\t\t\t\t\t\t\t\t\t<h6><strong>Como lavar<\/strong>: Lavar a m\u00e3o, n\u00e3o usar cloro, n\u00e3o usar tambor rotativo, n\u00e3o passar ou utilizar vaporiza\u00e7\u00e3o, n\u00e3o limpar \u00e0 seco, limpeza a \u00famido Pro-Normal. Esque\u00e7a as temperaturas acima de 40\u00b0C, pois a m\u00e1quina de lavar pode deformar e at\u00e9 desfiar as belas rendas. J\u00e1 a \u00e1gua muito quente pode modificar a cor das suas pe\u00e7as, o que resulta num aspecto encardido.<\/h6><p><strong>Como secar:<\/strong>\u00a0 Quando for secar sua lingerie, aconselhamos a temperatura ambiente, evite a m\u00e1quina de secar tamb\u00e9m, as rendas com Lycra ficam deformadas se forem secadas em secadoras. Ent\u00e3o, espere que elas sequem naturalmente a sombra, pois o sol desbota a cor e estraga a flexibilidade do tecido. E jamais tor\u00e7a as pe\u00e7as, \u00e9 fato que elas ir\u00e3o deformar dessa forma.<\/p>\t\t\t\t\t\t\t\t<\/div>\n\t\t\t\t<\/div>\n\t\t\t\t\t<\/div>\n\t\t<\/div>\n\t\t\t\t\t<\/div>\n\t\t<\/section>\n\t\t\t\t\t<\/div>\n\t\t<\/div>\n\t\t\t\t\t<\/div>\n\t\t<\/section>\n\t\t\t\t<\/div>\n\t\t","protected":false},"excerpt":{"rendered":"<p>A\u00a0<strong>Tanga Helo\u00edsa<\/strong>\u00a0da\u00a0<a href=\"https:\/\/www.lojadodesejo.com.br\/fornecedor\/72\/patitex\">Patitex<\/a>, \u00e9 um modelo de\u00a0<strong>Calcinha Sensual<\/strong>\u00a0trabalhada com uma delicada renda de\u00a0<b>acabamento de primeira linha<\/b>, que apresenta uma textura super agrad\u00e1vel para pele, oferecendo um\u00a0<b>toque macio e confort\u00e1vel<\/b>, al\u00e9m de um caimento perfeito no corpo.<\/p>\n","protected":false},"featured_media":2854,"comment_status":"open","ping_status":"closed","template":"","meta":[],"product_cat":[165,161,164,163,162,159,174,22],"product_tag":[177,178,279],"yoast_head":"<!-- This site is optimized with the Yoast SEO plugin v24.5 - https:\/\/yoast.com\/wordpress\/plugins\/seo\/ -->\n<title>Tanga Helo\u00edsa Patitex - Preto - Isla Sex Shop<\/title>\n<meta name=\"robots\" content=\"index, follow, max-snippet:-1, max-image-preview:large, max-video-preview:-1\" \/>\n<link rel=\"canonical\" href=\"https:\/\/islasexshop.com.br\/index.php\/produto\/tanga-heloisa-patitex-preto\/\" \/>\n<meta property=\"og:locale\" content=\"pt_BR\" \/>\n<meta property=\"og:type\" content=\"article\" \/>\n<meta property=\"og:title\" content=\"Tanga Helo\u00edsa Patitex - Preto - Isla Sex Shop\" \/>\n<meta property=\"og:description\" content=\"A\u00a0Tanga Helo\u00edsa\u00a0da\u00a0Patitex, \u00e9 um modelo de\u00a0Calcinha Sensual\u00a0trabalhada com uma delicada renda de\u00a0acabamento de primeira linha, que apresenta uma textura super agrad\u00e1vel para pele, oferecendo um\u00a0toque macio e confort\u00e1vel, al\u00e9m de um caimento perfeito no corpo.\" \/>\n<meta property=\"og:url\" content=\"https:\/\/islasexshop.com.br\/index.php\/produto\/tanga-heloisa-patitex-preto\/\" \/>\n<meta property=\"og:site_name\" content=\"Isla Sex Shop\" \/>\n<meta property=\"article:publisher\" content=\"https:\/\/www.facebook.com\/boutiqueisla\" \/>\n<meta property=\"article:modified_time\" content=\"2024-05-11T00:45:25+00:00\" \/>\n<meta property=\"og:image\" content=\"https:\/\/islasexshop.com.br\/wp-content\/uploads\/2024\/03\/6-15.png\" \/>\n\t<meta property=\"og:image:width\" content=\"1500\" \/>\n\t<meta property=\"og:image:height\" content=\"1500\" \/>\n\t<meta property=\"og:image:type\" content=\"image\/png\" \/>\n<meta name=\"twitter:card\" content=\"summary_large_image\" \/>\n<meta name=\"twitter:label1\" content=\"Est. tempo de leitura\" \/>\n\t<meta name=\"twitter:data1\" content=\"1 minuto\" \/>\n<script type=\"application\/ld+json\" class=\"yoast-schema-graph\">{\"@context\":\"https:\/\/schema.org\",\"@graph\":[{\"@type\":\"WebPage\",\"@id\":\"https:\/\/islasexshop.com.br\/index.php\/produto\/tanga-heloisa-patitex-preto\/\",\"url\":\"https:\/\/islasexshop.com.br\/index.php\/produto\/tanga-heloisa-patitex-preto\/\",\"name\":\"Tanga Helo\u00edsa Patitex - Preto - Isla Sex Shop\",\"isPartOf\":{\"@id\":\"https:\/\/islasexshop.com.br\/#website\"},\"primaryImageOfPage\":{\"@id\":\"https:\/\/islasexshop.com.br\/index.php\/produto\/tanga-heloisa-patitex-preto\/#primaryimage\"},\"image\":{\"@id\":\"https:\/\/islasexshop.com.br\/index.php\/produto\/tanga-heloisa-patitex-preto\/#primaryimage\"},\"thumbnailUrl\":\"https:\/\/islasexshop.com.br\/wp-content\/uploads\/2024\/03\/6-15.png\",\"datePublished\":\"2024-03-22T20:10:14+00:00\",\"dateModified\":\"2024-05-11T00:45:25+00:00\",\"breadcrumb\":{\"@id\":\"https:\/\/islasexshop.com.br\/index.php\/produto\/tanga-heloisa-patitex-preto\/#breadcrumb\"},\"inLanguage\":\"pt-BR\",\"potentialAction\":[{\"@type\":\"ReadAction\",\"target\":[\"https:\/\/islasexshop.com.br\/index.php\/produto\/tanga-heloisa-patitex-preto\/\"]}]},{\"@type\":\"ImageObject\",\"inLanguage\":\"pt-BR\",\"@id\":\"https:\/\/islasexshop.com.br\/index.php\/produto\/tanga-heloisa-patitex-preto\/#primaryimage\",\"url\":\"https:\/\/islasexshop.com.br\/wp-content\/uploads\/2024\/03\/6-15.png\",\"contentUrl\":\"https:\/\/islasexshop.com.br\/wp-content\/uploads\/2024\/03\/6-15.png\",\"width\":1500,\"height\":1500},{\"@type\":\"BreadcrumbList\",\"@id\":\"https:\/\/islasexshop.com.br\/index.php\/produto\/tanga-heloisa-patitex-preto\/#breadcrumb\",\"itemListElement\":[{\"@type\":\"ListItem\",\"position\":1,\"name\":\"In\u00edcio\",\"item\":\"https:\/\/islasexshop.com.br\/\"},{\"@type\":\"ListItem\",\"position\":2,\"name\":\"Produtos\",\"item\":\"https:\/\/islasexshop.com.br\/index.php\/produtos\/\"},{\"@type\":\"ListItem\",\"position\":3,\"name\":\"Tanga Helo\u00edsa Patitex &#8211; Preto\"}]},{\"@type\":\"WebSite\",\"@id\":\"https:\/\/islasexshop.com.br\/#website\",\"url\":\"https:\/\/islasexshop.com.br\/\",\"name\":\"Isla Sex Shop\",\"description\":\"Sex Shop Butant\u00e3, Sex Shop Morumbi, Sex Shop Regi\u00e3o\",\"publisher\":{\"@id\":\"https:\/\/islasexshop.com.br\/#organization\"},\"potentialAction\":[{\"@type\":\"SearchAction\",\"target\":{\"@type\":\"EntryPoint\",\"urlTemplate\":\"https:\/\/islasexshop.com.br\/?s={search_term_string}\"},\"query-input\":{\"@type\":\"PropertyValueSpecification\",\"valueRequired\":true,\"valueName\":\"search_term_string\"}}],\"inLanguage\":\"pt-BR\"},{\"@type\":\"Organization\",\"@id\":\"https:\/\/islasexshop.com.br\/#organization\",\"name\":\"Isla Sex Shop\",\"url\":\"https:\/\/islasexshop.com.br\/\",\"logo\":{\"@type\":\"ImageObject\",\"inLanguage\":\"pt-BR\",\"@id\":\"https:\/\/islasexshop.com.br\/#\/schema\/logo\/image\/\",\"url\":\"https:\/\/islasexshop.com.br\/wp-content\/uploads\/2024\/02\/0e4d7c76d6c6e7c24d33fd3338fd3dbf.jpg\",\"contentUrl\":\"https:\/\/islasexshop.com.br\/wp-content\/uploads\/2024\/02\/0e4d7c76d6c6e7c24d33fd3338fd3dbf.jpg\",\"width\":400,\"height\":200,\"caption\":\"Isla Sex Shop\"},\"image\":{\"@id\":\"https:\/\/islasexshop.com.br\/#\/schema\/logo\/image\/\"},\"sameAs\":[\"https:\/\/www.facebook.com\/boutiqueisla\",\"https:\/\/www.instagram.com\/islasensualmorumbi\/\"]}]}<\/script>\n<!-- \/ Yoast SEO plugin. -->","yoast_head_json":{"title":"Tanga Helo\u00edsa Patitex - Preto - Isla Sex Shop","robots":{"index":"index","follow":"follow","max-snippet":"max-snippet:-1","max-image-preview":"max-image-preview:large","max-video-preview":"max-video-preview:-1"},"canonical":"https:\/\/islasexshop.com.br\/index.php\/produto\/tanga-heloisa-patitex-preto\/","og_locale":"pt_BR","og_type":"article","og_title":"Tanga Helo\u00edsa Patitex - Preto - Isla Sex Shop","og_description":"A\u00a0Tanga Helo\u00edsa\u00a0da\u00a0Patitex, \u00e9 um modelo de\u00a0Calcinha Sensual\u00a0trabalhada com uma delicada renda de\u00a0acabamento de primeira linha, que apresenta uma textura super agrad\u00e1vel para pele, oferecendo um\u00a0toque macio e confort\u00e1vel, al\u00e9m de um caimento perfeito no corpo.","og_url":"https:\/\/islasexshop.com.br\/index.php\/produto\/tanga-heloisa-patitex-preto\/","og_site_name":"Isla Sex Shop","article_publisher":"https:\/\/www.facebook.com\/boutiqueisla","article_modified_time":"2024-05-11T00:45:25+00:00","og_image":[{"width":1500,"height":1500,"url":"https:\/\/islasexshop.com.br\/wp-content\/uploads\/2024\/03\/6-15.png","type":"image\/png"}],"twitter_card":"summary_large_image","twitter_misc":{"Est. tempo de leitura":"1 minuto"},"schema":{"@context":"https:\/\/schema.org","@graph":[{"@type":"WebPage","@id":"https:\/\/islasexshop.com.br\/index.php\/produto\/tanga-heloisa-patitex-preto\/","url":"https:\/\/islasexshop.com.br\/index.php\/produto\/tanga-heloisa-patitex-preto\/","name":"Tanga Helo\u00edsa Patitex - Preto - Isla Sex Shop","isPartOf":{"@id":"https:\/\/islasexshop.com.br\/#website"},"primaryImageOfPage":{"@id":"https:\/\/islasexshop.com.br\/index.php\/produto\/tanga-heloisa-patitex-preto\/#primaryimage"},"image":{"@id":"https:\/\/islasexshop.com.br\/index.php\/produto\/tanga-heloisa-patitex-preto\/#primaryimage"},"thumbnailUrl":"https:\/\/islasexshop.com.br\/wp-content\/uploads\/2024\/03\/6-15.png","datePublished":"2024-03-22T20:10:14+00:00","dateModified":"2024-05-11T00:45:25+00:00","breadcrumb":{"@id":"https:\/\/islasexshop.com.br\/index.php\/produto\/tanga-heloisa-patitex-preto\/#breadcrumb"},"inLanguage":"pt-BR","potentialAction":[{"@type":"ReadAction","target":["https:\/\/islasexshop.com.br\/index.php\/produto\/tanga-heloisa-patitex-preto\/"]}]},{"@type":"ImageObject","inLanguage":"pt-BR","@id":"https:\/\/islasexshop.com.br\/index.php\/produto\/tanga-heloisa-patitex-preto\/#primaryimage","url":"https:\/\/islasexshop.com.br\/wp-content\/uploads\/2024\/03\/6-15.png","contentUrl":"https:\/\/islasexshop.com.br\/wp-content\/uploads\/2024\/03\/6-15.png","width":1500,"height":1500},{"@type":"BreadcrumbList","@id":"https:\/\/islasexshop.com.br\/index.php\/produto\/tanga-heloisa-patitex-preto\/#breadcrumb","itemListElement":[{"@type":"ListItem","position":1,"name":"In\u00edcio","item":"https:\/\/islasexshop.com.br\/"},{"@type":"ListItem","position":2,"name":"Produtos","item":"https:\/\/islasexshop.com.br\/index.php\/produtos\/"},{"@type":"ListItem","position":3,"name":"Tanga Helo\u00edsa Patitex &#8211; Preto"}]},{"@type":"WebSite","@id":"https:\/\/islasexshop.com.br\/#website","url":"https:\/\/islasexshop.com.br\/","name":"Isla Sex Shop","description":"Sex Shop Butant\u00e3, Sex Shop Morumbi, Sex Shop Regi\u00e3o","publisher":{"@id":"https:\/\/islasexshop.com.br\/#organization"},"potentialAction":[{"@type":"SearchAction","target":{"@type":"EntryPoint","urlTemplate":"https:\/\/islasexshop.com.br\/?s={search_term_string}"},"query-input":{"@type":"PropertyValueSpecification","valueRequired":true,"valueName":"search_term_string"}}],"inLanguage":"pt-BR"},{"@type":"Organization","@id":"https:\/\/islasexshop.com.br\/#organization","name":"Isla Sex Shop","url":"https:\/\/islasexshop.com.br\/","logo":{"@type":"ImageObject","inLanguage":"pt-BR","@id":"https:\/\/islasexshop.com.br\/#\/schema\/logo\/image\/","url":"https:\/\/islasexshop.com.br\/wp-content\/uploads\/2024\/02\/0e4d7c76d6c6e7c24d33fd3338fd3dbf.jpg","contentUrl":"https:\/\/islasexshop.com.br\/wp-content\/uploads\/2024\/02\/0e4d7c76d6c6e7c24d33fd3338fd3dbf.jpg","width":400,"height":200,"caption":"Isla Sex Shop"},"image":{"@id":"https:\/\/islasexshop.com.br\/#\/schema\/logo\/image\/"},"sameAs":["https:\/\/www.facebook.com\/boutiqueisla","https:\/\/www.instagram.com\/islasensualmorumbi\/"]}]}},"_links":{"self":[{"href":"https:\/\/islasexshop.com.br\/index.php\/wp-json\/wp\/v2\/product\/2852"}],"collection":[{"href":"https:\/\/islasexshop.com.br\/index.php\/wp-json\/wp\/v2\/product"}],"about":[{"href":"https:\/\/islasexshop.com.br\/index.php\/wp-json\/wp\/v2\/types\/product"}],"replies":[{"embeddable":true,"href":"https:\/\/islasexshop.com.br\/index.php\/wp-json\/wp\/v2\/comments?post=2852"}],"version-history":[{"count":4,"href":"https:\/\/islasexshop.com.br\/index.php\/wp-json\/wp\/v2\/product\/2852\/revisions"}],"predecessor-version":[{"id":2859,"href":"https:\/\/islasexshop.com.br\/index.php\/wp-json\/wp\/v2\/product\/2852\/revisions\/2859"}],"wp:featuredmedia":[{"embeddable":true,"href":"https:\/\/islasexshop.com.br\/index.php\/wp-json\/wp\/v2\/media\/2854"}],"wp:attachment":[{"href":"https:\/\/islasexshop.com.br\/index.php\/wp-json\/wp\/v2\/media?parent=2852"}],"wp:term":[{"taxonomy":"product_cat","embeddable":true,"href":"https:\/\/islasexshop.com.br\/index.php\/wp-json\/wp\/v2\/product_cat?post=2852"},{"taxonomy":"product_tag","embeddable":true,"href":"https:\/\/islasexshop.com.br\/index.php\/wp-json\/wp\/v2\/product_tag?post=2852"}],"curies":[{"name":"wp","href":"https:\/\/api.w.org\/{rel}","templated":true}]}}