{"id":2697,"date":"2024-03-21T11:22:04","date_gmt":"2024-03-21T14:22:04","guid":{"rendered":"https:\/\/islasexshop.com.br\/?post_type=product&#038;p=2697"},"modified":"2024-05-10T21:44:34","modified_gmt":"2024-05-11T00:44:34","slug":"banho-aromatico-nova-magia-120ml-feiticos-rosas-amarelas","status":"publish","type":"product","link":"https:\/\/islasexshop.com.br\/index.php\/produto\/banho-aromatico-nova-magia-120ml-feiticos-rosas-amarelas\/","title":{"rendered":"Banho Arom\u00e1tico Nova Magia 120Ml Feiti\u00e7os &#8211; Rosas Amarelas"},"content":{"rendered":"\t\t<div data-elementor-type=\"wp-post\" data-elementor-id=\"2697\" class=\"elementor elementor-2697\" data-elementor-post-type=\"product\">\n\t\t\t\t\t\t<section class=\"elementor-section elementor-top-section elementor-element elementor-element-ac74866 elementor-section-boxed elementor-section-height-default elementor-section-height-default\" data-id=\"ac74866\" data-element_type=\"section\">\n\t\t\t\t\t\t<div class=\"elementor-container elementor-column-gap-default\">\n\t\t\t\t\t<div class=\"elementor-column elementor-col-100 elementor-top-column elementor-element elementor-element-00455b3\" data-id=\"00455b3\" data-element_type=\"column\">\n\t\t\t<div class=\"elementor-widget-wrap elementor-element-populated\">\n\t\t\t\t\t\t<section class=\"elementor-section elementor-inner-section elementor-element elementor-element-0b58131 elementor-section-boxed elementor-section-height-default elementor-section-height-default\" data-id=\"0b58131\" data-element_type=\"section\">\n\t\t\t\t\t\t<div class=\"elementor-container elementor-column-gap-default\">\n\t\t\t\t\t<div class=\"elementor-column elementor-col-33 elementor-inner-column elementor-element elementor-element-68d5cd2\" data-id=\"68d5cd2\" data-element_type=\"column\">\n\t\t\t<div class=\"elementor-widget-wrap\">\n\t\t\t\t\t\t\t<\/div>\n\t\t<\/div>\n\t\t\t\t<div class=\"elementor-column elementor-col-33 elementor-inner-column elementor-element elementor-element-e9e37c9\" data-id=\"e9e37c9\" data-element_type=\"column\">\n\t\t\t<div class=\"elementor-widget-wrap elementor-element-populated\">\n\t\t\t\t\t\t<div class=\"elementor-element elementor-element-11028d6 elementor-widget elementor-widget-heading\" data-id=\"11028d6\" data-element_type=\"widget\" data-widget_type=\"heading.default\">\n\t\t\t\t<div class=\"elementor-widget-container\">\n\t\t\t\t\t<h2 class=\"elementor-heading-title elementor-size-default\"><a href=\"http:\/\/Chicote\">Feiti\u00e7os<\/a><\/h2>\t\t\t\t<\/div>\n\t\t\t\t<\/div>\n\t\t\t\t\t<\/div>\n\t\t<\/div>\n\t\t\t\t<div class=\"elementor-column elementor-col-33 elementor-inner-column elementor-element elementor-element-e35eb49\" data-id=\"e35eb49\" data-element_type=\"column\">\n\t\t\t<div class=\"elementor-widget-wrap\">\n\t\t\t\t\t\t\t<\/div>\n\t\t<\/div>\n\t\t\t\t\t<\/div>\n\t\t<\/section>\n\t\t\t\t<section class=\"elementor-section elementor-inner-section elementor-element elementor-element-a00a4aa elementor-reverse-mobile elementor-section-boxed elementor-section-height-default elementor-section-height-default\" data-id=\"a00a4aa\" data-element_type=\"section\">\n\t\t\t\t\t\t<div class=\"elementor-container elementor-column-gap-no\">\n\t\t\t\t\t<div class=\"elementor-column elementor-col-50 elementor-inner-column elementor-element elementor-element-aebdda8\" data-id=\"aebdda8\" data-element_type=\"column\" data-settings=\"{&quot;background_background&quot;:&quot;classic&quot;}\">\n\t\t\t<div class=\"elementor-widget-wrap elementor-element-populated\">\n\t\t\t\t\t\t<div class=\"elementor-element elementor-element-dc7ae6c elementor-widget elementor-widget-heading\" data-id=\"dc7ae6c\" data-element_type=\"widget\" data-widget_type=\"heading.default\">\n\t\t\t\t<div class=\"elementor-widget-container\">\n\t\t\t\t\t<h4 class=\"elementor-heading-title elementor-size-default\">Banho Arom\u00e1tico<\/h4>\t\t\t\t<\/div>\n\t\t\t\t<\/div>\n\t\t\t\t<div class=\"elementor-element elementor-element-7333a85 elementor-widget__width-initial elementor-widget elementor-widget-text-editor\" data-id=\"7333a85\" data-element_type=\"widget\" data-widget_type=\"text-editor.default\">\n\t\t\t\t<div class=\"elementor-widget-container\">\n\t\t\t\t\t\t\t\t\t<p><strong>Ajudam a limpar o campo astral equilibrando os chakras e afastando energias negativas. Esperamos que voc\u00ea goste e tenha cada vez mais sucesso em sua vida. Sorte e Muitos Encantamentos&#8230;<\/strong><br \/><br \/>Modo de uso:<br \/>Prepare um balde ou bacia com 3 litros de \u00e1gua ou mais e dilua todo o conte\u00fado do frasco, Ap\u00f3s seu banho usual, despeje o preparado lentamente sobre o corpo do pesco\u00e7o para baixo enquanto mentaliza seus desejos. Seque normalmente enxaguar<\/p>\t\t\t\t\t\t\t\t<\/div>\n\t\t\t\t<\/div>\n\t\t\t\t\t<\/div>\n\t\t<\/div>\n\t\t\t\t<div class=\"elementor-column elementor-col-50 elementor-inner-column elementor-element elementor-element-2f2a32e\" data-id=\"2f2a32e\" data-element_type=\"column\">\n\t\t\t<div class=\"elementor-widget-wrap elementor-element-populated\">\n\t\t\t\t\t\t<div class=\"elementor-element elementor-element-eca2fdd elementor-widget elementor-widget-image\" data-id=\"eca2fdd\" data-element_type=\"widget\" data-widget_type=\"image.default\">\n\t\t\t\t<div class=\"elementor-widget-container\">\n\t\t\t\t\t\t\t\t\t\t\t\t\t\t\t<img fetchpriority=\"high\" decoding=\"async\" width=\"1200\" height=\"1200\" src=\"https:\/\/islasexshop.com.br\/wp-content\/uploads\/2024\/03\/8-4-1200x1200.png\" class=\"attachment-large size-large wp-image-2661\" alt=\"\" srcset=\"https:\/\/islasexshop.com.br\/wp-content\/uploads\/2024\/03\/8-4-1200x1200.png 1200w, https:\/\/islasexshop.com.br\/wp-content\/uploads\/2024\/03\/8-4-300x300.png 300w, https:\/\/islasexshop.com.br\/wp-content\/uploads\/2024\/03\/8-4-500x500.png 500w, https:\/\/islasexshop.com.br\/wp-content\/uploads\/2024\/03\/8-4-768x768.png 768w, https:\/\/islasexshop.com.br\/wp-content\/uploads\/2024\/03\/8-4-150x150.png 150w, https:\/\/islasexshop.com.br\/wp-content\/uploads\/2024\/03\/8-4-75x75.png 75w, https:\/\/islasexshop.com.br\/wp-content\/uploads\/2024\/03\/8-4-480x480.png 480w, https:\/\/islasexshop.com.br\/wp-content\/uploads\/2024\/03\/8-4-1320x1320.png 1320w, https:\/\/islasexshop.com.br\/wp-content\/uploads\/2024\/03\/8-4-800x800.png 800w, https:\/\/islasexshop.com.br\/wp-content\/uploads\/2024\/03\/8-4.png 1500w\" sizes=\"(max-width:767px) 480px, (max-width:1200px) 100vw, 1200px\" \/>\t\t\t\t\t\t\t\t\t\t\t\t\t\t\t<\/div>\n\t\t\t\t<\/div>\n\t\t\t\t\t<\/div>\n\t\t<\/div>\n\t\t\t\t\t<\/div>\n\t\t<\/section>\n\t\t\t\t<section class=\"elementor-section elementor-inner-section elementor-element elementor-element-2f52631 elementor-section-boxed elementor-section-height-default elementor-section-height-default\" data-id=\"2f52631\" data-element_type=\"section\">\n\t\t\t\t\t\t<div class=\"elementor-container elementor-column-gap-no\">\n\t\t\t\t\t<div class=\"elementor-column elementor-col-50 elementor-inner-column elementor-element elementor-element-5917191\" data-id=\"5917191\" data-element_type=\"column\">\n\t\t\t<div class=\"elementor-widget-wrap elementor-element-populated\">\n\t\t\t\t\t\t<div class=\"elementor-element elementor-element-af155b1 elementor-widget elementor-widget-image\" data-id=\"af155b1\" data-element_type=\"widget\" data-widget_type=\"image.default\">\n\t\t\t\t<div class=\"elementor-widget-container\">\n\t\t\t\t\t\t\t\t\t\t\t\t\t\t\t<img decoding=\"async\" width=\"1200\" height=\"1200\" src=\"https:\/\/islasexshop.com.br\/wp-content\/uploads\/2024\/03\/Design-sem-nome-10-1200x1200.png\" class=\"attachment-large size-large wp-image-2662\" alt=\"\" srcset=\"https:\/\/islasexshop.com.br\/wp-content\/uploads\/2024\/03\/Design-sem-nome-10-1200x1200.png 1200w, https:\/\/islasexshop.com.br\/wp-content\/uploads\/2024\/03\/Design-sem-nome-10-300x300.png 300w, https:\/\/islasexshop.com.br\/wp-content\/uploads\/2024\/03\/Design-sem-nome-10-500x500.png 500w, https:\/\/islasexshop.com.br\/wp-content\/uploads\/2024\/03\/Design-sem-nome-10-768x768.png 768w, https:\/\/islasexshop.com.br\/wp-content\/uploads\/2024\/03\/Design-sem-nome-10-150x150.png 150w, https:\/\/islasexshop.com.br\/wp-content\/uploads\/2024\/03\/Design-sem-nome-10-75x75.png 75w, https:\/\/islasexshop.com.br\/wp-content\/uploads\/2024\/03\/Design-sem-nome-10-480x480.png 480w, https:\/\/islasexshop.com.br\/wp-content\/uploads\/2024\/03\/Design-sem-nome-10-1320x1320.png 1320w, https:\/\/islasexshop.com.br\/wp-content\/uploads\/2024\/03\/Design-sem-nome-10-800x800.png 800w, https:\/\/islasexshop.com.br\/wp-content\/uploads\/2024\/03\/Design-sem-nome-10.png 1500w\" sizes=\"(max-width:767px) 480px, (max-width:1200px) 100vw, 1200px\" \/>\t\t\t\t\t\t\t\t\t\t\t\t\t\t\t<\/div>\n\t\t\t\t<\/div>\n\t\t\t\t\t<\/div>\n\t\t<\/div>\n\t\t\t\t<div class=\"elementor-column elementor-col-50 elementor-inner-column elementor-element elementor-element-ccb6eb5\" data-id=\"ccb6eb5\" data-element_type=\"column\" data-settings=\"{&quot;background_background&quot;:&quot;classic&quot;}\">\n\t\t\t<div class=\"elementor-widget-wrap elementor-element-populated\">\n\t\t\t\t\t\t<div class=\"elementor-element elementor-element-9a2a614 elementor-widget elementor-widget-text-editor\" data-id=\"9a2a614\" data-element_type=\"widget\" data-widget_type=\"text-editor.default\">\n\t\t\t\t<div class=\"elementor-widget-container\">\n\t\t\t\t\t\t\t\t\t<h4><strong>Arom\u00e1tico<\/strong><\/h4>\t\t\t\t\t\t\t\t<\/div>\n\t\t\t\t<\/div>\n\t\t\t\t<div class=\"elementor-element elementor-element-176aee3 elementor-widget__width-initial elementor-widget elementor-widget-text-editor\" data-id=\"176aee3\" data-element_type=\"widget\" data-widget_type=\"text-editor.default\">\n\t\t\t\t<div class=\"elementor-widget-container\">\n\t\t\t\t\t\t\t\t\t<section data-description=\"\"><div data-description-toggle=\"\"><section data-description=\"\"><div data-description-toggle=\"\"><section data-description=\"\"><section data-description=\"\"><div data-description-toggle=\"\"><section data-description=\"\"><div data-description-toggle=\"\"><section class=\"new-section\" data-description=\"\"><section class=\"new-section\" data-description=\"\"><div class=\"new-section__description\" data-description-toggle=\"\"><p><strong>Cuidados:<\/strong><br \/>Evite contato com os olhos. Proteja o produto do calor, da umidade e da luz. No caso de irrita\u00e7\u00e3o, suspenda o uso e, se necess\u00e1rio, procure orienta\u00e7\u00e3o m\u00e9dica. Mantenha fora do alcance das crian\u00e7as<\/p><\/div><\/section><\/section><\/div><\/section><section data-description=\"\"><\/section><\/div><\/section><section data-description=\"\"><\/section><\/section><\/div><\/section><\/div><\/section>\t\t\t\t\t\t\t\t<\/div>\n\t\t\t\t<\/div>\n\t\t\t\t\t<\/div>\n\t\t<\/div>\n\t\t\t\t\t<\/div>\n\t\t<\/section>\n\t\t\t\t\t<\/div>\n\t\t<\/div>\n\t\t\t\t\t<\/div>\n\t\t<\/section>\n\t\t\t\t<\/div>\n\t\t","protected":false},"excerpt":{"rendered":"<p>Os Banhos Arom\u00e1ticos s\u00e3o prepara\u00e7\u00f5es conceituadas na Aromaterapia na religiosidade afro-brasileira. Cada fragr\u00e2ncia tem um prop\u00f3sito espec\u00edfico os banhos podem ser combinados entre si.<\/p>\n","protected":false},"featured_media":2661,"comment_status":"open","ping_status":"closed","template":"","meta":[],"product_cat":[165,161,164,166,163,162,24],"product_tag":[145,144,146,147,148],"yoast_head":"<!-- This site is optimized with the Yoast SEO plugin v24.5 - https:\/\/yoast.com\/wordpress\/plugins\/seo\/ -->\n<title>Banho Arom\u00e1tico Nova Magia 120Ml Feiti\u00e7os - Rosas Amarelas - Isla Sex Shop<\/title>\n<meta name=\"robots\" content=\"index, follow, max-snippet:-1, max-image-preview:large, max-video-preview:-1\" \/>\n<link rel=\"canonical\" href=\"https:\/\/islasexshop.com.br\/index.php\/produto\/banho-aromatico-nova-magia-120ml-feiticos-rosas-amarelas\/\" \/>\n<meta property=\"og:locale\" content=\"pt_BR\" \/>\n<meta property=\"og:type\" content=\"article\" \/>\n<meta property=\"og:title\" content=\"Banho Arom\u00e1tico Nova Magia 120Ml Feiti\u00e7os - Rosas Amarelas - Isla Sex Shop\" \/>\n<meta property=\"og:description\" content=\"Os Banhos Arom\u00e1ticos s\u00e3o prepara\u00e7\u00f5es conceituadas na Aromaterapia na religiosidade afro-brasileira. Cada fragr\u00e2ncia tem um prop\u00f3sito espec\u00edfico os banhos podem ser combinados entre si.\" \/>\n<meta property=\"og:url\" content=\"https:\/\/islasexshop.com.br\/index.php\/produto\/banho-aromatico-nova-magia-120ml-feiticos-rosas-amarelas\/\" \/>\n<meta property=\"og:site_name\" content=\"Isla Sex Shop\" \/>\n<meta property=\"article:publisher\" content=\"https:\/\/www.facebook.com\/boutiqueisla\" \/>\n<meta property=\"article:modified_time\" content=\"2024-05-11T00:44:34+00:00\" \/>\n<meta property=\"og:image\" content=\"https:\/\/islasexshop.com.br\/wp-content\/uploads\/2024\/03\/8-4.png\" \/>\n\t<meta property=\"og:image:width\" content=\"1500\" \/>\n\t<meta property=\"og:image:height\" content=\"1500\" \/>\n\t<meta property=\"og:image:type\" content=\"image\/png\" \/>\n<meta name=\"twitter:card\" content=\"summary_large_image\" \/>\n<meta name=\"twitter:label1\" content=\"Est. tempo de leitura\" \/>\n\t<meta name=\"twitter:data1\" content=\"1 minuto\" \/>\n<script type=\"application\/ld+json\" class=\"yoast-schema-graph\">{\"@context\":\"https:\/\/schema.org\",\"@graph\":[{\"@type\":\"WebPage\",\"@id\":\"https:\/\/islasexshop.com.br\/index.php\/produto\/banho-aromatico-nova-magia-120ml-feiticos-rosas-amarelas\/\",\"url\":\"https:\/\/islasexshop.com.br\/index.php\/produto\/banho-aromatico-nova-magia-120ml-feiticos-rosas-amarelas\/\",\"name\":\"Banho Arom\u00e1tico Nova Magia 120Ml Feiti\u00e7os - Rosas Amarelas - Isla Sex Shop\",\"isPartOf\":{\"@id\":\"https:\/\/islasexshop.com.br\/#website\"},\"primaryImageOfPage\":{\"@id\":\"https:\/\/islasexshop.com.br\/index.php\/produto\/banho-aromatico-nova-magia-120ml-feiticos-rosas-amarelas\/#primaryimage\"},\"image\":{\"@id\":\"https:\/\/islasexshop.com.br\/index.php\/produto\/banho-aromatico-nova-magia-120ml-feiticos-rosas-amarelas\/#primaryimage\"},\"thumbnailUrl\":\"https:\/\/islasexshop.com.br\/wp-content\/uploads\/2024\/03\/8-4.png\",\"datePublished\":\"2024-03-21T14:22:04+00:00\",\"dateModified\":\"2024-05-11T00:44:34+00:00\",\"breadcrumb\":{\"@id\":\"https:\/\/islasexshop.com.br\/index.php\/produto\/banho-aromatico-nova-magia-120ml-feiticos-rosas-amarelas\/#breadcrumb\"},\"inLanguage\":\"pt-BR\",\"potentialAction\":[{\"@type\":\"ReadAction\",\"target\":[\"https:\/\/islasexshop.com.br\/index.php\/produto\/banho-aromatico-nova-magia-120ml-feiticos-rosas-amarelas\/\"]}]},{\"@type\":\"ImageObject\",\"inLanguage\":\"pt-BR\",\"@id\":\"https:\/\/islasexshop.com.br\/index.php\/produto\/banho-aromatico-nova-magia-120ml-feiticos-rosas-amarelas\/#primaryimage\",\"url\":\"https:\/\/islasexshop.com.br\/wp-content\/uploads\/2024\/03\/8-4.png\",\"contentUrl\":\"https:\/\/islasexshop.com.br\/wp-content\/uploads\/2024\/03\/8-4.png\",\"width\":1500,\"height\":1500},{\"@type\":\"BreadcrumbList\",\"@id\":\"https:\/\/islasexshop.com.br\/index.php\/produto\/banho-aromatico-nova-magia-120ml-feiticos-rosas-amarelas\/#breadcrumb\",\"itemListElement\":[{\"@type\":\"ListItem\",\"position\":1,\"name\":\"In\u00edcio\",\"item\":\"https:\/\/islasexshop.com.br\/\"},{\"@type\":\"ListItem\",\"position\":2,\"name\":\"Produtos\",\"item\":\"https:\/\/islasexshop.com.br\/index.php\/produtos\/\"},{\"@type\":\"ListItem\",\"position\":3,\"name\":\"Banho Arom\u00e1tico Nova Magia 120Ml Feiti\u00e7os &#8211; Rosas Amarelas\"}]},{\"@type\":\"WebSite\",\"@id\":\"https:\/\/islasexshop.com.br\/#website\",\"url\":\"https:\/\/islasexshop.com.br\/\",\"name\":\"Isla Sex Shop\",\"description\":\"Sex Shop Butant\u00e3, Sex Shop Morumbi, Sex Shop Regi\u00e3o\",\"publisher\":{\"@id\":\"https:\/\/islasexshop.com.br\/#organization\"},\"potentialAction\":[{\"@type\":\"SearchAction\",\"target\":{\"@type\":\"EntryPoint\",\"urlTemplate\":\"https:\/\/islasexshop.com.br\/?s={search_term_string}\"},\"query-input\":{\"@type\":\"PropertyValueSpecification\",\"valueRequired\":true,\"valueName\":\"search_term_string\"}}],\"inLanguage\":\"pt-BR\"},{\"@type\":\"Organization\",\"@id\":\"https:\/\/islasexshop.com.br\/#organization\",\"name\":\"Isla Sex Shop\",\"url\":\"https:\/\/islasexshop.com.br\/\",\"logo\":{\"@type\":\"ImageObject\",\"inLanguage\":\"pt-BR\",\"@id\":\"https:\/\/islasexshop.com.br\/#\/schema\/logo\/image\/\",\"url\":\"https:\/\/islasexshop.com.br\/wp-content\/uploads\/2024\/02\/0e4d7c76d6c6e7c24d33fd3338fd3dbf.jpg\",\"contentUrl\":\"https:\/\/islasexshop.com.br\/wp-content\/uploads\/2024\/02\/0e4d7c76d6c6e7c24d33fd3338fd3dbf.jpg\",\"width\":400,\"height\":200,\"caption\":\"Isla Sex Shop\"},\"image\":{\"@id\":\"https:\/\/islasexshop.com.br\/#\/schema\/logo\/image\/\"},\"sameAs\":[\"https:\/\/www.facebook.com\/boutiqueisla\",\"https:\/\/www.instagram.com\/islasensualmorumbi\/\"]}]}<\/script>\n<!-- \/ Yoast SEO plugin. -->","yoast_head_json":{"title":"Banho Arom\u00e1tico Nova Magia 120Ml Feiti\u00e7os - Rosas Amarelas - Isla Sex Shop","robots":{"index":"index","follow":"follow","max-snippet":"max-snippet:-1","max-image-preview":"max-image-preview:large","max-video-preview":"max-video-preview:-1"},"canonical":"https:\/\/islasexshop.com.br\/index.php\/produto\/banho-aromatico-nova-magia-120ml-feiticos-rosas-amarelas\/","og_locale":"pt_BR","og_type":"article","og_title":"Banho Arom\u00e1tico Nova Magia 120Ml Feiti\u00e7os - Rosas Amarelas - Isla Sex Shop","og_description":"Os Banhos Arom\u00e1ticos s\u00e3o prepara\u00e7\u00f5es conceituadas na Aromaterapia na religiosidade afro-brasileira. Cada fragr\u00e2ncia tem um prop\u00f3sito espec\u00edfico os banhos podem ser combinados entre si.","og_url":"https:\/\/islasexshop.com.br\/index.php\/produto\/banho-aromatico-nova-magia-120ml-feiticos-rosas-amarelas\/","og_site_name":"Isla Sex Shop","article_publisher":"https:\/\/www.facebook.com\/boutiqueisla","article_modified_time":"2024-05-11T00:44:34+00:00","og_image":[{"width":1500,"height":1500,"url":"https:\/\/islasexshop.com.br\/wp-content\/uploads\/2024\/03\/8-4.png","type":"image\/png"}],"twitter_card":"summary_large_image","twitter_misc":{"Est. tempo de leitura":"1 minuto"},"schema":{"@context":"https:\/\/schema.org","@graph":[{"@type":"WebPage","@id":"https:\/\/islasexshop.com.br\/index.php\/produto\/banho-aromatico-nova-magia-120ml-feiticos-rosas-amarelas\/","url":"https:\/\/islasexshop.com.br\/index.php\/produto\/banho-aromatico-nova-magia-120ml-feiticos-rosas-amarelas\/","name":"Banho Arom\u00e1tico Nova Magia 120Ml Feiti\u00e7os - Rosas Amarelas - Isla Sex Shop","isPartOf":{"@id":"https:\/\/islasexshop.com.br\/#website"},"primaryImageOfPage":{"@id":"https:\/\/islasexshop.com.br\/index.php\/produto\/banho-aromatico-nova-magia-120ml-feiticos-rosas-amarelas\/#primaryimage"},"image":{"@id":"https:\/\/islasexshop.com.br\/index.php\/produto\/banho-aromatico-nova-magia-120ml-feiticos-rosas-amarelas\/#primaryimage"},"thumbnailUrl":"https:\/\/islasexshop.com.br\/wp-content\/uploads\/2024\/03\/8-4.png","datePublished":"2024-03-21T14:22:04+00:00","dateModified":"2024-05-11T00:44:34+00:00","breadcrumb":{"@id":"https:\/\/islasexshop.com.br\/index.php\/produto\/banho-aromatico-nova-magia-120ml-feiticos-rosas-amarelas\/#breadcrumb"},"inLanguage":"pt-BR","potentialAction":[{"@type":"ReadAction","target":["https:\/\/islasexshop.com.br\/index.php\/produto\/banho-aromatico-nova-magia-120ml-feiticos-rosas-amarelas\/"]}]},{"@type":"ImageObject","inLanguage":"pt-BR","@id":"https:\/\/islasexshop.com.br\/index.php\/produto\/banho-aromatico-nova-magia-120ml-feiticos-rosas-amarelas\/#primaryimage","url":"https:\/\/islasexshop.com.br\/wp-content\/uploads\/2024\/03\/8-4.png","contentUrl":"https:\/\/islasexshop.com.br\/wp-content\/uploads\/2024\/03\/8-4.png","width":1500,"height":1500},{"@type":"BreadcrumbList","@id":"https:\/\/islasexshop.com.br\/index.php\/produto\/banho-aromatico-nova-magia-120ml-feiticos-rosas-amarelas\/#breadcrumb","itemListElement":[{"@type":"ListItem","position":1,"name":"In\u00edcio","item":"https:\/\/islasexshop.com.br\/"},{"@type":"ListItem","position":2,"name":"Produtos","item":"https:\/\/islasexshop.com.br\/index.php\/produtos\/"},{"@type":"ListItem","position":3,"name":"Banho Arom\u00e1tico Nova Magia 120Ml Feiti\u00e7os &#8211; Rosas Amarelas"}]},{"@type":"WebSite","@id":"https:\/\/islasexshop.com.br\/#website","url":"https:\/\/islasexshop.com.br\/","name":"Isla Sex Shop","description":"Sex Shop Butant\u00e3, Sex Shop Morumbi, Sex Shop Regi\u00e3o","publisher":{"@id":"https:\/\/islasexshop.com.br\/#organization"},"potentialAction":[{"@type":"SearchAction","target":{"@type":"EntryPoint","urlTemplate":"https:\/\/islasexshop.com.br\/?s={search_term_string}"},"query-input":{"@type":"PropertyValueSpecification","valueRequired":true,"valueName":"search_term_string"}}],"inLanguage":"pt-BR"},{"@type":"Organization","@id":"https:\/\/islasexshop.com.br\/#organization","name":"Isla Sex Shop","url":"https:\/\/islasexshop.com.br\/","logo":{"@type":"ImageObject","inLanguage":"pt-BR","@id":"https:\/\/islasexshop.com.br\/#\/schema\/logo\/image\/","url":"https:\/\/islasexshop.com.br\/wp-content\/uploads\/2024\/02\/0e4d7c76d6c6e7c24d33fd3338fd3dbf.jpg","contentUrl":"https:\/\/islasexshop.com.br\/wp-content\/uploads\/2024\/02\/0e4d7c76d6c6e7c24d33fd3338fd3dbf.jpg","width":400,"height":200,"caption":"Isla Sex Shop"},"image":{"@id":"https:\/\/islasexshop.com.br\/#\/schema\/logo\/image\/"},"sameAs":["https:\/\/www.facebook.com\/boutiqueisla","https:\/\/www.instagram.com\/islasensualmorumbi\/"]}]}},"_links":{"self":[{"href":"https:\/\/islasexshop.com.br\/index.php\/wp-json\/wp\/v2\/product\/2697"}],"collection":[{"href":"https:\/\/islasexshop.com.br\/index.php\/wp-json\/wp\/v2\/product"}],"about":[{"href":"https:\/\/islasexshop.com.br\/index.php\/wp-json\/wp\/v2\/types\/product"}],"replies":[{"embeddable":true,"href":"https:\/\/islasexshop.com.br\/index.php\/wp-json\/wp\/v2\/comments?post=2697"}],"version-history":[{"count":4,"href":"https:\/\/islasexshop.com.br\/index.php\/wp-json\/wp\/v2\/product\/2697\/revisions"}],"predecessor-version":[{"id":2701,"href":"https:\/\/islasexshop.com.br\/index.php\/wp-json\/wp\/v2\/product\/2697\/revisions\/2701"}],"wp:featuredmedia":[{"embeddable":true,"href":"https:\/\/islasexshop.com.br\/index.php\/wp-json\/wp\/v2\/media\/2661"}],"wp:attachment":[{"href":"https:\/\/islasexshop.com.br\/index.php\/wp-json\/wp\/v2\/media?parent=2697"}],"wp:term":[{"taxonomy":"product_cat","embeddable":true,"href":"https:\/\/islasexshop.com.br\/index.php\/wp-json\/wp\/v2\/product_cat?post=2697"},{"taxonomy":"product_tag","embeddable":true,"href":"https:\/\/islasexshop.com.br\/index.php\/wp-json\/wp\/v2\/product_tag?post=2697"}],"curies":[{"name":"wp","href":"https:\/\/api.w.org\/{rel}","templated":true}]}}