{"id":2434,"date":"2024-03-14T16:50:23","date_gmt":"2024-03-14T19:50:23","guid":{"rendered":"https:\/\/islasexshop.com.br\/?post_type=product&#038;p=2434"},"modified":"2025-03-05T13:22:30","modified_gmt":"2025-03-05T16:22:30","slug":"k-med-bisnaga-lubrificante-intimo-100g-cimed","status":"publish","type":"product","link":"https:\/\/islasexshop.com.br\/index.php\/produto\/k-med-bisnaga-lubrificante-intimo-100g-cimed\/","title":{"rendered":"K-Med Bisnaga Lubrificante \u00cdntimo 100G Cimed"},"content":{"rendered":"\t\t<div data-elementor-type=\"wp-post\" data-elementor-id=\"2434\" class=\"elementor elementor-2434\" data-elementor-post-type=\"product\">\n\t\t\t\t\t\t<section class=\"elementor-section elementor-top-section elementor-element elementor-element-ac74866 elementor-section-boxed elementor-section-height-default elementor-section-height-default\" data-id=\"ac74866\" data-element_type=\"section\">\n\t\t\t\t\t\t<div class=\"elementor-container elementor-column-gap-default\">\n\t\t\t\t\t<div class=\"elementor-column elementor-col-100 elementor-top-column elementor-element elementor-element-00455b3\" data-id=\"00455b3\" data-element_type=\"column\">\n\t\t\t<div class=\"elementor-widget-wrap elementor-element-populated\">\n\t\t\t\t\t\t<section class=\"elementor-section elementor-inner-section elementor-element elementor-element-0b58131 elementor-section-boxed elementor-section-height-default elementor-section-height-default\" data-id=\"0b58131\" data-element_type=\"section\">\n\t\t\t\t\t\t<div class=\"elementor-container elementor-column-gap-default\">\n\t\t\t\t\t<div class=\"elementor-column elementor-col-33 elementor-inner-column elementor-element elementor-element-68d5cd2\" data-id=\"68d5cd2\" data-element_type=\"column\">\n\t\t\t<div class=\"elementor-widget-wrap\">\n\t\t\t\t\t\t\t<\/div>\n\t\t<\/div>\n\t\t\t\t<div class=\"elementor-column elementor-col-33 elementor-inner-column elementor-element elementor-element-e9e37c9\" data-id=\"e9e37c9\" data-element_type=\"column\">\n\t\t\t<div class=\"elementor-widget-wrap elementor-element-populated\">\n\t\t\t\t\t\t<div class=\"elementor-element elementor-element-11028d6 elementor-widget elementor-widget-heading\" data-id=\"11028d6\" data-element_type=\"widget\" data-widget_type=\"heading.default\">\n\t\t\t\t<div class=\"elementor-widget-container\">\n\t\t\t\t\t<h2 class=\"elementor-heading-title elementor-size-default\">K-Med<\/h2>\t\t\t\t<\/div>\n\t\t\t\t<\/div>\n\t\t\t\t\t<\/div>\n\t\t<\/div>\n\t\t\t\t<div class=\"elementor-column elementor-col-33 elementor-inner-column elementor-element elementor-element-e35eb49\" data-id=\"e35eb49\" data-element_type=\"column\">\n\t\t\t<div class=\"elementor-widget-wrap\">\n\t\t\t\t\t\t\t<\/div>\n\t\t<\/div>\n\t\t\t\t\t<\/div>\n\t\t<\/section>\n\t\t\t\t<section class=\"elementor-section elementor-inner-section elementor-element elementor-element-a00a4aa elementor-reverse-mobile elementor-section-boxed elementor-section-height-default elementor-section-height-default\" data-id=\"a00a4aa\" data-element_type=\"section\">\n\t\t\t\t\t\t<div class=\"elementor-container elementor-column-gap-no\">\n\t\t\t\t\t<div class=\"elementor-column elementor-col-50 elementor-inner-column elementor-element elementor-element-aebdda8\" data-id=\"aebdda8\" data-element_type=\"column\" data-settings=\"{&quot;background_background&quot;:&quot;classic&quot;}\">\n\t\t\t<div class=\"elementor-widget-wrap elementor-element-populated\">\n\t\t\t\t\t\t<div class=\"elementor-element elementor-element-dc7ae6c elementor-widget elementor-widget-heading\" data-id=\"dc7ae6c\" data-element_type=\"widget\" data-widget_type=\"heading.default\">\n\t\t\t\t<div class=\"elementor-widget-container\">\n\t\t\t\t\t<h4 class=\"elementor-heading-title elementor-size-default\">Lubrificante<\/h4>\t\t\t\t<\/div>\n\t\t\t\t<\/div>\n\t\t\t\t<div class=\"elementor-element elementor-element-7333a85 elementor-widget__width-initial elementor-widget elementor-widget-text-editor\" data-id=\"7333a85\" data-element_type=\"widget\" data-widget_type=\"text-editor.default\">\n\t\t\t\t<div class=\"elementor-widget-container\">\n\t\t\t\t\t\t\t\t\t<h6>Este gel de lubrifica\u00e7\u00e3o \u00edntima \u00e9 formulado com base aquosa e se assemelha \u00e0 lubrifica\u00e7\u00e3o natural, proporcionando conforto e seguran\u00e7a sem comprometer a sensibilidade. Com sua f\u00f3rmula que n\u00e3o tem cheiro, \u00e9 transparente e n\u00e3o gordurosa, este lubrificante \u00e9 a escolha ideal para casais que buscam elevar a qualidade de seus momentos \u00edntimos. Al\u00e9m disso, sua solubilidade em \u00e1gua torna a limpeza simples e eficaz, sem deixar res\u00edduos desagrad\u00e1veis.<\/h6><h6>Caracter\u00edsticas Principais:<\/h6><ul><li><h6><strong>Base Aquosa:<\/strong>\u00a0A f\u00f3rmula \u00e0 base de \u00e1gua se assemelha \u00e0 lubrifica\u00e7\u00e3o natural, proporcionando uma experi\u00eancia \u00edntima aut\u00eantica.<\/h6><\/li><li><h6><strong>Conforto e Seguran\u00e7a:<\/strong>\u00a0Proporciona conforto e seguran\u00e7a adicionais, tornando os momentos \u00edntimos mais agrad\u00e1veis e sem atrito.<\/h6><\/li><li><h6><strong>Sensibilidade Preservada:<\/strong>\u00a0Mesmo oferecendo mais conforto, o\u00a0<strong>K Med Gel<\/strong>\u00a0mant\u00e9m a sensibilidade, intensificando a experi\u00eancia.<\/h6><\/li><\/ul>\t\t\t\t\t\t\t\t<\/div>\n\t\t\t\t<\/div>\n\t\t\t\t\t<\/div>\n\t\t<\/div>\n\t\t\t\t<div class=\"elementor-column elementor-col-50 elementor-inner-column elementor-element elementor-element-2f2a32e\" data-id=\"2f2a32e\" data-element_type=\"column\">\n\t\t\t<div class=\"elementor-widget-wrap elementor-element-populated\">\n\t\t\t\t\t\t<div class=\"elementor-element elementor-element-eca2fdd elementor-widget elementor-widget-image\" data-id=\"eca2fdd\" data-element_type=\"widget\" data-widget_type=\"image.default\">\n\t\t\t\t<div class=\"elementor-widget-container\">\n\t\t\t\t\t\t\t\t\t\t\t\t\t\t\t<img fetchpriority=\"high\" decoding=\"async\" width=\"1200\" height=\"1200\" src=\"https:\/\/islasexshop.com.br\/wp-content\/uploads\/2024\/03\/1-36-1200x1200.png\" class=\"attachment-large size-large wp-image-2435\" alt=\"\" srcset=\"https:\/\/islasexshop.com.br\/wp-content\/uploads\/2024\/03\/1-36-1200x1200.png 1200w, https:\/\/islasexshop.com.br\/wp-content\/uploads\/2024\/03\/1-36-300x300.png 300w, https:\/\/islasexshop.com.br\/wp-content\/uploads\/2024\/03\/1-36-500x500.png 500w, https:\/\/islasexshop.com.br\/wp-content\/uploads\/2024\/03\/1-36-768x768.png 768w, https:\/\/islasexshop.com.br\/wp-content\/uploads\/2024\/03\/1-36-150x150.png 150w, https:\/\/islasexshop.com.br\/wp-content\/uploads\/2024\/03\/1-36-75x75.png 75w, https:\/\/islasexshop.com.br\/wp-content\/uploads\/2024\/03\/1-36-480x480.png 480w, https:\/\/islasexshop.com.br\/wp-content\/uploads\/2024\/03\/1-36-1320x1320.png 1320w, https:\/\/islasexshop.com.br\/wp-content\/uploads\/2024\/03\/1-36-800x800.png 800w, https:\/\/islasexshop.com.br\/wp-content\/uploads\/2024\/03\/1-36.png 1500w\" sizes=\"(max-width:767px) 480px, (max-width:1200px) 100vw, 1200px\" \/>\t\t\t\t\t\t\t\t\t\t\t\t\t\t\t<\/div>\n\t\t\t\t<\/div>\n\t\t\t\t\t<\/div>\n\t\t<\/div>\n\t\t\t\t\t<\/div>\n\t\t<\/section>\n\t\t\t\t<section class=\"elementor-section elementor-inner-section elementor-element elementor-element-2f52631 elementor-section-boxed elementor-section-height-default elementor-section-height-default\" data-id=\"2f52631\" data-element_type=\"section\">\n\t\t\t\t\t\t<div class=\"elementor-container elementor-column-gap-no\">\n\t\t\t\t\t<div class=\"elementor-column elementor-col-50 elementor-inner-column elementor-element elementor-element-5917191\" data-id=\"5917191\" data-element_type=\"column\">\n\t\t\t<div class=\"elementor-widget-wrap elementor-element-populated\">\n\t\t\t\t\t\t<div class=\"elementor-element elementor-element-af155b1 elementor-widget elementor-widget-image\" data-id=\"af155b1\" data-element_type=\"widget\" data-widget_type=\"image.default\">\n\t\t\t\t<div class=\"elementor-widget-container\">\n\t\t\t\t\t\t\t\t\t\t\t\t\t\t\t<img decoding=\"async\" width=\"1200\" height=\"1200\" src=\"https:\/\/islasexshop.com.br\/wp-content\/uploads\/2024\/03\/3-33-1200x1200.png\" class=\"attachment-large size-large wp-image-2438\" alt=\"\" srcset=\"https:\/\/islasexshop.com.br\/wp-content\/uploads\/2024\/03\/3-33-1200x1200.png 1200w, https:\/\/islasexshop.com.br\/wp-content\/uploads\/2024\/03\/3-33-300x300.png 300w, https:\/\/islasexshop.com.br\/wp-content\/uploads\/2024\/03\/3-33-500x500.png 500w, https:\/\/islasexshop.com.br\/wp-content\/uploads\/2024\/03\/3-33-768x768.png 768w, https:\/\/islasexshop.com.br\/wp-content\/uploads\/2024\/03\/3-33-150x150.png 150w, https:\/\/islasexshop.com.br\/wp-content\/uploads\/2024\/03\/3-33-75x75.png 75w, https:\/\/islasexshop.com.br\/wp-content\/uploads\/2024\/03\/3-33-480x480.png 480w, https:\/\/islasexshop.com.br\/wp-content\/uploads\/2024\/03\/3-33-1320x1320.png 1320w, https:\/\/islasexshop.com.br\/wp-content\/uploads\/2024\/03\/3-33-800x800.png 800w, https:\/\/islasexshop.com.br\/wp-content\/uploads\/2024\/03\/3-33.png 1500w\" sizes=\"(max-width:767px) 480px, (max-width:1200px) 100vw, 1200px\" \/>\t\t\t\t\t\t\t\t\t\t\t\t\t\t\t<\/div>\n\t\t\t\t<\/div>\n\t\t\t\t\t<\/div>\n\t\t<\/div>\n\t\t\t\t<div class=\"elementor-column elementor-col-50 elementor-inner-column elementor-element elementor-element-ccb6eb5\" data-id=\"ccb6eb5\" data-element_type=\"column\" data-settings=\"{&quot;background_background&quot;:&quot;classic&quot;}\">\n\t\t\t<div class=\"elementor-widget-wrap elementor-element-populated\">\n\t\t\t\t\t\t<div class=\"elementor-element elementor-element-176aee3 elementor-widget__width-initial elementor-widget elementor-widget-text-editor\" data-id=\"176aee3\" data-element_type=\"widget\" data-widget_type=\"text-editor.default\">\n\t\t\t\t<div class=\"elementor-widget-container\">\n\t\t\t\t\t\t\t\t\t<section class=\"new-section\" data-description=\"\"><div class=\"new-section__description\" data-description-toggle=\"\"><p><strong>Benef\u00edcios:<\/strong><\/p><ul><li><h6><strong>Intimidade Aprimorada:<\/strong>\u00a0O\u00a0<strong>K Med Gel Lubrificante \u00cdntimo<\/strong>\u00a0torna a intimidade mais prazerosa e suave, eliminando o desconforto causado pelo atrito.<\/h6><\/li><li><h6><strong>Sensa\u00e7\u00e3o Natural:<\/strong>\u00a0A textura e a apar\u00eancia se assemelham \u00e0 lubrifica\u00e7\u00e3o natural, proporcionando uma experi\u00eancia \u00edntima aut\u00eantica.<\/h6><\/li><li><h6><strong>F\u00e1cil de Limpar:<\/strong>\u00a0A solubilidade em \u00e1gua torna a higieniza\u00e7\u00e3o r\u00e1pida e simples, sem deixar res\u00edduos desagrad\u00e1veis.<\/h6><\/li><\/ul><h6>Eleve sua experi\u00eancia \u00edntima a um novo patamar com o\u00a0<strong>K Med Gel Lubrificante \u00cdntimo<\/strong>. Garanta conforto, seguran\u00e7a e prazer em seus momentos mais especiais. Sinta-se confiante em sua intimidade com um lubrificante que preserva a sensibilidade e proporciona uma experi\u00eancia mais suave e satisfat\u00f3ria.<\/h6><\/div><\/section>\t\t\t\t\t\t\t\t<\/div>\n\t\t\t\t<\/div>\n\t\t\t\t\t<\/div>\n\t\t<\/div>\n\t\t\t\t\t<\/div>\n\t\t<\/section>\n\t\t\t\t\t<\/div>\n\t\t<\/div>\n\t\t\t\t\t<\/div>\n\t\t<\/section>\n\t\t\t\t<\/div>\n\t\t","protected":false},"excerpt":{"rendered":"<p>O\u00a0<strong>K Med Gel Lubrificante \u00cdntimo<\/strong>\u00a0\u00e9 o aliado perfeito para casais que desejam aprimorar sua intimidade.<\/p>\n","protected":false},"featured_media":2437,"comment_status":"open","ping_status":"closed","template":"","meta":[],"product_cat":[165,164,166,163,162,24,22,25],"product_tag":[145,144,146,147,148],"yoast_head":"<!-- This site is optimized with the Yoast SEO plugin v24.5 - https:\/\/yoast.com\/wordpress\/plugins\/seo\/ -->\n<title>K-Med Bisnaga Lubrificante \u00cdntimo 100G Cimed - Isla Sex Shop<\/title>\n<meta name=\"robots\" content=\"index, follow, max-snippet:-1, max-image-preview:large, max-video-preview:-1\" \/>\n<link rel=\"canonical\" href=\"https:\/\/islasexshop.com.br\/index.php\/produto\/k-med-bisnaga-lubrificante-intimo-100g-cimed\/\" \/>\n<meta property=\"og:locale\" content=\"pt_BR\" \/>\n<meta property=\"og:type\" content=\"article\" \/>\n<meta property=\"og:title\" content=\"K-Med Bisnaga Lubrificante \u00cdntimo 100G Cimed - Isla Sex Shop\" \/>\n<meta property=\"og:description\" content=\"O\u00a0K Med Gel Lubrificante \u00cdntimo\u00a0\u00e9 o aliado perfeito para casais que desejam aprimorar sua intimidade.\" \/>\n<meta property=\"og:url\" content=\"https:\/\/islasexshop.com.br\/index.php\/produto\/k-med-bisnaga-lubrificante-intimo-100g-cimed\/\" \/>\n<meta property=\"og:site_name\" content=\"Isla Sex Shop\" \/>\n<meta property=\"article:publisher\" content=\"https:\/\/www.facebook.com\/boutiqueisla\" \/>\n<meta property=\"article:modified_time\" content=\"2025-03-05T16:22:30+00:00\" \/>\n<meta property=\"og:image\" content=\"https:\/\/islasexshop.com.br\/wp-content\/uploads\/2024\/03\/2-35.png\" \/>\n\t<meta property=\"og:image:width\" content=\"1500\" \/>\n\t<meta property=\"og:image:height\" content=\"1500\" \/>\n\t<meta property=\"og:image:type\" content=\"image\/png\" \/>\n<meta name=\"twitter:card\" content=\"summary_large_image\" \/>\n<meta name=\"twitter:label1\" content=\"Est. tempo de leitura\" \/>\n\t<meta name=\"twitter:data1\" content=\"2 minutos\" \/>\n<script type=\"application\/ld+json\" class=\"yoast-schema-graph\">{\"@context\":\"https:\/\/schema.org\",\"@graph\":[{\"@type\":\"WebPage\",\"@id\":\"https:\/\/islasexshop.com.br\/index.php\/produto\/k-med-bisnaga-lubrificante-intimo-100g-cimed\/\",\"url\":\"https:\/\/islasexshop.com.br\/index.php\/produto\/k-med-bisnaga-lubrificante-intimo-100g-cimed\/\",\"name\":\"K-Med Bisnaga Lubrificante \u00cdntimo 100G Cimed - Isla Sex Shop\",\"isPartOf\":{\"@id\":\"https:\/\/islasexshop.com.br\/#website\"},\"primaryImageOfPage\":{\"@id\":\"https:\/\/islasexshop.com.br\/index.php\/produto\/k-med-bisnaga-lubrificante-intimo-100g-cimed\/#primaryimage\"},\"image\":{\"@id\":\"https:\/\/islasexshop.com.br\/index.php\/produto\/k-med-bisnaga-lubrificante-intimo-100g-cimed\/#primaryimage\"},\"thumbnailUrl\":\"https:\/\/islasexshop.com.br\/wp-content\/uploads\/2024\/03\/2-35.png\",\"datePublished\":\"2024-03-14T19:50:23+00:00\",\"dateModified\":\"2025-03-05T16:22:30+00:00\",\"breadcrumb\":{\"@id\":\"https:\/\/islasexshop.com.br\/index.php\/produto\/k-med-bisnaga-lubrificante-intimo-100g-cimed\/#breadcrumb\"},\"inLanguage\":\"pt-BR\",\"potentialAction\":[{\"@type\":\"ReadAction\",\"target\":[\"https:\/\/islasexshop.com.br\/index.php\/produto\/k-med-bisnaga-lubrificante-intimo-100g-cimed\/\"]}]},{\"@type\":\"ImageObject\",\"inLanguage\":\"pt-BR\",\"@id\":\"https:\/\/islasexshop.com.br\/index.php\/produto\/k-med-bisnaga-lubrificante-intimo-100g-cimed\/#primaryimage\",\"url\":\"https:\/\/islasexshop.com.br\/wp-content\/uploads\/2024\/03\/2-35.png\",\"contentUrl\":\"https:\/\/islasexshop.com.br\/wp-content\/uploads\/2024\/03\/2-35.png\",\"width\":1500,\"height\":1500},{\"@type\":\"BreadcrumbList\",\"@id\":\"https:\/\/islasexshop.com.br\/index.php\/produto\/k-med-bisnaga-lubrificante-intimo-100g-cimed\/#breadcrumb\",\"itemListElement\":[{\"@type\":\"ListItem\",\"position\":1,\"name\":\"In\u00edcio\",\"item\":\"https:\/\/islasexshop.com.br\/\"},{\"@type\":\"ListItem\",\"position\":2,\"name\":\"Produtos\",\"item\":\"https:\/\/islasexshop.com.br\/index.php\/produtos\/\"},{\"@type\":\"ListItem\",\"position\":3,\"name\":\"K-Med Bisnaga Lubrificante \u00cdntimo 100G Cimed\"}]},{\"@type\":\"WebSite\",\"@id\":\"https:\/\/islasexshop.com.br\/#website\",\"url\":\"https:\/\/islasexshop.com.br\/\",\"name\":\"Isla Sex Shop\",\"description\":\"Sex Shop Butant\u00e3, Sex Shop Morumbi, Sex Shop Regi\u00e3o\",\"publisher\":{\"@id\":\"https:\/\/islasexshop.com.br\/#organization\"},\"potentialAction\":[{\"@type\":\"SearchAction\",\"target\":{\"@type\":\"EntryPoint\",\"urlTemplate\":\"https:\/\/islasexshop.com.br\/?s={search_term_string}\"},\"query-input\":{\"@type\":\"PropertyValueSpecification\",\"valueRequired\":true,\"valueName\":\"search_term_string\"}}],\"inLanguage\":\"pt-BR\"},{\"@type\":\"Organization\",\"@id\":\"https:\/\/islasexshop.com.br\/#organization\",\"name\":\"Isla Sex Shop\",\"url\":\"https:\/\/islasexshop.com.br\/\",\"logo\":{\"@type\":\"ImageObject\",\"inLanguage\":\"pt-BR\",\"@id\":\"https:\/\/islasexshop.com.br\/#\/schema\/logo\/image\/\",\"url\":\"https:\/\/islasexshop.com.br\/wp-content\/uploads\/2024\/02\/0e4d7c76d6c6e7c24d33fd3338fd3dbf.jpg\",\"contentUrl\":\"https:\/\/islasexshop.com.br\/wp-content\/uploads\/2024\/02\/0e4d7c76d6c6e7c24d33fd3338fd3dbf.jpg\",\"width\":400,\"height\":200,\"caption\":\"Isla Sex Shop\"},\"image\":{\"@id\":\"https:\/\/islasexshop.com.br\/#\/schema\/logo\/image\/\"},\"sameAs\":[\"https:\/\/www.facebook.com\/boutiqueisla\",\"https:\/\/www.instagram.com\/islasensualmorumbi\/\"]}]}<\/script>\n<!-- \/ Yoast SEO plugin. -->","yoast_head_json":{"title":"K-Med Bisnaga Lubrificante \u00cdntimo 100G Cimed - Isla Sex Shop","robots":{"index":"index","follow":"follow","max-snippet":"max-snippet:-1","max-image-preview":"max-image-preview:large","max-video-preview":"max-video-preview:-1"},"canonical":"https:\/\/islasexshop.com.br\/index.php\/produto\/k-med-bisnaga-lubrificante-intimo-100g-cimed\/","og_locale":"pt_BR","og_type":"article","og_title":"K-Med Bisnaga Lubrificante \u00cdntimo 100G Cimed - Isla Sex Shop","og_description":"O\u00a0K Med Gel Lubrificante \u00cdntimo\u00a0\u00e9 o aliado perfeito para casais que desejam aprimorar sua intimidade.","og_url":"https:\/\/islasexshop.com.br\/index.php\/produto\/k-med-bisnaga-lubrificante-intimo-100g-cimed\/","og_site_name":"Isla Sex Shop","article_publisher":"https:\/\/www.facebook.com\/boutiqueisla","article_modified_time":"2025-03-05T16:22:30+00:00","og_image":[{"width":1500,"height":1500,"url":"https:\/\/islasexshop.com.br\/wp-content\/uploads\/2024\/03\/2-35.png","type":"image\/png"}],"twitter_card":"summary_large_image","twitter_misc":{"Est. tempo de leitura":"2 minutos"},"schema":{"@context":"https:\/\/schema.org","@graph":[{"@type":"WebPage","@id":"https:\/\/islasexshop.com.br\/index.php\/produto\/k-med-bisnaga-lubrificante-intimo-100g-cimed\/","url":"https:\/\/islasexshop.com.br\/index.php\/produto\/k-med-bisnaga-lubrificante-intimo-100g-cimed\/","name":"K-Med Bisnaga Lubrificante \u00cdntimo 100G Cimed - Isla Sex Shop","isPartOf":{"@id":"https:\/\/islasexshop.com.br\/#website"},"primaryImageOfPage":{"@id":"https:\/\/islasexshop.com.br\/index.php\/produto\/k-med-bisnaga-lubrificante-intimo-100g-cimed\/#primaryimage"},"image":{"@id":"https:\/\/islasexshop.com.br\/index.php\/produto\/k-med-bisnaga-lubrificante-intimo-100g-cimed\/#primaryimage"},"thumbnailUrl":"https:\/\/islasexshop.com.br\/wp-content\/uploads\/2024\/03\/2-35.png","datePublished":"2024-03-14T19:50:23+00:00","dateModified":"2025-03-05T16:22:30+00:00","breadcrumb":{"@id":"https:\/\/islasexshop.com.br\/index.php\/produto\/k-med-bisnaga-lubrificante-intimo-100g-cimed\/#breadcrumb"},"inLanguage":"pt-BR","potentialAction":[{"@type":"ReadAction","target":["https:\/\/islasexshop.com.br\/index.php\/produto\/k-med-bisnaga-lubrificante-intimo-100g-cimed\/"]}]},{"@type":"ImageObject","inLanguage":"pt-BR","@id":"https:\/\/islasexshop.com.br\/index.php\/produto\/k-med-bisnaga-lubrificante-intimo-100g-cimed\/#primaryimage","url":"https:\/\/islasexshop.com.br\/wp-content\/uploads\/2024\/03\/2-35.png","contentUrl":"https:\/\/islasexshop.com.br\/wp-content\/uploads\/2024\/03\/2-35.png","width":1500,"height":1500},{"@type":"BreadcrumbList","@id":"https:\/\/islasexshop.com.br\/index.php\/produto\/k-med-bisnaga-lubrificante-intimo-100g-cimed\/#breadcrumb","itemListElement":[{"@type":"ListItem","position":1,"name":"In\u00edcio","item":"https:\/\/islasexshop.com.br\/"},{"@type":"ListItem","position":2,"name":"Produtos","item":"https:\/\/islasexshop.com.br\/index.php\/produtos\/"},{"@type":"ListItem","position":3,"name":"K-Med Bisnaga Lubrificante \u00cdntimo 100G Cimed"}]},{"@type":"WebSite","@id":"https:\/\/islasexshop.com.br\/#website","url":"https:\/\/islasexshop.com.br\/","name":"Isla Sex Shop","description":"Sex Shop Butant\u00e3, Sex Shop Morumbi, Sex Shop Regi\u00e3o","publisher":{"@id":"https:\/\/islasexshop.com.br\/#organization"},"potentialAction":[{"@type":"SearchAction","target":{"@type":"EntryPoint","urlTemplate":"https:\/\/islasexshop.com.br\/?s={search_term_string}"},"query-input":{"@type":"PropertyValueSpecification","valueRequired":true,"valueName":"search_term_string"}}],"inLanguage":"pt-BR"},{"@type":"Organization","@id":"https:\/\/islasexshop.com.br\/#organization","name":"Isla Sex Shop","url":"https:\/\/islasexshop.com.br\/","logo":{"@type":"ImageObject","inLanguage":"pt-BR","@id":"https:\/\/islasexshop.com.br\/#\/schema\/logo\/image\/","url":"https:\/\/islasexshop.com.br\/wp-content\/uploads\/2024\/02\/0e4d7c76d6c6e7c24d33fd3338fd3dbf.jpg","contentUrl":"https:\/\/islasexshop.com.br\/wp-content\/uploads\/2024\/02\/0e4d7c76d6c6e7c24d33fd3338fd3dbf.jpg","width":400,"height":200,"caption":"Isla Sex Shop"},"image":{"@id":"https:\/\/islasexshop.com.br\/#\/schema\/logo\/image\/"},"sameAs":["https:\/\/www.facebook.com\/boutiqueisla","https:\/\/www.instagram.com\/islasensualmorumbi\/"]}]}},"_links":{"self":[{"href":"https:\/\/islasexshop.com.br\/index.php\/wp-json\/wp\/v2\/product\/2434"}],"collection":[{"href":"https:\/\/islasexshop.com.br\/index.php\/wp-json\/wp\/v2\/product"}],"about":[{"href":"https:\/\/islasexshop.com.br\/index.php\/wp-json\/wp\/v2\/types\/product"}],"replies":[{"embeddable":true,"href":"https:\/\/islasexshop.com.br\/index.php\/wp-json\/wp\/v2\/comments?post=2434"}],"version-history":[{"count":5,"href":"https:\/\/islasexshop.com.br\/index.php\/wp-json\/wp\/v2\/product\/2434\/revisions"}],"predecessor-version":[{"id":3006,"href":"https:\/\/islasexshop.com.br\/index.php\/wp-json\/wp\/v2\/product\/2434\/revisions\/3006"}],"wp:featuredmedia":[{"embeddable":true,"href":"https:\/\/islasexshop.com.br\/index.php\/wp-json\/wp\/v2\/media\/2437"}],"wp:attachment":[{"href":"https:\/\/islasexshop.com.br\/index.php\/wp-json\/wp\/v2\/media?parent=2434"}],"wp:term":[{"taxonomy":"product_cat","embeddable":true,"href":"https:\/\/islasexshop.com.br\/index.php\/wp-json\/wp\/v2\/product_cat?post=2434"},{"taxonomy":"product_tag","embeddable":true,"href":"https:\/\/islasexshop.com.br\/index.php\/wp-json\/wp\/v2\/product_tag?post=2434"}],"curies":[{"name":"wp","href":"https:\/\/api.w.org\/{rel}","templated":true}]}}