{"id":2345,"date":"2024-03-14T10:33:37","date_gmt":"2024-03-14T13:33:37","guid":{"rendered":"https:\/\/islasexshop.com.br\/?post_type=product&#038;p=2345"},"modified":"2025-03-05T13:21:32","modified_gmt":"2025-03-05T16:21:32","slug":"egg-wavy-easy-one-cap-magical-kiss-sensual-love-wavy","status":"publish","type":"product","link":"https:\/\/islasexshop.com.br\/index.php\/produto\/egg-wavy-easy-one-cap-magical-kiss-sensual-love-wavy\/","title":{"rendered":"Egg Wavy Easy One Cap Magical Kiss Sensual Love &#8211; Wavy"},"content":{"rendered":"\t\t<div data-elementor-type=\"wp-post\" data-elementor-id=\"2345\" class=\"elementor elementor-2345\" data-elementor-post-type=\"product\">\n\t\t\t\t\t\t<section class=\"elementor-section elementor-top-section elementor-element elementor-element-ac74866 elementor-section-boxed elementor-section-height-default elementor-section-height-default\" data-id=\"ac74866\" data-element_type=\"section\">\n\t\t\t\t\t\t<div class=\"elementor-container elementor-column-gap-default\">\n\t\t\t\t\t<div class=\"elementor-column elementor-col-100 elementor-top-column elementor-element elementor-element-00455b3\" data-id=\"00455b3\" data-element_type=\"column\">\n\t\t\t<div class=\"elementor-widget-wrap elementor-element-populated\">\n\t\t\t\t\t\t<section class=\"elementor-section elementor-inner-section elementor-element elementor-element-0b58131 elementor-section-boxed elementor-section-height-default elementor-section-height-default\" data-id=\"0b58131\" data-element_type=\"section\">\n\t\t\t\t\t\t<div class=\"elementor-container elementor-column-gap-default\">\n\t\t\t\t\t<div class=\"elementor-column elementor-col-33 elementor-inner-column elementor-element elementor-element-68d5cd2\" data-id=\"68d5cd2\" data-element_type=\"column\">\n\t\t\t<div class=\"elementor-widget-wrap\">\n\t\t\t\t\t\t\t<\/div>\n\t\t<\/div>\n\t\t\t\t<div class=\"elementor-column elementor-col-33 elementor-inner-column elementor-element elementor-element-e9e37c9\" data-id=\"e9e37c9\" data-element_type=\"column\">\n\t\t\t<div class=\"elementor-widget-wrap elementor-element-populated\">\n\t\t\t\t\t\t<div class=\"elementor-element elementor-element-11028d6 elementor-widget elementor-widget-heading\" data-id=\"11028d6\" data-element_type=\"widget\" data-widget_type=\"heading.default\">\n\t\t\t\t<div class=\"elementor-widget-container\">\n\t\t\t\t\t<h2 class=\"elementor-heading-title elementor-size-default\">Egg Wavy<\/h2>\t\t\t\t<\/div>\n\t\t\t\t<\/div>\n\t\t\t\t\t<\/div>\n\t\t<\/div>\n\t\t\t\t<div class=\"elementor-column elementor-col-33 elementor-inner-column elementor-element elementor-element-e35eb49\" data-id=\"e35eb49\" data-element_type=\"column\">\n\t\t\t<div class=\"elementor-widget-wrap\">\n\t\t\t\t\t\t\t<\/div>\n\t\t<\/div>\n\t\t\t\t\t<\/div>\n\t\t<\/section>\n\t\t\t\t<section class=\"elementor-section elementor-inner-section elementor-element elementor-element-a00a4aa elementor-reverse-mobile elementor-section-boxed elementor-section-height-default elementor-section-height-default\" data-id=\"a00a4aa\" data-element_type=\"section\">\n\t\t\t\t\t\t<div class=\"elementor-container elementor-column-gap-no\">\n\t\t\t\t\t<div class=\"elementor-column elementor-col-50 elementor-inner-column elementor-element elementor-element-aebdda8\" data-id=\"aebdda8\" data-element_type=\"column\" data-settings=\"{&quot;background_background&quot;:&quot;classic&quot;}\">\n\t\t\t<div class=\"elementor-widget-wrap elementor-element-populated\">\n\t\t\t\t\t\t<div class=\"elementor-element elementor-element-7333a85 elementor-widget__width-initial elementor-widget elementor-widget-text-editor\" data-id=\"7333a85\" data-element_type=\"widget\" data-widget_type=\"text-editor.default\">\n\t\t\t\t<div class=\"elementor-widget-container\">\n\t\t\t\t\t\t\t\t\t<h6><strong>Ao desliz\u00e1-lo sobre o p\u00eanis estica ou contrai de acordo com o movimento. A textura interna deste masturbador Egg corresponde ao desenho existente na foto da embalagem. Este Egg possui m\u00faltiplas camadas onduladas que proporcionam uma sensa\u00e7\u00e3o cont\u00ednua induzindo ao \u00eaxtase. Estas ondas macias envolvem todo o p\u00eanis e criam est\u00edmulos indescrit\u00edveis. Para sentir estas deliciosas sensa\u00e7\u00f5es basta posicionar o Egg no p\u00eanis e girar para um lado e para o outro. Promete levar a masturba\u00e7\u00e3o dos homens a um outro patamar. Dentro da embalagem em forma de casca, voc\u00ea encontra uma pe\u00e7a de silicone que imita um ovo (at\u00e9 o tamanho \u00e9 parecido), por\u00e9m oca e com um orif\u00edcio na base. Por dentro texturas que garantem um leque de sensa\u00e7\u00f5es!<\/strong><br \/><br \/><strong>Modo de usar:<\/strong><br \/>Ap\u00f3s \u201cdescasc\u00e1-lo\u201d adicione lubrificante no seu interior e o encaixe no p\u00eanis, como uma touca. El\u00e1stica, a pe\u00e7a pode ser esticada at\u00e9 a base do membro, e a partir da\u00ed a masturba\u00e7\u00e3o \u00e9 feita com as m\u00e3os sobre ela. Perfeita para brincar sozinho ou a dois, j\u00e1 que a espessura garante sensa\u00e7\u00e3o por dentro e por fora<\/h6>\t\t\t\t\t\t\t\t<\/div>\n\t\t\t\t<\/div>\n\t\t\t\t\t<\/div>\n\t\t<\/div>\n\t\t\t\t<div class=\"elementor-column elementor-col-50 elementor-inner-column elementor-element elementor-element-2f2a32e\" data-id=\"2f2a32e\" data-element_type=\"column\">\n\t\t\t<div class=\"elementor-widget-wrap elementor-element-populated\">\n\t\t\t\t\t\t<div class=\"elementor-element elementor-element-eca2fdd elementor-widget elementor-widget-image\" data-id=\"eca2fdd\" data-element_type=\"widget\" data-widget_type=\"image.default\">\n\t\t\t\t<div class=\"elementor-widget-container\">\n\t\t\t\t\t\t\t\t\t\t\t\t\t\t\t<img fetchpriority=\"high\" decoding=\"async\" width=\"1200\" height=\"1200\" src=\"https:\/\/islasexshop.com.br\/wp-content\/uploads\/2024\/03\/2-27-1200x1200.png\" class=\"attachment-large size-large wp-image-2347\" alt=\"\" srcset=\"https:\/\/islasexshop.com.br\/wp-content\/uploads\/2024\/03\/2-27-1200x1200.png 1200w, https:\/\/islasexshop.com.br\/wp-content\/uploads\/2024\/03\/2-27-300x300.png 300w, https:\/\/islasexshop.com.br\/wp-content\/uploads\/2024\/03\/2-27-500x500.png 500w, https:\/\/islasexshop.com.br\/wp-content\/uploads\/2024\/03\/2-27-768x768.png 768w, https:\/\/islasexshop.com.br\/wp-content\/uploads\/2024\/03\/2-27-150x150.png 150w, https:\/\/islasexshop.com.br\/wp-content\/uploads\/2024\/03\/2-27-75x75.png 75w, https:\/\/islasexshop.com.br\/wp-content\/uploads\/2024\/03\/2-27-480x480.png 480w, https:\/\/islasexshop.com.br\/wp-content\/uploads\/2024\/03\/2-27-1320x1320.png 1320w, https:\/\/islasexshop.com.br\/wp-content\/uploads\/2024\/03\/2-27-800x800.png 800w, https:\/\/islasexshop.com.br\/wp-content\/uploads\/2024\/03\/2-27.png 1500w\" sizes=\"(max-width:767px) 480px, (max-width:1200px) 100vw, 1200px\" \/>\t\t\t\t\t\t\t\t\t\t\t\t\t\t\t<\/div>\n\t\t\t\t<\/div>\n\t\t\t\t\t<\/div>\n\t\t<\/div>\n\t\t\t\t\t<\/div>\n\t\t<\/section>\n\t\t\t\t<section class=\"elementor-section elementor-inner-section elementor-element elementor-element-2f52631 elementor-section-boxed elementor-section-height-default elementor-section-height-default\" data-id=\"2f52631\" data-element_type=\"section\">\n\t\t\t\t\t\t<div class=\"elementor-container elementor-column-gap-no\">\n\t\t\t\t\t<div class=\"elementor-column elementor-col-50 elementor-inner-column elementor-element elementor-element-5917191\" data-id=\"5917191\" data-element_type=\"column\">\n\t\t\t<div class=\"elementor-widget-wrap elementor-element-populated\">\n\t\t\t\t\t\t<div class=\"elementor-element elementor-element-af155b1 elementor-widget elementor-widget-image\" data-id=\"af155b1\" data-element_type=\"widget\" data-widget_type=\"image.default\">\n\t\t\t\t<div class=\"elementor-widget-container\">\n\t\t\t\t\t\t\t\t\t\t\t\t\t\t\t<img decoding=\"async\" width=\"1200\" height=\"1200\" src=\"https:\/\/islasexshop.com.br\/wp-content\/uploads\/2024\/03\/3-26-1200x1200.png\" class=\"attachment-large size-large wp-image-2348\" alt=\"\" srcset=\"https:\/\/islasexshop.com.br\/wp-content\/uploads\/2024\/03\/3-26-1200x1200.png 1200w, https:\/\/islasexshop.com.br\/wp-content\/uploads\/2024\/03\/3-26-300x300.png 300w, https:\/\/islasexshop.com.br\/wp-content\/uploads\/2024\/03\/3-26-500x500.png 500w, https:\/\/islasexshop.com.br\/wp-content\/uploads\/2024\/03\/3-26-768x768.png 768w, https:\/\/islasexshop.com.br\/wp-content\/uploads\/2024\/03\/3-26-150x150.png 150w, https:\/\/islasexshop.com.br\/wp-content\/uploads\/2024\/03\/3-26-75x75.png 75w, https:\/\/islasexshop.com.br\/wp-content\/uploads\/2024\/03\/3-26-480x480.png 480w, https:\/\/islasexshop.com.br\/wp-content\/uploads\/2024\/03\/3-26-1320x1320.png 1320w, https:\/\/islasexshop.com.br\/wp-content\/uploads\/2024\/03\/3-26-800x800.png 800w, https:\/\/islasexshop.com.br\/wp-content\/uploads\/2024\/03\/3-26.png 1500w\" sizes=\"(max-width:767px) 480px, (max-width:1200px) 100vw, 1200px\" \/>\t\t\t\t\t\t\t\t\t\t\t\t\t\t\t<\/div>\n\t\t\t\t<\/div>\n\t\t\t\t\t<\/div>\n\t\t<\/div>\n\t\t\t\t<div class=\"elementor-column elementor-col-50 elementor-inner-column elementor-element elementor-element-ccb6eb5\" data-id=\"ccb6eb5\" data-element_type=\"column\" data-settings=\"{&quot;background_background&quot;:&quot;classic&quot;}\">\n\t\t\t<div class=\"elementor-widget-wrap elementor-element-populated\">\n\t\t\t\t\t\t<div class=\"elementor-element elementor-element-aca8c47 elementor-widget__width-initial elementor-widget elementor-widget-heading\" data-id=\"aca8c47\" data-element_type=\"widget\" data-widget_type=\"heading.default\">\n\t\t\t\t<div class=\"elementor-widget-container\">\n\t\t\t\t\t<h3 class=\"elementor-heading-title elementor-size-default\">\n<\/h3>\t\t\t\t<\/div>\n\t\t\t\t<\/div>\n\t\t\t\t<div class=\"elementor-element elementor-element-176aee3 elementor-widget__width-initial elementor-widget elementor-widget-text-editor\" data-id=\"176aee3\" data-element_type=\"widget\" data-widget_type=\"text-editor.default\">\n\t\t\t\t<div class=\"elementor-widget-container\">\n\t\t\t\t\t\t\t\t\t<section class=\"new-section\" data-description=\"\"><div class=\"new-section__description\" data-description-toggle=\"\"><h6><strong>Recomenda\u00e7\u00f5es:<\/strong><br \/>\u00c9 recomendado o uso de lubrificante e preservativo<br \/><br \/><strong>Cuidados:<\/strong><br \/>N\u00e3o utilizar se houver incomodo ou dor. N\u00e3o deve ser usado qualquer tipo de irrita\u00e7\u00e3o da pele, inflamada ou com erup\u00e7\u00f5es. A qualquer sinal de irrita\u00e7\u00e3o ou alergia, suspenda o uso e procure um m\u00e9dico. Mantenha fora do alcance das crian\u00e7as. N\u00e3o compartilhar<\/h6><\/div><\/section>\t\t\t\t\t\t\t\t<\/div>\n\t\t\t\t<\/div>\n\t\t\t\t\t<\/div>\n\t\t<\/div>\n\t\t\t\t\t<\/div>\n\t\t<\/section>\n\t\t\t\t\t<\/div>\n\t\t<\/div>\n\t\t\t\t\t<\/div>\n\t\t<\/section>\n\t\t\t\t<\/div>\n\t\t","protected":false},"excerpt":{"rendered":"<p>Egg One Cap Wavy \u00e9 um masturbador masculino em formato de ovo feito de silicone com textura interna de ondas posicionadas na horizontal.<\/p>\n","protected":false},"featured_media":2346,"comment_status":"open","ping_status":"closed","template":"","meta":[],"product_cat":[165,164,166,163,16,25],"product_tag":[308,137,142,138,307],"yoast_head":"<!-- This site is optimized with the Yoast SEO plugin v24.5 - https:\/\/yoast.com\/wordpress\/plugins\/seo\/ -->\n<title>Egg Wavy Easy One Cap Magical Kiss Sensual Love - Wavy - Isla Sex Shop<\/title>\n<meta name=\"robots\" content=\"index, follow, max-snippet:-1, max-image-preview:large, max-video-preview:-1\" \/>\n<link rel=\"canonical\" href=\"https:\/\/islasexshop.com.br\/index.php\/produto\/egg-wavy-easy-one-cap-magical-kiss-sensual-love-wavy\/\" \/>\n<meta property=\"og:locale\" content=\"pt_BR\" \/>\n<meta property=\"og:type\" content=\"article\" \/>\n<meta property=\"og:title\" content=\"Egg Wavy Easy One Cap Magical Kiss Sensual Love - Wavy - Isla Sex Shop\" \/>\n<meta property=\"og:description\" content=\"Egg One Cap Wavy \u00e9 um masturbador masculino em formato de ovo feito de silicone com textura interna de ondas posicionadas na horizontal.\" \/>\n<meta property=\"og:url\" content=\"https:\/\/islasexshop.com.br\/index.php\/produto\/egg-wavy-easy-one-cap-magical-kiss-sensual-love-wavy\/\" \/>\n<meta property=\"og:site_name\" content=\"Isla Sex Shop\" \/>\n<meta property=\"article:publisher\" content=\"https:\/\/www.facebook.com\/boutiqueisla\" \/>\n<meta property=\"article:modified_time\" content=\"2025-03-05T16:21:32+00:00\" \/>\n<meta property=\"og:image\" content=\"https:\/\/islasexshop.com.br\/wp-content\/uploads\/2024\/03\/1-29.png\" \/>\n\t<meta property=\"og:image:width\" content=\"1500\" \/>\n\t<meta property=\"og:image:height\" content=\"1500\" \/>\n\t<meta property=\"og:image:type\" content=\"image\/png\" \/>\n<meta name=\"twitter:card\" content=\"summary_large_image\" \/>\n<meta name=\"twitter:label1\" content=\"Est. tempo de leitura\" \/>\n\t<meta name=\"twitter:data1\" content=\"2 minutos\" \/>\n<script type=\"application\/ld+json\" class=\"yoast-schema-graph\">{\"@context\":\"https:\/\/schema.org\",\"@graph\":[{\"@type\":\"WebPage\",\"@id\":\"https:\/\/islasexshop.com.br\/index.php\/produto\/egg-wavy-easy-one-cap-magical-kiss-sensual-love-wavy\/\",\"url\":\"https:\/\/islasexshop.com.br\/index.php\/produto\/egg-wavy-easy-one-cap-magical-kiss-sensual-love-wavy\/\",\"name\":\"Egg Wavy Easy One Cap Magical Kiss Sensual Love - Wavy - Isla Sex Shop\",\"isPartOf\":{\"@id\":\"https:\/\/islasexshop.com.br\/#website\"},\"primaryImageOfPage\":{\"@id\":\"https:\/\/islasexshop.com.br\/index.php\/produto\/egg-wavy-easy-one-cap-magical-kiss-sensual-love-wavy\/#primaryimage\"},\"image\":{\"@id\":\"https:\/\/islasexshop.com.br\/index.php\/produto\/egg-wavy-easy-one-cap-magical-kiss-sensual-love-wavy\/#primaryimage\"},\"thumbnailUrl\":\"https:\/\/islasexshop.com.br\/wp-content\/uploads\/2024\/03\/1-29.png\",\"datePublished\":\"2024-03-14T13:33:37+00:00\",\"dateModified\":\"2025-03-05T16:21:32+00:00\",\"breadcrumb\":{\"@id\":\"https:\/\/islasexshop.com.br\/index.php\/produto\/egg-wavy-easy-one-cap-magical-kiss-sensual-love-wavy\/#breadcrumb\"},\"inLanguage\":\"pt-BR\",\"potentialAction\":[{\"@type\":\"ReadAction\",\"target\":[\"https:\/\/islasexshop.com.br\/index.php\/produto\/egg-wavy-easy-one-cap-magical-kiss-sensual-love-wavy\/\"]}]},{\"@type\":\"ImageObject\",\"inLanguage\":\"pt-BR\",\"@id\":\"https:\/\/islasexshop.com.br\/index.php\/produto\/egg-wavy-easy-one-cap-magical-kiss-sensual-love-wavy\/#primaryimage\",\"url\":\"https:\/\/islasexshop.com.br\/wp-content\/uploads\/2024\/03\/1-29.png\",\"contentUrl\":\"https:\/\/islasexshop.com.br\/wp-content\/uploads\/2024\/03\/1-29.png\",\"width\":1500,\"height\":1500},{\"@type\":\"BreadcrumbList\",\"@id\":\"https:\/\/islasexshop.com.br\/index.php\/produto\/egg-wavy-easy-one-cap-magical-kiss-sensual-love-wavy\/#breadcrumb\",\"itemListElement\":[{\"@type\":\"ListItem\",\"position\":1,\"name\":\"In\u00edcio\",\"item\":\"https:\/\/islasexshop.com.br\/\"},{\"@type\":\"ListItem\",\"position\":2,\"name\":\"Produtos\",\"item\":\"https:\/\/islasexshop.com.br\/index.php\/produtos\/\"},{\"@type\":\"ListItem\",\"position\":3,\"name\":\"Egg Wavy Easy One Cap Magical Kiss Sensual Love &#8211; Wavy\"}]},{\"@type\":\"WebSite\",\"@id\":\"https:\/\/islasexshop.com.br\/#website\",\"url\":\"https:\/\/islasexshop.com.br\/\",\"name\":\"Isla Sex Shop\",\"description\":\"Sex Shop Butant\u00e3, Sex Shop Morumbi, Sex Shop Regi\u00e3o\",\"publisher\":{\"@id\":\"https:\/\/islasexshop.com.br\/#organization\"},\"potentialAction\":[{\"@type\":\"SearchAction\",\"target\":{\"@type\":\"EntryPoint\",\"urlTemplate\":\"https:\/\/islasexshop.com.br\/?s={search_term_string}\"},\"query-input\":{\"@type\":\"PropertyValueSpecification\",\"valueRequired\":true,\"valueName\":\"search_term_string\"}}],\"inLanguage\":\"pt-BR\"},{\"@type\":\"Organization\",\"@id\":\"https:\/\/islasexshop.com.br\/#organization\",\"name\":\"Isla Sex Shop\",\"url\":\"https:\/\/islasexshop.com.br\/\",\"logo\":{\"@type\":\"ImageObject\",\"inLanguage\":\"pt-BR\",\"@id\":\"https:\/\/islasexshop.com.br\/#\/schema\/logo\/image\/\",\"url\":\"https:\/\/islasexshop.com.br\/wp-content\/uploads\/2024\/02\/0e4d7c76d6c6e7c24d33fd3338fd3dbf.jpg\",\"contentUrl\":\"https:\/\/islasexshop.com.br\/wp-content\/uploads\/2024\/02\/0e4d7c76d6c6e7c24d33fd3338fd3dbf.jpg\",\"width\":400,\"height\":200,\"caption\":\"Isla Sex Shop\"},\"image\":{\"@id\":\"https:\/\/islasexshop.com.br\/#\/schema\/logo\/image\/\"},\"sameAs\":[\"https:\/\/www.facebook.com\/boutiqueisla\",\"https:\/\/www.instagram.com\/islasensualmorumbi\/\"]}]}<\/script>\n<!-- \/ Yoast SEO plugin. -->","yoast_head_json":{"title":"Egg Wavy Easy One Cap Magical Kiss Sensual Love - Wavy - Isla Sex Shop","robots":{"index":"index","follow":"follow","max-snippet":"max-snippet:-1","max-image-preview":"max-image-preview:large","max-video-preview":"max-video-preview:-1"},"canonical":"https:\/\/islasexshop.com.br\/index.php\/produto\/egg-wavy-easy-one-cap-magical-kiss-sensual-love-wavy\/","og_locale":"pt_BR","og_type":"article","og_title":"Egg Wavy Easy One Cap Magical Kiss Sensual Love - Wavy - Isla Sex Shop","og_description":"Egg One Cap Wavy \u00e9 um masturbador masculino em formato de ovo feito de silicone com textura interna de ondas posicionadas na horizontal.","og_url":"https:\/\/islasexshop.com.br\/index.php\/produto\/egg-wavy-easy-one-cap-magical-kiss-sensual-love-wavy\/","og_site_name":"Isla Sex Shop","article_publisher":"https:\/\/www.facebook.com\/boutiqueisla","article_modified_time":"2025-03-05T16:21:32+00:00","og_image":[{"width":1500,"height":1500,"url":"https:\/\/islasexshop.com.br\/wp-content\/uploads\/2024\/03\/1-29.png","type":"image\/png"}],"twitter_card":"summary_large_image","twitter_misc":{"Est. tempo de leitura":"2 minutos"},"schema":{"@context":"https:\/\/schema.org","@graph":[{"@type":"WebPage","@id":"https:\/\/islasexshop.com.br\/index.php\/produto\/egg-wavy-easy-one-cap-magical-kiss-sensual-love-wavy\/","url":"https:\/\/islasexshop.com.br\/index.php\/produto\/egg-wavy-easy-one-cap-magical-kiss-sensual-love-wavy\/","name":"Egg Wavy Easy One Cap Magical Kiss Sensual Love - Wavy - Isla Sex Shop","isPartOf":{"@id":"https:\/\/islasexshop.com.br\/#website"},"primaryImageOfPage":{"@id":"https:\/\/islasexshop.com.br\/index.php\/produto\/egg-wavy-easy-one-cap-magical-kiss-sensual-love-wavy\/#primaryimage"},"image":{"@id":"https:\/\/islasexshop.com.br\/index.php\/produto\/egg-wavy-easy-one-cap-magical-kiss-sensual-love-wavy\/#primaryimage"},"thumbnailUrl":"https:\/\/islasexshop.com.br\/wp-content\/uploads\/2024\/03\/1-29.png","datePublished":"2024-03-14T13:33:37+00:00","dateModified":"2025-03-05T16:21:32+00:00","breadcrumb":{"@id":"https:\/\/islasexshop.com.br\/index.php\/produto\/egg-wavy-easy-one-cap-magical-kiss-sensual-love-wavy\/#breadcrumb"},"inLanguage":"pt-BR","potentialAction":[{"@type":"ReadAction","target":["https:\/\/islasexshop.com.br\/index.php\/produto\/egg-wavy-easy-one-cap-magical-kiss-sensual-love-wavy\/"]}]},{"@type":"ImageObject","inLanguage":"pt-BR","@id":"https:\/\/islasexshop.com.br\/index.php\/produto\/egg-wavy-easy-one-cap-magical-kiss-sensual-love-wavy\/#primaryimage","url":"https:\/\/islasexshop.com.br\/wp-content\/uploads\/2024\/03\/1-29.png","contentUrl":"https:\/\/islasexshop.com.br\/wp-content\/uploads\/2024\/03\/1-29.png","width":1500,"height":1500},{"@type":"BreadcrumbList","@id":"https:\/\/islasexshop.com.br\/index.php\/produto\/egg-wavy-easy-one-cap-magical-kiss-sensual-love-wavy\/#breadcrumb","itemListElement":[{"@type":"ListItem","position":1,"name":"In\u00edcio","item":"https:\/\/islasexshop.com.br\/"},{"@type":"ListItem","position":2,"name":"Produtos","item":"https:\/\/islasexshop.com.br\/index.php\/produtos\/"},{"@type":"ListItem","position":3,"name":"Egg Wavy Easy One Cap Magical Kiss Sensual Love &#8211; Wavy"}]},{"@type":"WebSite","@id":"https:\/\/islasexshop.com.br\/#website","url":"https:\/\/islasexshop.com.br\/","name":"Isla Sex Shop","description":"Sex Shop Butant\u00e3, Sex Shop Morumbi, Sex Shop Regi\u00e3o","publisher":{"@id":"https:\/\/islasexshop.com.br\/#organization"},"potentialAction":[{"@type":"SearchAction","target":{"@type":"EntryPoint","urlTemplate":"https:\/\/islasexshop.com.br\/?s={search_term_string}"},"query-input":{"@type":"PropertyValueSpecification","valueRequired":true,"valueName":"search_term_string"}}],"inLanguage":"pt-BR"},{"@type":"Organization","@id":"https:\/\/islasexshop.com.br\/#organization","name":"Isla Sex Shop","url":"https:\/\/islasexshop.com.br\/","logo":{"@type":"ImageObject","inLanguage":"pt-BR","@id":"https:\/\/islasexshop.com.br\/#\/schema\/logo\/image\/","url":"https:\/\/islasexshop.com.br\/wp-content\/uploads\/2024\/02\/0e4d7c76d6c6e7c24d33fd3338fd3dbf.jpg","contentUrl":"https:\/\/islasexshop.com.br\/wp-content\/uploads\/2024\/02\/0e4d7c76d6c6e7c24d33fd3338fd3dbf.jpg","width":400,"height":200,"caption":"Isla Sex Shop"},"image":{"@id":"https:\/\/islasexshop.com.br\/#\/schema\/logo\/image\/"},"sameAs":["https:\/\/www.facebook.com\/boutiqueisla","https:\/\/www.instagram.com\/islasensualmorumbi\/"]}]}},"_links":{"self":[{"href":"https:\/\/islasexshop.com.br\/index.php\/wp-json\/wp\/v2\/product\/2345"}],"collection":[{"href":"https:\/\/islasexshop.com.br\/index.php\/wp-json\/wp\/v2\/product"}],"about":[{"href":"https:\/\/islasexshop.com.br\/index.php\/wp-json\/wp\/v2\/types\/product"}],"replies":[{"embeddable":true,"href":"https:\/\/islasexshop.com.br\/index.php\/wp-json\/wp\/v2\/comments?post=2345"}],"version-history":[{"count":5,"href":"https:\/\/islasexshop.com.br\/index.php\/wp-json\/wp\/v2\/product\/2345\/revisions"}],"predecessor-version":[{"id":3011,"href":"https:\/\/islasexshop.com.br\/index.php\/wp-json\/wp\/v2\/product\/2345\/revisions\/3011"}],"wp:featuredmedia":[{"embeddable":true,"href":"https:\/\/islasexshop.com.br\/index.php\/wp-json\/wp\/v2\/media\/2346"}],"wp:attachment":[{"href":"https:\/\/islasexshop.com.br\/index.php\/wp-json\/wp\/v2\/media?parent=2345"}],"wp:term":[{"taxonomy":"product_cat","embeddable":true,"href":"https:\/\/islasexshop.com.br\/index.php\/wp-json\/wp\/v2\/product_cat?post=2345"},{"taxonomy":"product_tag","embeddable":true,"href":"https:\/\/islasexshop.com.br\/index.php\/wp-json\/wp\/v2\/product_tag?post=2345"}],"curies":[{"name":"wp","href":"https:\/\/api.w.org\/{rel}","templated":true}]}}