{"id":1214,"date":"2024-02-26T14:39:21","date_gmt":"2024-02-26T17:39:21","guid":{"rendered":"https:\/\/islasexshop.com.br\/?post_type=product&#038;p=1214"},"modified":"2024-05-10T21:44:43","modified_gmt":"2024-05-11T00:44:43","slug":"cinto-de-castidade-em-aco-ponta-aberta-tamanho-m-si","status":"publish","type":"product","link":"https:\/\/islasexshop.com.br\/index.php\/produto\/cinto-de-castidade-em-aco-ponta-aberta-tamanho-m-si\/","title":{"rendered":"Cinto de Castidade em A\u00e7o Ponta Aberta &#8211; Tamanho M &#8211; SI"},"content":{"rendered":"\t\t<div data-elementor-type=\"wp-post\" data-elementor-id=\"1214\" class=\"elementor elementor-1214\" data-elementor-post-type=\"product\">\n\t\t\t\t\t\t<section class=\"elementor-section elementor-top-section elementor-element elementor-element-ac74866 elementor-section-boxed elementor-section-height-default elementor-section-height-default\" data-id=\"ac74866\" data-element_type=\"section\">\n\t\t\t\t\t\t<div class=\"elementor-container elementor-column-gap-default\">\n\t\t\t\t\t<div class=\"elementor-column elementor-col-100 elementor-top-column elementor-element elementor-element-00455b3\" data-id=\"00455b3\" data-element_type=\"column\">\n\t\t\t<div class=\"elementor-widget-wrap elementor-element-populated\">\n\t\t\t\t\t\t<section class=\"elementor-section elementor-inner-section elementor-element elementor-element-0b58131 elementor-section-boxed elementor-section-height-default elementor-section-height-default\" data-id=\"0b58131\" data-element_type=\"section\">\n\t\t\t\t\t\t<div class=\"elementor-container elementor-column-gap-default\">\n\t\t\t\t\t<div class=\"elementor-column elementor-col-33 elementor-inner-column elementor-element elementor-element-68d5cd2\" data-id=\"68d5cd2\" data-element_type=\"column\">\n\t\t\t<div class=\"elementor-widget-wrap\">\n\t\t\t\t\t\t\t<\/div>\n\t\t<\/div>\n\t\t\t\t<div class=\"elementor-column elementor-col-33 elementor-inner-column elementor-element elementor-element-e9e37c9\" data-id=\"e9e37c9\" data-element_type=\"column\">\n\t\t\t<div class=\"elementor-widget-wrap elementor-element-populated\">\n\t\t\t\t\t\t<div class=\"elementor-element elementor-element-11028d6 elementor-widget elementor-widget-heading\" data-id=\"11028d6\" data-element_type=\"widget\" data-widget_type=\"heading.default\">\n\t\t\t\t<div class=\"elementor-widget-container\">\n\t\t\t\t\t<h2 class=\"elementor-heading-title elementor-size-default\">Cinto de Castidade<\/h2>\t\t\t\t<\/div>\n\t\t\t\t<\/div>\n\t\t\t\t\t<\/div>\n\t\t<\/div>\n\t\t\t\t<div class=\"elementor-column elementor-col-33 elementor-inner-column elementor-element elementor-element-e35eb49\" data-id=\"e35eb49\" data-element_type=\"column\">\n\t\t\t<div class=\"elementor-widget-wrap\">\n\t\t\t\t\t\t\t<\/div>\n\t\t<\/div>\n\t\t\t\t\t<\/div>\n\t\t<\/section>\n\t\t\t\t<section class=\"elementor-section elementor-inner-section elementor-element elementor-element-a00a4aa elementor-reverse-mobile elementor-section-boxed elementor-section-height-default elementor-section-height-default\" data-id=\"a00a4aa\" data-element_type=\"section\">\n\t\t\t\t\t\t<div class=\"elementor-container elementor-column-gap-no\">\n\t\t\t\t\t<div class=\"elementor-column elementor-col-50 elementor-inner-column elementor-element elementor-element-aebdda8\" data-id=\"aebdda8\" data-element_type=\"column\" data-settings=\"{&quot;background_background&quot;:&quot;classic&quot;}\">\n\t\t\t<div class=\"elementor-widget-wrap elementor-element-populated\">\n\t\t\t\t\t\t<div class=\"elementor-element elementor-element-dc7ae6c elementor-widget elementor-widget-heading\" data-id=\"dc7ae6c\" data-element_type=\"widget\" data-widget_type=\"heading.default\">\n\t\t\t\t<div class=\"elementor-widget-container\">\n\t\t\t\t\t<h4 class=\"elementor-heading-title elementor-size-default\">Cinto<\/h4>\t\t\t\t<\/div>\n\t\t\t\t<\/div>\n\t\t\t\t<div class=\"elementor-element elementor-element-7333a85 elementor-widget__width-initial elementor-widget elementor-widget-text-editor\" data-id=\"7333a85\" data-element_type=\"widget\" data-widget_type=\"text-editor.default\">\n\t\t\t\t<div class=\"elementor-widget-container\">\n\t\t\t\t\t\t\t\t\t<p style=\"font-weight: 400;\"><strong>Modo de uso:<\/strong><br \/>Coloque o cinto sobre o p\u00eanis fl\u00e1cido de modo que o encaixe do anel fique virado para baixo.<\/p><p style=\"font-weight: 400;\">Encaixe o escroto no anel e passe a ponta do anel no espa\u00e7o aberto na parte de baixo da capa.<\/p><p style=\"font-weight: 400;\">Prenda o cadeado no pequeno orif\u00edcio do anel.<\/p><p style=\"font-weight: 400;\"><strong>Material:<\/strong><br \/>A\u00e7o.<\/p><p style=\"font-weight: 400;\"><strong>Medidas:<\/strong><\/p><p style=\"font-weight: 400;\">Argola para escroto mede 4,5 cm (medidas aproximadas).<\/p>\t\t\t\t\t\t\t\t<\/div>\n\t\t\t\t<\/div>\n\t\t\t\t\t<\/div>\n\t\t<\/div>\n\t\t\t\t<div class=\"elementor-column elementor-col-50 elementor-inner-column elementor-element elementor-element-2f2a32e\" data-id=\"2f2a32e\" data-element_type=\"column\">\n\t\t\t<div class=\"elementor-widget-wrap elementor-element-populated\">\n\t\t\t\t\t\t<div class=\"elementor-element elementor-element-eca2fdd elementor-widget elementor-widget-image\" data-id=\"eca2fdd\" data-element_type=\"widget\" data-widget_type=\"image.default\">\n\t\t\t\t<div class=\"elementor-widget-container\">\n\t\t\t\t\t\t\t\t\t\t\t\t\t\t\t<img fetchpriority=\"high\" decoding=\"async\" width=\"1200\" height=\"1200\" src=\"https:\/\/islasexshop.com.br\/wp-content\/uploads\/2024\/02\/ba68dc85-83ed-4fb3-971b-881d47511fe4-1200x1200.png\" class=\"attachment-large size-large wp-image-1216\" alt=\"\" srcset=\"https:\/\/islasexshop.com.br\/wp-content\/uploads\/2024\/02\/ba68dc85-83ed-4fb3-971b-881d47511fe4-1200x1200.png 1200w, https:\/\/islasexshop.com.br\/wp-content\/uploads\/2024\/02\/ba68dc85-83ed-4fb3-971b-881d47511fe4-1320x1320.png 1320w, https:\/\/islasexshop.com.br\/wp-content\/uploads\/2024\/02\/ba68dc85-83ed-4fb3-971b-881d47511fe4-300x300.png 300w, https:\/\/islasexshop.com.br\/wp-content\/uploads\/2024\/02\/ba68dc85-83ed-4fb3-971b-881d47511fe4-500x500.png 500w, https:\/\/islasexshop.com.br\/wp-content\/uploads\/2024\/02\/ba68dc85-83ed-4fb3-971b-881d47511fe4-768x768.png 768w, https:\/\/islasexshop.com.br\/wp-content\/uploads\/2024\/02\/ba68dc85-83ed-4fb3-971b-881d47511fe4-150x150.png 150w, https:\/\/islasexshop.com.br\/wp-content\/uploads\/2024\/02\/ba68dc85-83ed-4fb3-971b-881d47511fe4-75x75.png 75w, https:\/\/islasexshop.com.br\/wp-content\/uploads\/2024\/02\/ba68dc85-83ed-4fb3-971b-881d47511fe4-480x480.png 480w, https:\/\/islasexshop.com.br\/wp-content\/uploads\/2024\/02\/ba68dc85-83ed-4fb3-971b-881d47511fe4-800x800.png 800w, https:\/\/islasexshop.com.br\/wp-content\/uploads\/2024\/02\/ba68dc85-83ed-4fb3-971b-881d47511fe4.png 1500w\" sizes=\"(max-width:767px) 480px, (max-width:1200px) 100vw, 1200px\" \/>\t\t\t\t\t\t\t\t\t\t\t\t\t\t\t<\/div>\n\t\t\t\t<\/div>\n\t\t\t\t\t<\/div>\n\t\t<\/div>\n\t\t\t\t\t<\/div>\n\t\t<\/section>\n\t\t\t\t<section class=\"elementor-section elementor-inner-section elementor-element elementor-element-2f52631 elementor-section-boxed elementor-section-height-default elementor-section-height-default\" data-id=\"2f52631\" data-element_type=\"section\">\n\t\t\t\t\t\t<div class=\"elementor-container elementor-column-gap-no\">\n\t\t\t\t\t<div class=\"elementor-column elementor-col-50 elementor-inner-column elementor-element elementor-element-5917191\" data-id=\"5917191\" data-element_type=\"column\">\n\t\t\t<div class=\"elementor-widget-wrap elementor-element-populated\">\n\t\t\t\t\t\t<div class=\"elementor-element elementor-element-af155b1 elementor-widget elementor-widget-image\" data-id=\"af155b1\" data-element_type=\"widget\" data-widget_type=\"image.default\">\n\t\t\t\t<div class=\"elementor-widget-container\">\n\t\t\t\t\t\t\t\t\t\t\t\t\t\t\t<img decoding=\"async\" width=\"1200\" height=\"1200\" src=\"https:\/\/islasexshop.com.br\/wp-content\/uploads\/2024\/02\/120d8a3b-44fa-47b2-9832-7bbfb6585273-1200x1200.png\" class=\"attachment-large size-large wp-image-1215\" alt=\"\" srcset=\"https:\/\/islasexshop.com.br\/wp-content\/uploads\/2024\/02\/120d8a3b-44fa-47b2-9832-7bbfb6585273-1200x1200.png 1200w, https:\/\/islasexshop.com.br\/wp-content\/uploads\/2024\/02\/120d8a3b-44fa-47b2-9832-7bbfb6585273-1320x1320.png 1320w, https:\/\/islasexshop.com.br\/wp-content\/uploads\/2024\/02\/120d8a3b-44fa-47b2-9832-7bbfb6585273-300x300.png 300w, https:\/\/islasexshop.com.br\/wp-content\/uploads\/2024\/02\/120d8a3b-44fa-47b2-9832-7bbfb6585273-500x500.png 500w, https:\/\/islasexshop.com.br\/wp-content\/uploads\/2024\/02\/120d8a3b-44fa-47b2-9832-7bbfb6585273-768x768.png 768w, https:\/\/islasexshop.com.br\/wp-content\/uploads\/2024\/02\/120d8a3b-44fa-47b2-9832-7bbfb6585273-150x150.png 150w, https:\/\/islasexshop.com.br\/wp-content\/uploads\/2024\/02\/120d8a3b-44fa-47b2-9832-7bbfb6585273-75x75.png 75w, https:\/\/islasexshop.com.br\/wp-content\/uploads\/2024\/02\/120d8a3b-44fa-47b2-9832-7bbfb6585273-480x480.png 480w, https:\/\/islasexshop.com.br\/wp-content\/uploads\/2024\/02\/120d8a3b-44fa-47b2-9832-7bbfb6585273-800x800.png 800w, https:\/\/islasexshop.com.br\/wp-content\/uploads\/2024\/02\/120d8a3b-44fa-47b2-9832-7bbfb6585273.png 1500w\" sizes=\"(max-width:767px) 480px, (max-width:1200px) 100vw, 1200px\" \/>\t\t\t\t\t\t\t\t\t\t\t\t\t\t\t<\/div>\n\t\t\t\t<\/div>\n\t\t\t\t\t<\/div>\n\t\t<\/div>\n\t\t\t\t<div class=\"elementor-column elementor-col-50 elementor-inner-column elementor-element elementor-element-ccb6eb5\" data-id=\"ccb6eb5\" data-element_type=\"column\" data-settings=\"{&quot;background_background&quot;:&quot;classic&quot;}\">\n\t\t\t<div class=\"elementor-widget-wrap elementor-element-populated\">\n\t\t\t\t\t\t<div class=\"elementor-element elementor-element-9a2a614 elementor-widget elementor-widget-text-editor\" data-id=\"9a2a614\" data-element_type=\"widget\" data-widget_type=\"text-editor.default\">\n\t\t\t\t<div class=\"elementor-widget-container\">\n\t\t\t\t\t\t\t\t\t<p><strong>Higeniza\u00e7\u00e3o:<\/strong><\/p><p>Lavar com \u00e1gua e sab\u00e3o neutro antes e ap\u00f3s o uso, seque com papel toalha ou deixe secar naturalmente.<br \/>Depois de seco guarde na embalagem original. N\u00e3o compartilhar e n\u00e3o expor a temperatura superior a 50\u00b0C.<\/p>\t\t\t\t\t\t\t\t<\/div>\n\t\t\t\t<\/div>\n\t\t\t\t\t<\/div>\n\t\t<\/div>\n\t\t\t\t\t<\/div>\n\t\t<\/section>\n\t\t\t\t\t<\/div>\n\t\t<\/div>\n\t\t\t\t\t<\/div>\n\t\t<\/section>\n\t\t\t\t<\/div>\n\t\t","protected":false},"excerpt":{"rendered":"<p style=\"font-weight: 400;\">\u00c9 um cinto de castidade masculino em a\u00e7o com 1 argola para escroto, e ponta vazada. Acompanha um cadeado met\u00e1lico e duas chaves para prender o anel no cinto, permitindo encaixar o escroto. Mantenha seu parceiro dominado com este resistente cinto de castidade.<\/p>\n<p style=\"font-weight: 400;\">\n","protected":false},"featured_media":1216,"comment_status":"open","ping_status":"closed","template":"","meta":[],"product_cat":[16,25],"product_tag":[129,127,133,130,131,128,132,126],"yoast_head":"<!-- This site is optimized with the Yoast SEO plugin v24.5 - https:\/\/yoast.com\/wordpress\/plugins\/seo\/ -->\n<title>Cinto de Castidade em A\u00e7o Ponta Aberta - Tamanho M - SI - Isla Sex Shop<\/title>\n<meta name=\"robots\" content=\"index, follow, max-snippet:-1, max-image-preview:large, max-video-preview:-1\" \/>\n<link rel=\"canonical\" href=\"https:\/\/islasexshop.com.br\/index.php\/produto\/cinto-de-castidade-em-aco-ponta-aberta-tamanho-m-si\/\" \/>\n<meta property=\"og:locale\" content=\"pt_BR\" \/>\n<meta property=\"og:type\" content=\"article\" \/>\n<meta property=\"og:title\" content=\"Cinto de Castidade em A\u00e7o Ponta Aberta - Tamanho M - SI - Isla Sex Shop\" \/>\n<meta property=\"og:description\" content=\"\u00c9 um cinto de castidade masculino em a\u00e7o com 1 argola para escroto, e ponta vazada. Acompanha um cadeado met\u00e1lico e duas chaves para prender o anel no cinto, permitindo encaixar o escroto. Mantenha seu parceiro dominado com este resistente cinto de castidade.\" \/>\n<meta property=\"og:url\" content=\"https:\/\/islasexshop.com.br\/index.php\/produto\/cinto-de-castidade-em-aco-ponta-aberta-tamanho-m-si\/\" \/>\n<meta property=\"og:site_name\" content=\"Isla Sex Shop\" \/>\n<meta property=\"article:publisher\" content=\"https:\/\/www.facebook.com\/boutiqueisla\" \/>\n<meta property=\"article:modified_time\" content=\"2024-05-11T00:44:43+00:00\" \/>\n<meta property=\"og:image\" content=\"https:\/\/islasexshop.com.br\/wp-content\/uploads\/2024\/02\/ba68dc85-83ed-4fb3-971b-881d47511fe4.png\" \/>\n\t<meta property=\"og:image:width\" content=\"1500\" \/>\n\t<meta property=\"og:image:height\" content=\"1500\" \/>\n\t<meta property=\"og:image:type\" content=\"image\/png\" \/>\n<meta name=\"twitter:card\" content=\"summary_large_image\" \/>\n<meta name=\"twitter:label1\" content=\"Est. tempo de leitura\" \/>\n\t<meta name=\"twitter:data1\" content=\"1 minuto\" \/>\n<script type=\"application\/ld+json\" class=\"yoast-schema-graph\">{\"@context\":\"https:\/\/schema.org\",\"@graph\":[{\"@type\":\"WebPage\",\"@id\":\"https:\/\/islasexshop.com.br\/index.php\/produto\/cinto-de-castidade-em-aco-ponta-aberta-tamanho-m-si\/\",\"url\":\"https:\/\/islasexshop.com.br\/index.php\/produto\/cinto-de-castidade-em-aco-ponta-aberta-tamanho-m-si\/\",\"name\":\"Cinto de Castidade em A\u00e7o Ponta Aberta - Tamanho M - SI - Isla Sex Shop\",\"isPartOf\":{\"@id\":\"https:\/\/islasexshop.com.br\/#website\"},\"primaryImageOfPage\":{\"@id\":\"https:\/\/islasexshop.com.br\/index.php\/produto\/cinto-de-castidade-em-aco-ponta-aberta-tamanho-m-si\/#primaryimage\"},\"image\":{\"@id\":\"https:\/\/islasexshop.com.br\/index.php\/produto\/cinto-de-castidade-em-aco-ponta-aberta-tamanho-m-si\/#primaryimage\"},\"thumbnailUrl\":\"https:\/\/islasexshop.com.br\/wp-content\/uploads\/2024\/02\/ba68dc85-83ed-4fb3-971b-881d47511fe4.png\",\"datePublished\":\"2024-02-26T17:39:21+00:00\",\"dateModified\":\"2024-05-11T00:44:43+00:00\",\"breadcrumb\":{\"@id\":\"https:\/\/islasexshop.com.br\/index.php\/produto\/cinto-de-castidade-em-aco-ponta-aberta-tamanho-m-si\/#breadcrumb\"},\"inLanguage\":\"pt-BR\",\"potentialAction\":[{\"@type\":\"ReadAction\",\"target\":[\"https:\/\/islasexshop.com.br\/index.php\/produto\/cinto-de-castidade-em-aco-ponta-aberta-tamanho-m-si\/\"]}]},{\"@type\":\"ImageObject\",\"inLanguage\":\"pt-BR\",\"@id\":\"https:\/\/islasexshop.com.br\/index.php\/produto\/cinto-de-castidade-em-aco-ponta-aberta-tamanho-m-si\/#primaryimage\",\"url\":\"https:\/\/islasexshop.com.br\/wp-content\/uploads\/2024\/02\/ba68dc85-83ed-4fb3-971b-881d47511fe4.png\",\"contentUrl\":\"https:\/\/islasexshop.com.br\/wp-content\/uploads\/2024\/02\/ba68dc85-83ed-4fb3-971b-881d47511fe4.png\",\"width\":1500,\"height\":1500},{\"@type\":\"BreadcrumbList\",\"@id\":\"https:\/\/islasexshop.com.br\/index.php\/produto\/cinto-de-castidade-em-aco-ponta-aberta-tamanho-m-si\/#breadcrumb\",\"itemListElement\":[{\"@type\":\"ListItem\",\"position\":1,\"name\":\"In\u00edcio\",\"item\":\"https:\/\/islasexshop.com.br\/\"},{\"@type\":\"ListItem\",\"position\":2,\"name\":\"Produtos\",\"item\":\"https:\/\/islasexshop.com.br\/index.php\/produtos\/\"},{\"@type\":\"ListItem\",\"position\":3,\"name\":\"Cinto de Castidade em A\u00e7o Ponta Aberta &#8211; Tamanho M &#8211; SI\"}]},{\"@type\":\"WebSite\",\"@id\":\"https:\/\/islasexshop.com.br\/#website\",\"url\":\"https:\/\/islasexshop.com.br\/\",\"name\":\"Isla Sex Shop\",\"description\":\"Sex Shop Butant\u00e3, Sex Shop Morumbi, Sex Shop Regi\u00e3o\",\"publisher\":{\"@id\":\"https:\/\/islasexshop.com.br\/#organization\"},\"potentialAction\":[{\"@type\":\"SearchAction\",\"target\":{\"@type\":\"EntryPoint\",\"urlTemplate\":\"https:\/\/islasexshop.com.br\/?s={search_term_string}\"},\"query-input\":{\"@type\":\"PropertyValueSpecification\",\"valueRequired\":true,\"valueName\":\"search_term_string\"}}],\"inLanguage\":\"pt-BR\"},{\"@type\":\"Organization\",\"@id\":\"https:\/\/islasexshop.com.br\/#organization\",\"name\":\"Isla Sex Shop\",\"url\":\"https:\/\/islasexshop.com.br\/\",\"logo\":{\"@type\":\"ImageObject\",\"inLanguage\":\"pt-BR\",\"@id\":\"https:\/\/islasexshop.com.br\/#\/schema\/logo\/image\/\",\"url\":\"https:\/\/islasexshop.com.br\/wp-content\/uploads\/2024\/02\/0e4d7c76d6c6e7c24d33fd3338fd3dbf.jpg\",\"contentUrl\":\"https:\/\/islasexshop.com.br\/wp-content\/uploads\/2024\/02\/0e4d7c76d6c6e7c24d33fd3338fd3dbf.jpg\",\"width\":400,\"height\":200,\"caption\":\"Isla Sex Shop\"},\"image\":{\"@id\":\"https:\/\/islasexshop.com.br\/#\/schema\/logo\/image\/\"},\"sameAs\":[\"https:\/\/www.facebook.com\/boutiqueisla\",\"https:\/\/www.instagram.com\/islasensualmorumbi\/\"]}]}<\/script>\n<!-- \/ Yoast SEO plugin. -->","yoast_head_json":{"title":"Cinto de Castidade em A\u00e7o Ponta Aberta - Tamanho M - SI - Isla Sex Shop","robots":{"index":"index","follow":"follow","max-snippet":"max-snippet:-1","max-image-preview":"max-image-preview:large","max-video-preview":"max-video-preview:-1"},"canonical":"https:\/\/islasexshop.com.br\/index.php\/produto\/cinto-de-castidade-em-aco-ponta-aberta-tamanho-m-si\/","og_locale":"pt_BR","og_type":"article","og_title":"Cinto de Castidade em A\u00e7o Ponta Aberta - Tamanho M - SI - Isla Sex Shop","og_description":"\u00c9 um cinto de castidade masculino em a\u00e7o com 1 argola para escroto, e ponta vazada. Acompanha um cadeado met\u00e1lico e duas chaves para prender o anel no cinto, permitindo encaixar o escroto. Mantenha seu parceiro dominado com este resistente cinto de castidade.","og_url":"https:\/\/islasexshop.com.br\/index.php\/produto\/cinto-de-castidade-em-aco-ponta-aberta-tamanho-m-si\/","og_site_name":"Isla Sex Shop","article_publisher":"https:\/\/www.facebook.com\/boutiqueisla","article_modified_time":"2024-05-11T00:44:43+00:00","og_image":[{"width":1500,"height":1500,"url":"https:\/\/islasexshop.com.br\/wp-content\/uploads\/2024\/02\/ba68dc85-83ed-4fb3-971b-881d47511fe4.png","type":"image\/png"}],"twitter_card":"summary_large_image","twitter_misc":{"Est. tempo de leitura":"1 minuto"},"schema":{"@context":"https:\/\/schema.org","@graph":[{"@type":"WebPage","@id":"https:\/\/islasexshop.com.br\/index.php\/produto\/cinto-de-castidade-em-aco-ponta-aberta-tamanho-m-si\/","url":"https:\/\/islasexshop.com.br\/index.php\/produto\/cinto-de-castidade-em-aco-ponta-aberta-tamanho-m-si\/","name":"Cinto de Castidade em A\u00e7o Ponta Aberta - Tamanho M - SI - Isla Sex Shop","isPartOf":{"@id":"https:\/\/islasexshop.com.br\/#website"},"primaryImageOfPage":{"@id":"https:\/\/islasexshop.com.br\/index.php\/produto\/cinto-de-castidade-em-aco-ponta-aberta-tamanho-m-si\/#primaryimage"},"image":{"@id":"https:\/\/islasexshop.com.br\/index.php\/produto\/cinto-de-castidade-em-aco-ponta-aberta-tamanho-m-si\/#primaryimage"},"thumbnailUrl":"https:\/\/islasexshop.com.br\/wp-content\/uploads\/2024\/02\/ba68dc85-83ed-4fb3-971b-881d47511fe4.png","datePublished":"2024-02-26T17:39:21+00:00","dateModified":"2024-05-11T00:44:43+00:00","breadcrumb":{"@id":"https:\/\/islasexshop.com.br\/index.php\/produto\/cinto-de-castidade-em-aco-ponta-aberta-tamanho-m-si\/#breadcrumb"},"inLanguage":"pt-BR","potentialAction":[{"@type":"ReadAction","target":["https:\/\/islasexshop.com.br\/index.php\/produto\/cinto-de-castidade-em-aco-ponta-aberta-tamanho-m-si\/"]}]},{"@type":"ImageObject","inLanguage":"pt-BR","@id":"https:\/\/islasexshop.com.br\/index.php\/produto\/cinto-de-castidade-em-aco-ponta-aberta-tamanho-m-si\/#primaryimage","url":"https:\/\/islasexshop.com.br\/wp-content\/uploads\/2024\/02\/ba68dc85-83ed-4fb3-971b-881d47511fe4.png","contentUrl":"https:\/\/islasexshop.com.br\/wp-content\/uploads\/2024\/02\/ba68dc85-83ed-4fb3-971b-881d47511fe4.png","width":1500,"height":1500},{"@type":"BreadcrumbList","@id":"https:\/\/islasexshop.com.br\/index.php\/produto\/cinto-de-castidade-em-aco-ponta-aberta-tamanho-m-si\/#breadcrumb","itemListElement":[{"@type":"ListItem","position":1,"name":"In\u00edcio","item":"https:\/\/islasexshop.com.br\/"},{"@type":"ListItem","position":2,"name":"Produtos","item":"https:\/\/islasexshop.com.br\/index.php\/produtos\/"},{"@type":"ListItem","position":3,"name":"Cinto de Castidade em A\u00e7o Ponta Aberta &#8211; Tamanho M &#8211; SI"}]},{"@type":"WebSite","@id":"https:\/\/islasexshop.com.br\/#website","url":"https:\/\/islasexshop.com.br\/","name":"Isla Sex Shop","description":"Sex Shop Butant\u00e3, Sex Shop Morumbi, Sex Shop Regi\u00e3o","publisher":{"@id":"https:\/\/islasexshop.com.br\/#organization"},"potentialAction":[{"@type":"SearchAction","target":{"@type":"EntryPoint","urlTemplate":"https:\/\/islasexshop.com.br\/?s={search_term_string}"},"query-input":{"@type":"PropertyValueSpecification","valueRequired":true,"valueName":"search_term_string"}}],"inLanguage":"pt-BR"},{"@type":"Organization","@id":"https:\/\/islasexshop.com.br\/#organization","name":"Isla Sex Shop","url":"https:\/\/islasexshop.com.br\/","logo":{"@type":"ImageObject","inLanguage":"pt-BR","@id":"https:\/\/islasexshop.com.br\/#\/schema\/logo\/image\/","url":"https:\/\/islasexshop.com.br\/wp-content\/uploads\/2024\/02\/0e4d7c76d6c6e7c24d33fd3338fd3dbf.jpg","contentUrl":"https:\/\/islasexshop.com.br\/wp-content\/uploads\/2024\/02\/0e4d7c76d6c6e7c24d33fd3338fd3dbf.jpg","width":400,"height":200,"caption":"Isla Sex Shop"},"image":{"@id":"https:\/\/islasexshop.com.br\/#\/schema\/logo\/image\/"},"sameAs":["https:\/\/www.facebook.com\/boutiqueisla","https:\/\/www.instagram.com\/islasensualmorumbi\/"]}]}},"_links":{"self":[{"href":"https:\/\/islasexshop.com.br\/index.php\/wp-json\/wp\/v2\/product\/1214"}],"collection":[{"href":"https:\/\/islasexshop.com.br\/index.php\/wp-json\/wp\/v2\/product"}],"about":[{"href":"https:\/\/islasexshop.com.br\/index.php\/wp-json\/wp\/v2\/types\/product"}],"replies":[{"embeddable":true,"href":"https:\/\/islasexshop.com.br\/index.php\/wp-json\/wp\/v2\/comments?post=1214"}],"version-history":[{"count":8,"href":"https:\/\/islasexshop.com.br\/index.php\/wp-json\/wp\/v2\/product\/1214\/revisions"}],"predecessor-version":[{"id":1832,"href":"https:\/\/islasexshop.com.br\/index.php\/wp-json\/wp\/v2\/product\/1214\/revisions\/1832"}],"wp:featuredmedia":[{"embeddable":true,"href":"https:\/\/islasexshop.com.br\/index.php\/wp-json\/wp\/v2\/media\/1216"}],"wp:attachment":[{"href":"https:\/\/islasexshop.com.br\/index.php\/wp-json\/wp\/v2\/media?parent=1214"}],"wp:term":[{"taxonomy":"product_cat","embeddable":true,"href":"https:\/\/islasexshop.com.br\/index.php\/wp-json\/wp\/v2\/product_cat?post=1214"},{"taxonomy":"product_tag","embeddable":true,"href":"https:\/\/islasexshop.com.br\/index.php\/wp-json\/wp\/v2\/product_tag?post=1214"}],"curies":[{"name":"wp","href":"https:\/\/api.w.org\/{rel}","templated":true}]}}