{"id":1131,"date":"2024-02-22T15:48:38","date_gmt":"2024-02-22T18:48:38","guid":{"rendered":"https:\/\/islasexshop.com.br\/?post_type=product&#038;p=1131"},"modified":"2024-08-25T14:30:35","modified_gmt":"2024-08-25T17:30:35","slug":"capa-peniana-com-extensor-5cm-com-penis-dupla-penetracao-vibrador","status":"publish","type":"product","link":"https:\/\/islasexshop.com.br\/index.php\/produto\/capa-peniana-com-extensor-5cm-com-penis-dupla-penetracao-vibrador\/","title":{"rendered":"Capa Peniana com Extensor 5cm com P\u00eanis Dupla Penetra\u00e7\u00e3o Vibrador"},"content":{"rendered":"\t\t<div data-elementor-type=\"wp-post\" data-elementor-id=\"1131\" class=\"elementor elementor-1131\" data-elementor-post-type=\"product\">\n\t\t\t\t\t\t<section class=\"elementor-section elementor-top-section elementor-element elementor-element-ac74866 elementor-section-boxed elementor-section-height-default elementor-section-height-default\" data-id=\"ac74866\" data-element_type=\"section\">\n\t\t\t\t\t\t<div class=\"elementor-container elementor-column-gap-default\">\n\t\t\t\t\t<div class=\"elementor-column elementor-col-100 elementor-top-column elementor-element elementor-element-00455b3\" data-id=\"00455b3\" data-element_type=\"column\">\n\t\t\t<div class=\"elementor-widget-wrap elementor-element-populated\">\n\t\t\t\t\t\t<section class=\"elementor-section elementor-inner-section elementor-element elementor-element-0b58131 elementor-section-boxed elementor-section-height-default elementor-section-height-default\" data-id=\"0b58131\" data-element_type=\"section\">\n\t\t\t\t\t\t<div class=\"elementor-container elementor-column-gap-default\">\n\t\t\t\t\t<div class=\"elementor-column elementor-col-33 elementor-inner-column elementor-element elementor-element-68d5cd2\" data-id=\"68d5cd2\" data-element_type=\"column\">\n\t\t\t<div class=\"elementor-widget-wrap\">\n\t\t\t\t\t\t\t<\/div>\n\t\t<\/div>\n\t\t\t\t<div class=\"elementor-column elementor-col-33 elementor-inner-column elementor-element elementor-element-e9e37c9\" data-id=\"e9e37c9\" data-element_type=\"column\">\n\t\t\t<div class=\"elementor-widget-wrap elementor-element-populated\">\n\t\t\t\t\t\t<div class=\"elementor-element elementor-element-11028d6 elementor-widget elementor-widget-heading\" data-id=\"11028d6\" data-element_type=\"widget\" data-widget_type=\"heading.default\">\n\t\t\t\t<div class=\"elementor-widget-container\">\n\t\t\t\t\t<h2 class=\"elementor-heading-title elementor-size-default\">Capa Peniana<\/h2>\t\t\t\t<\/div>\n\t\t\t\t<\/div>\n\t\t\t\t\t<\/div>\n\t\t<\/div>\n\t\t\t\t<div class=\"elementor-column elementor-col-33 elementor-inner-column elementor-element elementor-element-e35eb49\" data-id=\"e35eb49\" data-element_type=\"column\">\n\t\t\t<div class=\"elementor-widget-wrap\">\n\t\t\t\t\t\t\t<\/div>\n\t\t<\/div>\n\t\t\t\t\t<\/div>\n\t\t<\/section>\n\t\t\t\t<section class=\"elementor-section elementor-inner-section elementor-element elementor-element-a00a4aa elementor-reverse-mobile elementor-section-boxed elementor-section-height-default elementor-section-height-default\" data-id=\"a00a4aa\" data-element_type=\"section\">\n\t\t\t\t\t\t<div class=\"elementor-container elementor-column-gap-no\">\n\t\t\t\t\t<div class=\"elementor-column elementor-col-50 elementor-inner-column elementor-element elementor-element-aebdda8\" data-id=\"aebdda8\" data-element_type=\"column\" data-settings=\"{&quot;background_background&quot;:&quot;classic&quot;}\">\n\t\t\t<div class=\"elementor-widget-wrap elementor-element-populated\">\n\t\t\t\t\t\t<div class=\"elementor-element elementor-element-dc7ae6c elementor-widget elementor-widget-heading\" data-id=\"dc7ae6c\" data-element_type=\"widget\" data-widget_type=\"heading.default\">\n\t\t\t\t<div class=\"elementor-widget-container\">\n\t\t\t\t\t<h4 class=\"elementor-heading-title elementor-size-default\">Capa Peniana<\/h4>\t\t\t\t<\/div>\n\t\t\t\t<\/div>\n\t\t\t\t<div class=\"elementor-element elementor-element-7333a85 elementor-widget__width-initial elementor-widget elementor-widget-text-editor\" data-id=\"7333a85\" data-element_type=\"widget\" data-widget_type=\"text-editor.default\">\n\t\t\t\t<div class=\"elementor-widget-container\">\n\t\t\t\t\t\t\t\t\t<h5>Capa peniana com extensor de 5cm, estimulador de clit\u00f3ris e c\u00e1psula vibrat\u00f3ria, possui p\u00eanis para dupla penetra\u00e7\u00e3o e anel para escroto, possui relevos salientes em formato de veias e glande.<\/h5><p>Produto mede aproximadamente 19,8\u00a0X 4,2cm.<\/p>\t\t\t\t\t\t\t\t<\/div>\n\t\t\t\t<\/div>\n\t\t\t\t\t<\/div>\n\t\t<\/div>\n\t\t\t\t<div class=\"elementor-column elementor-col-50 elementor-inner-column elementor-element elementor-element-2f2a32e\" data-id=\"2f2a32e\" data-element_type=\"column\">\n\t\t\t<div class=\"elementor-widget-wrap elementor-element-populated\">\n\t\t\t\t\t\t<div class=\"elementor-element elementor-element-eca2fdd elementor-widget elementor-widget-image\" data-id=\"eca2fdd\" data-element_type=\"widget\" data-widget_type=\"image.default\">\n\t\t\t\t<div class=\"elementor-widget-container\">\n\t\t\t\t\t\t\t\t\t\t\t\t\t\t\t<img fetchpriority=\"high\" decoding=\"async\" width=\"1200\" height=\"1200\" src=\"https:\/\/islasexshop.com.br\/wp-content\/uploads\/2024\/02\/51f4JicgAWL._SR600315_PIWhiteStripBottomLeft035_SCLZZZZZZZ_FMpng_BG255255255-1200x1200.png\" class=\"attachment-large size-large wp-image-1132\" alt=\"\" srcset=\"https:\/\/islasexshop.com.br\/wp-content\/uploads\/2024\/02\/51f4JicgAWL._SR600315_PIWhiteStripBottomLeft035_SCLZZZZZZZ_FMpng_BG255255255-1200x1200.png 1200w, https:\/\/islasexshop.com.br\/wp-content\/uploads\/2024\/02\/51f4JicgAWL._SR600315_PIWhiteStripBottomLeft035_SCLZZZZZZZ_FMpng_BG255255255-1320x1320.png 1320w, https:\/\/islasexshop.com.br\/wp-content\/uploads\/2024\/02\/51f4JicgAWL._SR600315_PIWhiteStripBottomLeft035_SCLZZZZZZZ_FMpng_BG255255255-300x300.png 300w, https:\/\/islasexshop.com.br\/wp-content\/uploads\/2024\/02\/51f4JicgAWL._SR600315_PIWhiteStripBottomLeft035_SCLZZZZZZZ_FMpng_BG255255255-500x500.png 500w, https:\/\/islasexshop.com.br\/wp-content\/uploads\/2024\/02\/51f4JicgAWL._SR600315_PIWhiteStripBottomLeft035_SCLZZZZZZZ_FMpng_BG255255255-768x768.png 768w, https:\/\/islasexshop.com.br\/wp-content\/uploads\/2024\/02\/51f4JicgAWL._SR600315_PIWhiteStripBottomLeft035_SCLZZZZZZZ_FMpng_BG255255255-150x150.png 150w, https:\/\/islasexshop.com.br\/wp-content\/uploads\/2024\/02\/51f4JicgAWL._SR600315_PIWhiteStripBottomLeft035_SCLZZZZZZZ_FMpng_BG255255255-75x75.png 75w, https:\/\/islasexshop.com.br\/wp-content\/uploads\/2024\/02\/51f4JicgAWL._SR600315_PIWhiteStripBottomLeft035_SCLZZZZZZZ_FMpng_BG255255255-480x480.png 480w, https:\/\/islasexshop.com.br\/wp-content\/uploads\/2024\/02\/51f4JicgAWL._SR600315_PIWhiteStripBottomLeft035_SCLZZZZZZZ_FMpng_BG255255255-800x800.png 800w, https:\/\/islasexshop.com.br\/wp-content\/uploads\/2024\/02\/51f4JicgAWL._SR600315_PIWhiteStripBottomLeft035_SCLZZZZZZZ_FMpng_BG255255255.png 1500w\" sizes=\"(max-width:767px) 480px, (max-width:1200px) 100vw, 1200px\" \/>\t\t\t\t\t\t\t\t\t\t\t\t\t\t\t<\/div>\n\t\t\t\t<\/div>\n\t\t\t\t\t<\/div>\n\t\t<\/div>\n\t\t\t\t\t<\/div>\n\t\t<\/section>\n\t\t\t\t<section class=\"elementor-section elementor-inner-section elementor-element elementor-element-2f52631 elementor-section-boxed elementor-section-height-default elementor-section-height-default\" data-id=\"2f52631\" data-element_type=\"section\">\n\t\t\t\t\t\t<div class=\"elementor-container elementor-column-gap-no\">\n\t\t\t\t\t<div class=\"elementor-column elementor-col-50 elementor-inner-column elementor-element elementor-element-5917191\" data-id=\"5917191\" data-element_type=\"column\">\n\t\t\t<div class=\"elementor-widget-wrap elementor-element-populated\">\n\t\t\t\t\t\t<div class=\"elementor-element elementor-element-af155b1 elementor-widget elementor-widget-image\" data-id=\"af155b1\" data-element_type=\"widget\" data-widget_type=\"image.default\">\n\t\t\t\t<div class=\"elementor-widget-container\">\n\t\t\t\t\t\t\t\t\t\t\t\t\t\t\t<img decoding=\"async\" width=\"1200\" height=\"1200\" src=\"https:\/\/islasexshop.com.br\/wp-content\/uploads\/2024\/02\/estimulador_de_clitoris_com_funcao_de_pulsacao_recarregavel_88516862_14_90abb346eac838a5454823c2a0ab2d1a-1200x1200.webp\" class=\"attachment-large size-large wp-image-854\" alt=\"\" srcset=\"https:\/\/islasexshop.com.br\/wp-content\/uploads\/2024\/02\/estimulador_de_clitoris_com_funcao_de_pulsacao_recarregavel_88516862_14_90abb346eac838a5454823c2a0ab2d1a-1200x1200.webp 1200w, https:\/\/islasexshop.com.br\/wp-content\/uploads\/2024\/02\/estimulador_de_clitoris_com_funcao_de_pulsacao_recarregavel_88516862_14_90abb346eac838a5454823c2a0ab2d1a-1320x1320.webp 1320w, https:\/\/islasexshop.com.br\/wp-content\/uploads\/2024\/02\/estimulador_de_clitoris_com_funcao_de_pulsacao_recarregavel_88516862_14_90abb346eac838a5454823c2a0ab2d1a-300x300.webp 300w, https:\/\/islasexshop.com.br\/wp-content\/uploads\/2024\/02\/estimulador_de_clitoris_com_funcao_de_pulsacao_recarregavel_88516862_14_90abb346eac838a5454823c2a0ab2d1a-500x500.webp 500w, https:\/\/islasexshop.com.br\/wp-content\/uploads\/2024\/02\/estimulador_de_clitoris_com_funcao_de_pulsacao_recarregavel_88516862_14_90abb346eac838a5454823c2a0ab2d1a-768x768.webp 768w, https:\/\/islasexshop.com.br\/wp-content\/uploads\/2024\/02\/estimulador_de_clitoris_com_funcao_de_pulsacao_recarregavel_88516862_14_90abb346eac838a5454823c2a0ab2d1a-150x150.webp 150w, https:\/\/islasexshop.com.br\/wp-content\/uploads\/2024\/02\/estimulador_de_clitoris_com_funcao_de_pulsacao_recarregavel_88516862_14_90abb346eac838a5454823c2a0ab2d1a-75x75.webp 75w, https:\/\/islasexshop.com.br\/wp-content\/uploads\/2024\/02\/estimulador_de_clitoris_com_funcao_de_pulsacao_recarregavel_88516862_14_90abb346eac838a5454823c2a0ab2d1a-480x480.webp 480w, https:\/\/islasexshop.com.br\/wp-content\/uploads\/2024\/02\/estimulador_de_clitoris_com_funcao_de_pulsacao_recarregavel_88516862_14_90abb346eac838a5454823c2a0ab2d1a-800x800.webp 800w, https:\/\/islasexshop.com.br\/wp-content\/uploads\/2024\/02\/estimulador_de_clitoris_com_funcao_de_pulsacao_recarregavel_88516862_14_90abb346eac838a5454823c2a0ab2d1a.webp 1500w\" sizes=\"(max-width:767px) 480px, (max-width:1200px) 100vw, 1200px\" \/>\t\t\t\t\t\t\t\t\t\t\t\t\t\t\t<\/div>\n\t\t\t\t<\/div>\n\t\t\t\t\t<\/div>\n\t\t<\/div>\n\t\t\t\t<div class=\"elementor-column elementor-col-50 elementor-inner-column elementor-element elementor-element-ccb6eb5\" data-id=\"ccb6eb5\" data-element_type=\"column\" data-settings=\"{&quot;background_background&quot;:&quot;classic&quot;}\">\n\t\t\t<div class=\"elementor-widget-wrap elementor-element-populated\">\n\t\t\t\t\t\t<div class=\"elementor-element elementor-element-aca8c47 elementor-widget elementor-widget-heading\" data-id=\"aca8c47\" data-element_type=\"widget\" data-widget_type=\"heading.default\">\n\t\t\t\t<div class=\"elementor-widget-container\">\n\t\t\t\t\t<h4 class=\"elementor-heading-title elementor-size-default\">Dupla Penetra\u00e7\u00e3o<\/h4>\t\t\t\t<\/div>\n\t\t\t\t<\/div>\n\t\t\t\t<div class=\"elementor-element elementor-element-9a2a614 elementor-widget elementor-widget-text-editor\" data-id=\"9a2a614\" data-element_type=\"widget\" data-widget_type=\"text-editor.default\">\n\t\t\t\t<div class=\"elementor-widget-container\">\n\t\t\t\t\t\t\t\t\t<p><strong>Higieniza\u00e7\u00e3o<\/strong><br \/>Lavar com \u00e1gua e sab\u00e3o neutro antes e ap\u00f3s o uso, evite molhar o compartimento das pilhas.<br \/>depois seque com papel toalha ou deixe secar naturalmente.<br \/>Ap\u00f3s higieniza-lo, coloque novamente em sua embalagem de origem!<\/p><p><strong>Cuidados<\/strong><br \/>Higienize sempre antes e ap\u00f3s o uso.<br \/>N\u00e3o compartilha.<br \/>Mantenha fora do alcance de crian\u00e7as.<br \/>Manter ao abrigo do calor e luz excessiva.<br \/>Ap\u00f3s o uso, guardar em uma embalagem de pl\u00e1stico, n\u00e3o enrole em papel.<\/p><p><strong>Recomenda\u00e7\u00f5es: Recomenda-se o uso de lubrificante.<\/strong><\/p>\t\t\t\t\t\t\t\t<\/div>\n\t\t\t\t<\/div>\n\t\t\t\t\t<\/div>\n\t\t<\/div>\n\t\t\t\t\t<\/div>\n\t\t<\/section>\n\t\t\t\t\t<\/div>\n\t\t<\/div>\n\t\t\t\t\t<\/div>\n\t\t<\/section>\n\t\t\t\t<\/div>\n\t\t","protected":false},"excerpt":{"rendered":"<p>Pleasure X-Tender Series\u00a0&#8211;\u00a0Capa peniana e anel companheiro em TPR\u00a0ultra macio e flex\u00edvel, possui\u00a0glande definida\u00a0e uma textura real\u00edstica de\u00a0veias ao longo do corpo, trazendo\u00a0maior sensa\u00e7\u00e3o de prazer durante a penetra\u00e7\u00e3o. Esta capa \u00e9 uma revolu\u00e7\u00e3o no mercado er\u00f3tico, pois al\u00e9m de possuir preenchimento de 5 cm, possui anel para encaixe no escroto, sali\u00eancias para estimula\u00e7\u00e3o do clit\u00f3ris durante a penetra\u00e7\u00e3o\u00a0e c\u00e1psula vibrat\u00f3ria com uma \u00fanica e potente vibra\u00e7\u00e3o.<\/p>\n","protected":false},"featured_media":1133,"comment_status":"open","ping_status":"closed","template":"","meta":[],"product_cat":[25,26,30],"product_tag":[314,296,390],"yoast_head":"<!-- This site is optimized with the Yoast SEO plugin v24.5 - https:\/\/yoast.com\/wordpress\/plugins\/seo\/ -->\n<title>Capa Peniana com Extensor 5cm com P\u00eanis Dupla Penetra\u00e7\u00e3o Vibrador - Isla Sex Shop<\/title>\n<meta name=\"description\" content=\"Capa Peniana com Extensor 5cm com P\u00eanis Dupla Penetra\u00e7\u00e3o Vibrador - Capa peniana e anel companheiro em TPR\u00a0ultra macio e flex\u00edvel, possui\u00a0glande definida.\" \/>\n<meta name=\"robots\" content=\"index, follow, max-snippet:-1, max-image-preview:large, max-video-preview:-1\" \/>\n<link rel=\"canonical\" href=\"https:\/\/islasexshop.com.br\/index.php\/produto\/capa-peniana-com-extensor-5cm-com-penis-dupla-penetracao-vibrador\/\" \/>\n<meta property=\"og:locale\" content=\"pt_BR\" \/>\n<meta property=\"og:type\" content=\"article\" \/>\n<meta property=\"og:title\" content=\"Capa Peniana com Extensor 5cm com P\u00eanis Dupla Penetra\u00e7\u00e3o Vibrador - Isla Sex Shop\" \/>\n<meta property=\"og:description\" content=\"Capa Peniana com Extensor 5cm com P\u00eanis Dupla Penetra\u00e7\u00e3o Vibrador - Capa peniana e anel companheiro em TPR\u00a0ultra macio e flex\u00edvel, possui\u00a0glande definida.\" \/>\n<meta property=\"og:url\" content=\"https:\/\/islasexshop.com.br\/index.php\/produto\/capa-peniana-com-extensor-5cm-com-penis-dupla-penetracao-vibrador\/\" \/>\n<meta property=\"og:site_name\" content=\"Isla Sex Shop\" \/>\n<meta property=\"article:publisher\" content=\"https:\/\/www.facebook.com\/boutiqueisla\" \/>\n<meta property=\"article:modified_time\" content=\"2024-08-25T17:30:35+00:00\" \/>\n<meta property=\"og:image\" content=\"https:\/\/islasexshop.com.br\/wp-content\/uploads\/2024\/02\/51f4JicgAWL._SR600315_PIWhiteStripBottomLeft035_SCLZZZZZZZ_FMpng_BG255255255-1.png\" \/>\n\t<meta property=\"og:image:width\" content=\"1500\" \/>\n\t<meta property=\"og:image:height\" content=\"1500\" \/>\n\t<meta property=\"og:image:type\" content=\"image\/png\" \/>\n<meta name=\"twitter:card\" content=\"summary_large_image\" \/>\n<meta name=\"twitter:label1\" content=\"Est. tempo de leitura\" \/>\n\t<meta name=\"twitter:data1\" content=\"2 minutos\" \/>\n<script type=\"application\/ld+json\" class=\"yoast-schema-graph\">{\"@context\":\"https:\/\/schema.org\",\"@graph\":[{\"@type\":\"WebPage\",\"@id\":\"https:\/\/islasexshop.com.br\/index.php\/produto\/capa-peniana-com-extensor-5cm-com-penis-dupla-penetracao-vibrador\/\",\"url\":\"https:\/\/islasexshop.com.br\/index.php\/produto\/capa-peniana-com-extensor-5cm-com-penis-dupla-penetracao-vibrador\/\",\"name\":\"Capa Peniana com Extensor 5cm com P\u00eanis Dupla Penetra\u00e7\u00e3o Vibrador - Isla Sex Shop\",\"isPartOf\":{\"@id\":\"https:\/\/islasexshop.com.br\/#website\"},\"primaryImageOfPage\":{\"@id\":\"https:\/\/islasexshop.com.br\/index.php\/produto\/capa-peniana-com-extensor-5cm-com-penis-dupla-penetracao-vibrador\/#primaryimage\"},\"image\":{\"@id\":\"https:\/\/islasexshop.com.br\/index.php\/produto\/capa-peniana-com-extensor-5cm-com-penis-dupla-penetracao-vibrador\/#primaryimage\"},\"thumbnailUrl\":\"https:\/\/islasexshop.com.br\/wp-content\/uploads\/2024\/02\/51f4JicgAWL._SR600315_PIWhiteStripBottomLeft035_SCLZZZZZZZ_FMpng_BG255255255-1.png\",\"datePublished\":\"2024-02-22T18:48:38+00:00\",\"dateModified\":\"2024-08-25T17:30:35+00:00\",\"description\":\"Capa Peniana com Extensor 5cm com P\u00eanis Dupla Penetra\u00e7\u00e3o Vibrador - Capa peniana e anel companheiro em TPR\u00a0ultra macio e flex\u00edvel, possui\u00a0glande definida.\",\"breadcrumb\":{\"@id\":\"https:\/\/islasexshop.com.br\/index.php\/produto\/capa-peniana-com-extensor-5cm-com-penis-dupla-penetracao-vibrador\/#breadcrumb\"},\"inLanguage\":\"pt-BR\",\"potentialAction\":[{\"@type\":\"ReadAction\",\"target\":[\"https:\/\/islasexshop.com.br\/index.php\/produto\/capa-peniana-com-extensor-5cm-com-penis-dupla-penetracao-vibrador\/\"]}]},{\"@type\":\"ImageObject\",\"inLanguage\":\"pt-BR\",\"@id\":\"https:\/\/islasexshop.com.br\/index.php\/produto\/capa-peniana-com-extensor-5cm-com-penis-dupla-penetracao-vibrador\/#primaryimage\",\"url\":\"https:\/\/islasexshop.com.br\/wp-content\/uploads\/2024\/02\/51f4JicgAWL._SR600315_PIWhiteStripBottomLeft035_SCLZZZZZZZ_FMpng_BG255255255-1.png\",\"contentUrl\":\"https:\/\/islasexshop.com.br\/wp-content\/uploads\/2024\/02\/51f4JicgAWL._SR600315_PIWhiteStripBottomLeft035_SCLZZZZZZZ_FMpng_BG255255255-1.png\",\"width\":1500,\"height\":1500},{\"@type\":\"BreadcrumbList\",\"@id\":\"https:\/\/islasexshop.com.br\/index.php\/produto\/capa-peniana-com-extensor-5cm-com-penis-dupla-penetracao-vibrador\/#breadcrumb\",\"itemListElement\":[{\"@type\":\"ListItem\",\"position\":1,\"name\":\"In\u00edcio\",\"item\":\"https:\/\/islasexshop.com.br\/\"},{\"@type\":\"ListItem\",\"position\":2,\"name\":\"Produtos\",\"item\":\"https:\/\/islasexshop.com.br\/index.php\/produtos\/\"},{\"@type\":\"ListItem\",\"position\":3,\"name\":\"Capa Peniana com Extensor 5cm com P\u00eanis Dupla Penetra\u00e7\u00e3o Vibrador\"}]},{\"@type\":\"WebSite\",\"@id\":\"https:\/\/islasexshop.com.br\/#website\",\"url\":\"https:\/\/islasexshop.com.br\/\",\"name\":\"Isla Sex Shop\",\"description\":\"Sex Shop Butant\u00e3, Sex Shop Morumbi, Sex Shop Regi\u00e3o\",\"publisher\":{\"@id\":\"https:\/\/islasexshop.com.br\/#organization\"},\"potentialAction\":[{\"@type\":\"SearchAction\",\"target\":{\"@type\":\"EntryPoint\",\"urlTemplate\":\"https:\/\/islasexshop.com.br\/?s={search_term_string}\"},\"query-input\":{\"@type\":\"PropertyValueSpecification\",\"valueRequired\":true,\"valueName\":\"search_term_string\"}}],\"inLanguage\":\"pt-BR\"},{\"@type\":\"Organization\",\"@id\":\"https:\/\/islasexshop.com.br\/#organization\",\"name\":\"Isla Sex Shop\",\"url\":\"https:\/\/islasexshop.com.br\/\",\"logo\":{\"@type\":\"ImageObject\",\"inLanguage\":\"pt-BR\",\"@id\":\"https:\/\/islasexshop.com.br\/#\/schema\/logo\/image\/\",\"url\":\"https:\/\/islasexshop.com.br\/wp-content\/uploads\/2024\/02\/0e4d7c76d6c6e7c24d33fd3338fd3dbf.jpg\",\"contentUrl\":\"https:\/\/islasexshop.com.br\/wp-content\/uploads\/2024\/02\/0e4d7c76d6c6e7c24d33fd3338fd3dbf.jpg\",\"width\":400,\"height\":200,\"caption\":\"Isla Sex Shop\"},\"image\":{\"@id\":\"https:\/\/islasexshop.com.br\/#\/schema\/logo\/image\/\"},\"sameAs\":[\"https:\/\/www.facebook.com\/boutiqueisla\",\"https:\/\/www.instagram.com\/islasensualmorumbi\/\"]}]}<\/script>\n<!-- \/ Yoast SEO plugin. -->","yoast_head_json":{"title":"Capa Peniana com Extensor 5cm com P\u00eanis Dupla Penetra\u00e7\u00e3o Vibrador - Isla Sex Shop","description":"Capa Peniana com Extensor 5cm com P\u00eanis Dupla Penetra\u00e7\u00e3o Vibrador - Capa peniana e anel companheiro em TPR\u00a0ultra macio e flex\u00edvel, possui\u00a0glande definida.","robots":{"index":"index","follow":"follow","max-snippet":"max-snippet:-1","max-image-preview":"max-image-preview:large","max-video-preview":"max-video-preview:-1"},"canonical":"https:\/\/islasexshop.com.br\/index.php\/produto\/capa-peniana-com-extensor-5cm-com-penis-dupla-penetracao-vibrador\/","og_locale":"pt_BR","og_type":"article","og_title":"Capa Peniana com Extensor 5cm com P\u00eanis Dupla Penetra\u00e7\u00e3o Vibrador - Isla Sex Shop","og_description":"Capa Peniana com Extensor 5cm com P\u00eanis Dupla Penetra\u00e7\u00e3o Vibrador - Capa peniana e anel companheiro em TPR\u00a0ultra macio e flex\u00edvel, possui\u00a0glande definida.","og_url":"https:\/\/islasexshop.com.br\/index.php\/produto\/capa-peniana-com-extensor-5cm-com-penis-dupla-penetracao-vibrador\/","og_site_name":"Isla Sex Shop","article_publisher":"https:\/\/www.facebook.com\/boutiqueisla","article_modified_time":"2024-08-25T17:30:35+00:00","og_image":[{"width":1500,"height":1500,"url":"https:\/\/islasexshop.com.br\/wp-content\/uploads\/2024\/02\/51f4JicgAWL._SR600315_PIWhiteStripBottomLeft035_SCLZZZZZZZ_FMpng_BG255255255-1.png","type":"image\/png"}],"twitter_card":"summary_large_image","twitter_misc":{"Est. tempo de leitura":"2 minutos"},"schema":{"@context":"https:\/\/schema.org","@graph":[{"@type":"WebPage","@id":"https:\/\/islasexshop.com.br\/index.php\/produto\/capa-peniana-com-extensor-5cm-com-penis-dupla-penetracao-vibrador\/","url":"https:\/\/islasexshop.com.br\/index.php\/produto\/capa-peniana-com-extensor-5cm-com-penis-dupla-penetracao-vibrador\/","name":"Capa Peniana com Extensor 5cm com P\u00eanis Dupla Penetra\u00e7\u00e3o Vibrador - Isla Sex Shop","isPartOf":{"@id":"https:\/\/islasexshop.com.br\/#website"},"primaryImageOfPage":{"@id":"https:\/\/islasexshop.com.br\/index.php\/produto\/capa-peniana-com-extensor-5cm-com-penis-dupla-penetracao-vibrador\/#primaryimage"},"image":{"@id":"https:\/\/islasexshop.com.br\/index.php\/produto\/capa-peniana-com-extensor-5cm-com-penis-dupla-penetracao-vibrador\/#primaryimage"},"thumbnailUrl":"https:\/\/islasexshop.com.br\/wp-content\/uploads\/2024\/02\/51f4JicgAWL._SR600315_PIWhiteStripBottomLeft035_SCLZZZZZZZ_FMpng_BG255255255-1.png","datePublished":"2024-02-22T18:48:38+00:00","dateModified":"2024-08-25T17:30:35+00:00","description":"Capa Peniana com Extensor 5cm com P\u00eanis Dupla Penetra\u00e7\u00e3o Vibrador - Capa peniana e anel companheiro em TPR\u00a0ultra macio e flex\u00edvel, possui\u00a0glande definida.","breadcrumb":{"@id":"https:\/\/islasexshop.com.br\/index.php\/produto\/capa-peniana-com-extensor-5cm-com-penis-dupla-penetracao-vibrador\/#breadcrumb"},"inLanguage":"pt-BR","potentialAction":[{"@type":"ReadAction","target":["https:\/\/islasexshop.com.br\/index.php\/produto\/capa-peniana-com-extensor-5cm-com-penis-dupla-penetracao-vibrador\/"]}]},{"@type":"ImageObject","inLanguage":"pt-BR","@id":"https:\/\/islasexshop.com.br\/index.php\/produto\/capa-peniana-com-extensor-5cm-com-penis-dupla-penetracao-vibrador\/#primaryimage","url":"https:\/\/islasexshop.com.br\/wp-content\/uploads\/2024\/02\/51f4JicgAWL._SR600315_PIWhiteStripBottomLeft035_SCLZZZZZZZ_FMpng_BG255255255-1.png","contentUrl":"https:\/\/islasexshop.com.br\/wp-content\/uploads\/2024\/02\/51f4JicgAWL._SR600315_PIWhiteStripBottomLeft035_SCLZZZZZZZ_FMpng_BG255255255-1.png","width":1500,"height":1500},{"@type":"BreadcrumbList","@id":"https:\/\/islasexshop.com.br\/index.php\/produto\/capa-peniana-com-extensor-5cm-com-penis-dupla-penetracao-vibrador\/#breadcrumb","itemListElement":[{"@type":"ListItem","position":1,"name":"In\u00edcio","item":"https:\/\/islasexshop.com.br\/"},{"@type":"ListItem","position":2,"name":"Produtos","item":"https:\/\/islasexshop.com.br\/index.php\/produtos\/"},{"@type":"ListItem","position":3,"name":"Capa Peniana com Extensor 5cm com P\u00eanis Dupla Penetra\u00e7\u00e3o Vibrador"}]},{"@type":"WebSite","@id":"https:\/\/islasexshop.com.br\/#website","url":"https:\/\/islasexshop.com.br\/","name":"Isla Sex Shop","description":"Sex Shop Butant\u00e3, Sex Shop Morumbi, Sex Shop Regi\u00e3o","publisher":{"@id":"https:\/\/islasexshop.com.br\/#organization"},"potentialAction":[{"@type":"SearchAction","target":{"@type":"EntryPoint","urlTemplate":"https:\/\/islasexshop.com.br\/?s={search_term_string}"},"query-input":{"@type":"PropertyValueSpecification","valueRequired":true,"valueName":"search_term_string"}}],"inLanguage":"pt-BR"},{"@type":"Organization","@id":"https:\/\/islasexshop.com.br\/#organization","name":"Isla Sex Shop","url":"https:\/\/islasexshop.com.br\/","logo":{"@type":"ImageObject","inLanguage":"pt-BR","@id":"https:\/\/islasexshop.com.br\/#\/schema\/logo\/image\/","url":"https:\/\/islasexshop.com.br\/wp-content\/uploads\/2024\/02\/0e4d7c76d6c6e7c24d33fd3338fd3dbf.jpg","contentUrl":"https:\/\/islasexshop.com.br\/wp-content\/uploads\/2024\/02\/0e4d7c76d6c6e7c24d33fd3338fd3dbf.jpg","width":400,"height":200,"caption":"Isla Sex Shop"},"image":{"@id":"https:\/\/islasexshop.com.br\/#\/schema\/logo\/image\/"},"sameAs":["https:\/\/www.facebook.com\/boutiqueisla","https:\/\/www.instagram.com\/islasensualmorumbi\/"]}]}},"_links":{"self":[{"href":"https:\/\/islasexshop.com.br\/index.php\/wp-json\/wp\/v2\/product\/1131"}],"collection":[{"href":"https:\/\/islasexshop.com.br\/index.php\/wp-json\/wp\/v2\/product"}],"about":[{"href":"https:\/\/islasexshop.com.br\/index.php\/wp-json\/wp\/v2\/types\/product"}],"replies":[{"embeddable":true,"href":"https:\/\/islasexshop.com.br\/index.php\/wp-json\/wp\/v2\/comments?post=1131"}],"version-history":[{"count":5,"href":"https:\/\/islasexshop.com.br\/index.php\/wp-json\/wp\/v2\/product\/1131\/revisions"}],"predecessor-version":[{"id":3738,"href":"https:\/\/islasexshop.com.br\/index.php\/wp-json\/wp\/v2\/product\/1131\/revisions\/3738"}],"wp:featuredmedia":[{"embeddable":true,"href":"https:\/\/islasexshop.com.br\/index.php\/wp-json\/wp\/v2\/media\/1133"}],"wp:attachment":[{"href":"https:\/\/islasexshop.com.br\/index.php\/wp-json\/wp\/v2\/media?parent=1131"}],"wp:term":[{"taxonomy":"product_cat","embeddable":true,"href":"https:\/\/islasexshop.com.br\/index.php\/wp-json\/wp\/v2\/product_cat?post=1131"},{"taxonomy":"product_tag","embeddable":true,"href":"https:\/\/islasexshop.com.br\/index.php\/wp-json\/wp\/v2\/product_tag?post=1131"}],"curies":[{"name":"wp","href":"https:\/\/api.w.org\/{rel}","templated":true}]}}